{"id":6059,"date":"2023-07-10T18:26:11","date_gmt":"2023-07-10T16:26:11","guid":{"rendered":"https:\/\/fvcomponentes.com\/?post_type=product&#038;p=6059"},"modified":"2026-01-15T10:08:37","modified_gmt":"2026-01-15T09:08:37","slug":"victron-orion-tr-smart-24-24-17a-dc-dc-isolated-converter-ori242440120","status":"publish","type":"product","link":"https:\/\/fvcomponentes.com\/fr\/producto\/convertidor-victron-orion-tr-smart-24-24-17a-dc-dc-aislado-ori242440120\/","title":{"rendered":"Victron Orion-Tr Smart 24\/24-17A DC-DC Booster Converter isol\u00e9 - ORI242440120"},"content":{"rendered":"<p>Chacun des convertisseurs intelligents Orion-Tr peut \u00eatre surveill\u00e9 et programm\u00e9 via Bluetooth et peut \u00eatre contr\u00f4l\u00e9 \u00e0 distance par un interrupteur marche\/arr\u00eat.<\/p>\n<p>Le convertisseur isol\u00e9 DC-DC Victron Orion-Tr Smart 24\/24-17A - ORI242440120 peut \u00eatre utilis\u00e9 dans des syst\u00e8mes 12V ou 24V et convient aux batteries au plomb et au lithium.<\/p>\n<p>Des mod\u00e8les allant jusqu'\u00e0 400 W sont disponibles et un nombre illimit\u00e9 d'unit\u00e9s peuvent \u00eatre connect\u00e9es en parall\u00e8le pour augmenter la puissance de sortie.<\/p>\n<p>Con\u00e7us pour fonctionner \u00e0 des temp\u00e9ratures \u00e9lev\u00e9es allant jusqu'\u00e0 55\u00b0C, avec une pleine puissance de sortie nominale jusqu'\u00e0 40\u00b0C.<\/p>\n<h2>Bluetooth Smart<\/h2>\n<p>N'importe quel smartphone, tablette ou autre appareil compatible Bluetooth peut \u00eatre utilis\u00e9 pour surveiller, modifier les param\u00e8tres et mettre \u00e0 jour le convertisseur lorsque de nouvelles fonctionnalit\u00e9s logicielles sont disponibles.<\/p>\n<h2>Enti\u00e8rement programmable<\/h2>\n<p>- Algorithme de charge de la batterie (configurable) ou sortie fixe.<br \/>\n- Compatibilit\u00e9 avec l'alternateur intelligent : m\u00e9canisme de d\u00e9tection du fonctionnement du moteur.<\/p>\n<h2>Algorithme de chargement adaptatif en 3 \u00e9tapes : chargement initial - absorption - flottement<\/h2>\n<ul>\n<li>Dans le cas des batteries plomb-acide, il est important que, si les d\u00e9charges sont l\u00e9g\u00e8res, le temps d'absorption soit court pour \u00e9viter de surcharger la batterie. Apr\u00e8s une d\u00e9charge profonde, le temps de charge d'absorption est automatiquement augment\u00e9 pour assurer une recharge compl\u00e8te de la batterie.<\/li>\n<li>Dans le cas des piles au lithium, le temps d'absorption est fixe : 2 heures par d\u00e9faut.<\/li>\n<li>Il est \u00e9galement possible de choisir une tension de sortie fixe.<\/li>\n<\/ul>\n<h2>Convient aux v\u00e9hicules \u00e9quip\u00e9s d'un alternateur intelligent (moteurs Euro 5 et Euro 6)<\/h2>\n<p>La d\u00e9tection int\u00e9gr\u00e9e de l'arr\u00eat du moteur arr\u00eate le variateur lorsque le moteur ne fonctionne pas.<br \/>\nCela emp\u00eache la batterie de d\u00e9marrage de se d\u00e9charger (voir le manuel pour plus de d\u00e9tails).<\/p>\n<h2>Marche\/Arr\u00eat \u00e0 distance<\/h2>\n<p>Un interrupteur marche\/arr\u00eat \u00e0 distance peut \u00eatre connect\u00e9 \u00e0 un connecteur biphas\u00e9.<br \/>\nLa borne H (droite) du connecteur biphas\u00e9 peut \u00e9galement \u00eatre commut\u00e9e sur le p\u00f4le positif de la batterie, ou la borne L (gauche) du connecteur biphas\u00e9 peut \u00eatre commut\u00e9e sur le p\u00f4le n\u00e9gatif de la batterie (ou sur le ch\u00e2ssis du v\u00e9hicule, par exemple).<\/p>\n<h2>Tous les mod\u00e8les sont prot\u00e9g\u00e9s contre les courts-circuits et peuvent \u00eatre connect\u00e9s en parall\u00e8le pour augmenter le courant de sortie.<\/h2>\n<p>Un nombre illimit\u00e9 d'unit\u00e9s peut \u00eatre connect\u00e9 en parall\u00e8le.<\/p>\n<h2>Protection contre les temp\u00e9ratures \u00e9lev\u00e9es :<\/h2>\n<p>Le courant de sortie est r\u00e9duit lorsque la temp\u00e9rature ambiante est \u00e9lev\u00e9e.<\/p>\n<h2>Protection IP43<\/h2>\n<p>S'il est install\u00e9 avec les bornes \u00e0 vis orient\u00e9es vers le bas.<\/p>\n<h2>Bornes \u00e0 vis<\/h2>\n<p>Aucun outil sp\u00e9cial n'est n\u00e9cessaire pour l'installation<\/p>\n<h2>Fusible d'entr\u00e9e (non rempla\u00e7able)<\/h2>\n<p><img fetchpriority=\"high\" decoding=\"async\" class=\"alignnone wp-image-6042\" src=\"https:\/\/fvcomponentes.com\/wp-content\/uploads\/2023\/03\/Captura-5.png\" alt=\"Victron Orion-Tr Smart 12\/12-30A DC-DC Chargeur isol\u00e9 - ORI121236140\" width=\"446\" height=\"307\" title=\"\"><\/p>\n<h2>Fiche technique Victron Orion-Tr Smart 24\/24-17A DC-DC convertisseur isol\u00e9 - ORI242440120<\/h2>\n<p><a href=\"https:\/\/fvcomponentes.com\/wp-content\/uploads\/2023\/03\/Orion-Tr-Smart-DC-DC-chargers-isolated-250-400W-ES.pdf\" target=\"_blank\" rel=\"noopener\">Fiche technique Victron Orion-Tr Smart 24\/24-17A DC-DC convertisseur isol\u00e9 - ORI242440120<\/a><\/p>","protected":false},"excerpt":{"rendered":"<ul>\n<li><span style=\"color: #99cc00\"><strong>\u00c9quipement Bluetooth<\/strong><\/span><\/li>\n<li><strong>Convertisseur Chargeur<\/strong><\/li>\n<li><strong style=\"font-size: 16px\">Plage de tension d'entr\u00e9e :<\/strong><span style=\"font-size: 16px\"> 20-35 V<\/span><\/li>\n<li><strong style=\"font-size: 16px\">Sous-tension de d\u00e9connexion :<\/strong><span style=\"font-size: 16px\"> 14 V<\/span><\/li>\n<li><strong style=\"font-size: 16px\">Remise \u00e0 z\u00e9ro de la sous-tension :<\/strong><span style=\"font-size: 16px\"> 15 V<\/span><\/li>\n<li><strong style=\"font-size: 16px\">Poids :<\/strong><span style=\"font-size: 16px\"> 1,6 kg<\/span><\/li>\n<li><strong style=\"font-size: 16px\">Dimensions :<\/strong><span style=\"font-size: 16px\"> 130 x 186 x 70 mm<\/span><\/li>\n<\/ul>","protected":false},"featured_media":6063,"comment_status":"open","ping_status":"closed","template":"","meta":{"site-sidebar-layout":"default","site-content-layout":"default","ast-site-content-layout":"default","site-content-style":"default","site-sidebar-style":"default","ast-global-header-display":"","ast-banner-title-visibility":"","ast-main-header-display":"","ast-hfb-above-header-display":"","ast-hfb-below-header-display":"","ast-hfb-mobile-header-display":"","site-post-title":"","ast-breadcrumbs-content":"","ast-featured-img":"","footer-sml-layout":"","ast-disable-related-posts":"","theme-transparent-header-meta":"default","adv-header-id-meta":"","stick-header-meta":"","header-above-stick-meta":"","header-main-stick-meta":"","header-below-stick-meta":"","astra-migrate-meta-layouts":"set","ast-page-background-enabled":"default","ast-page-background-meta":{"desktop":{"background-color":"var(--ast-global-color-4)","background-image":"","background-repeat":"repeat","background-position":"center center","background-size":"auto","background-attachment":"scroll","background-type":"","background-media":"","overlay-type":"","overlay-color":"","overlay-opacity":"","overlay-gradient":""},"tablet":{"background-color":"","background-image":"","background-repeat":"repeat","background-position":"center center","background-size":"auto","background-attachment":"scroll","background-type":"","background-media":"","overlay-type":"","overlay-color":"","overlay-opacity":"","overlay-gradient":""},"mobile":{"background-color":"","background-image":"","background-repeat":"repeat","background-position":"center center","background-size":"auto","background-attachment":"scroll","background-type":"","background-media":"","overlay-type":"","overlay-color":"","overlay-opacity":"","overlay-gradient":""}},"ast-content-background-meta":{"desktop":{"background-color":"var(--ast-global-color-5)","background-image":"","background-repeat":"repeat","background-position":"center center","background-size":"auto","background-attachment":"scroll","background-type":"","background-media":"","overlay-type":"","overlay-color":"","overlay-opacity":"","overlay-gradient":""},"tablet":{"background-color":"var(--ast-global-color-5)","background-image":"","background-repeat":"repeat","background-position":"center center","background-size":"auto","background-attachment":"scroll","background-type":"","background-media":"","overlay-type":"","overlay-color":"","overlay-opacity":"","overlay-gradient":""},"mobile":{"background-color":"var(--ast-global-color-5)","background-image":"","background-repeat":"repeat","background-position":"center center","background-size":"auto","background-attachment":"scroll","background-type":"","background-media":"","overlay-type":"","overlay-color":"","overlay-opacity":"","overlay-gradient":""}}},"pwb-brand":[332],"product_brand":[],"product_cat":[419,900,865],"product_tag":[],"class_list":{"0":"post-6059","1":"product","2":"type-product","3":"status-publish","4":"has-post-thumbnail","6":"pwb-brand-victron","7":"product_cat-cargadores-de-baterias","8":"product_cat-24v-24v","9":"product_cat-convertidores","10":"desktop-align-left","11":"tablet-align-left","12":"mobile-align-left","13":"ast-product-gallery-layout-horizontal-slider","14":"ast-product-tabs-layout-horizontal","16":"first","17":"instock","18":"taxable","19":"shipping-taxable","20":"purchasable","21":"product-type-simple"},"wcpa_form_fields":null,"brands":[{"id":332,"name":"Victron Energy","slug":"victron"}],"_links":{"self":[{"href":"https:\/\/fvcomponentes.com\/fr\/wp-json\/wp\/v2\/product\/6059","targetHints":{"allow":["GET"]}}],"collection":[{"href":"https:\/\/fvcomponentes.com\/fr\/wp-json\/wp\/v2\/product"}],"about":[{"href":"https:\/\/fvcomponentes.com\/fr\/wp-json\/wp\/v2\/types\/product"}],"replies":[{"embeddable":true,"href":"https:\/\/fvcomponentes.com\/fr\/wp-json\/wp\/v2\/comments?post=6059"}],"wp:featuredmedia":[{"embeddable":true,"href":"https:\/\/fvcomponentes.com\/fr\/wp-json\/wp\/v2\/media\/6063"}],"wp:attachment":[{"href":"https:\/\/fvcomponentes.com\/fr\/wp-json\/wp\/v2\/media?parent=6059"}],"wp:term":[{"taxonomy":"pwb-brand","embeddable":true,"href":"https:\/\/fvcomponentes.com\/fr\/wp-json\/wp\/v2\/pwb-brand?post=6059"},{"taxonomy":"product_brand","embeddable":true,"href":"https:\/\/fvcomponentes.com\/fr\/wp-json\/wp\/v2\/product_brand?post=6059"},{"taxonomy":"product_cat","embeddable":true,"href":"https:\/\/fvcomponentes.com\/fr\/wp-json\/wp\/v2\/product_cat?post=6059"},{"taxonomy":"product_tag","embeddable":true,"href":"https:\/\/fvcomponentes.com\/fr\/wp-json\/wp\/v2\/product_tag?post=6059"}],"curies":[{"name":"wp","href":"https:\/\/api.w.org\/{rel}","templated":true}]}}