{"id":6018,"date":"2023-10-23T17:12:10","date_gmt":"2023-10-23T15:12:10","guid":{"rendered":"https:\/\/fvcomponentes.com\/?post_type=product&#038;p=6018"},"modified":"2026-04-04T12:51:57","modified_gmt":"2026-04-04T10:51:57","slug":"victron-dc-dc-converter-buck-boost-100-to-ori303100000","status":"publish","type":"product","link":"https:\/\/fvcomponentes.com\/fr\/producto\/convertidor-victron-cc-cc-buck-boost-100-a-ori303100000\/","title":{"rendered":"Victron Convertisseur DC-DC Buck-Boost 100 A - ORI303100000"},"content":{"rendered":"<h2>Convertisseur DC-DC Buck-Boost 100 A - ORI303100000 de Victron pour la charge des batteries auxiliaires 12V ou 24V dans les v\u00e9hicules avec alternateur intelligent (freinage r\u00e9g\u00e9n\u00e9ratif, moteurs Euro 5 et Euro 6).<\/h2>\n<p>Le convertisseur DC-DC Buck-Boost 100 A - ORI303100000 de Victron est un convertisseur permettant de charger les batteries auxiliaires de 12 ou 24 V dans les v\u00e9hicules \u00e9quip\u00e9s d'un alternateur intelligent. Le convertisseur charge la batterie auxiliaire avec une tension pr\u00e9d\u00e9finie, ce qui \u00e9limine les tensions \u00e9lev\u00e9es (par exemple Mercedes : 15,4V) ou faibles.<\/p>\n<h2>Syst\u00e8me de d\u00e9tection \"moteur en marche<\/h2>\n<p>Le syst\u00e8me de d\u00e9tection \"moteur en marche\" int\u00e9gr\u00e9 \u00e9vite une d\u00e9charge profonde de la batterie de d\u00e9marrage du v\u00e9hicule. En plus de ce syst\u00e8me de d\u00e9tection, le convertisseur peut \u00e9galement \u00eatre activ\u00e9 par une entr\u00e9e programmable (connexion D+, bus CAN ou (+)15).<\/p>\n<h2>Enti\u00e8rement programmable<\/h2>\n<p>Le convertisseur peut \u00eatre enti\u00e8rement programm\u00e9 via une application PC simple et facile \u00e0 utiliser (c\u00e2ble USB Type A m\u00e2le vers USB Type B m\u00e2le requis).<\/p>\n<h2>Un seul produit pour les syst\u00e8mes 12V, 24V et 12\/24V<\/h2>\n<p>Le convertisseur peut \u00eatre programm\u00e9 pour charger des batteries auxiliaires de 12V ou 24V \u00e0 partir d'un alternateur et d'une batterie de d\u00e9marrage de 12V ou 24V.<\/p>\n<h2>Limitation du courant de charge et du courant d'appel<\/h2>\n<p>Le courant de sortie est d\u00e9termin\u00e9 par les facteurs suivants :<\/p>\n<ul>\n<li>Valeur du courant de charge maximal.<\/li>\n<li>Valeur du courant d'entr\u00e9e maximum.<\/li>\n<li>Limite maximale de temp\u00e9rature de fonctionnement du convertisseur.<\/li>\n<\/ul>\n<h2>Indicateur d'\u00e9tat des entr\u00e9es (LED)<\/h2>\n<ul>\n<li>Vert : convertisseur activ\u00e9.<\/li>\n<li>Jaune : tension d'entr\u00e9e inf\u00e9rieure au seuil, convertisseur \u00e9teint.<\/li>\n<li>Rouge : surchauffe, convertisseur \u00e9teint.<\/li>\n<li>Bleu, clignotement rapide : moteur en marche, l'entra\u00eenement d\u00e9marre apr\u00e8s un d\u00e9lai pr\u00e9d\u00e9fini.<\/li>\n<li>Bleu, clignotement lent : sous-tension d'entr\u00e9e, convertisseur \u00e9teint.<\/li>\n<\/ul>\n<h2>Indicateur d'\u00e9tat de la sortie (LED)<\/h2>\n<ul>\n<li>Vert : convertisseur \u00e9teint, tension de la batterie normale.<\/li>\n<li>Jaune : convertisseur \u00e9teint, tension de la batterie faible.<\/li>\n<li>Rouge : convertisseur \u00e9teint, batterie d\u00e9charg\u00e9e.<\/li>\n<\/ul>\n<h2>Fiche technique Convertisseur <a href=\"https:\/\/www.victronenergy.com.es\/\" target=\"_blank\" rel=\"noopener\">Victron<\/a> DC-DC Buck-Boost 100 A - ORI303100000<\/h2>\n<p><a href=\"https:\/\/fvcomponentes.com\/wp-content\/uploads\/2023\/03\/Ori-convertidor-victron-ES.pdf\" target=\"_blank\" rel=\"noopener\">Fiche Technique Convertisseur DC-DC Buck-Boost 100 A - ORI303100000<\/a><\/p>","protected":false},"excerpt":{"rendered":"<p><strong>Plage de tension d'entr\u00e9e :<\/strong> 10-30V<br \/>\n<strong>Seuil de sous-tension :<\/strong> 10V<br \/>\n<strong>Convertisseur \u00e9teint, DEL \u00e9teintes :<\/strong> 7 mA<br \/>\n<strong>Poids :<\/strong> 4,1kg<br \/>\n<strong>Dimensions :<\/strong> 288 x 162 x 95mm<\/p>","protected":false},"featured_media":6019,"comment_status":"open","ping_status":"closed","template":"","meta":{"site-sidebar-layout":"default","site-content-layout":"default","ast-site-content-layout":"default","site-content-style":"default","site-sidebar-style":"default","ast-global-header-display":"","ast-banner-title-visibility":"","ast-main-header-display":"","ast-hfb-above-header-display":"","ast-hfb-below-header-display":"","ast-hfb-mobile-header-display":"","site-post-title":"","ast-breadcrumbs-content":"","ast-featured-img":"","footer-sml-layout":"","ast-disable-related-posts":"","theme-transparent-header-meta":"default","adv-header-id-meta":"","stick-header-meta":"","header-above-stick-meta":"","header-main-stick-meta":"","header-below-stick-meta":"","astra-migrate-meta-layouts":"set","ast-page-background-enabled":"default","ast-page-background-meta":{"desktop":{"background-color":"var(--ast-global-color-4)","background-image":"","background-repeat":"repeat","background-position":"center center","background-size":"auto","background-attachment":"scroll","background-type":"","background-media":"","overlay-type":"","overlay-color":"","overlay-opacity":"","overlay-gradient":""},"tablet":{"background-color":"","background-image":"","background-repeat":"repeat","background-position":"center center","background-size":"auto","background-attachment":"scroll","background-type":"","background-media":"","overlay-type":"","overlay-color":"","overlay-opacity":"","overlay-gradient":""},"mobile":{"background-color":"","background-image":"","background-repeat":"repeat","background-position":"center center","background-size":"auto","background-attachment":"scroll","background-type":"","background-media":"","overlay-type":"","overlay-color":"","overlay-opacity":"","overlay-gradient":""}},"ast-content-background-meta":{"desktop":{"background-color":"var(--ast-global-color-5)","background-image":"","background-repeat":"repeat","background-position":"center center","background-size":"auto","background-attachment":"scroll","background-type":"","background-media":"","overlay-type":"","overlay-color":"","overlay-opacity":"","overlay-gradient":""},"tablet":{"background-color":"var(--ast-global-color-5)","background-image":"","background-repeat":"repeat","background-position":"center center","background-size":"auto","background-attachment":"scroll","background-type":"","background-media":"","overlay-type":"","overlay-color":"","overlay-opacity":"","overlay-gradient":""},"mobile":{"background-color":"var(--ast-global-color-5)","background-image":"","background-repeat":"repeat","background-position":"center center","background-size":"auto","background-attachment":"scroll","background-type":"","background-media":"","overlay-type":"","overlay-color":"","overlay-opacity":"","overlay-gradient":""}}},"pwb-brand":[332],"product_brand":[],"product_cat":[865,898,899,901,900,419],"product_tag":[],"class_list":{"0":"post-6018","1":"product","2":"type-product","3":"status-publish","4":"has-post-thumbnail","6":"pwb-brand-victron","7":"product_cat-convertidores","8":"product_cat-12v-12v","9":"product_cat-12v-24v","10":"product_cat-24v-12v","11":"product_cat-24v-24v","12":"product_cat-cargadores-de-baterias","13":"desktop-align-left","14":"tablet-align-left","15":"mobile-align-left","16":"ast-product-gallery-layout-horizontal-slider","17":"ast-product-tabs-layout-horizontal","19":"first","20":"instock","21":"taxable","22":"shipping-taxable","23":"purchasable","24":"product-type-simple"},"wcpa_form_fields":null,"brands":[{"id":332,"name":"Victron Energy","slug":"victron"}],"_links":{"self":[{"href":"https:\/\/fvcomponentes.com\/fr\/wp-json\/wp\/v2\/product\/6018","targetHints":{"allow":["GET"]}}],"collection":[{"href":"https:\/\/fvcomponentes.com\/fr\/wp-json\/wp\/v2\/product"}],"about":[{"href":"https:\/\/fvcomponentes.com\/fr\/wp-json\/wp\/v2\/types\/product"}],"replies":[{"embeddable":true,"href":"https:\/\/fvcomponentes.com\/fr\/wp-json\/wp\/v2\/comments?post=6018"}],"wp:featuredmedia":[{"embeddable":true,"href":"https:\/\/fvcomponentes.com\/fr\/wp-json\/wp\/v2\/media\/6019"}],"wp:attachment":[{"href":"https:\/\/fvcomponentes.com\/fr\/wp-json\/wp\/v2\/media?parent=6018"}],"wp:term":[{"taxonomy":"pwb-brand","embeddable":true,"href":"https:\/\/fvcomponentes.com\/fr\/wp-json\/wp\/v2\/pwb-brand?post=6018"},{"taxonomy":"product_brand","embeddable":true,"href":"https:\/\/fvcomponentes.com\/fr\/wp-json\/wp\/v2\/product_brand?post=6018"},{"taxonomy":"product_cat","embeddable":true,"href":"https:\/\/fvcomponentes.com\/fr\/wp-json\/wp\/v2\/product_cat?post=6018"},{"taxonomy":"product_tag","embeddable":true,"href":"https:\/\/fvcomponentes.com\/fr\/wp-json\/wp\/v2\/product_tag?post=6018"}],"curies":[{"name":"wp","href":"https:\/\/api.w.org\/{rel}","templated":true}]}}