{"id":6009,"date":"2023-10-23T16:59:53","date_gmt":"2023-10-23T14:59:53","guid":{"rendered":"https:\/\/fvcomponentes.com\/?post_type=product&#038;p=6009"},"modified":"2026-04-04T12:50:38","modified_gmt":"2026-04-04T10:50:38","slug":"victron-dc-dc-converter-buck-boost-25-to-ori303025000","status":"publish","type":"product","link":"https:\/\/fvcomponentes.com\/fr\/producto\/convertidor-victron-cc-cc-buck-boost-25-a-ori303025000\/","title":{"rendered":"Victron Convertisseur DC-DC Buck-Boost 25 A - ORI303025000"},"content":{"rendered":"<h2>Victron Convertisseur DC-DC Buck-Boost 25 A - ORI303025000<\/h2>\n<div>Convertisseur DC-DC pour charger une batterie de service 12\/24V dans les v\u00e9hicules \u00e9quip\u00e9s d'une dynamo intelligente.<\/div>\n<div>Le convertisseur DC-DC Buck-Boost 50A est un convertisseur DC-DC pour charger une batterie de service 12\/24V dans les v\u00e9hicules \u00e9quip\u00e9s d'une dynamo intelligente. Lorsque le moteur tourne, ces dynamos (aliment\u00e9es par l'\u00e9lectronique embarqu\u00e9e des moteurs Euro 5 et 6) ne d\u00e9livrent pas toujours le courant de charge correct, un convertisseur DC-DC est essentiel pour charger correctement la batterie de service.<\/div>\n<div><\/div>\n<div><strong>La d\u00e9charge profonde de la batterie de d\u00e9marrage du v\u00e9hicule est \u00e9vit\u00e9e gr\u00e2ce \u00e0 un syst\u00e8me int\u00e9gr\u00e9 de d\u00e9tection du moteur en marche.<\/strong><\/div>\n<div>Au lieu de ce syst\u00e8me de d\u00e9tection, l'onduleur peut \u00e9galement \u00eatre activ\u00e9 par une entr\u00e9e programmable (D+, bus CAN ou connexion (+)15).<\/div>\n<div><\/div>\n<div><strong>\u00a0Enti\u00e8rement programmable<\/strong><\/div>\n<div>Le convertisseur peut \u00eatre enti\u00e8rement programm\u00e9 via une application PC simple et facile \u00e0 utiliser (c\u00e2ble USB Type A m\u00e2le vers USB Type B m\u00e2le requis).<\/div>\n<div><\/div>\n<div><strong>\u00a0Un seul produit pour les syst\u00e8mes 12V, 24V et 12\/24V<\/strong><\/div>\n<div>Le convertisseur peut \u00eatre programm\u00e9 pour charger une batterie auxiliaire de 12V ou 24V \u00e0 partir d'un alternateur et une batterie de d\u00e9marrage de 12V ou 24V.<\/div>\n<div><\/div>\n<div><strong>\u00a0Limitation du courant de charge et du courant d'appel<\/strong><\/div>\n<div>Le courant de sortie est d\u00e9termin\u00e9 par les facteurs suivants :<\/div>\n<ul>\n<li>Le r\u00e9glage du courant de charge maximal<\/li>\n<li>Le r\u00e9glage du courant d'entr\u00e9e maximum<\/li>\n<li>Temp\u00e9rature maximale de fonctionnement du convertisseur<\/li>\n<\/ul>\n<h2>Fiche Technique Convertisseur DC-DC Buck-Boost 25 A - ORI303025000<\/h2>\n<p><a href=\"https:\/\/fvcomponentes.com\/wp-content\/uploads\/2023\/03\/Ori-convertidor-victron-ES.pdf\" target=\"_blank\" rel=\"noopener\">Fiche Technique Convertisseur DC-DC Buck-Boost 25 A - ORI303025000<\/a><\/p>","protected":false},"excerpt":{"rendered":"<p><strong>Plage de tension d'entr\u00e9e :<\/strong> 10-30V<br \/>\n<strong>Seuil de sous-tension :<\/strong> 10V<br \/>\n<strong>Convertisseur \u00e9teint, DEL \u00e9teintes :<\/strong> 7 mA<br \/>\n<strong>Poids :<\/strong> 0,6kg<br \/>\n<strong>Dimensions :<\/strong> 165 x 120 x 30mm<\/p>","protected":false},"featured_media":6011,"comment_status":"open","ping_status":"closed","template":"","meta":{"site-sidebar-layout":"default","site-content-layout":"default","ast-site-content-layout":"default","site-content-style":"default","site-sidebar-style":"default","ast-global-header-display":"","ast-banner-title-visibility":"","ast-main-header-display":"","ast-hfb-above-header-display":"","ast-hfb-below-header-display":"","ast-hfb-mobile-header-display":"","site-post-title":"","ast-breadcrumbs-content":"","ast-featured-img":"","footer-sml-layout":"","ast-disable-related-posts":"","theme-transparent-header-meta":"default","adv-header-id-meta":"","stick-header-meta":"","header-above-stick-meta":"","header-main-stick-meta":"","header-below-stick-meta":"","astra-migrate-meta-layouts":"set","ast-page-background-enabled":"default","ast-page-background-meta":{"desktop":{"background-color":"var(--ast-global-color-4)","background-image":"","background-repeat":"repeat","background-position":"center center","background-size":"auto","background-attachment":"scroll","background-type":"","background-media":"","overlay-type":"","overlay-color":"","overlay-opacity":"","overlay-gradient":""},"tablet":{"background-color":"","background-image":"","background-repeat":"repeat","background-position":"center center","background-size":"auto","background-attachment":"scroll","background-type":"","background-media":"","overlay-type":"","overlay-color":"","overlay-opacity":"","overlay-gradient":""},"mobile":{"background-color":"","background-image":"","background-repeat":"repeat","background-position":"center center","background-size":"auto","background-attachment":"scroll","background-type":"","background-media":"","overlay-type":"","overlay-color":"","overlay-opacity":"","overlay-gradient":""}},"ast-content-background-meta":{"desktop":{"background-color":"var(--ast-global-color-5)","background-image":"","background-repeat":"repeat","background-position":"center center","background-size":"auto","background-attachment":"scroll","background-type":"","background-media":"","overlay-type":"","overlay-color":"","overlay-opacity":"","overlay-gradient":""},"tablet":{"background-color":"var(--ast-global-color-5)","background-image":"","background-repeat":"repeat","background-position":"center center","background-size":"auto","background-attachment":"scroll","background-type":"","background-media":"","overlay-type":"","overlay-color":"","overlay-opacity":"","overlay-gradient":""},"mobile":{"background-color":"var(--ast-global-color-5)","background-image":"","background-repeat":"repeat","background-position":"center center","background-size":"auto","background-attachment":"scroll","background-type":"","background-media":"","overlay-type":"","overlay-color":"","overlay-opacity":"","overlay-gradient":""}}},"pwb-brand":[332],"product_brand":[],"product_cat":[865,898,899,901,900,419],"product_tag":[],"class_list":{"0":"post-6009","1":"product","2":"type-product","3":"status-publish","4":"has-post-thumbnail","6":"pwb-brand-victron","7":"product_cat-convertidores","8":"product_cat-12v-12v","9":"product_cat-12v-24v","10":"product_cat-24v-12v","11":"product_cat-24v-24v","12":"product_cat-cargadores-de-baterias","13":"desktop-align-left","14":"tablet-align-left","15":"mobile-align-left","16":"ast-product-gallery-layout-horizontal-slider","17":"ast-product-tabs-layout-horizontal","19":"first","20":"instock","21":"taxable","22":"shipping-taxable","23":"purchasable","24":"product-type-simple"},"wcpa_form_fields":null,"brands":[{"id":332,"name":"Victron Energy","slug":"victron"}],"_links":{"self":[{"href":"https:\/\/fvcomponentes.com\/fr\/wp-json\/wp\/v2\/product\/6009","targetHints":{"allow":["GET"]}}],"collection":[{"href":"https:\/\/fvcomponentes.com\/fr\/wp-json\/wp\/v2\/product"}],"about":[{"href":"https:\/\/fvcomponentes.com\/fr\/wp-json\/wp\/v2\/types\/product"}],"replies":[{"embeddable":true,"href":"https:\/\/fvcomponentes.com\/fr\/wp-json\/wp\/v2\/comments?post=6009"}],"wp:featuredmedia":[{"embeddable":true,"href":"https:\/\/fvcomponentes.com\/fr\/wp-json\/wp\/v2\/media\/6011"}],"wp:attachment":[{"href":"https:\/\/fvcomponentes.com\/fr\/wp-json\/wp\/v2\/media?parent=6009"}],"wp:term":[{"taxonomy":"pwb-brand","embeddable":true,"href":"https:\/\/fvcomponentes.com\/fr\/wp-json\/wp\/v2\/pwb-brand?post=6009"},{"taxonomy":"product_brand","embeddable":true,"href":"https:\/\/fvcomponentes.com\/fr\/wp-json\/wp\/v2\/product_brand?post=6009"},{"taxonomy":"product_cat","embeddable":true,"href":"https:\/\/fvcomponentes.com\/fr\/wp-json\/wp\/v2\/product_cat?post=6009"},{"taxonomy":"product_tag","embeddable":true,"href":"https:\/\/fvcomponentes.com\/fr\/wp-json\/wp\/v2\/product_tag?post=6009"}],"curies":[{"name":"wp","href":"https:\/\/api.w.org\/{rel}","templated":true}]}}