{"id":6002,"date":"2024-01-19T19:29:59","date_gmt":"2024-01-19T18:29:59","guid":{"rendered":"https:\/\/fvcomponentes.com\/?post_type=product&#038;p=6002"},"modified":"2026-04-04T12:46:43","modified_gmt":"2026-04-04T10:46:43","slug":"orion-victron-convertisseur-de-haute-puissance-non-isole-12-24-20-ori122420020","status":"publish","type":"product","link":"https:\/\/fvcomponentes.com\/fr\/producto\/convertidor-orion-victron-no-aislado-de-alta-potencia-12-24-20-ori122420020\/","title":{"rendered":"Orion Victron convertisseur de haute puissance non isol\u00e9 12\/24-20 - ORI122420020"},"content":{"rendered":"<h2>Caract\u00e9ristiques de l'onduleur Orion Victron 12\/24-20 non isol\u00e9<\/h2>\n<h2>Connecteur marche-arr\u00eat \u00e0 distance<\/h2>\n<ul>\n<li>L'activation et la d\u00e9sactivation \u00e0 distance \u00e9liminent le besoin d'un interrupteur \u00e0 haute puissance dans le c\u00e2blage d'entr\u00e9e.<\/li>\n<li>En outre, ce connecteur peut \u00eatre actionn\u00e9 au moyen d'un interrupteur de faible puissance ou de l'interrupteur de d\u00e9marrage du moteur (voir le manuel).<\/li>\n<\/ul>\n<h2>Tous les mod\u00e8les \u00e0 sortie r\u00e9glable peuvent \u00e9galement \u00eatre utilis\u00e9s comme chargeur de batterie.<\/h2>\n<ul>\n<li>Par exemple, pour charger une batterie de d\u00e9marrage ou de service de 12V int\u00e9gr\u00e9e dans un syst\u00e8me de 24V.<\/li>\n<\/ul>\n<h2>Tous les mod\u00e8les \u00e0 sortie r\u00e9glable peuvent \u00eatre connect\u00e9s en parall\u00e8le pour augmenter le courant de sortie.<\/h2>\n<ul>\n<li>Il est possible de connecter jusqu'\u00e0 cinq unit\u00e9s en parall\u00e8le.<\/li>\n<\/ul>\n<h2>Facile \u00e0 installer :<\/h2>\n<ul>\n<li>La livraison comprend 4 connexions femelles push-in de 6,3 mm.<\/li>\n<\/ul>\n<h2>Fiche technique du convertisseur Orion <a href=\"https:\/\/www.victronenergy.com.es\/\" target=\"_blank\" rel=\"noopener\">Victron<\/a> non isol\u00e9e haute puissance 12\/24-20 - ORI122420020<\/h2>\n<p><a href=\"https:\/\/fvcomponentes.com\/wp-content\/uploads\/2023\/03\/Orion-alta-potencia-ES.pdf\" target=\"_blank\" rel=\"noopener\">Fiche technique Orion Victron Onduleur haute puissance non isol\u00e9 12\/24-20 - ORI122420020<\/a><\/p>","protected":false},"excerpt":{"rendered":"<ul>\n<li><span style=\"color: #ff0000;\"><strong>Cet appareil n'est pas adapt\u00e9 au chargement de la batterie. Choisissez le mod\u00e8le Smart avec Blutetooth.<\/strong><\/span><\/li>\n<li><span style=\"color: #ff0000;\"><strong>\u00c9quipement sans Bluetooth<\/strong><\/span><\/li>\n<li><strong style=\"font-size: 16px;\">Plage de tension d'entr\u00e9e (V) :<\/strong><span style=\"font-size: 16px;\"> 9\/18<\/span><\/li>\n<li><strong style=\"font-size: 16px;\">Sous-tension de d\u00e9connexion (V) :<\/strong><span style=\"font-size: 16px;\"> 8<\/span><\/li>\n<li><strong style=\"font-size: 16px;\">Consommation :<\/strong><span style=\"font-size: 16px;\"> &lt;30mA<\/span><\/li>\n<li><strong style=\"font-size: 16px;\">Poids (kg) :<\/strong><span style=\"font-size: 16px;\"> 0,9<\/span><\/li>\n<li><strong style=\"font-size: 16px;\">Dimensions (mm) :<\/strong><span style=\"font-size: 16px;\"> 65x88x195<\/span><\/li>\n<\/ul>","protected":false},"featured_media":6007,"comment_status":"open","ping_status":"closed","template":"","meta":{"site-sidebar-layout":"default","site-content-layout":"default","ast-site-content-layout":"default","site-content-style":"default","site-sidebar-style":"default","ast-global-header-display":"","ast-banner-title-visibility":"","ast-main-header-display":"","ast-hfb-above-header-display":"","ast-hfb-below-header-display":"","ast-hfb-mobile-header-display":"","site-post-title":"","ast-breadcrumbs-content":"","ast-featured-img":"","footer-sml-layout":"","ast-disable-related-posts":"","theme-transparent-header-meta":"default","adv-header-id-meta":"","stick-header-meta":"","header-above-stick-meta":"","header-main-stick-meta":"","header-below-stick-meta":"","astra-migrate-meta-layouts":"set","ast-page-background-enabled":"default","ast-page-background-meta":{"desktop":{"background-color":"var(--ast-global-color-4)","background-image":"","background-repeat":"repeat","background-position":"center center","background-size":"auto","background-attachment":"scroll","background-type":"","background-media":"","overlay-type":"","overlay-color":"","overlay-opacity":"","overlay-gradient":""},"tablet":{"background-color":"","background-image":"","background-repeat":"repeat","background-position":"center center","background-size":"auto","background-attachment":"scroll","background-type":"","background-media":"","overlay-type":"","overlay-color":"","overlay-opacity":"","overlay-gradient":""},"mobile":{"background-color":"","background-image":"","background-repeat":"repeat","background-position":"center center","background-size":"auto","background-attachment":"scroll","background-type":"","background-media":"","overlay-type":"","overlay-color":"","overlay-opacity":"","overlay-gradient":""}},"ast-content-background-meta":{"desktop":{"background-color":"var(--ast-global-color-5)","background-image":"","background-repeat":"repeat","background-position":"center center","background-size":"auto","background-attachment":"scroll","background-type":"","background-media":"","overlay-type":"","overlay-color":"","overlay-opacity":"","overlay-gradient":""},"tablet":{"background-color":"var(--ast-global-color-5)","background-image":"","background-repeat":"repeat","background-position":"center center","background-size":"auto","background-attachment":"scroll","background-type":"","background-media":"","overlay-type":"","overlay-color":"","overlay-opacity":"","overlay-gradient":""},"mobile":{"background-color":"var(--ast-global-color-5)","background-image":"","background-repeat":"repeat","background-position":"center center","background-size":"auto","background-attachment":"scroll","background-type":"","background-media":"","overlay-type":"","overlay-color":"","overlay-opacity":"","overlay-gradient":""}}},"pwb-brand":[332],"product_brand":[],"product_cat":[865,899],"product_tag":[],"class_list":{"0":"post-6002","1":"product","2":"type-product","3":"status-publish","4":"has-post-thumbnail","6":"pwb-brand-victron","7":"product_cat-convertidores","8":"product_cat-12v-24v","9":"desktop-align-left","10":"tablet-align-left","11":"mobile-align-left","12":"ast-product-gallery-layout-horizontal-slider","13":"ast-product-tabs-layout-horizontal","15":"first","16":"instock","17":"taxable","18":"shipping-taxable","19":"purchasable","20":"product-type-simple"},"wcpa_form_fields":null,"brands":[{"id":332,"name":"Victron Energy","slug":"victron"}],"_links":{"self":[{"href":"https:\/\/fvcomponentes.com\/fr\/wp-json\/wp\/v2\/product\/6002","targetHints":{"allow":["GET"]}}],"collection":[{"href":"https:\/\/fvcomponentes.com\/fr\/wp-json\/wp\/v2\/product"}],"about":[{"href":"https:\/\/fvcomponentes.com\/fr\/wp-json\/wp\/v2\/types\/product"}],"replies":[{"embeddable":true,"href":"https:\/\/fvcomponentes.com\/fr\/wp-json\/wp\/v2\/comments?post=6002"}],"wp:featuredmedia":[{"embeddable":true,"href":"https:\/\/fvcomponentes.com\/fr\/wp-json\/wp\/v2\/media\/6007"}],"wp:attachment":[{"href":"https:\/\/fvcomponentes.com\/fr\/wp-json\/wp\/v2\/media?parent=6002"}],"wp:term":[{"taxonomy":"pwb-brand","embeddable":true,"href":"https:\/\/fvcomponentes.com\/fr\/wp-json\/wp\/v2\/pwb-brand?post=6002"},{"taxonomy":"product_brand","embeddable":true,"href":"https:\/\/fvcomponentes.com\/fr\/wp-json\/wp\/v2\/product_brand?post=6002"},{"taxonomy":"product_cat","embeddable":true,"href":"https:\/\/fvcomponentes.com\/fr\/wp-json\/wp\/v2\/product_cat?post=6002"},{"taxonomy":"product_tag","embeddable":true,"href":"https:\/\/fvcomponentes.com\/fr\/wp-json\/wp\/v2\/product_tag?post=6002"}],"curies":[{"name":"wp","href":"https:\/\/api.w.org\/{rel}","templated":true}]}}