{"id":5990,"date":"2024-01-19T19:30:20","date_gmt":"2024-01-19T18:30:20","guid":{"rendered":"https:\/\/fvcomponentes.com\/?post_type=product&#038;p=5990"},"modified":"2026-04-08T21:29:40","modified_gmt":"2026-04-08T19:29:40","slug":"orion-victron-convertisseur-non-isole-haute-puissance-12-24-8-ori122408020","status":"publish","type":"product","link":"https:\/\/fvcomponentes.com\/fr\/producto\/convertidor-orion-victron-no-aislado-de-alta-potencia-12-24-8-ori122408020\/","title":{"rendered":"Convertisseur Orion Victron non isol\u00e9 de haute puissance 12\/24-8 - ORI122408020"},"content":{"rendered":"<p>Le convertisseur Orion <a href=\"https:\/\/www.victronenergy.com.es\/\" target=\"_blank\" rel=\"noopener\">Victron<\/a> Le convertisseur 12\/24-8 haute puissance non isol\u00e9 est un dispositif con\u00e7u pour convertir la tension d'entr\u00e9e de 12 volts (V) en 24 V ou vice versa, avec un courant de sortie nominal de 10 amp\u00e8res (A). Ce type de convertisseur est utile dans une vari\u00e9t\u00e9 d'applications o\u00f9 il est n\u00e9cessaire d'adapter la tension d'alimentation aux besoins.<\/p>\n<h2>Connecteur marche-arr\u00eat \u00e0 distance<\/h2>\n<ul>\n<li>L'activation et la d\u00e9sactivation \u00e0 distance \u00e9liminent le besoin d'un interrupteur \u00e0 haute puissance dans le c\u00e2blage d'entr\u00e9e.<\/li>\n<li>La fonction marche-arr\u00eat \u00e0 distance peut \u00eatre actionn\u00e9e par un interrupteur de faible puissance ou par l'interrupteur de d\u00e9marrage du moteur (voir le manuel).<\/li>\n<\/ul>\n<h2>Tous les mod\u00e8les \u00e0 sortie r\u00e9glable peuvent \u00e9galement \u00eatre utilis\u00e9s comme chargeur de batterie.<\/h2>\n<ul>\n<li>Par exemple, pour charger une batterie de d\u00e9marrage ou de service de 12V int\u00e9gr\u00e9e dans un syst\u00e8me de 24V.<\/li>\n<\/ul>\n<h2>Tous les mod\u00e8les \u00e0 sortie r\u00e9glable peuvent \u00eatre connect\u00e9s en parall\u00e8le pour augmenter le courant de sortie.<\/h2>\n<ul>\n<li>Il est possible de connecter jusqu'\u00e0 cinq unit\u00e9s en parall\u00e8le.<\/li>\n<\/ul>\n<h2>Facile \u00e0 installer :<\/h2>\n<ul>\n<li>La livraison comprend 4 connexions femelles push-in de 6,3 mm.<\/li>\n<\/ul>\n<h2>Le convertisseur haute puissance Orion Victron non isol\u00e9 12\/24-18 est couramment utilis\u00e9 :<\/h2>\n<ol>\n<li><strong>Syst\u00e8mes d'alimentation \u00e9lectrique dans les v\u00e9hicules<\/strong>L'une des utilisations les plus courantes du convertisseur Orion Victron concerne les v\u00e9hicules, tels que les voitures, les camions, les bateaux et les caravanes. Beaucoup de ces v\u00e9hicules utilisent des syst\u00e8mes \u00e9lectriques de 12V, mais peuvent aussi avoir des composants ou des dispositifs qui n\u00e9cessitent une tension de 24V pour fonctionner. Le convertisseur permet de connecter ces appareils 24V au syst\u00e8me \u00e9lectrique 12V du v\u00e9hicule.<\/li>\n<li><strong>Applications dans les syst\u00e8mes d'\u00e9nergie solaire ou renouvelable<\/strong>Dans les syst\u00e8mes solaires ou d'\u00e9nergie renouvelable, o\u00f9 des batteries de 12V et 24V sont utilis\u00e9es, le convertisseur Orion Victron peut \u00eatre utile pour s'assurer que les appareils et les composants connect\u00e9s fonctionnent \u00e0 la bonne tension. Par exemple, il peut \u00eatre n\u00e9cessaire d'augmenter la tension de 12V \u00e0 24V pour alimenter les onduleurs ou les chargeurs de batterie 24V.<\/li>\n<li><strong>Syst\u00e8mes de communication et \u00e9lectronique<\/strong>Dans les applications de t\u00e9l\u00e9communications et d'\u00e9lectronique, une tension sp\u00e9cifique est souvent requise pour alimenter des \u00e9quipements sensibles. Ce convertisseur permet d'ajuster la tension en fonction des exigences de ces \u00e9quipements, ce qui garantit leur bon fonctionnement et les prot\u00e8ge contre les dommages.<\/li>\n<li><strong>Utilisation dans les syst\u00e8mes d'alimentation de secours<\/strong>Les convertisseurs de tension peuvent \u00eatre utilis\u00e9s dans les syst\u00e8mes d'alimentation de secours, tels que les g\u00e9n\u00e9rateurs et les batteries, pour assurer la compatibilit\u00e9 entre les diff\u00e9rents composants et charges. Par exemple, si vous utilisez une batterie de 24 V mais que vous devez alimenter une charge de 12 V, ce convertisseur peut s'av\u00e9rer essentiel.<\/li>\n<\/ol>\n<h2>Fiche technique Orion Victron convertisseur haute puissance non isol\u00e9 12\/24-8 - ORI122408020<\/h2>\n<p><a href=\"https:\/\/fvcomponentes.com\/wp-content\/uploads\/2023\/03\/Orion-alta-potencia-ES.pdf\" target=\"_blank\" rel=\"noopener\">Fiche technique Orion Victron Onduleur haute puissance non isol\u00e9 12\/24-8 - ORI122408020<\/a><\/p>","protected":false},"excerpt":{"rendered":"<ul>\n<li><span style=\"color: #ff0000\"><strong>Cet appareil n'est pas adapt\u00e9 au chargement de la batterie. Choisissez le mod\u00e8le Smart avec Blutetooth.<\/strong><\/span><\/li>\n<li><span style=\"color: #ff0000\"><strong>\u00c9quipement sans Bluetooth<\/strong><\/span><\/li>\n<li><strong style=\"font-size: 16px\">Plage de tension d'entr\u00e9e (V) :<\/strong><span style=\"font-size: 16px\"> 9\/18<\/span><\/li>\n<li><strong style=\"font-size: 16px\">Sous-tension de d\u00e9connexion (V) :<\/strong><span style=\"font-size: 16px\"> 8<\/span><\/li>\n<li><strong style=\"font-size: 16px\">Consommation :<\/strong><span style=\"font-size: 16px\"> &lt;10mA<\/span><\/li>\n<li><strong style=\"font-size: 16px\">Poids (kg) :<\/strong><span style=\"font-size: 16px\"> 0,4<\/span><\/li>\n<li><strong style=\"font-size: 16px\">Dimensions (mm) :<\/strong><span style=\"font-size: 16px\"> 45 x 90 x 115<\/span><\/li>\n<\/ul>","protected":false},"featured_media":5995,"comment_status":"open","ping_status":"closed","template":"","meta":{"site-sidebar-layout":"default","site-content-layout":"default","ast-site-content-layout":"default","site-content-style":"default","site-sidebar-style":"default","ast-global-header-display":"","ast-banner-title-visibility":"","ast-main-header-display":"","ast-hfb-above-header-display":"","ast-hfb-below-header-display":"","ast-hfb-mobile-header-display":"","site-post-title":"","ast-breadcrumbs-content":"","ast-featured-img":"","footer-sml-layout":"","ast-disable-related-posts":"","theme-transparent-header-meta":"default","adv-header-id-meta":"","stick-header-meta":"","header-above-stick-meta":"","header-main-stick-meta":"","header-below-stick-meta":"","astra-migrate-meta-layouts":"set","ast-page-background-enabled":"default","ast-page-background-meta":{"desktop":{"background-color":"var(--ast-global-color-4)","background-image":"","background-repeat":"repeat","background-position":"center center","background-size":"auto","background-attachment":"scroll","background-type":"","background-media":"","overlay-type":"","overlay-color":"","overlay-opacity":"","overlay-gradient":""},"tablet":{"background-color":"","background-image":"","background-repeat":"repeat","background-position":"center center","background-size":"auto","background-attachment":"scroll","background-type":"","background-media":"","overlay-type":"","overlay-color":"","overlay-opacity":"","overlay-gradient":""},"mobile":{"background-color":"","background-image":"","background-repeat":"repeat","background-position":"center center","background-size":"auto","background-attachment":"scroll","background-type":"","background-media":"","overlay-type":"","overlay-color":"","overlay-opacity":"","overlay-gradient":""}},"ast-content-background-meta":{"desktop":{"background-color":"var(--ast-global-color-5)","background-image":"","background-repeat":"repeat","background-position":"center center","background-size":"auto","background-attachment":"scroll","background-type":"","background-media":"","overlay-type":"","overlay-color":"","overlay-opacity":"","overlay-gradient":""},"tablet":{"background-color":"var(--ast-global-color-5)","background-image":"","background-repeat":"repeat","background-position":"center center","background-size":"auto","background-attachment":"scroll","background-type":"","background-media":"","overlay-type":"","overlay-color":"","overlay-opacity":"","overlay-gradient":""},"mobile":{"background-color":"var(--ast-global-color-5)","background-image":"","background-repeat":"repeat","background-position":"center center","background-size":"auto","background-attachment":"scroll","background-type":"","background-media":"","overlay-type":"","overlay-color":"","overlay-opacity":"","overlay-gradient":""}}},"pwb-brand":[332],"product_brand":[],"product_cat":[865,899],"product_tag":[],"class_list":{"0":"post-5990","1":"product","2":"type-product","3":"status-publish","4":"has-post-thumbnail","6":"pwb-brand-victron","7":"product_cat-convertidores","8":"product_cat-12v-24v","9":"desktop-align-left","10":"tablet-align-left","11":"mobile-align-left","12":"ast-product-gallery-layout-horizontal-slider","13":"ast-product-tabs-layout-horizontal","15":"first","16":"instock","17":"taxable","18":"shipping-taxable","19":"purchasable","20":"product-type-simple"},"wcpa_form_fields":null,"brands":[{"id":332,"name":"Victron Energy","slug":"victron"}],"_links":{"self":[{"href":"https:\/\/fvcomponentes.com\/fr\/wp-json\/wp\/v2\/product\/5990","targetHints":{"allow":["GET"]}}],"collection":[{"href":"https:\/\/fvcomponentes.com\/fr\/wp-json\/wp\/v2\/product"}],"about":[{"href":"https:\/\/fvcomponentes.com\/fr\/wp-json\/wp\/v2\/types\/product"}],"replies":[{"embeddable":true,"href":"https:\/\/fvcomponentes.com\/fr\/wp-json\/wp\/v2\/comments?post=5990"}],"wp:featuredmedia":[{"embeddable":true,"href":"https:\/\/fvcomponentes.com\/fr\/wp-json\/wp\/v2\/media\/5995"}],"wp:attachment":[{"href":"https:\/\/fvcomponentes.com\/fr\/wp-json\/wp\/v2\/media?parent=5990"}],"wp:term":[{"taxonomy":"pwb-brand","embeddable":true,"href":"https:\/\/fvcomponentes.com\/fr\/wp-json\/wp\/v2\/pwb-brand?post=5990"},{"taxonomy":"product_brand","embeddable":true,"href":"https:\/\/fvcomponentes.com\/fr\/wp-json\/wp\/v2\/product_brand?post=5990"},{"taxonomy":"product_cat","embeddable":true,"href":"https:\/\/fvcomponentes.com\/fr\/wp-json\/wp\/v2\/product_cat?post=5990"},{"taxonomy":"product_tag","embeddable":true,"href":"https:\/\/fvcomponentes.com\/fr\/wp-json\/wp\/v2\/product_tag?post=5990"}],"curies":[{"name":"wp","href":"https:\/\/api.w.org\/{rel}","templated":true}]}}