{"id":5983,"date":"2024-01-19T19:30:04","date_gmt":"2024-01-19T18:30:04","guid":{"rendered":"https:\/\/fvcomponentes.com\/?post_type=product&#038;p=5983"},"modified":"2026-04-04T11:15:43","modified_gmt":"2026-04-04T09:15:43","slug":"orion-victron-convertisseur-non-isole-haute-puissance-24-12-70-ori241270020","status":"publish","type":"product","link":"https:\/\/fvcomponentes.com\/fr\/producto\/convertidor-orion-victron-no-aislado-de-alta-potencia-24-12-70-ori241270020\/","title":{"rendered":"Orion Victron convertisseur de haute puissance non isol\u00e9 24\/12-70 - ORI241270020"},"content":{"rendered":"<h2>Connecteur marche-arr\u00eat \u00e0 distance<\/h2>\n<ul>\n<li>Le connecteur marche-arr\u00eat \u00e0 distance est une solution pratique et polyvalente qui simplifie la gestion des appareils \u00e9lectriques. Ce connecteur \u00e9limine le besoin d'interrupteurs de forte puissance dans le c\u00e2blage d'entr\u00e9e, ce qui facilite le fonctionnement et le contr\u00f4le des appareils \u00e9lectriques \u00e0 distance.<\/li>\n<li>L'un des principaux avantages du connecteur marche-arr\u00eat \u00e0 distance est qu'il peut \u00eatre activ\u00e9 soit par un interrupteur de faible puissance, soit par l'interrupteur de d\u00e9marrage du moteur, comme indiqu\u00e9 dans le manuel d'instructions. Cette souplesse d'activation en fait un outil id\u00e9al pour une grande vari\u00e9t\u00e9 d'applications.<\/li>\n<\/ul>\n<h2>Tous les mod\u00e8les \u00e0 sortie r\u00e9glable peuvent \u00e9galement \u00eatre utilis\u00e9s comme chargeur de batterie.<\/h2>\n<ul>\n<li>En outre, tous les mod\u00e8les dot\u00e9s de prises r\u00e9glables offrent la fonctionnalit\u00e9 suppl\u00e9mentaire de pouvoir \u00eatre utilis\u00e9s comme chargeurs de batterie.<\/li>\n<li>Cela signifie qu'ils peuvent charger des batteries de d\u00e9marrage ou de service de 12 V, m\u00eame lorsqu'ils sont int\u00e9gr\u00e9s dans des syst\u00e8mes de 24 V, ce qui permet de gagner du temps et d'\u00e9conomiser des ressources.<\/li>\n<\/ul>\n<h2>Tous les mod\u00e8les \u00e0 sortie r\u00e9glable peuvent \u00eatre connect\u00e9s en parall\u00e8le pour augmenter le courant de sortie.<\/h2>\n<ul>\n<li>Une autre caract\u00e9ristique remarquable est la possibilit\u00e9 de connecter plusieurs de ces connecteurs en parall\u00e8le pour augmenter le courant de sortie.<\/li>\n<li>Jusqu'\u00e0 cinq unit\u00e9s peuvent \u00eatre connect\u00e9es en parall\u00e8le, ce qui permet de r\u00e9pondre efficacement \u00e0 des demandes \u00e9lectriques plus importantes.<\/li>\n<\/ul>\n<h2>Facile \u00e0 installer :<\/h2>\n<ul>\n<li>L'installation est simple et pratique, car la livraison comprend 4 connexions femelles push-in de 6,3 mm.<\/li>\n<li>Ces connexions facilitent le raccordement \u00e0 d'autres dispositifs et syst\u00e8mes \u00e9lectriques, ce qui fait du connecteur \u00e0 distance on-off une solution compl\u00e8te et facile \u00e0 mettre en \u0153uvre pour une vari\u00e9t\u00e9 d'applications.<\/li>\n<\/ul>\n<h2>Fiche technique du convertisseur Orion <a href=\"https:\/\/www.victronenergy.com.es\/\" target=\"_blank\" rel=\"noopener\">Victron<\/a> non isol\u00e9e haute puissance 24\/12-70 - ORI241270020<\/h2>\n<p><a href=\"https:\/\/fvcomponentes.com\/wp-content\/uploads\/2023\/03\/Orion-alta-potencia-ES.pdf\" target=\"_blank\" rel=\"noopener\">Fiche technique Orion Victron Onduleur haute puissance non isol\u00e9 24\/12-70 - ORI241270020<\/a><\/p>","protected":false},"excerpt":{"rendered":"<ul>\n<li><span style=\"color: #ff0000\"><strong>Cet appareil n'est pas adapt\u00e9 au chargement de la batterie. Choisissez le mod\u00e8le Smart avec Blutetooth.<\/strong><\/span><\/li>\n<li><span style=\"color: #ff0000\"><strong>\u00c9quipement sans Bluetooth<\/strong><\/span><\/li>\n<li><strong style=\"font-size: 16px\">Plage de tension d'entr\u00e9e (V) :<\/strong><span style=\"font-size: 16px\"> 18\/35<\/span><\/li>\n<li><strong style=\"font-size: 16px\">Sous-tension de d\u00e9connexion (V) :<\/strong><span style=\"font-size: 16px\"> 14<\/span><\/li>\n<li><strong style=\"font-size: 16px\">Consommation :<\/strong><span style=\"font-size: 16px\"> &lt;20mA<\/span><\/li>\n<li><strong style=\"font-size: 16px\">Poids (kg) :<\/strong><span style=\"font-size: 16px\"> 0,9<\/span><\/li>\n<li><strong style=\"font-size: 16px\">Dimensions (mm) :<\/strong><span style=\"font-size: 16px\"> 65 x 88 x 195<\/span><\/li>\n<\/ul>","protected":false},"featured_media":5988,"comment_status":"open","ping_status":"closed","template":"","meta":{"site-sidebar-layout":"default","site-content-layout":"default","ast-site-content-layout":"default","site-content-style":"default","site-sidebar-style":"default","ast-global-header-display":"","ast-banner-title-visibility":"","ast-main-header-display":"","ast-hfb-above-header-display":"","ast-hfb-below-header-display":"","ast-hfb-mobile-header-display":"","site-post-title":"","ast-breadcrumbs-content":"","ast-featured-img":"","footer-sml-layout":"","ast-disable-related-posts":"","theme-transparent-header-meta":"default","adv-header-id-meta":"","stick-header-meta":"","header-above-stick-meta":"","header-main-stick-meta":"","header-below-stick-meta":"","astra-migrate-meta-layouts":"set","ast-page-background-enabled":"default","ast-page-background-meta":{"desktop":{"background-color":"var(--ast-global-color-4)","background-image":"","background-repeat":"repeat","background-position":"center center","background-size":"auto","background-attachment":"scroll","background-type":"","background-media":"","overlay-type":"","overlay-color":"","overlay-opacity":"","overlay-gradient":""},"tablet":{"background-color":"","background-image":"","background-repeat":"repeat","background-position":"center center","background-size":"auto","background-attachment":"scroll","background-type":"","background-media":"","overlay-type":"","overlay-color":"","overlay-opacity":"","overlay-gradient":""},"mobile":{"background-color":"","background-image":"","background-repeat":"repeat","background-position":"center center","background-size":"auto","background-attachment":"scroll","background-type":"","background-media":"","overlay-type":"","overlay-color":"","overlay-opacity":"","overlay-gradient":""}},"ast-content-background-meta":{"desktop":{"background-color":"var(--ast-global-color-5)","background-image":"","background-repeat":"repeat","background-position":"center center","background-size":"auto","background-attachment":"scroll","background-type":"","background-media":"","overlay-type":"","overlay-color":"","overlay-opacity":"","overlay-gradient":""},"tablet":{"background-color":"var(--ast-global-color-5)","background-image":"","background-repeat":"repeat","background-position":"center center","background-size":"auto","background-attachment":"scroll","background-type":"","background-media":"","overlay-type":"","overlay-color":"","overlay-opacity":"","overlay-gradient":""},"mobile":{"background-color":"var(--ast-global-color-5)","background-image":"","background-repeat":"repeat","background-position":"center center","background-size":"auto","background-attachment":"scroll","background-type":"","background-media":"","overlay-type":"","overlay-color":"","overlay-opacity":"","overlay-gradient":""}}},"pwb-brand":[332],"product_brand":[],"product_cat":[865,901,419],"product_tag":[],"class_list":{"0":"post-5983","1":"product","2":"type-product","3":"status-publish","4":"has-post-thumbnail","6":"pwb-brand-victron","7":"product_cat-convertidores","8":"product_cat-24v-12v","9":"product_cat-cargadores-de-baterias","10":"desktop-align-left","11":"tablet-align-left","12":"mobile-align-left","13":"ast-product-gallery-layout-horizontal-slider","14":"ast-product-tabs-layout-horizontal","16":"first","17":"instock","18":"taxable","19":"shipping-taxable","20":"purchasable","21":"product-type-simple"},"wcpa_form_fields":null,"brands":[{"id":332,"name":"Victron Energy","slug":"victron"}],"_links":{"self":[{"href":"https:\/\/fvcomponentes.com\/fr\/wp-json\/wp\/v2\/product\/5983","targetHints":{"allow":["GET"]}}],"collection":[{"href":"https:\/\/fvcomponentes.com\/fr\/wp-json\/wp\/v2\/product"}],"about":[{"href":"https:\/\/fvcomponentes.com\/fr\/wp-json\/wp\/v2\/types\/product"}],"replies":[{"embeddable":true,"href":"https:\/\/fvcomponentes.com\/fr\/wp-json\/wp\/v2\/comments?post=5983"}],"wp:featuredmedia":[{"embeddable":true,"href":"https:\/\/fvcomponentes.com\/fr\/wp-json\/wp\/v2\/media\/5988"}],"wp:attachment":[{"href":"https:\/\/fvcomponentes.com\/fr\/wp-json\/wp\/v2\/media?parent=5983"}],"wp:term":[{"taxonomy":"pwb-brand","embeddable":true,"href":"https:\/\/fvcomponentes.com\/fr\/wp-json\/wp\/v2\/pwb-brand?post=5983"},{"taxonomy":"product_brand","embeddable":true,"href":"https:\/\/fvcomponentes.com\/fr\/wp-json\/wp\/v2\/product_brand?post=5983"},{"taxonomy":"product_cat","embeddable":true,"href":"https:\/\/fvcomponentes.com\/fr\/wp-json\/wp\/v2\/product_cat?post=5983"},{"taxonomy":"product_tag","embeddable":true,"href":"https:\/\/fvcomponentes.com\/fr\/wp-json\/wp\/v2\/product_tag?post=5983"}],"curies":[{"name":"wp","href":"https:\/\/api.w.org\/{rel}","templated":true}]}}