{"id":5938,"date":"2023-08-17T15:10:43","date_gmt":"2023-08-17T13:10:43","guid":{"rendered":"https:\/\/fvcomponentes.com\/?post_type=product&#038;p=5938"},"modified":"2026-04-04T11:12:16","modified_gmt":"2026-04-04T09:12:16","slug":"orion-tr-victron-24-12-12-5-low-power-converter-ori241205200r","status":"publish","type":"product","link":"https:\/\/fvcomponentes.com\/fr\/producto\/convertidor-orion-tr-victron-24-12-5-de-baja-potencia-ori241205200r\/","title":{"rendered":"Convertisseur basse consommation Orion-Tr Victron 24\/12-5 - ORI241205200(R)"},"content":{"rendered":"<p>Le convertisseur Orion-Tr Victron 24\/12-5 - ORI241205200(R) est utilis\u00e9 pour convertir la tension d'entr\u00e9e 18 - 35 V en sortie 12,5 V pour une sortie maximale de 5 A.<\/p>\n<h2>Haute efficacit\u00e9<\/h2>\n<p>Avec le redressement synchrone, le rendement \u00e0 pleine charge d\u00e9passe 95%.<\/p>\n<h2>Protection IP43<\/h2>\n<p>S'il est install\u00e9 avec les bornes \u00e0 vis orient\u00e9es vers le bas.<\/p>\n<h2>Bornes \u00e0 vis<\/h2>\n<p>Aucun outil sp\u00e9cial n'est n\u00e9cessaire pour l'installation<\/p>\n<h2>Fiche technique Orion-Tr Converter Victron 24\/12-5 - ORI241205200(R)<\/h2>\n<p><a href=\"https:\/\/fvcomponentes.com\/wp-content\/uploads\/2023\/03\/Convertidor-orion-tr-ES.pdf\" target=\"_blank\" rel=\"noopener\">Fiche technique Orion-Tr Converter Victron 24\/12-5<\/a><\/p>","protected":false},"excerpt":{"rendered":"<p><span style=\"color: #ff0000\">Cet \u00e9quipement <strong>N<\/strong><\/span><strong><span style=\"color: #ff0000\">O CONVIENT POUR CHARGER LES BATTERIES<\/span><\/strong>. <span style=\"color: #339966\">Choisissez le mod\u00e8le Smart avec Blutetooth.<\/span><\/p>\n<ul>\n<li><span style=\"color: #ff0000\"><strong>\u00c9quipement sans Bluetooth<\/strong><\/span><\/li>\n<li><strong style=\"font-size: 16px\">Plage de tension d'entr\u00e9e :<\/strong><span style=\"font-size: 16px\"> 18-35V<\/span><\/li>\n<li><strong style=\"font-size: 16px\">Tension de sortie :<\/strong><span style=\"font-size: 16px\"> 12,5V<\/span><\/li>\n<li>Courant de sortie : &gt; 5A<\/li>\n<li><strong style=\"font-size: 16px\">Efficacit\u00e9 :<\/strong><span style=\"font-size: 16px\"> 95%<\/span><\/li>\n<li><strong style=\"font-size: 16px\">Type de convertisseur DC\/DC<\/strong><span style=\"font-size: 16px\">\u00a0 Non isol\u00e9<\/span><\/li>\n<\/ul>","protected":false},"featured_media":5944,"comment_status":"open","ping_status":"closed","template":"","meta":{"site-sidebar-layout":"default","site-content-layout":"default","ast-site-content-layout":"default","site-content-style":"default","site-sidebar-style":"default","ast-global-header-display":"","ast-banner-title-visibility":"","ast-main-header-display":"","ast-hfb-above-header-display":"","ast-hfb-below-header-display":"","ast-hfb-mobile-header-display":"","site-post-title":"","ast-breadcrumbs-content":"","ast-featured-img":"","footer-sml-layout":"","ast-disable-related-posts":"","theme-transparent-header-meta":"default","adv-header-id-meta":"","stick-header-meta":"","header-above-stick-meta":"","header-main-stick-meta":"","header-below-stick-meta":"","astra-migrate-meta-layouts":"set","ast-page-background-enabled":"default","ast-page-background-meta":{"desktop":{"background-color":"var(--ast-global-color-4)","background-image":"","background-repeat":"repeat","background-position":"center center","background-size":"auto","background-attachment":"scroll","background-type":"","background-media":"","overlay-type":"","overlay-color":"","overlay-opacity":"","overlay-gradient":""},"tablet":{"background-color":"","background-image":"","background-repeat":"repeat","background-position":"center center","background-size":"auto","background-attachment":"scroll","background-type":"","background-media":"","overlay-type":"","overlay-color":"","overlay-opacity":"","overlay-gradient":""},"mobile":{"background-color":"","background-image":"","background-repeat":"repeat","background-position":"center center","background-size":"auto","background-attachment":"scroll","background-type":"","background-media":"","overlay-type":"","overlay-color":"","overlay-opacity":"","overlay-gradient":""}},"ast-content-background-meta":{"desktop":{"background-color":"var(--ast-global-color-5)","background-image":"","background-repeat":"repeat","background-position":"center center","background-size":"auto","background-attachment":"scroll","background-type":"","background-media":"","overlay-type":"","overlay-color":"","overlay-opacity":"","overlay-gradient":""},"tablet":{"background-color":"var(--ast-global-color-5)","background-image":"","background-repeat":"repeat","background-position":"center center","background-size":"auto","background-attachment":"scroll","background-type":"","background-media":"","overlay-type":"","overlay-color":"","overlay-opacity":"","overlay-gradient":""},"mobile":{"background-color":"var(--ast-global-color-5)","background-image":"","background-repeat":"repeat","background-position":"center center","background-size":"auto","background-attachment":"scroll","background-type":"","background-media":"","overlay-type":"","overlay-color":"","overlay-opacity":"","overlay-gradient":""}}},"pwb-brand":[332],"product_brand":[],"product_cat":[865,901,419],"product_tag":[],"class_list":{"0":"post-5938","1":"product","2":"type-product","3":"status-publish","4":"has-post-thumbnail","6":"pwb-brand-victron","7":"product_cat-convertidores","8":"product_cat-24v-12v","9":"product_cat-cargadores-de-baterias","10":"desktop-align-left","11":"tablet-align-left","12":"mobile-align-left","13":"ast-product-gallery-layout-horizontal-slider","14":"ast-product-tabs-layout-horizontal","16":"first","17":"instock","18":"taxable","19":"shipping-taxable","20":"purchasable","21":"product-type-simple"},"wcpa_form_fields":null,"brands":[{"id":332,"name":"Victron Energy","slug":"victron"}],"_links":{"self":[{"href":"https:\/\/fvcomponentes.com\/fr\/wp-json\/wp\/v2\/product\/5938","targetHints":{"allow":["GET"]}}],"collection":[{"href":"https:\/\/fvcomponentes.com\/fr\/wp-json\/wp\/v2\/product"}],"about":[{"href":"https:\/\/fvcomponentes.com\/fr\/wp-json\/wp\/v2\/types\/product"}],"replies":[{"embeddable":true,"href":"https:\/\/fvcomponentes.com\/fr\/wp-json\/wp\/v2\/comments?post=5938"}],"wp:featuredmedia":[{"embeddable":true,"href":"https:\/\/fvcomponentes.com\/fr\/wp-json\/wp\/v2\/media\/5944"}],"wp:attachment":[{"href":"https:\/\/fvcomponentes.com\/fr\/wp-json\/wp\/v2\/media?parent=5938"}],"wp:term":[{"taxonomy":"pwb-brand","embeddable":true,"href":"https:\/\/fvcomponentes.com\/fr\/wp-json\/wp\/v2\/pwb-brand?post=5938"},{"taxonomy":"product_brand","embeddable":true,"href":"https:\/\/fvcomponentes.com\/fr\/wp-json\/wp\/v2\/product_brand?post=5938"},{"taxonomy":"product_cat","embeddable":true,"href":"https:\/\/fvcomponentes.com\/fr\/wp-json\/wp\/v2\/product_cat?post=5938"},{"taxonomy":"product_tag","embeddable":true,"href":"https:\/\/fvcomponentes.com\/fr\/wp-json\/wp\/v2\/product_tag?post=5938"}],"curies":[{"name":"wp","href":"https:\/\/api.w.org\/{rel}","templated":true}]}}