{"id":5924,"date":"2023-08-17T15:38:54","date_gmt":"2023-08-17T13:38:54","guid":{"rendered":"https:\/\/fvcomponentes.com\/?post_type=product&#038;p=5924"},"modified":"2026-04-08T21:34:15","modified_gmt":"2026-04-08T19:34:15","slug":"orion-victron-12-24-50-ip67-ori122421226-ori122421226-convertisseur","status":"publish","type":"product","link":"https:\/\/fvcomponentes.com\/fr\/producto\/convertidor-orion-victron-12-24-50-ip67-ori122421226\/","title":{"rendered":"Orion Victron 12\/24-50 Convertisseur IP67 - ORI122421226"},"content":{"rendered":"<p>Les convertisseurs de tension Victron Energy, tels que le convertisseur Orion Victron 12\/24-50 IP67 - ORI122421226, permettent de transformer la tension de courant continu g\u00e9n\u00e9r\u00e9e par le syst\u00e8me solaire photovolta\u00efque autonome en une tension diff\u00e9rente. Son utilit\u00e9 est tr\u00e8s large, il nous permet de placer des \u00e9quipements qui consomment du 12Vdc dans des syst\u00e8mes qui g\u00e9n\u00e8rent du 24Vdc, ou vice versa. Il est \u00e9galement possible de convertir 12Vdc en tensions plus basses pour utiliser des \u00e9quipements qui fonctionnent traditionnellement avec des batteries.<\/p>\n<h2>Enti\u00e8rement encapsul\u00e9 - \u00e9tanche \u00e0 l'eau, aux chocs et au feu<\/h2>\n<p>L'eau, l'huile et la salet\u00e9 n'endommagent pas le convertisseur DC-DC Orion IP67. Le bo\u00eetier est en aluminium moul\u00e9 sous pression et les composants sont en acier inoxydable.<br \/>\nL'\u00e9lectronique est moul\u00e9e dans la r\u00e9sine.<\/p>\n<h2>Large gamme de tensions d'entr\u00e9e<\/h2>\n<p>Avec une plage d'entr\u00e9e comprise entre 10 et 15 volts, une sortie stable est garantie dans les cas o\u00f9 des surtensions ou des baisses de tension se produisent lorsque d'autres \u00e9quipements sont connect\u00e9s \u00e0 la m\u00eame batterie.<\/p>\n<h2>Protection contre la surchauffe<\/h2>\n<p>Peut \u00eatre utilis\u00e9 dans un environnement chaud, tel qu'une salle des machines.<\/p>\n<h2>Fiche technique Orion Victron Converter 12\/24-50 IP67 - ORI122421226<\/h2>\n<p><a href=\"https:\/\/fvcomponentes.com\/wp-content\/uploads\/2023\/03\/convertidor-orion-ES.pdf\" target=\"_blank\" rel=\"noopener\">Fiche technique de l'onduleur Orion Victron 12\/24-50 IP67<\/a><\/p>","protected":false},"excerpt":{"rendered":"<p><span style=\"color: #ff0000\">Cet \u00e9quipement <strong>NE CONVIENT PAS POUR CHARGER DES BATTERIES.<\/strong> Choisissez le mod\u00e8le Smart avec Blutetooth.<\/span><\/p>\n<ul>\n<li><span style=\"color: #ff0000\"><strong>\u00c9quipement sans Bluetooth<\/strong><\/span><\/li>\n<li><strong>Non isol\u00e9<\/strong><\/li>\n<li><strong style=\"font-size: 16px\">Plage de tension d'entr\u00e9e :<\/strong><span style=\"font-size: 16px\"> 10-15VDC<\/span><\/li>\n<li><strong style=\"font-size: 16px\">Tension de sortie DC<\/strong><span style=\"font-size: 16px\"> 24V +\/- 3%<\/span><\/li>\n<li><strong style=\"font-size: 16px\">Courant de sortie continu maximal <\/strong><span style=\"font-size: 16px\">50A<\/span><\/li>\n<li><strong style=\"font-size: 16px\">Efficacit\u00e9 :<\/strong><span style=\"font-size: 16px\"> 96%<\/span><\/li>\n<\/ul>\n<p>&nbsp;<\/p>","protected":false},"featured_media":5928,"comment_status":"open","ping_status":"closed","template":"","meta":{"site-sidebar-layout":"default","site-content-layout":"default","ast-site-content-layout":"default","site-content-style":"default","site-sidebar-style":"default","ast-global-header-display":"","ast-banner-title-visibility":"","ast-main-header-display":"","ast-hfb-above-header-display":"","ast-hfb-below-header-display":"","ast-hfb-mobile-header-display":"","site-post-title":"","ast-breadcrumbs-content":"","ast-featured-img":"","footer-sml-layout":"","ast-disable-related-posts":"","theme-transparent-header-meta":"default","adv-header-id-meta":"","stick-header-meta":"","header-above-stick-meta":"","header-main-stick-meta":"","header-below-stick-meta":"","astra-migrate-meta-layouts":"set","ast-page-background-enabled":"default","ast-page-background-meta":{"desktop":{"background-color":"var(--ast-global-color-4)","background-image":"","background-repeat":"repeat","background-position":"center center","background-size":"auto","background-attachment":"scroll","background-type":"","background-media":"","overlay-type":"","overlay-color":"","overlay-opacity":"","overlay-gradient":""},"tablet":{"background-color":"","background-image":"","background-repeat":"repeat","background-position":"center center","background-size":"auto","background-attachment":"scroll","background-type":"","background-media":"","overlay-type":"","overlay-color":"","overlay-opacity":"","overlay-gradient":""},"mobile":{"background-color":"","background-image":"","background-repeat":"repeat","background-position":"center center","background-size":"auto","background-attachment":"scroll","background-type":"","background-media":"","overlay-type":"","overlay-color":"","overlay-opacity":"","overlay-gradient":""}},"ast-content-background-meta":{"desktop":{"background-color":"var(--ast-global-color-5)","background-image":"","background-repeat":"repeat","background-position":"center center","background-size":"auto","background-attachment":"scroll","background-type":"","background-media":"","overlay-type":"","overlay-color":"","overlay-opacity":"","overlay-gradient":""},"tablet":{"background-color":"var(--ast-global-color-5)","background-image":"","background-repeat":"repeat","background-position":"center center","background-size":"auto","background-attachment":"scroll","background-type":"","background-media":"","overlay-type":"","overlay-color":"","overlay-opacity":"","overlay-gradient":""},"mobile":{"background-color":"var(--ast-global-color-5)","background-image":"","background-repeat":"repeat","background-position":"center center","background-size":"auto","background-attachment":"scroll","background-type":"","background-media":"","overlay-type":"","overlay-color":"","overlay-opacity":"","overlay-gradient":""}}},"pwb-brand":[332],"product_brand":[],"product_cat":[865,899,419],"product_tag":[],"class_list":{"0":"post-5924","1":"product","2":"type-product","3":"status-publish","4":"has-post-thumbnail","6":"pwb-brand-victron","7":"product_cat-convertidores","8":"product_cat-12v-24v","9":"product_cat-cargadores-de-baterias","10":"desktop-align-left","11":"tablet-align-left","12":"mobile-align-left","13":"ast-product-gallery-layout-horizontal-slider","14":"ast-product-tabs-layout-horizontal","16":"first","17":"instock","18":"taxable","19":"shipping-taxable","20":"purchasable","21":"product-type-simple"},"wcpa_form_fields":null,"brands":[{"id":332,"name":"Victron Energy","slug":"victron"}],"_links":{"self":[{"href":"https:\/\/fvcomponentes.com\/fr\/wp-json\/wp\/v2\/product\/5924","targetHints":{"allow":["GET"]}}],"collection":[{"href":"https:\/\/fvcomponentes.com\/fr\/wp-json\/wp\/v2\/product"}],"about":[{"href":"https:\/\/fvcomponentes.com\/fr\/wp-json\/wp\/v2\/types\/product"}],"replies":[{"embeddable":true,"href":"https:\/\/fvcomponentes.com\/fr\/wp-json\/wp\/v2\/comments?post=5924"}],"wp:featuredmedia":[{"embeddable":true,"href":"https:\/\/fvcomponentes.com\/fr\/wp-json\/wp\/v2\/media\/5928"}],"wp:attachment":[{"href":"https:\/\/fvcomponentes.com\/fr\/wp-json\/wp\/v2\/media?parent=5924"}],"wp:term":[{"taxonomy":"pwb-brand","embeddable":true,"href":"https:\/\/fvcomponentes.com\/fr\/wp-json\/wp\/v2\/pwb-brand?post=5924"},{"taxonomy":"product_brand","embeddable":true,"href":"https:\/\/fvcomponentes.com\/fr\/wp-json\/wp\/v2\/product_brand?post=5924"},{"taxonomy":"product_cat","embeddable":true,"href":"https:\/\/fvcomponentes.com\/fr\/wp-json\/wp\/v2\/product_cat?post=5924"},{"taxonomy":"product_tag","embeddable":true,"href":"https:\/\/fvcomponentes.com\/fr\/wp-json\/wp\/v2\/product_tag?post=5924"}],"curies":[{"name":"wp","href":"https:\/\/api.w.org\/{rel}","templated":true}]}}