{"id":5915,"date":"2023-08-17T15:29:11","date_gmt":"2023-08-17T13:29:11","guid":{"rendered":"https:\/\/fvcomponentes.com\/?post_type=product&#038;p=5915"},"modified":"2026-01-15T10:04:02","modified_gmt":"2026-01-15T09:04:02","slug":"orion-victron-24-12-10-ip67-converter-ori241210260","status":"publish","type":"product","link":"https:\/\/fvcomponentes.com\/fr\/producto\/convertidor-orion-victron-24-12-10-ip67-ori241210260\/","title":{"rendered":"Orion Victron 24\/12-10 convertisseur IP67 - ORI241210260"},"content":{"rendered":"<div class=\"ui9f13y mgz-element mgz-child mgz-element-product_description content-text\">\n<div class=\"mgz-element-inner ui9f13y-s\">\n<div class=\"ppbd-product-description\">Les convertisseurs de tension Victron Energy, tels que le convertisseur Orion Victron 24\/12-10 IP67 - ORI241210260, permettent de transformer la tension de courant continu g\u00e9n\u00e9r\u00e9e par le syst\u00e8me solaire photovolta\u00efque autonome en une tension diff\u00e9rente. Son utilit\u00e9 est tr\u00e8s large, il nous permet de placer des \u00e9quipements qui consomment du 12Vdc dans des syst\u00e8mes qui g\u00e9n\u00e8rent du 24Vdc, ou vice versa. Il est \u00e9galement possible de convertir 12Vdc en tensions plus basses pour utiliser des \u00e9quipements qui fonctionnent traditionnellement avec des batteries.<\/div>\n<\/div>\n<\/div>\n<h2>Enti\u00e8rement encapsul\u00e9 - \u00e9tanche \u00e0 l'eau, aux chocs et au feu<\/h2>\n<p>L'eau, l'huile et la salet\u00e9 n'endommagent pas le convertisseur DC-DC Orion IP67. Son bo\u00eetier est en aluminium moul\u00e9 et les composants \u00e9lectroniques sont moul\u00e9s en r\u00e9sine.<\/p>\n<h2>C\u00e2bles d'entr\u00e9e et de sortie extra longs<\/h2>\n<p>Gr\u00e2ce aux c\u00e2bles de 1,8 m\u00e8tre de long, les \u00e9pissures interm\u00e9diaires ne sont pas n\u00e9cessaires dans la plupart des cas. Cela augmente consid\u00e9rablement la fiabilit\u00e9 lorsqu'une classe de protection IP67 est requise.<\/p>\n<h2>Large gamme de tensions d'entr\u00e9e<\/h2>\n<p>Avec une plage d'entr\u00e9e de 15 \u00e0 40 volts, une sortie stable est garantie dans les cas o\u00f9 des surtensions ou des baisses de tension se produisent lorsque d'autres \u00e9quipements sont connect\u00e9s \u00e0 la m\u00eame batterie.<\/p>\n<h2>Protection contre la surchauffe<\/h2>\n<p>Peut \u00eatre utilis\u00e9 dans un environnement chaud, tel qu'une salle des machines.<\/p>\n<h2>Fiche technique Orion Victron Converter 24\/12-10 - ORI241210260<\/h2>\n<p><a href=\"https:\/\/fvcomponentes.com\/wp-content\/uploads\/2023\/03\/convertidor-orion-ES.pdf\" target=\"_blank\" rel=\"noopener\">Fiche technique du convertisseur Orion Victron 24\/12-10 - ORI241210260<\/a><\/p>","protected":false},"excerpt":{"rendered":"<ul>\n<li><span style=\"color: #ff0000\"><strong>Cet appareil n'est pas adapt\u00e9 au chargement de la batterie. Choisissez le mod\u00e8le Smart avec Blutetooth.<\/strong><\/span><\/li>\n<li><span style=\"color: #ff0000\"><strong>\u00c9quipement sans Bluetooth<\/strong><\/span><\/li>\n<li><strong>Non isol\u00e9<\/strong><\/li>\n<li><strong style=\"font-size: 16px\">Plage de tension d'entr\u00e9e :<\/strong><span style=\"font-size: 16px\"> 15-40vdc<\/span><\/li>\n<li><strong style=\"font-size: 16px\">Tension de sortie DC<\/strong><span style=\"font-size: 16px\"> 12V +\/- 3%<\/span><\/li>\n<li><strong style=\"font-size: 16px\">Courant de sortie continu maximal <\/strong><span style=\"font-size: 16px\">10A<\/span><\/li>\n<li><strong style=\"font-size: 16px\">Efficacit\u00e9 :<\/strong><span style=\"font-size: 16px\"> 96%<\/span><\/li>\n<\/ul>","protected":false},"featured_media":5917,"comment_status":"open","ping_status":"closed","template":"","meta":{"site-sidebar-layout":"default","site-content-layout":"default","ast-site-content-layout":"default","site-content-style":"default","site-sidebar-style":"default","ast-global-header-display":"","ast-banner-title-visibility":"","ast-main-header-display":"","ast-hfb-above-header-display":"","ast-hfb-below-header-display":"","ast-hfb-mobile-header-display":"","site-post-title":"","ast-breadcrumbs-content":"","ast-featured-img":"","footer-sml-layout":"","ast-disable-related-posts":"","theme-transparent-header-meta":"default","adv-header-id-meta":"","stick-header-meta":"","header-above-stick-meta":"","header-main-stick-meta":"","header-below-stick-meta":"","astra-migrate-meta-layouts":"set","ast-page-background-enabled":"default","ast-page-background-meta":{"desktop":{"background-color":"var(--ast-global-color-4)","background-image":"","background-repeat":"repeat","background-position":"center center","background-size":"auto","background-attachment":"scroll","background-type":"","background-media":"","overlay-type":"","overlay-color":"","overlay-opacity":"","overlay-gradient":""},"tablet":{"background-color":"","background-image":"","background-repeat":"repeat","background-position":"center center","background-size":"auto","background-attachment":"scroll","background-type":"","background-media":"","overlay-type":"","overlay-color":"","overlay-opacity":"","overlay-gradient":""},"mobile":{"background-color":"","background-image":"","background-repeat":"repeat","background-position":"center center","background-size":"auto","background-attachment":"scroll","background-type":"","background-media":"","overlay-type":"","overlay-color":"","overlay-opacity":"","overlay-gradient":""}},"ast-content-background-meta":{"desktop":{"background-color":"var(--ast-global-color-5)","background-image":"","background-repeat":"repeat","background-position":"center center","background-size":"auto","background-attachment":"scroll","background-type":"","background-media":"","overlay-type":"","overlay-color":"","overlay-opacity":"","overlay-gradient":""},"tablet":{"background-color":"var(--ast-global-color-5)","background-image":"","background-repeat":"repeat","background-position":"center center","background-size":"auto","background-attachment":"scroll","background-type":"","background-media":"","overlay-type":"","overlay-color":"","overlay-opacity":"","overlay-gradient":""},"mobile":{"background-color":"var(--ast-global-color-5)","background-image":"","background-repeat":"repeat","background-position":"center center","background-size":"auto","background-attachment":"scroll","background-type":"","background-media":"","overlay-type":"","overlay-color":"","overlay-opacity":"","overlay-gradient":""}}},"pwb-brand":[332],"product_brand":[],"product_cat":[865,901,419],"product_tag":[],"class_list":{"0":"post-5915","1":"product","2":"type-product","3":"status-publish","4":"has-post-thumbnail","6":"pwb-brand-victron","7":"product_cat-convertidores","8":"product_cat-24v-12v","9":"product_cat-cargadores-de-baterias","10":"desktop-align-left","11":"tablet-align-left","12":"mobile-align-left","13":"ast-product-gallery-layout-horizontal-slider","14":"ast-product-tabs-layout-horizontal","16":"first","17":"instock","18":"taxable","19":"shipping-taxable","20":"purchasable","21":"product-type-simple"},"wcpa_form_fields":null,"brands":[{"id":332,"name":"Victron Energy","slug":"victron"}],"_links":{"self":[{"href":"https:\/\/fvcomponentes.com\/fr\/wp-json\/wp\/v2\/product\/5915","targetHints":{"allow":["GET"]}}],"collection":[{"href":"https:\/\/fvcomponentes.com\/fr\/wp-json\/wp\/v2\/product"}],"about":[{"href":"https:\/\/fvcomponentes.com\/fr\/wp-json\/wp\/v2\/types\/product"}],"replies":[{"embeddable":true,"href":"https:\/\/fvcomponentes.com\/fr\/wp-json\/wp\/v2\/comments?post=5915"}],"wp:featuredmedia":[{"embeddable":true,"href":"https:\/\/fvcomponentes.com\/fr\/wp-json\/wp\/v2\/media\/5917"}],"wp:attachment":[{"href":"https:\/\/fvcomponentes.com\/fr\/wp-json\/wp\/v2\/media?parent=5915"}],"wp:term":[{"taxonomy":"pwb-brand","embeddable":true,"href":"https:\/\/fvcomponentes.com\/fr\/wp-json\/wp\/v2\/pwb-brand?post=5915"},{"taxonomy":"product_brand","embeddable":true,"href":"https:\/\/fvcomponentes.com\/fr\/wp-json\/wp\/v2\/product_brand?post=5915"},{"taxonomy":"product_cat","embeddable":true,"href":"https:\/\/fvcomponentes.com\/fr\/wp-json\/wp\/v2\/product_cat?post=5915"},{"taxonomy":"product_tag","embeddable":true,"href":"https:\/\/fvcomponentes.com\/fr\/wp-json\/wp\/v2\/product_tag?post=5915"}],"curies":[{"name":"wp","href":"https:\/\/api.w.org\/{rel}","templated":true}]}}