{"id":5906,"date":"2023-08-16T09:08:47","date_gmt":"2023-08-16T07:08:47","guid":{"rendered":"https:\/\/fvcomponentes.com\/?post_type=product&#038;p=5906"},"modified":"2026-01-15T10:09:01","modified_gmt":"2026-01-15T09:09:01","slug":"isolateur-galvanique-victron-vdi-64-gdi000064000","status":"publish","type":"product","link":"https:\/\/fvcomponentes.com\/fr\/producto\/aislador-galvanico-victron-vdi-64-gdi000064000\/","title":{"rendered":"Victron VDI-64 Isolateur galvanique - GDI000064000"},"content":{"rendered":"<p>L'isolateur galvanique emp\u00eache la corrosion \u00e9lectrolytique. Il bloque les courants continus basse tension qui p\u00e9n\u00e8trent dans le bateau par le c\u00e2ble de la prise de quai. Ces courants peuvent provoquer la corrosion des pi\u00e8ces m\u00e9talliques situ\u00e9es sous la ligne de flottaison, telles que la coque, l'h\u00e9lice et l'arbre d'h\u00e9lice, entre autres.<br \/>\nL'isolateur galvanique contient deux diodes connect\u00e9es de mani\u00e8re antiparall\u00e8le. Lorsqu'elles sont connect\u00e9es de cette mani\u00e8re, les diodes laissent passer le courant dans les deux sens, mais seulement au-del\u00e0 d'un certain seuil de tension. La tension \u00e0 laquelle les diodes sont conductrices est d'environ 1,4 Vcc.<\/p>\n<p>L'isolateur est install\u00e9 directement derri\u00e8re la connexion 230V de votre bateau. La tension continue provenant de l'isolateur galvanique est sup\u00e9rieure \u00e0 la diff\u00e9rence de potentiel entre les m\u00e9taux. Par cons\u00e9quent, cette tension ne permet pas la conduction et, de ce fait, l'isolateur galvanique emp\u00eache tout courant \u00e9lectrolytique. Cependant, s'il y a une tension erron\u00e9e plus \u00e9lev\u00e9e dans le circuit CA, les diodes laisseront passer le courant et le dispositif \u00e0 courant r\u00e9siduel interrompra le circuit.<\/p>\n<h2>Manuel de l'isolateur galvanique Victron VDI-64 - GDI000064000<\/h2>\n<p><a href=\"https:\/\/fvcomponentes.com\/wp-content\/uploads\/2023\/08\/Manual-Aislador-Galvanico-Victron-VDI.pdf\" target=\"_blank\" rel=\"noopener\">Voir le manuel Isolateur galvanique Victron VDI-64 - GDI000064000<\/a><\/p>","protected":false},"excerpt":{"rendered":"<p><strong>Courant maximum :<\/strong> 64A<br \/>\n<strong>Courant de pointe (20 ms) :<\/strong> 6000A<br \/>\n<strong>Connexion :<\/strong> M6<br \/>\n<strong>Mat\u00e9riau :<\/strong> Aluminium anodis\u00e9<br \/>\n<strong>Type de protection :<\/strong> IP67<\/p>","protected":false},"featured_media":7114,"comment_status":"open","ping_status":"closed","template":"","meta":{"site-sidebar-layout":"default","site-content-layout":"default","ast-site-content-layout":"default","site-content-style":"default","site-sidebar-style":"default","ast-global-header-display":"","ast-banner-title-visibility":"","ast-main-header-display":"","ast-hfb-above-header-display":"","ast-hfb-below-header-display":"","ast-hfb-mobile-header-display":"","site-post-title":"","ast-breadcrumbs-content":"","ast-featured-img":"","footer-sml-layout":"","ast-disable-related-posts":"","theme-transparent-header-meta":"default","adv-header-id-meta":"","stick-header-meta":"","header-above-stick-meta":"","header-main-stick-meta":"","header-below-stick-meta":"","astra-migrate-meta-layouts":"set","ast-page-background-enabled":"default","ast-page-background-meta":{"desktop":{"background-color":"var(--ast-global-color-4)","background-image":"","background-repeat":"repeat","background-position":"center center","background-size":"auto","background-attachment":"scroll","background-type":"","background-media":"","overlay-type":"","overlay-color":"","overlay-opacity":"","overlay-gradient":""},"tablet":{"background-color":"","background-image":"","background-repeat":"repeat","background-position":"center center","background-size":"auto","background-attachment":"scroll","background-type":"","background-media":"","overlay-type":"","overlay-color":"","overlay-opacity":"","overlay-gradient":""},"mobile":{"background-color":"","background-image":"","background-repeat":"repeat","background-position":"center center","background-size":"auto","background-attachment":"scroll","background-type":"","background-media":"","overlay-type":"","overlay-color":"","overlay-opacity":"","overlay-gradient":""}},"ast-content-background-meta":{"desktop":{"background-color":"var(--ast-global-color-5)","background-image":"","background-repeat":"repeat","background-position":"center center","background-size":"auto","background-attachment":"scroll","background-type":"","background-media":"","overlay-type":"","overlay-color":"","overlay-opacity":"","overlay-gradient":""},"tablet":{"background-color":"var(--ast-global-color-5)","background-image":"","background-repeat":"repeat","background-position":"center center","background-size":"auto","background-attachment":"scroll","background-type":"","background-media":"","overlay-type":"","overlay-color":"","overlay-opacity":"","overlay-gradient":""},"mobile":{"background-color":"var(--ast-global-color-5)","background-image":"","background-repeat":"repeat","background-position":"center center","background-size":"auto","background-attachment":"scroll","background-type":"","background-media":"","overlay-type":"","overlay-color":"","overlay-opacity":"","overlay-gradient":""}}},"pwb-brand":[332],"product_brand":[],"product_cat":[895],"product_tag":[],"class_list":{"0":"post-5906","1":"product","2":"type-product","3":"status-publish","4":"has-post-thumbnail","6":"pwb-brand-victron","7":"product_cat-transformadores","8":"desktop-align-left","9":"tablet-align-left","10":"mobile-align-left","11":"ast-product-gallery-layout-horizontal-slider","12":"ast-product-gallery-with-no-image","13":"ast-product-tabs-layout-horizontal","15":"first","16":"instock","17":"taxable","18":"shipping-taxable","19":"purchasable","20":"product-type-simple"},"wcpa_form_fields":null,"brands":[{"id":332,"name":"Victron Energy","slug":"victron"}],"_links":{"self":[{"href":"https:\/\/fvcomponentes.com\/fr\/wp-json\/wp\/v2\/product\/5906","targetHints":{"allow":["GET"]}}],"collection":[{"href":"https:\/\/fvcomponentes.com\/fr\/wp-json\/wp\/v2\/product"}],"about":[{"href":"https:\/\/fvcomponentes.com\/fr\/wp-json\/wp\/v2\/types\/product"}],"replies":[{"embeddable":true,"href":"https:\/\/fvcomponentes.com\/fr\/wp-json\/wp\/v2\/comments?post=5906"}],"wp:featuredmedia":[{"embeddable":true,"href":"https:\/\/fvcomponentes.com\/fr\/wp-json\/wp\/v2\/media\/7114"}],"wp:attachment":[{"href":"https:\/\/fvcomponentes.com\/fr\/wp-json\/wp\/v2\/media?parent=5906"}],"wp:term":[{"taxonomy":"pwb-brand","embeddable":true,"href":"https:\/\/fvcomponentes.com\/fr\/wp-json\/wp\/v2\/pwb-brand?post=5906"},{"taxonomy":"product_brand","embeddable":true,"href":"https:\/\/fvcomponentes.com\/fr\/wp-json\/wp\/v2\/product_brand?post=5906"},{"taxonomy":"product_cat","embeddable":true,"href":"https:\/\/fvcomponentes.com\/fr\/wp-json\/wp\/v2\/product_cat?post=5906"},{"taxonomy":"product_tag","embeddable":true,"href":"https:\/\/fvcomponentes.com\/fr\/wp-json\/wp\/v2\/product_tag?post=5906"}],"curies":[{"name":"wp","href":"https:\/\/api.w.org\/{rel}","templated":true}]}}