{"id":5894,"date":"2023-09-29T08:04:33","date_gmt":"2023-09-29T06:04:33","guid":{"rendered":"https:\/\/fvcomponentes.com\/?post_type=product&#038;p=5894"},"modified":"2026-04-04T12:50:22","modified_gmt":"2026-04-04T10:50:22","slug":"victron-autotransformer-120-240vac-100a-itr000100101","status":"publish","type":"product","link":"https:\/\/fvcomponentes.com\/fr\/producto\/autotransformador-victron-120-240vac-100a-itr000100101\/","title":{"rendered":"Victron Autotransformateur 120\/240VAC-100A - ITR000100101"},"content":{"rendered":"<h2><strong>Optimisation \u00e9nerg\u00e9tique des autotransformateurs <\/strong><\/h2>\n<p><strong>Fonctions de l'autotransformateur :<\/strong><\/p>\n<ul>\n<li>Augmentation de la tension.<\/li>\n<li>R\u00e9duction du stress.<\/li>\n<li>\u00c9quilibre de tension dans des phases s\u00e9par\u00e9es.<\/li>\n<\/ul>\n<p><strong>D\u00e9fi de l'\u00e9quilibrage de la charge :<\/strong><\/p>\n<ul>\n<li>Alimentation \u00e9lectrique \u00e0 s\u00e9paration de phase (120\/240V, 30A).<\/li>\n<li>D\u00e9s\u00e9quilibre de courant lors de la connexion de charges de 120V.<\/li>\n<li>Perte de la capacit\u00e9 de charge effective.<\/li>\n<\/ul>\n<p><strong>Puissance maximale th\u00e9orique et puissance maximale r\u00e9elle :<\/strong><\/p>\n<ul>\n<li>Puissance th\u00e9orique maximale : 30 x 240 = 7,2 kVA.<\/li>\n<li>Apr\u00e8s un d\u00e9s\u00e9quilibre de 20A : 30 x 120 + 10 x 120 = 4,8kVA (67% de la puissance th\u00e9orique).<\/li>\n<\/ul>\n<p><strong>Solution : Autotransformateur<\/strong><\/p>\n<ul>\n<li>Neutre d\u00e9sactiv\u00e9.<\/li>\n<li>L'autotransformateur cr\u00e9e un nouveau neutre.<\/li>\n<li>Absorption des d\u00e9s\u00e9quilibres de charge.<\/li>\n<li>Capacit\u00e9 de charge totale de 7,2 kVA m\u00eame avec un d\u00e9s\u00e9quilibre de 20 A.<\/li>\n<\/ul>\n<p><strong>Fonction de mise \u00e0 la terre :<\/strong><\/p>\n<ul>\n<li>Indispensable pour les chargeurs\/inverseurs Multi ou Quattro.<\/li>\n<li>Contr\u00f4l\u00e9 par les appareils Multi ou Quattro \u00e0 230\/240V.<\/li>\n<li>Mise \u00e0 la terre du neutre dans les situations de phases s\u00e9par\u00e9es.<\/li>\n<\/ul>\n<p><strong>Protection contre la surchauffe :<\/strong><\/p>\n<ul>\n<li>Arr\u00eat automatique en cas de surchauffe.<\/li>\n<li>R\u00e9initialisation manuelle.<\/li>\n<\/ul>\n<p><strong>Une alternative efficace au chevauchement des investisseurs :<\/strong><\/p>\n<ul>\n<li>Onduleur 240V avec autotransformateur suppl\u00e9mentaire.<\/li>\n<li>Charge \u00e9quilibr\u00e9e jusqu'\u00e0 21A sur chaque branche de 120V.<\/li>\n<li>Il permet d'\u00e9viter les limitations de capacit\u00e9 de charge.<\/li>\n<li>Utilisation efficace de l'\u00e9nergie.<\/li>\n<\/ul>\n<p><img fetchpriority=\"high\" decoding=\"async\" class=\"alignnone size-full wp-image-5887\" src=\"https:\/\/fvcomponentes.com\/wp-content\/uploads\/2023\/03\/Captura-AUTRANSFORMADOR.png\" alt=\"Victron Autotransformateur 120\/240VAC-32A - ITR000100001\" width=\"373\" height=\"213\" title=\"\"><\/p>\n<h2>Fiche technique Autotransformateur Victron 120\/240VAC-100A - ITR00010010101<\/h2>\n<p><a href=\"https:\/\/fvcomponentes.com\/wp-content\/uploads\/2023\/03\/Autotransformer-32A-and-100A-ES.pdf\" target=\"_blank\" rel=\"noopener\">Voir la fiche technique Autotransformateur Victron 120\/240VAC-100A - ITR000100101<\/a><\/p>","protected":false},"excerpt":{"rendered":"<p><strong>Tensions d'entr\u00e9e et de sortie :<\/strong> 120\/240V<br \/>\n<strong>Disjoncteur d'entr\u00e9e :<\/strong> 100A bipolaire<br \/>\n<strong>Fr\u00e9quence :<\/strong> 50\/60Hz<br \/>\n<strong>Poids :<\/strong> 13,5 kg<br \/>\n<strong>Dimensions :<\/strong> 425 x 214 x 110 mm<\/p>","protected":false},"featured_media":5896,"comment_status":"open","ping_status":"closed","template":"","meta":{"site-sidebar-layout":"default","site-content-layout":"default","ast-site-content-layout":"default","site-content-style":"default","site-sidebar-style":"default","ast-global-header-display":"","ast-banner-title-visibility":"","ast-main-header-display":"","ast-hfb-above-header-display":"","ast-hfb-below-header-display":"","ast-hfb-mobile-header-display":"","site-post-title":"","ast-breadcrumbs-content":"","ast-featured-img":"","footer-sml-layout":"","ast-disable-related-posts":"","theme-transparent-header-meta":"default","adv-header-id-meta":"","stick-header-meta":"","header-above-stick-meta":"","header-main-stick-meta":"","header-below-stick-meta":"","astra-migrate-meta-layouts":"set","ast-page-background-enabled":"default","ast-page-background-meta":{"desktop":{"background-color":"var(--ast-global-color-4)","background-image":"","background-repeat":"repeat","background-position":"center center","background-size":"auto","background-attachment":"scroll","background-type":"","background-media":"","overlay-type":"","overlay-color":"","overlay-opacity":"","overlay-gradient":""},"tablet":{"background-color":"","background-image":"","background-repeat":"repeat","background-position":"center center","background-size":"auto","background-attachment":"scroll","background-type":"","background-media":"","overlay-type":"","overlay-color":"","overlay-opacity":"","overlay-gradient":""},"mobile":{"background-color":"","background-image":"","background-repeat":"repeat","background-position":"center center","background-size":"auto","background-attachment":"scroll","background-type":"","background-media":"","overlay-type":"","overlay-color":"","overlay-opacity":"","overlay-gradient":""}},"ast-content-background-meta":{"desktop":{"background-color":"var(--ast-global-color-5)","background-image":"","background-repeat":"repeat","background-position":"center center","background-size":"auto","background-attachment":"scroll","background-type":"","background-media":"","overlay-type":"","overlay-color":"","overlay-opacity":"","overlay-gradient":""},"tablet":{"background-color":"var(--ast-global-color-5)","background-image":"","background-repeat":"repeat","background-position":"center center","background-size":"auto","background-attachment":"scroll","background-type":"","background-media":"","overlay-type":"","overlay-color":"","overlay-opacity":"","overlay-gradient":""},"mobile":{"background-color":"var(--ast-global-color-5)","background-image":"","background-repeat":"repeat","background-position":"center center","background-size":"auto","background-attachment":"scroll","background-type":"","background-media":"","overlay-type":"","overlay-color":"","overlay-opacity":"","overlay-gradient":""}}},"pwb-brand":[332],"product_brand":[],"product_cat":[895],"product_tag":[],"class_list":{"0":"post-5894","1":"product","2":"type-product","3":"status-publish","4":"has-post-thumbnail","6":"pwb-brand-victron","7":"product_cat-transformadores","8":"desktop-align-left","9":"tablet-align-left","10":"mobile-align-left","11":"ast-product-gallery-layout-horizontal-slider","12":"ast-product-tabs-layout-horizontal","14":"first","15":"instock","16":"taxable","17":"shipping-taxable","18":"purchasable","19":"product-type-simple"},"wcpa_form_fields":null,"brands":[{"id":332,"name":"Victron Energy","slug":"victron"}],"_links":{"self":[{"href":"https:\/\/fvcomponentes.com\/fr\/wp-json\/wp\/v2\/product\/5894","targetHints":{"allow":["GET"]}}],"collection":[{"href":"https:\/\/fvcomponentes.com\/fr\/wp-json\/wp\/v2\/product"}],"about":[{"href":"https:\/\/fvcomponentes.com\/fr\/wp-json\/wp\/v2\/types\/product"}],"replies":[{"embeddable":true,"href":"https:\/\/fvcomponentes.com\/fr\/wp-json\/wp\/v2\/comments?post=5894"}],"wp:featuredmedia":[{"embeddable":true,"href":"https:\/\/fvcomponentes.com\/fr\/wp-json\/wp\/v2\/media\/5896"}],"wp:attachment":[{"href":"https:\/\/fvcomponentes.com\/fr\/wp-json\/wp\/v2\/media?parent=5894"}],"wp:term":[{"taxonomy":"pwb-brand","embeddable":true,"href":"https:\/\/fvcomponentes.com\/fr\/wp-json\/wp\/v2\/pwb-brand?post=5894"},{"taxonomy":"product_brand","embeddable":true,"href":"https:\/\/fvcomponentes.com\/fr\/wp-json\/wp\/v2\/product_brand?post=5894"},{"taxonomy":"product_cat","embeddable":true,"href":"https:\/\/fvcomponentes.com\/fr\/wp-json\/wp\/v2\/product_cat?post=5894"},{"taxonomy":"product_tag","embeddable":true,"href":"https:\/\/fvcomponentes.com\/fr\/wp-json\/wp\/v2\/product_tag?post=5894"}],"curies":[{"name":"wp","href":"https:\/\/api.w.org\/{rel}","templated":true}]}}