{"id":5864,"date":"2023-10-03T08:25:03","date_gmt":"2023-10-03T06:25:03","guid":{"rendered":"https:\/\/fvcomponentes.com\/?post_type=product&#038;p=5864"},"modified":"2026-01-15T10:09:37","modified_gmt":"2026-01-15T09:09:37","slug":"transformateur-disolation-victron-2000w-115-230v-itr040202041","status":"publish","type":"product","link":"https:\/\/fvcomponentes.com\/fr\/producto\/transformador-de-aislamiento-victron-2000w-115-230v-itr040202041\/","title":{"rendered":"Transformateur d'isolation Victron 2000W 115\/230V - ITR040202041"},"content":{"rendered":"<p>Le transformateur d'isolation Victron 2000W 115\/230V - ITR040202041, souvent n\u00e9glig\u00e9, joue un r\u00f4le essentiel dans l'installation \u00e9lectrique d'un bateau. Sa fonction principale est de s\u00e9parer \u00e9lectriquement le r\u00e9seau de bord de l'alimentation de quai et d'emp\u00eacher la corrosion par \u00e9lectrolyse.<\/p>\n<h2>Pourquoi choisir le transformateur d'isolation Victron 2000W 115\/230V - ITR040202041<\/h2>\n<ul>\n<li><strong>S\u00e9curit\u00e9 des installations domestiques vs : <\/strong>Dans les habitations, la s\u00e9curit\u00e9 \u00e9lectrique est assur\u00e9e par une mise \u00e0 la terre et des dispositifs de coupure. Toutefois, sur les bateaux, la mise \u00e0 la terre n'est pas possible. Seul un transformateur d'isolement peut fournir une protection similaire.<\/li>\n<li><strong>Corrosion par \u00e9lectrolyse : <\/strong>La corrosion par \u00e9lectrolyse est un probl\u00e8me grave caus\u00e9 par la diff\u00e9rence de potentiel entre les m\u00e9taux en contact avec un liquide conducteur, tel que l'eau de mer. Lorsqu'un navire est connect\u00e9 \u00e0 l'alimentation terrestre, un courant est cr\u00e9\u00e9 qui endommage les m\u00e9taux.<\/li>\n<li><strong>Universalit\u00e9 du probl\u00e8me : <\/strong>Contrairement aux id\u00e9es re\u00e7ues, la corrosion par \u00e9lectrolyse ne se limite pas aux navires en acier ou en aluminium. Toutes les pi\u00e8ces m\u00e9talliques en contact avec l'eau, comme les h\u00e9lices, sont menac\u00e9es lorsqu'elles sont branch\u00e9es sur le courant de quai.<\/li>\n<li><strong>Risques potentiels : <\/strong>Le raccordement d'un navire \u00e0 la prise de quai sans protection ad\u00e9quate peut g\u00e9n\u00e9rer des tensions dangereuses sur les pi\u00e8ces m\u00e9talliques et rendre inefficace la protection contre les fuites \u00e0 la terre.<\/li>\n<li><strong>Solution efficace : <\/strong>Un transformateur d'isolement est la solution optimale pour alimenter un navire \u00e0 partir de la terre en toute s\u00e9curit\u00e9 et sans risque de corrosion par \u00e9lectrolyse. Il isole \u00e9lectriquement le navire du r\u00e9seau d'alimentation.<\/li>\n<li><strong>Fonctionnement du transformateur d'isolement : <\/strong>Ce type de transformateur utilise des enroulements s\u00e9par\u00e9s pour transmettre l'\u00e9lectricit\u00e9 sans contact direct avec le courant de quai. Il cr\u00e9e une terre isol\u00e9e adapt\u00e9e au navire, reliant toutes les parties m\u00e9talliques \u00e0 bord. Cela garantit une protection totale et permet aux disjoncteurs diff\u00e9rentiels de fonctionner correctement.<\/li>\n<li><strong>\u00c9conomie et simplicit\u00e9 : <\/strong>R\u00e9soudre les probl\u00e8mes complexes de corrosion par \u00e9lectrolyse de mani\u00e8re simple et \u00e9conomique.<\/li>\n<li><strong>Recommandation importante : <\/strong>Lorsque le navire est \u00e0 terre (hivernage), il est recommand\u00e9 de connecter temporairement la terre secondaire au r\u00e9seau 230V afin de maintenir la s\u00e9curit\u00e9 \u00e9lectrique.<\/li>\n<\/ul>\n<p><strong>Important<\/strong>: <span style=\"font-size: 16px\">Transformateur d'isolation europ\u00e9en, ce mod\u00e8le n'est pas conforme \u00e0 la norme ABYC 11.7.1.3 en ce qui concerne le courant de d\u00e9faut de blindage, mais il est conforme aux normes europ\u00e9ennes appropri\u00e9es. Accepte les entr\u00e9es 50 ou 60 Hz, 230 volts uniquement. Technologie d'enroulement toro\u00efdal pour une tranquillit\u00e9 d'esprit et un rendement \u00e9lev\u00e9.<\/span><\/p>\n<p>&nbsp;<\/p>\n<p><img fetchpriority=\"high\" decoding=\"async\" class=\"alignnone size-full wp-image-5865\" src=\"https:\/\/fvcomponentes.com\/wp-content\/uploads\/2023\/03\/ISOLATION.png\" alt=\"Transformateur d&#039;isolation Victron 2000W 115\/230V - ITR040202041\" width=\"437\" height=\"185\" title=\"\"><\/p>\n<h2>Fiche technique Transformateur d'isolement Victron 2000W 115\/230V - ITR040202041<\/h2>\n<p><a href=\"https:\/\/fvcomponentes.com\/wp-content\/uploads\/2023\/03\/isolation-ES.pdf\" target=\"_blank\" rel=\"noopener\">Voir la fiche technique du transformateur d'isolement Victron 2000W 115\/230V - ITR040202041<\/a><\/p>\n<h2>Manuel Transformateur d'isolement Victron 2000W 115\/230V - ITR040202041<\/h2>\n<p><a href=\"https:\/\/fvcomponentes.com\/wp-content\/uploads\/2025\/10\/108939-Isolation_transformers-pdf-es-1.pdf\" target=\"_blank\" rel=\"noopener\">Voir le manuel du transformateur d'isolement Victron 2000W 115\/230V - ITR040202041<\/a><\/p>","protected":false},"excerpt":{"rendered":"<p><strong>Tension d'entr\u00e9e :<\/strong> 115\/230 V<br \/>\n<strong>Sortie :<\/strong> 115\/230 V<br \/>\n<strong>Fr\u00e9quence :<\/strong> 50\/60 Hz<br \/>\n<strong>Poids :<\/strong> 10 kg<br \/>\n<strong>Dimensions :<\/strong> 375x214x110 mm<\/p>","protected":false},"featured_media":5869,"comment_status":"open","ping_status":"closed","template":"","meta":{"site-sidebar-layout":"default","site-content-layout":"default","ast-site-content-layout":"default","site-content-style":"default","site-sidebar-style":"default","ast-global-header-display":"","ast-banner-title-visibility":"","ast-main-header-display":"","ast-hfb-above-header-display":"","ast-hfb-below-header-display":"","ast-hfb-mobile-header-display":"","site-post-title":"","ast-breadcrumbs-content":"","ast-featured-img":"","footer-sml-layout":"","ast-disable-related-posts":"","theme-transparent-header-meta":"default","adv-header-id-meta":"","stick-header-meta":"","header-above-stick-meta":"","header-main-stick-meta":"","header-below-stick-meta":"","astra-migrate-meta-layouts":"set","ast-page-background-enabled":"default","ast-page-background-meta":{"desktop":{"background-color":"var(--ast-global-color-4)","background-image":"","background-repeat":"repeat","background-position":"center center","background-size":"auto","background-attachment":"scroll","background-type":"","background-media":"","overlay-type":"","overlay-color":"","overlay-opacity":"","overlay-gradient":""},"tablet":{"background-color":"","background-image":"","background-repeat":"repeat","background-position":"center center","background-size":"auto","background-attachment":"scroll","background-type":"","background-media":"","overlay-type":"","overlay-color":"","overlay-opacity":"","overlay-gradient":""},"mobile":{"background-color":"","background-image":"","background-repeat":"repeat","background-position":"center center","background-size":"auto","background-attachment":"scroll","background-type":"","background-media":"","overlay-type":"","overlay-color":"","overlay-opacity":"","overlay-gradient":""}},"ast-content-background-meta":{"desktop":{"background-color":"var(--ast-global-color-5)","background-image":"","background-repeat":"repeat","background-position":"center center","background-size":"auto","background-attachment":"scroll","background-type":"","background-media":"","overlay-type":"","overlay-color":"","overlay-opacity":"","overlay-gradient":""},"tablet":{"background-color":"var(--ast-global-color-5)","background-image":"","background-repeat":"repeat","background-position":"center center","background-size":"auto","background-attachment":"scroll","background-type":"","background-media":"","overlay-type":"","overlay-color":"","overlay-opacity":"","overlay-gradient":""},"mobile":{"background-color":"var(--ast-global-color-5)","background-image":"","background-repeat":"repeat","background-position":"center center","background-size":"auto","background-attachment":"scroll","background-type":"","background-media":"","overlay-type":"","overlay-color":"","overlay-opacity":"","overlay-gradient":""}}},"pwb-brand":[332],"product_brand":[],"product_cat":[895],"product_tag":[],"class_list":{"0":"post-5864","1":"product","2":"type-product","3":"status-publish","4":"has-post-thumbnail","6":"pwb-brand-victron","7":"product_cat-transformadores","8":"desktop-align-left","9":"tablet-align-left","10":"mobile-align-left","11":"ast-product-gallery-layout-horizontal-slider","12":"ast-product-tabs-layout-horizontal","14":"first","15":"instock","16":"taxable","17":"shipping-taxable","18":"purchasable","19":"product-type-simple"},"wcpa_form_fields":null,"brands":[{"id":332,"name":"Victron Energy","slug":"victron"}],"_links":{"self":[{"href":"https:\/\/fvcomponentes.com\/fr\/wp-json\/wp\/v2\/product\/5864","targetHints":{"allow":["GET"]}}],"collection":[{"href":"https:\/\/fvcomponentes.com\/fr\/wp-json\/wp\/v2\/product"}],"about":[{"href":"https:\/\/fvcomponentes.com\/fr\/wp-json\/wp\/v2\/types\/product"}],"replies":[{"embeddable":true,"href":"https:\/\/fvcomponentes.com\/fr\/wp-json\/wp\/v2\/comments?post=5864"}],"wp:featuredmedia":[{"embeddable":true,"href":"https:\/\/fvcomponentes.com\/fr\/wp-json\/wp\/v2\/media\/5869"}],"wp:attachment":[{"href":"https:\/\/fvcomponentes.com\/fr\/wp-json\/wp\/v2\/media?parent=5864"}],"wp:term":[{"taxonomy":"pwb-brand","embeddable":true,"href":"https:\/\/fvcomponentes.com\/fr\/wp-json\/wp\/v2\/pwb-brand?post=5864"},{"taxonomy":"product_brand","embeddable":true,"href":"https:\/\/fvcomponentes.com\/fr\/wp-json\/wp\/v2\/product_brand?post=5864"},{"taxonomy":"product_cat","embeddable":true,"href":"https:\/\/fvcomponentes.com\/fr\/wp-json\/wp\/v2\/product_cat?post=5864"},{"taxonomy":"product_tag","embeddable":true,"href":"https:\/\/fvcomponentes.com\/fr\/wp-json\/wp\/v2\/product_tag?post=5864"}],"curies":[{"name":"wp","href":"https:\/\/api.w.org\/{rel}","templated":true}]}}