{"id":5862,"date":"2023-10-19T10:05:57","date_gmt":"2023-10-19T08:05:57","guid":{"rendered":"https:\/\/fvcomponentes.com\/?post_type=product&#038;p=5862"},"modified":"2026-04-04T11:19:10","modified_gmt":"2026-04-04T09:19:10","slug":"victron-station-de-recharge-pour-vehicules-electriques-22-kw-evc300400300","status":"publish","type":"product","link":"https:\/\/fvcomponentes.com\/fr\/producto\/estacion-de-carga-victron-para-vehiculos-electricos-22-kw-evc300400300\/","title":{"rendered":"Victron Chargeur de voiture \u00e9lectrique 22 kW - EVC300400300"},"content":{"rendered":"<h2>Caract\u00e9ristiques du chargeur de voiture \u00e9lectrique Victron 22 kW - EVC300400300<\/h2>\n<p>Le chargeur de voiture \u00e9lectrique Victron NS 22 kW - EVC200300200 peut fonctionner en mode triphas\u00e9 et monophas\u00e9. Il fournit un maximum de 22 kW AC en mode triphas\u00e9 et de 7,3 kW en mode monophas\u00e9.<\/p>\n<h2>Communication WiFi<\/h2>\n<p>WiFi : 802.11 b\/g\/n pour la configuration, la surveillance et le contr\u00f4le. Le module WiFi interne peut \u00eatre configur\u00e9 en mode point d'acc\u00e8s ou station pour la configuration initiale et la surveillance.<\/p>\n<h2>Facilit\u00e9 d'utilisation et de contr\u00f4le via Bluetooth et l'application <a href=\"https:\/\/www.victronenergy.com.es\/panel-systems-remote-monitoring\/victronconnect\" target=\"_blank\" rel=\"noopener\">VictronConnect<\/a><\/h2>\n<p>Contr\u00f4le complet et aper\u00e7u de tous les param\u00e8tres de fonctionnement et des statistiques de session en un coup d'\u0153il.<\/p>\n<h2>\u00c9cran tactile LCD<\/h2>\n<p>\u00c9cran tactile LCD de 4,3 pouces pour la surveillance et le contr\u00f4le.<\/p>\n<h2>Anneau lumineux pour un aper\u00e7u rapide de l'\u00e9tat de l'appareil<\/h2>\n<p>Anneau lumineux RVB enti\u00e8rement programmable autour du port de charge pour d\u00e9terminer rapidement l'\u00e9tat de l'appareil. Il peut \u00eatre programm\u00e9 \u00e0 partir de l'interface web int\u00e9gr\u00e9e pour afficher diff\u00e9rents effets lumineux en fonction de l'\u00e9tat actuel (hors ligne, en charge, en cours de charge, etc.).<\/p>\n<h2>Trois modes de fonctionnement sont disponibles pour le chargeur de voiture \u00e9lectrique Victron 22 kW - EVC300400300 :<\/h2>\n<ol>\n<li><strong>Mode manuel pour le r\u00e9glage du courant de sortie<\/strong><br \/>\nLe mode manuel permet de r\u00e9gler le courant de sortie entre 6 et 32 A. La puissance de charge est contr\u00f4l\u00e9e de deux mani\u00e8res : avec la barre d'\u00e9cran tactile LCD ou avec sa page web. Il vous permet de d\u00e9marrer ou d'arr\u00eater manuellement le processus de charge lorsqu'un v\u00e9hicule est connect\u00e9 au chargeur de voiture \u00e9lectrique.<\/li>\n<li><strong>Mode automatique pour assurer une efficacit\u00e9 maximale du syst\u00e8me<\/strong><br \/>\nIl d\u00e9tecte les exc\u00e9dents d'\u00e9nergie et n'utilise que cette \u00e9nergie pour recharger le v\u00e9hicule.<\/li>\n<li><strong>Mode programm\u00e9 pour recharger le v\u00e9hicule \u00e9lectrique \u00e0 certains intervalles de temps.<\/strong><br \/>\nUn programmateur enti\u00e8rement programmable permet la recharge \u00e0 diff\u00e9rents intervalles de temps, par exemple \u00e0 certaines heures de la nuit lorsque l'\u00e9lectricit\u00e9 du r\u00e9seau est la moins ch\u00e8re.<\/li>\n<\/ol>\n<h2>Int\u00e9gration avec le dispositif GX et le VRM<\/h2>\n<p>Contr\u00f4le et surveillance du chargeur de voiture \u00e9lectrique Victron 22 kW \u00e0 partir de l'\u00e9cran tactile d'un appareil GX, tel que l'ordinateur de bureau. <a href=\"https:\/\/fvcomponentes.com\/fr\/produit\/victron-cerbo-gx-mk2-bpp900451100-victron-cerbo-mk2-monitor\/\" target=\"_blank\" rel=\"noopener\">Victron Cerbo GX MK2 Monitoring - BPP900451100<\/a>et la console \u00e0 distance et le portail VRM. Le portail VRM fournit \u00e9galement des rapports en temps r\u00e9el et personnalis\u00e9s pour des p\u00e9riodes de temps configurables.<\/p>\n<div class=\"ast-oembed-container\" style=\"height: 100%;\"><iframe title=\"Nouveau Bluetooth et programmation ajout\u00e9s \u00e0 la station de recharge Victron EV\" width=\"500\" height=\"281\" src=\"https:\/\/www.youtube.com\/embed\/uVVsdSj9pmg?start=220&#038;feature=oembed&#038;enablejsapi=1&#038;origin=https:\/\/fvcomponentes.com\" frameborder=\"0\" allow=\"accelerometer; autoplay; clipboard-write; encrypted-media; gyroscope; picture-in-picture; web-share\" referrerpolicy=\"strict-origin-when-cross-origin\" allowfullscreen><\/iframe><\/div>\n<h2>Fiche technique Chargeur de voiture \u00e9lectrique Victron 22 kW - EVC300400300<\/h2>\n<p><a href=\"https:\/\/fvcomponentes.com\/wp-content\/uploads\/2023\/03\/Datasheet-EV-Charging-Station-ES.pdf\" target=\"_blank\" rel=\"noopener\">Voir la fiche technique du chargeur de voiture \u00e9lectrique Victron 22 kW - EVC300400300<\/a><\/p>","protected":false},"excerpt":{"rendered":"<ul>\n<li><span style=\"color: #ff0000\"><strong>Sans c\u00e2ble de chargement<\/strong><\/span><\/li>\n<li><strong>Plage de tension d'entr\u00e9e (VAC) :<\/strong> 170 - 265 VAC<\/li>\n<li><strong>Courant de charge nominal :<\/strong> 32 A \/ phase<\/li>\n<li><strong>Puissance nominale :<\/strong> 22 kW<\/li>\n<li><strong>Plage de sortie du courant :<\/strong> 6 - 32 A<\/li>\n<li><strong>Poids :<\/strong> 3 kg<\/li>\n<li><strong>Dimensions<\/strong>: 377 x 307 x 148 mm<\/li>\n<\/ul>","protected":false},"featured_media":7113,"comment_status":"open","ping_status":"closed","template":"","meta":{"site-sidebar-layout":"default","site-content-layout":"default","ast-site-content-layout":"default","site-content-style":"default","site-sidebar-style":"default","ast-global-header-display":"","ast-banner-title-visibility":"","ast-main-header-display":"","ast-hfb-above-header-display":"","ast-hfb-below-header-display":"","ast-hfb-mobile-header-display":"","site-post-title":"","ast-breadcrumbs-content":"","ast-featured-img":"","footer-sml-layout":"","ast-disable-related-posts":"","theme-transparent-header-meta":"default","adv-header-id-meta":"","stick-header-meta":"","header-above-stick-meta":"","header-main-stick-meta":"","header-below-stick-meta":"","astra-migrate-meta-layouts":"set","ast-page-background-enabled":"default","ast-page-background-meta":{"desktop":{"background-color":"var(--ast-global-color-4)","background-image":"","background-repeat":"repeat","background-position":"center center","background-size":"auto","background-attachment":"scroll","background-type":"","background-media":"","overlay-type":"","overlay-color":"","overlay-opacity":"","overlay-gradient":""},"tablet":{"background-color":"","background-image":"","background-repeat":"repeat","background-position":"center center","background-size":"auto","background-attachment":"scroll","background-type":"","background-media":"","overlay-type":"","overlay-color":"","overlay-opacity":"","overlay-gradient":""},"mobile":{"background-color":"","background-image":"","background-repeat":"repeat","background-position":"center center","background-size":"auto","background-attachment":"scroll","background-type":"","background-media":"","overlay-type":"","overlay-color":"","overlay-opacity":"","overlay-gradient":""}},"ast-content-background-meta":{"desktop":{"background-color":"var(--ast-global-color-5)","background-image":"","background-repeat":"repeat","background-position":"center center","background-size":"auto","background-attachment":"scroll","background-type":"","background-media":"","overlay-type":"","overlay-color":"","overlay-opacity":"","overlay-gradient":""},"tablet":{"background-color":"var(--ast-global-color-5)","background-image":"","background-repeat":"repeat","background-position":"center center","background-size":"auto","background-attachment":"scroll","background-type":"","background-media":"","overlay-type":"","overlay-color":"","overlay-opacity":"","overlay-gradient":""},"mobile":{"background-color":"var(--ast-global-color-5)","background-image":"","background-repeat":"repeat","background-position":"center center","background-size":"auto","background-attachment":"scroll","background-type":"","background-media":"","overlay-type":"","overlay-color":"","overlay-opacity":"","overlay-gradient":""}}},"pwb-brand":[332],"product_brand":[],"product_cat":[385],"product_tag":[],"class_list":{"0":"post-5862","1":"product","2":"type-product","3":"status-publish","4":"has-post-thumbnail","6":"pwb-brand-victron","7":"product_cat-cargadores-para-vehiculo-electrico","8":"desktop-align-left","9":"tablet-align-left","10":"mobile-align-left","11":"ast-product-gallery-layout-horizontal-slider","12":"ast-product-tabs-layout-horizontal","14":"first","15":"instock","16":"taxable","17":"shipping-taxable","18":"purchasable","19":"product-type-simple"},"wcpa_form_fields":null,"brands":[{"id":332,"name":"Victron Energy","slug":"victron"}],"_links":{"self":[{"href":"https:\/\/fvcomponentes.com\/fr\/wp-json\/wp\/v2\/product\/5862","targetHints":{"allow":["GET"]}}],"collection":[{"href":"https:\/\/fvcomponentes.com\/fr\/wp-json\/wp\/v2\/product"}],"about":[{"href":"https:\/\/fvcomponentes.com\/fr\/wp-json\/wp\/v2\/types\/product"}],"replies":[{"embeddable":true,"href":"https:\/\/fvcomponentes.com\/fr\/wp-json\/wp\/v2\/comments?post=5862"}],"wp:featuredmedia":[{"embeddable":true,"href":"https:\/\/fvcomponentes.com\/fr\/wp-json\/wp\/v2\/media\/7113"}],"wp:attachment":[{"href":"https:\/\/fvcomponentes.com\/fr\/wp-json\/wp\/v2\/media?parent=5862"}],"wp:term":[{"taxonomy":"pwb-brand","embeddable":true,"href":"https:\/\/fvcomponentes.com\/fr\/wp-json\/wp\/v2\/pwb-brand?post=5862"},{"taxonomy":"product_brand","embeddable":true,"href":"https:\/\/fvcomponentes.com\/fr\/wp-json\/wp\/v2\/product_brand?post=5862"},{"taxonomy":"product_cat","embeddable":true,"href":"https:\/\/fvcomponentes.com\/fr\/wp-json\/wp\/v2\/product_cat?post=5862"},{"taxonomy":"product_tag","embeddable":true,"href":"https:\/\/fvcomponentes.com\/fr\/wp-json\/wp\/v2\/product_tag?post=5862"}],"curies":[{"name":"wp","href":"https:\/\/api.w.org\/{rel}","templated":true}]}}