{"id":5861,"date":"2024-01-19T19:30:05","date_gmt":"2024-01-19T18:30:05","guid":{"rendered":"https:\/\/fvcomponentes.com\/?post_type=product&#038;p=5861"},"modified":"2026-04-08T21:31:47","modified_gmt":"2026-04-08T19:31:47","slug":"victron-32a-stainless-steel-socket-outlet-with-cover-shp303202000","status":"publish","type":"product","link":"https:\/\/fvcomponentes.com\/fr\/producto\/toma-de-corriente-victron-32a-acero-inoxidable-con-tapa-shp303202000\/","title":{"rendered":"Victron Prise de courant 32A en acier inoxydable avec couvercle - SHP303202000"},"content":{"rendered":"<h2>Victron 32A acier inoxydable avec couvercle<\/h2>\n<ul>\n<li>L'importance de disposer d'un connecteur d'entr\u00e9e de haute qualit\u00e9 ne peut \u00eatre sous-estim\u00e9e, en particulier dans les applications qui requi\u00e8rent une charge \u00e9lectrique importante. \u00c0 cet \u00e9gard, le connecteur en question s'av\u00e8re \u00eatre une solution robuste et fiable en offrant une capacit\u00e9 de courant impressionnante allant jusqu'\u00e0 32 amp\u00e8res et en supportant des tensions allant jusqu'\u00e0 250 volts. Dot\u00e9 de deux p\u00f4les et de trois conducteurs, il est con\u00e7u pour se connecter \u00e0 une prise de courant monophas\u00e9e, fournissant ainsi une source d'alimentation stable et s\u00fbre.<\/li>\n<li>Le couvercle qui accompagne ce connecteur d'entr\u00e9e d'alimentation ajoute un niveau suppl\u00e9mentaire de protection et de polyvalence \u00e0 sa fonctionnalit\u00e9. Sa capacit\u00e9 \u00e0 r\u00e9sister \u00e0 la pluie et \u00e0 l'humidit\u00e9 en fait un choix id\u00e9al pour les applications ext\u00e9rieures o\u00f9 les intemp\u00e9ries peuvent constituer un d\u00e9fi permanent. Cette caract\u00e9ristique garantit que le connecteur et ses connexions restent secs et prot\u00e9g\u00e9s, \u00e9vitant ainsi tout dommage et assurant un fonctionnement ininterrompu.<\/li>\n<li>Outre sa r\u00e9sistance \u00e0 l'eau et \u00e0 l'humidit\u00e9, la gaine constitue une barri\u00e8re efficace contre les dommages physiques et maintient le connecteur d'entr\u00e9e propre et s\u00e9curis\u00e9. Ceci est essentiel pour assurer la durabilit\u00e9 et la long\u00e9vit\u00e9 du connecteur, r\u00e9duisant ainsi le risque de dysfonctionnements et de r\u00e9parations co\u00fbteuses. La protection qu'elle offre est particuli\u00e8rement pr\u00e9cieuse dans les environnements industriels ou les applications ext\u00e9rieures o\u00f9 les \u00e9quipements \u00e9lectriques sont souvent expos\u00e9s \u00e0 des conditions difficiles.<\/li>\n<\/ul>\n<p>\u00c9galement disponible en 16A : <a href=\"https:\/\/fvcomponentes.com\/fr\/produit\/victron-16a-stainless-steel-power-socket-with-cover-shp301602000\/\" target=\"_blank\" rel=\"noopener\">Victron Prise de courant 16A en acier inoxydable avec couvercle - SHP301602000<\/a><\/p>\n<h2>Fiche technique Victron 32A prise de courant en acier inoxydable avec couvercle - SHP303202000<\/h2>\n<p><a href=\"https:\/\/fvcomponentes.com\/wp-content\/uploads\/2023\/03\/Cable-de-alimentacion-de-tierra-EN.pdf\" target=\"_blank\" rel=\"noopener\">Voir Victron 32A prise en acier inoxydable avec couvercle - SHP303202000<\/a><\/p>","protected":false},"excerpt":{"rendered":"<p><span class=\"Y2IQFc\" lang=\"es\">Classement actuel (A) : 32<br \/>\nTension : 250<br \/>\nPoids (kg) : 0,65<\/span><\/p>","protected":false},"featured_media":5856,"comment_status":"open","ping_status":"closed","template":"","meta":{"site-sidebar-layout":"default","site-content-layout":"default","ast-site-content-layout":"default","site-content-style":"default","site-sidebar-style":"default","ast-global-header-display":"","ast-banner-title-visibility":"","ast-main-header-display":"","ast-hfb-above-header-display":"","ast-hfb-below-header-display":"","ast-hfb-mobile-header-display":"","site-post-title":"","ast-breadcrumbs-content":"","ast-featured-img":"","footer-sml-layout":"","ast-disable-related-posts":"","theme-transparent-header-meta":"default","adv-header-id-meta":"","stick-header-meta":"","header-above-stick-meta":"","header-main-stick-meta":"","header-below-stick-meta":"","astra-migrate-meta-layouts":"set","ast-page-background-enabled":"default","ast-page-background-meta":{"desktop":{"background-color":"var(--ast-global-color-4)","background-image":"","background-repeat":"repeat","background-position":"center center","background-size":"auto","background-attachment":"scroll","background-type":"","background-media":"","overlay-type":"","overlay-color":"","overlay-opacity":"","overlay-gradient":""},"tablet":{"background-color":"","background-image":"","background-repeat":"repeat","background-position":"center center","background-size":"auto","background-attachment":"scroll","background-type":"","background-media":"","overlay-type":"","overlay-color":"","overlay-opacity":"","overlay-gradient":""},"mobile":{"background-color":"","background-image":"","background-repeat":"repeat","background-position":"center center","background-size":"auto","background-attachment":"scroll","background-type":"","background-media":"","overlay-type":"","overlay-color":"","overlay-opacity":"","overlay-gradient":""}},"ast-content-background-meta":{"desktop":{"background-color":"var(--ast-global-color-5)","background-image":"","background-repeat":"repeat","background-position":"center center","background-size":"auto","background-attachment":"scroll","background-type":"","background-media":"","overlay-type":"","overlay-color":"","overlay-opacity":"","overlay-gradient":""},"tablet":{"background-color":"var(--ast-global-color-5)","background-image":"","background-repeat":"repeat","background-position":"center center","background-size":"auto","background-attachment":"scroll","background-type":"","background-media":"","overlay-type":"","overlay-color":"","overlay-opacity":"","overlay-gradient":""},"mobile":{"background-color":"var(--ast-global-color-5)","background-image":"","background-repeat":"repeat","background-position":"center center","background-size":"auto","background-attachment":"scroll","background-type":"","background-media":"","overlay-type":"","overlay-color":"","overlay-opacity":"","overlay-gradient":""}}},"pwb-brand":[332],"product_brand":[],"product_cat":[410,878],"product_tag":[],"class_list":{"0":"post-5861","1":"product","2":"type-product","3":"status-publish","4":"has-post-thumbnail","6":"pwb-brand-victron","7":"product_cat-material-electrico","8":"product_cat-cables-victron","9":"desktop-align-left","10":"tablet-align-left","11":"mobile-align-left","12":"ast-product-gallery-layout-horizontal-slider","13":"ast-product-tabs-layout-horizontal","15":"first","16":"instock","17":"taxable","18":"shipping-taxable","19":"purchasable","20":"product-type-simple"},"wcpa_form_fields":null,"brands":[{"id":332,"name":"Victron Energy","slug":"victron"}],"_links":{"self":[{"href":"https:\/\/fvcomponentes.com\/fr\/wp-json\/wp\/v2\/product\/5861","targetHints":{"allow":["GET"]}}],"collection":[{"href":"https:\/\/fvcomponentes.com\/fr\/wp-json\/wp\/v2\/product"}],"about":[{"href":"https:\/\/fvcomponentes.com\/fr\/wp-json\/wp\/v2\/types\/product"}],"replies":[{"embeddable":true,"href":"https:\/\/fvcomponentes.com\/fr\/wp-json\/wp\/v2\/comments?post=5861"}],"wp:featuredmedia":[{"embeddable":true,"href":"https:\/\/fvcomponentes.com\/fr\/wp-json\/wp\/v2\/media\/5856"}],"wp:attachment":[{"href":"https:\/\/fvcomponentes.com\/fr\/wp-json\/wp\/v2\/media?parent=5861"}],"wp:term":[{"taxonomy":"pwb-brand","embeddable":true,"href":"https:\/\/fvcomponentes.com\/fr\/wp-json\/wp\/v2\/pwb-brand?post=5861"},{"taxonomy":"product_brand","embeddable":true,"href":"https:\/\/fvcomponentes.com\/fr\/wp-json\/wp\/v2\/product_brand?post=5861"},{"taxonomy":"product_cat","embeddable":true,"href":"https:\/\/fvcomponentes.com\/fr\/wp-json\/wp\/v2\/product_cat?post=5861"},{"taxonomy":"product_tag","embeddable":true,"href":"https:\/\/fvcomponentes.com\/fr\/wp-json\/wp\/v2\/product_tag?post=5861"}],"curies":[{"name":"wp","href":"https:\/\/api.w.org\/{rel}","templated":true}]}}