{"id":5859,"date":"2024-01-19T19:30:11","date_gmt":"2024-01-19T18:30:11","guid":{"rendered":"https:\/\/fvcomponentes.com\/?post_type=product&#038;p=5859"},"modified":"2026-04-08T21:30:52","modified_gmt":"2026-04-08T19:30:52","slug":"victron-16a-stainless-steel-power-socket-with-cover-shp301602000","status":"publish","type":"product","link":"https:\/\/fvcomponentes.com\/fr\/producto\/toma-de-corriente-victron-16a-acero-inoxidable-con-tapa-shp301602000\/","title":{"rendered":"Victron Prise de courant 16A en acier inoxydable avec couvercle - SHP301602000"},"content":{"rendered":"<p>\u00c9l\u00e9ment essentiel pour le raccordement \u00e0 l'alimentation \u00e9lectrique de <strong>courant alternatif<\/strong>\u00a0aux syst\u00e8mes \u00e9lectriques.<\/p>\n<ul>\n<li>Certifi\u00e9 CE.<\/li>\n<li>C\u00e2ble d'alimentation et prise de courant \u00e9tanches IP 56 avec mise \u00e0 la terre.<\/li>\n<li>Fiche et connecteur moul\u00e9s.<\/li>\n<li>Indicateur d'alimentation LED.<\/li>\n<li>Capuchon de protection sur le connecteur femelle.<\/li>\n<li>Manchon d'entr\u00e9e en acier inoxydable ou en polyamide.<\/li>\n<li>De nombreux c\u00e2bles adaptateurs sont disponibles.<\/li>\n<li>Couvercle en acier inoxydable 16 A.<\/li>\n<li>Convient uniquement et exclusivement au c\u00e2ble jaune.<\/li>\n<li>Id\u00e9al pour les bateaux ou les caravanes.<\/li>\n<\/ul>\n<p>Existe \u00e9galement en polyamide : <a href=\"https:\/\/fvcomponentes.com\/fr\/produit\/victron-16a-polyamide-power-socket-with-cover-shp301603000\/\" target=\"_blank\" rel=\"noopener\">Victron Prise 16A en polyamide avec couvercle - SHP301603000<\/a><\/p>\n<p>Et en acier inoxydable en 32A : <a href=\"https:\/\/fvcomponentes.com\/fr\/produit\/victron-32a-stainless-steel-socket-outlet-with-cover-shp303202000\/\" target=\"_blank\" rel=\"noopener\">Victron Prise de courant 32A en acier inoxydable avec couvercle - SHP303202000<\/a><\/p>\n<h2>Fiche technique Victron 16A prise en acier inoxydable avec couvercle - SHP301602000<\/h2>\n<p><a href=\"https:\/\/fvcomponentes.com\/wp-content\/uploads\/2023\/03\/Cable-de-alimentacion-de-tierra-EN.pdf\" target=\"_blank\" rel=\"noopener\">Voir la prise en acier inoxydable 16A de Victron avec couvercle - SHP301602000<\/a><\/p>","protected":false},"excerpt":{"rendered":"<p><span class=\"Y2IQFc\" lang=\"es\">Classement actuel (A) : 16<br \/>\nTension : 250<br \/>\nPoids (kg) : 0,34<\/span><\/p>","protected":false},"featured_media":5856,"comment_status":"open","ping_status":"closed","template":"","meta":{"site-sidebar-layout":"default","site-content-layout":"default","ast-site-content-layout":"default","site-content-style":"default","site-sidebar-style":"default","ast-global-header-display":"","ast-banner-title-visibility":"","ast-main-header-display":"","ast-hfb-above-header-display":"","ast-hfb-below-header-display":"","ast-hfb-mobile-header-display":"","site-post-title":"","ast-breadcrumbs-content":"","ast-featured-img":"","footer-sml-layout":"","ast-disable-related-posts":"","theme-transparent-header-meta":"default","adv-header-id-meta":"","stick-header-meta":"","header-above-stick-meta":"","header-main-stick-meta":"","header-below-stick-meta":"","astra-migrate-meta-layouts":"set","ast-page-background-enabled":"default","ast-page-background-meta":{"desktop":{"background-color":"var(--ast-global-color-4)","background-image":"","background-repeat":"repeat","background-position":"center center","background-size":"auto","background-attachment":"scroll","background-type":"","background-media":"","overlay-type":"","overlay-color":"","overlay-opacity":"","overlay-gradient":""},"tablet":{"background-color":"","background-image":"","background-repeat":"repeat","background-position":"center center","background-size":"auto","background-attachment":"scroll","background-type":"","background-media":"","overlay-type":"","overlay-color":"","overlay-opacity":"","overlay-gradient":""},"mobile":{"background-color":"","background-image":"","background-repeat":"repeat","background-position":"center center","background-size":"auto","background-attachment":"scroll","background-type":"","background-media":"","overlay-type":"","overlay-color":"","overlay-opacity":"","overlay-gradient":""}},"ast-content-background-meta":{"desktop":{"background-color":"var(--ast-global-color-5)","background-image":"","background-repeat":"repeat","background-position":"center center","background-size":"auto","background-attachment":"scroll","background-type":"","background-media":"","overlay-type":"","overlay-color":"","overlay-opacity":"","overlay-gradient":""},"tablet":{"background-color":"var(--ast-global-color-5)","background-image":"","background-repeat":"repeat","background-position":"center center","background-size":"auto","background-attachment":"scroll","background-type":"","background-media":"","overlay-type":"","overlay-color":"","overlay-opacity":"","overlay-gradient":""},"mobile":{"background-color":"var(--ast-global-color-5)","background-image":"","background-repeat":"repeat","background-position":"center center","background-size":"auto","background-attachment":"scroll","background-type":"","background-media":"","overlay-type":"","overlay-color":"","overlay-opacity":"","overlay-gradient":""}}},"pwb-brand":[332],"product_brand":[],"product_cat":[410,878],"product_tag":[],"class_list":{"0":"post-5859","1":"product","2":"type-product","3":"status-publish","4":"has-post-thumbnail","6":"pwb-brand-victron","7":"product_cat-material-electrico","8":"product_cat-cables-victron","9":"desktop-align-left","10":"tablet-align-left","11":"mobile-align-left","12":"ast-product-gallery-layout-horizontal-slider","13":"ast-product-tabs-layout-horizontal","15":"first","16":"instock","17":"taxable","18":"shipping-taxable","19":"purchasable","20":"product-type-simple"},"wcpa_form_fields":null,"brands":[{"id":332,"name":"Victron Energy","slug":"victron"}],"_links":{"self":[{"href":"https:\/\/fvcomponentes.com\/fr\/wp-json\/wp\/v2\/product\/5859","targetHints":{"allow":["GET"]}}],"collection":[{"href":"https:\/\/fvcomponentes.com\/fr\/wp-json\/wp\/v2\/product"}],"about":[{"href":"https:\/\/fvcomponentes.com\/fr\/wp-json\/wp\/v2\/types\/product"}],"replies":[{"embeddable":true,"href":"https:\/\/fvcomponentes.com\/fr\/wp-json\/wp\/v2\/comments?post=5859"}],"wp:featuredmedia":[{"embeddable":true,"href":"https:\/\/fvcomponentes.com\/fr\/wp-json\/wp\/v2\/media\/5856"}],"wp:attachment":[{"href":"https:\/\/fvcomponentes.com\/fr\/wp-json\/wp\/v2\/media?parent=5859"}],"wp:term":[{"taxonomy":"pwb-brand","embeddable":true,"href":"https:\/\/fvcomponentes.com\/fr\/wp-json\/wp\/v2\/pwb-brand?post=5859"},{"taxonomy":"product_brand","embeddable":true,"href":"https:\/\/fvcomponentes.com\/fr\/wp-json\/wp\/v2\/product_brand?post=5859"},{"taxonomy":"product_cat","embeddable":true,"href":"https:\/\/fvcomponentes.com\/fr\/wp-json\/wp\/v2\/product_cat?post=5859"},{"taxonomy":"product_tag","embeddable":true,"href":"https:\/\/fvcomponentes.com\/fr\/wp-json\/wp\/v2\/product_tag?post=5859"}],"curies":[{"name":"wp","href":"https:\/\/api.w.org\/{rel}","templated":true}]}}