{"id":5825,"date":"2024-01-19T19:29:26","date_gmt":"2024-01-19T18:29:26","guid":{"rendered":"https:\/\/fvcomponentes.com\/?post_type=product&#038;p=5825"},"modified":"2026-04-04T11:20:32","modified_gmt":"2026-04-04T09:20:32","slug":"chargeur-victron-skylla-i-24-80-11-ski024080000","status":"publish","type":"product","link":"https:\/\/fvcomponentes.com\/fr\/producto\/cargador-victron-skylla-i-24-80-11-ski024080000\/","title":{"rendered":"Chargeur Victron Skylla-i 24-80 (1+1)- SKI024080000"},"content":{"rendered":"<h2>Skylla-i (1+1) : deux prises de courant pour la recharge de deux groupes de batteries<\/h2>\n<p>Le Skylla-i (1+1) poss\u00e8de 2 sorties isol\u00e9es. La seconde sortie, limit\u00e9e \u00e0 environ 4 A, et avec une tension de sortie l\u00e9g\u00e8rement inf\u00e9rieure, est con\u00e7ue pour charger compl\u00e8tement une batterie de d\u00e9marrage.<\/p>\n<h2>Skylla-i (3) : trois sorties \u00e0 plein courant pour charger 3 groupes de batteries<\/h2>\n<p>Le Skylla-i (3) poss\u00e8de 3 sorties isol\u00e9es. Toutes les sorties peuvent fournir la totalit\u00e9 du courant de sortie nominal.<\/p>\n<h2>Robuste<\/h2>\n<p>Les bo\u00eetiers en aluminium rev\u00eatus d'une poudre \u00e9poxy, avec \u00e9cran anti-goutte et quincaillerie en acier inoxydable, r\u00e9sistent aux rigueurs des environnements les plus difficiles : chaleur, humidit\u00e9 et air salin. Les circuits imprim\u00e9s sont prot\u00e9g\u00e9s par un rev\u00eatement acrylique pour une r\u00e9sistance maximale \u00e0 la corrosion. Des capteurs de temp\u00e9rature garantissent que les composants \u00e9lectriques fonctionneront toujours dans les limites sp\u00e9cifi\u00e9es, en r\u00e9duisant automatiquement le courant de sortie si n\u00e9cessaire dans les conditions environnementales.<br \/>\nextr\u00eames.<\/p>\n<h2>Flexible<\/h2>\n<p>En plus de l'interface CAN-bus (NMEA 2000), un commutateur rotatif, des commutateurs DIP et des potentiom\u00e8tres sont disponibles pour adapter l'algorithme de charge \u00e0 une batterie particuli\u00e8re et \u00e0 ses conditions d'utilisation.<\/p>\n<h2>Caract\u00e9ristiques importantes :<\/h2>\n<h2>Fonctionnement en parall\u00e8le synchronis\u00e9<\/h2>\n<p>L'interface CAN-bus permet de synchroniser plusieurs chargeurs. Pour ce faire, il suffit de raccorder les chargeurs \u00e0 l'interface CAN-bus. <a href=\"https:\/\/fvcomponentes.com\/fr\/produit\/victron-utp-rj45-30m-cable-ass030065050-ass030065050\/\" target=\"_blank\" rel=\"noopener\">C\u00e2bles RJ45 UTP<\/a>. Fonctionnement : Les chargeurs \u00e0 deux sorties et \u00e0 trois sorties ne peuvent pas \u00eatre connect\u00e9s en parall\u00e8le. Veuillez vous r\u00e9f\u00e9rer au manuel pour plus d'informations.<\/p>\n<h2>La bonne quantit\u00e9 de charge pour une batterie plomb-acide : temps d'absorption variable<\/h2>\n<p>Lorsque la d\u00e9charge est peu profonde, la phase d'absorption est raccourcie pour \u00e9viter de surcharger la batterie. Apr\u00e8s une d\u00e9charge profonde, le temps de charge d'absorption est automatiquement augment\u00e9 pour garantir une recharge compl\u00e8te de la batterie.<\/p>\n<h2>Pr\u00e9vention des dommages caus\u00e9s par un d\u00e9gazage excessif : mode BatterySafe<\/h2>\n<p>Si une combinaison de courant de charge \u00e9lev\u00e9 et de tension d'absorption \u00e9lev\u00e9e a \u00e9t\u00e9 choisie pour charger rapidement une batterie, Skylla-i emp\u00eachera les dommages dus \u00e0 un gazage excessif en limitant automatiquement le taux d'augmentation de la tension une fois que la tension de gazage a \u00e9t\u00e9 atteinte.<\/p>\n<h2>R\u00e9duction du vieillissement et du besoin de maintenance lorsque la batterie n'est pas utilis\u00e9e : mode stockage<\/h2>\n<p>Le mode stockage est activ\u00e9 lorsque la batterie n'a pas \u00e9t\u00e9 d\u00e9charg\u00e9e pendant 24 heures. En mode stockage, la tension de flottaison est r\u00e9duite \u00e0 2,2 V\/\u00e9l\u00e9ment (26,4 V pour les batteries de 24 V) afin de r\u00e9duire le d\u00e9gagement gazeux et la corrosion des plaques positives. Une fois par semaine, la tension est ramen\u00e9e au niveau d'absorption pour \"rafra\u00eechir\" la batterie. Cette fonction permet d'\u00e9viter la stratification de l'\u00e9lectrolyte et la sulfatation, qui sont les principales causes de d\u00e9faillance des batteries.<\/p>\n<h2>Pour une plus longue dur\u00e9e de vie de la batterie : compensation de la temp\u00e9rature<\/h2>\n<p>Tous les chargeurs Skylla-i sont \u00e9quip\u00e9s d'un capteur de temp\u00e9rature de la batterie. Lorsqu'il est connect\u00e9, la tension de charge diminue automatiquement lorsque la temp\u00e9rature de la batterie augmente. Cette fonction est particuli\u00e8rement recommand\u00e9e pour les batteries plomb-acide scell\u00e9es et\/ou lorsque d'importantes fluctuations de temp\u00e9rature sont attendues dans la batterie.<\/p>\n<h2>Capteur de tension de la batterie<\/h2>\n<p>Pour compenser les pertes de tension dues \u00e0 la r\u00e9sistance des c\u00e2bles, le Skylla-i dispose d'une fonction de sonde de tension, afin que la batterie re\u00e7oive toujours la tension de charge correcte.<\/p>\n<h2>Convient \u00e0 l'alimentation en courant alternatif et en courant continu (fonctionnement en courant alternatif-continu et courant continu-continu)<\/h2>\n<p>Les chargeurs prennent \u00e9galement en charge l'alimentation en courant continu.<\/p>\n<h2>Utilisation comme alimentation \u00e9lectrique<\/h2>\n<p>Gr\u00e2ce \u00e0 sa sortie de tension parfaitement stabilis\u00e9e, le Skylla-i peut \u00eatre utilis\u00e9 comme alimentation \u00e9lectrique dans les cas o\u00f9 des batteries ou des condensateurs de compensation ne sont pas disponibles.<\/p>\n<h2>Li-Ion (LiFePo4) pr\u00e9par\u00e9<\/h2>\n<p>Une simple commande marche\/arr\u00eat peut \u00eatre mise en \u0153uvre en connectant un relais ou un optocoupleur avec une sortie collecteur ouvert d'un BMS Li-Ion au port de commande \u00e0 distance du chargeur. Un contr\u00f4le complet de la tension et du courant est \u00e9galement possible en se connectant au port CAN-bus isol\u00e9 galvaniquement.<\/p>\n<h2>Fiche technique Chargeur <a href=\"https:\/\/www.victronenergy.com.es\/\" target=\"_blank\" rel=\"noopener\">Victron<\/a> Skylla-i 24-80 (1+1)- SKI024080000<\/h2>\n<p><a href=\"https:\/\/fvcomponentes.com\/wp-content\/uploads\/2023\/03\/Datasheet-Skylla-i-ES.pdf\" target=\"_blank\" rel=\"noopener\">Voir la fiche technique Victron Skylla-i 24-80 (1+1)- SKI024080000<\/a><\/p>","protected":false},"excerpt":{"rendered":"<p><strong>Tension d'entr\u00e9e (VAC) :<\/strong> 230 V<br \/>\n<strong>Plage de tension d'entr\u00e9e (VAC) :<\/strong> 185-265 V<br \/>\n<strong>Plage de tension d'entr\u00e9e (VDC) :<\/strong> 180-350 V<br \/>\n<strong>Fr\u00e9quence (Hz) :<\/strong> 45-65 Hz<br \/>\n<strong>Facteur de puissance :<\/strong> 0,98<br \/>\n<strong>Poids :\u00a0<\/strong>7 kg<br \/>\n<strong>Dimensions :\u00a0<\/strong>405 x 250 x 150 mm.<\/p>","protected":false},"featured_media":7110,"comment_status":"open","ping_status":"closed","template":"","meta":{"site-sidebar-layout":"default","site-content-layout":"default","ast-site-content-layout":"default","site-content-style":"default","site-sidebar-style":"default","ast-global-header-display":"","ast-banner-title-visibility":"","ast-main-header-display":"","ast-hfb-above-header-display":"","ast-hfb-below-header-display":"","ast-hfb-mobile-header-display":"","site-post-title":"","ast-breadcrumbs-content":"","ast-featured-img":"","footer-sml-layout":"","ast-disable-related-posts":"","theme-transparent-header-meta":"default","adv-header-id-meta":"","stick-header-meta":"","header-above-stick-meta":"","header-main-stick-meta":"","header-below-stick-meta":"","astra-migrate-meta-layouts":"set","ast-page-background-enabled":"default","ast-page-background-meta":{"desktop":{"background-color":"var(--ast-global-color-4)","background-image":"","background-repeat":"repeat","background-position":"center center","background-size":"auto","background-attachment":"scroll","background-type":"","background-media":"","overlay-type":"","overlay-color":"","overlay-opacity":"","overlay-gradient":""},"tablet":{"background-color":"","background-image":"","background-repeat":"repeat","background-position":"center center","background-size":"auto","background-attachment":"scroll","background-type":"","background-media":"","overlay-type":"","overlay-color":"","overlay-opacity":"","overlay-gradient":""},"mobile":{"background-color":"","background-image":"","background-repeat":"repeat","background-position":"center center","background-size":"auto","background-attachment":"scroll","background-type":"","background-media":"","overlay-type":"","overlay-color":"","overlay-opacity":"","overlay-gradient":""}},"ast-content-background-meta":{"desktop":{"background-color":"var(--ast-global-color-5)","background-image":"","background-repeat":"repeat","background-position":"center center","background-size":"auto","background-attachment":"scroll","background-type":"","background-media":"","overlay-type":"","overlay-color":"","overlay-opacity":"","overlay-gradient":""},"tablet":{"background-color":"var(--ast-global-color-5)","background-image":"","background-repeat":"repeat","background-position":"center center","background-size":"auto","background-attachment":"scroll","background-type":"","background-media":"","overlay-type":"","overlay-color":"","overlay-opacity":"","overlay-gradient":""},"mobile":{"background-color":"var(--ast-global-color-5)","background-image":"","background-repeat":"repeat","background-position":"center center","background-size":"auto","background-attachment":"scroll","background-type":"","background-media":"","overlay-type":"","overlay-color":"","overlay-opacity":"","overlay-gradient":""}}},"pwb-brand":[332],"product_brand":[],"product_cat":[419,462],"product_tag":[],"class_list":{"0":"post-5825","1":"product","2":"type-product","3":"status-publish","4":"has-post-thumbnail","6":"pwb-brand-victron","7":"product_cat-cargadores-de-baterias","8":"product_cat-cargador-de-baterias-24-v","9":"desktop-align-left","10":"tablet-align-left","11":"mobile-align-left","12":"ast-product-gallery-layout-horizontal-slider","13":"ast-product-tabs-layout-horizontal","15":"first","16":"instock","17":"taxable","18":"shipping-taxable","19":"purchasable","20":"product-type-simple"},"wcpa_form_fields":null,"brands":[{"id":332,"name":"Victron Energy","slug":"victron"}],"_links":{"self":[{"href":"https:\/\/fvcomponentes.com\/fr\/wp-json\/wp\/v2\/product\/5825","targetHints":{"allow":["GET"]}}],"collection":[{"href":"https:\/\/fvcomponentes.com\/fr\/wp-json\/wp\/v2\/product"}],"about":[{"href":"https:\/\/fvcomponentes.com\/fr\/wp-json\/wp\/v2\/types\/product"}],"replies":[{"embeddable":true,"href":"https:\/\/fvcomponentes.com\/fr\/wp-json\/wp\/v2\/comments?post=5825"}],"wp:featuredmedia":[{"embeddable":true,"href":"https:\/\/fvcomponentes.com\/fr\/wp-json\/wp\/v2\/media\/7110"}],"wp:attachment":[{"href":"https:\/\/fvcomponentes.com\/fr\/wp-json\/wp\/v2\/media?parent=5825"}],"wp:term":[{"taxonomy":"pwb-brand","embeddable":true,"href":"https:\/\/fvcomponentes.com\/fr\/wp-json\/wp\/v2\/pwb-brand?post=5825"},{"taxonomy":"product_brand","embeddable":true,"href":"https:\/\/fvcomponentes.com\/fr\/wp-json\/wp\/v2\/product_brand?post=5825"},{"taxonomy":"product_cat","embeddable":true,"href":"https:\/\/fvcomponentes.com\/fr\/wp-json\/wp\/v2\/product_cat?post=5825"},{"taxonomy":"product_tag","embeddable":true,"href":"https:\/\/fvcomponentes.com\/fr\/wp-json\/wp\/v2\/product_tag?post=5825"}],"curies":[{"name":"wp","href":"https:\/\/api.w.org\/{rel}","templated":true}]}}