{"id":5815,"date":"2024-01-19T19:29:26","date_gmt":"2024-01-19T18:29:26","guid":{"rendered":"https:\/\/fvcomponentes.com\/?post_type=product&#038;p=5815"},"modified":"2026-04-08T21:37:07","modified_gmt":"2026-04-08T19:37:07","slug":"victron-charger-victron-skylla-gmdss-24-30-excl-panel-sdtg2400302","status":"publish","type":"product","link":"https:\/\/fvcomponentes.com\/fr\/producto\/cargador-victron-skylla-gmdss-24-30-excl-panel-sdtg2400302\/","title":{"rendered":"Victron Skylla GMDSS 24-30 excluant le chargeur de panneau - SDTG2400302"},"content":{"rendered":"<h2 dir=\"ltr\" data-placeholder=\"Traducci\u00f3n\">Victron Skylla GMDSS 23-30 excluant les caract\u00e9ristiques du chargeur de panneau<\/h2>\n<h2 id=\"tw-target-text\" class=\"tw-data-text tw-text-large tw-ta\" dir=\"ltr\" data-placeholder=\"Traducci\u00f3n\"><span class=\"Y2IQFc\" lang=\"es\">SMDSM<\/span><\/h2>\n<ul>\n<li class=\"tw-data-text tw-text-large tw-ta\" dir=\"ltr\" data-placeholder=\"Traducci\u00f3n\"><span class=\"Y2IQFc\" lang=\"es\">Le syst\u00e8me mondial de d\u00e9tresse et de s\u00e9curit\u00e9 en mer (SMDSM) a \u00e9t\u00e9 mis au point par l'Organisation maritime internationale (OMI) pour am\u00e9liorer les communications de d\u00e9tresse et de s\u00e9curit\u00e9 en mer. <\/span><\/li>\n<\/ul>\n<h2 class=\"tw-data-text tw-text-large tw-ta\" dir=\"ltr\" data-placeholder=\"Traducci\u00f3n\"><span class=\"Y2IQFc\" lang=\"es\">Alimentation \u00e9lectrique<\/span><\/h2>\n<ul>\n<li class=\"tw-data-text tw-text-large tw-ta\" dir=\"ltr\" data-placeholder=\"Traducci\u00f3n\"><span class=\"Y2IQFc\" lang=\"es\">Les <em>Chargeur Victron Skylla GMDSS 23-30 hors panneau<\/em> s'est av\u00e9r\u00e9 \u00eatre un excellent chargeur de batterie et une excellente source d'alimentation pour les applications SMDSM. Cependant, lorsqu'on utilise un chargeur Skylla standard, un \u00e9quipement suppl\u00e9mentaire est n\u00e9cessaire pour assurer les fonctions de surveillance et d'alarme requises pour le SMDSM.<\/span><\/li>\n<\/ul>\n<h2 class=\"tw-data-text tw-text-large tw-ta\" dir=\"ltr\" data-placeholder=\"Traducci\u00f3n\"><span class=\"Y2IQFc\" lang=\"es\">Installation facile : Skylla GMDSS<\/span><\/h2>\n<ul>\n<li class=\"tw-data-text tw-text-large tw-ta\" dir=\"ltr\" data-placeholder=\"Traducci\u00f3n\"><span class=\"Y2IQFc\" lang=\"es\">Le chargeur <a href=\"https:\/\/www.victronenergy.com.es\/\" target=\"_blank\" rel=\"noopener\">Victron<\/a> Skylla GMDSS est con\u00e7u pour fournir toutes les donn\u00e9es d'alarme et de surveillance n\u00e9cessaires. La batterie et le syst\u00e8me GMDSS sont directement connect\u00e9s au chargeur. Les donn\u00e9es et les alarmes sont affich\u00e9es sur un panneau num\u00e9rique (panneau VE.Net GMDSS, \u00e0 commander s\u00e9par\u00e9ment). A <a href=\"https:\/\/fvcomponentes.com\/fr\/?s=cable+utp&amp;post_type=product&amp;type_aws=true&amp;aws_id=1&amp;aws_filter=1\" target=\"_blank\" rel=\"noopener\">C\u00e2ble UTP<\/a> Le c\u00e2ble standard \u00e0 huit fils relie le chargeur au panneau. <\/span><\/li>\n<\/ul>\n<h2 class=\"tw-data-text tw-text-large tw-ta\" dir=\"ltr\" data-placeholder=\"Traducci\u00f3n\"><span class=\"Y2IQFc\" lang=\"es\">Aucun ajustement n'est n\u00e9cessaire<\/span><\/h2>\n<ul>\n<li class=\"tw-data-text tw-text-large tw-ta\" dir=\"ltr\" data-placeholder=\"Traducci\u00f3n\"><span class=\"Y2IQFc\" lang=\"es\">L'ensemble du syst\u00e8me est \"click and go\" : les panneaux sont pr\u00e9programm\u00e9s pour la fonctionnalit\u00e9 GMDSS. Un menu simple et intuitif permet de modifier la configuration si n\u00e9cessaire.<\/span><\/li>\n<\/ul>\n<h2 class=\"tw-data-text tw-text-large tw-ta\" dir=\"ltr\" data-placeholder=\"Traducci\u00f3n\"><span class=\"Y2IQFc\" lang=\"es\">Dur\u00e9e restante de la batterie<\/span><\/h2>\n<ul>\n<li class=\"tw-data-text tw-text-large tw-ta\" dir=\"ltr\" data-placeholder=\"Traducci\u00f3n\"><span class=\"Y2IQFc\" lang=\"es\">Le chargeur Skylla GMDSS est dot\u00e9 d'un contr\u00f4leur de batterie int\u00e9gr\u00e9. La capacit\u00e9 de la batterie est enti\u00e8rement contr\u00f4l\u00e9e, de sorte que le panneau peut m\u00eame indiquer le \"temps restant\" en cas de panne de courant. <\/span><\/li>\n<\/ul>\n<h2 class=\"tw-data-text tw-text-large tw-ta\" dir=\"ltr\" data-placeholder=\"Traducci\u00f3n\"><span class=\"Y2IQFc\" lang=\"es\">Chargeur parfait pour tout type de batterie.<\/span><\/h2>\n<ul>\n<li class=\"tw-data-text tw-text-large tw-ta\" dir=\"ltr\" data-placeholder=\"Traducci\u00f3n\"><span class=\"Y2IQFc\" lang=\"es\">La tension de charge peut \u00eatre r\u00e9gl\u00e9e avec pr\u00e9cision pour s'adapter \u00e0 n'importe quel syst\u00e8me de batterie VRLA ou inond\u00e9e.<\/span><\/li>\n<\/ul>\n<p dir=\"ltr\" data-placeholder=\"Traducci\u00f3n\"><img fetchpriority=\"high\" decoding=\"async\" class=\"alignnone size-full wp-image-5817\" src=\"https:\/\/fvcomponentes.com\/wp-content\/uploads\/2023\/03\/Captura43-1.png\" alt=\"Victron Skylla GMDSS 23-30 excluant le chargeur de panneau - SDTG2400302\" width=\"849\" height=\"609\" title=\"\"><\/p>\n<h2 dir=\"ltr\" data-placeholder=\"Traducci\u00f3n\">Fiche technique Victron Skylla GMDSS 24-30 excl. chargeur de panneau - SDTG2400302<\/h2>\n<p dir=\"ltr\" data-placeholder=\"Traducci\u00f3n\"><a href=\"https:\/\/fvcomponentes.com\/wp-content\/uploads\/2023\/03\/GMDSS-Skylla-TG-GMDSS-EN.pdf\" target=\"_blank\" rel=\"noopener\">Voir la fiche technique du chargeur Victron Skylla GMDSS 24-30 excl. - SDTG2400302<\/a><\/p>","protected":false},"excerpt":{"rendered":"<div id=\"tw-target-text-container\" class=\"tw-ta-container F0azHf tw-nfl\">\n<p id=\"tw-target-text\" class=\"tw-data-text tw-text-large tw-ta\" dir=\"ltr\" data-placeholder=\"Traducci\u00f3n\"><span class=\"Y2IQFc\" lang=\"es\"><strong>Tension d'entr\u00e9e : (V AC) :<\/strong> 120 \/ 230<br \/>\n<\/span><span class=\"Y2IQFc\" lang=\"es\"><strong>Plage de tension d'entr\u00e9e (V AC) :<\/strong> 90 \u2013 265<br \/>\n<strong>Fr\u00e9quence (Hz) :<\/strong> 45-65<br \/>\n<strong>Facteur de puissance :<\/strong> 1<br \/>\n<strong>Tension de charge \"absorption\" (V DC) :<\/strong> 28,5<br \/>\n<strong>Tension de charge \"flottante\" (V DC) :<\/strong> 26,5<br \/>\n<strong>Poids :<\/strong> 6kg<br \/>\n<strong>Mesures :<\/strong> 485x250x147<\/span><\/p>\n<\/div>\n<div id=\"tw-target-rmn-container\" class=\"tw-target-rmn tw-ta-container F0azHf tw-nfl\">\n<pre id=\"tw-target-rmn\" class=\"tw-data-placeholder tw-text-small tw-ta\" dir=\"ltr\" data-placeholder=\"\"><\/pre>\n<p>&nbsp;<\/p>\n<\/div>","protected":false},"featured_media":5822,"comment_status":"open","ping_status":"closed","template":"","meta":{"site-sidebar-layout":"default","site-content-layout":"default","ast-site-content-layout":"default","site-content-style":"default","site-sidebar-style":"default","ast-global-header-display":"","ast-banner-title-visibility":"","ast-main-header-display":"","ast-hfb-above-header-display":"","ast-hfb-below-header-display":"","ast-hfb-mobile-header-display":"","site-post-title":"","ast-breadcrumbs-content":"","ast-featured-img":"","footer-sml-layout":"","ast-disable-related-posts":"","theme-transparent-header-meta":"default","adv-header-id-meta":"","stick-header-meta":"","header-above-stick-meta":"","header-main-stick-meta":"","header-below-stick-meta":"","astra-migrate-meta-layouts":"set","ast-page-background-enabled":"default","ast-page-background-meta":{"desktop":{"background-color":"var(--ast-global-color-4)","background-image":"","background-repeat":"repeat","background-position":"center center","background-size":"auto","background-attachment":"scroll","background-type":"","background-media":"","overlay-type":"","overlay-color":"","overlay-opacity":"","overlay-gradient":""},"tablet":{"background-color":"","background-image":"","background-repeat":"repeat","background-position":"center center","background-size":"auto","background-attachment":"scroll","background-type":"","background-media":"","overlay-type":"","overlay-color":"","overlay-opacity":"","overlay-gradient":""},"mobile":{"background-color":"","background-image":"","background-repeat":"repeat","background-position":"center center","background-size":"auto","background-attachment":"scroll","background-type":"","background-media":"","overlay-type":"","overlay-color":"","overlay-opacity":"","overlay-gradient":""}},"ast-content-background-meta":{"desktop":{"background-color":"var(--ast-global-color-5)","background-image":"","background-repeat":"repeat","background-position":"center center","background-size":"auto","background-attachment":"scroll","background-type":"","background-media":"","overlay-type":"","overlay-color":"","overlay-opacity":"","overlay-gradient":""},"tablet":{"background-color":"var(--ast-global-color-5)","background-image":"","background-repeat":"repeat","background-position":"center center","background-size":"auto","background-attachment":"scroll","background-type":"","background-media":"","overlay-type":"","overlay-color":"","overlay-opacity":"","overlay-gradient":""},"mobile":{"background-color":"var(--ast-global-color-5)","background-image":"","background-repeat":"repeat","background-position":"center center","background-size":"auto","background-attachment":"scroll","background-type":"","background-media":"","overlay-type":"","overlay-color":"","overlay-opacity":"","overlay-gradient":""}}},"pwb-brand":[332],"product_brand":[],"product_cat":[419,462],"product_tag":[],"class_list":{"0":"post-5815","1":"product","2":"type-product","3":"status-publish","4":"has-post-thumbnail","6":"pwb-brand-victron","7":"product_cat-cargadores-de-baterias","8":"product_cat-cargador-de-baterias-24-v","9":"desktop-align-left","10":"tablet-align-left","11":"mobile-align-left","12":"ast-product-gallery-layout-horizontal-slider","13":"ast-product-tabs-layout-horizontal","15":"first","16":"instock","17":"taxable","18":"shipping-taxable","19":"purchasable","20":"product-type-simple"},"wcpa_form_fields":null,"brands":[{"id":332,"name":"Victron Energy","slug":"victron"}],"_links":{"self":[{"href":"https:\/\/fvcomponentes.com\/fr\/wp-json\/wp\/v2\/product\/5815","targetHints":{"allow":["GET"]}}],"collection":[{"href":"https:\/\/fvcomponentes.com\/fr\/wp-json\/wp\/v2\/product"}],"about":[{"href":"https:\/\/fvcomponentes.com\/fr\/wp-json\/wp\/v2\/types\/product"}],"replies":[{"embeddable":true,"href":"https:\/\/fvcomponentes.com\/fr\/wp-json\/wp\/v2\/comments?post=5815"}],"wp:featuredmedia":[{"embeddable":true,"href":"https:\/\/fvcomponentes.com\/fr\/wp-json\/wp\/v2\/media\/5822"}],"wp:attachment":[{"href":"https:\/\/fvcomponentes.com\/fr\/wp-json\/wp\/v2\/media?parent=5815"}],"wp:term":[{"taxonomy":"pwb-brand","embeddable":true,"href":"https:\/\/fvcomponentes.com\/fr\/wp-json\/wp\/v2\/pwb-brand?post=5815"},{"taxonomy":"product_brand","embeddable":true,"href":"https:\/\/fvcomponentes.com\/fr\/wp-json\/wp\/v2\/product_brand?post=5815"},{"taxonomy":"product_cat","embeddable":true,"href":"https:\/\/fvcomponentes.com\/fr\/wp-json\/wp\/v2\/product_cat?post=5815"},{"taxonomy":"product_tag","embeddable":true,"href":"https:\/\/fvcomponentes.com\/fr\/wp-json\/wp\/v2\/product_tag?post=5815"}],"curies":[{"name":"wp","href":"https:\/\/api.w.org\/{rel}","templated":true}]}}