{"id":5803,"date":"2024-01-19T19:29:31","date_gmt":"2024-01-19T18:29:31","guid":{"rendered":"https:\/\/fvcomponentes.com\/?post_type=product&#038;p=5803"},"modified":"2026-04-04T12:51:00","modified_gmt":"2026-04-04T10:51:00","slug":"chargeur-victron-skylla-tg-24-50-11-sdtg2400501","status":"publish","type":"product","link":"https:\/\/fvcomponentes.com\/fr\/producto\/cargador-victron-skylla-tg-24-50-11-sdtg2400501\/","title":{"rendered":"Chargeur Victron Skylla TG 24\/50 (1+1) - SDTG2400501"},"content":{"rendered":"<h2 id=\"tw-target-text\" class=\"tw-data-text tw-text-large tw-ta\" dir=\"ltr\" data-placeholder=\"Traducci\u00f3n\"><span class=\"Y2IQFc\" lang=\"es\">Des chargeurs parfaits pour tout type de batterie<\/span><\/h2>\n<p class=\"tw-data-text tw-text-large tw-ta\" dir=\"ltr\" data-placeholder=\"Traducci\u00f3n\"><span class=\"Y2IQFc\" lang=\"es\">La tension de charge peut \u00eatre r\u00e9gl\u00e9e avec pr\u00e9cision pour s'adapter \u00e0 tout syst\u00e8me de batterie scell\u00e9 ou non scell\u00e9. En particulier, les batteries scell\u00e9es sans entretien doivent \u00eatre charg\u00e9es correctement pour garantir une longue dur\u00e9e de vie. Une surtension entra\u00eenera un d\u00e9gagement excessif de gaz et d'air dans une batterie scell\u00e9e. La batterie se dess\u00e8che et tombe en panne. <\/span><\/p>\n<h2 class=\"tw-data-text tw-text-large tw-ta\" dir=\"ltr\" data-placeholder=\"Traducci\u00f3n\"><span class=\"Y2IQFc\" lang=\"es\">Convient \u00e0 l'alimentation en courant alternatif et en courant continu (fonctionnement en courant alternatif-courant continu et courant continu-courant continu)<\/span><\/h2>\n<p class=\"tw-data-text tw-text-large tw-ta\" dir=\"ltr\" data-placeholder=\"Traducci\u00f3n\"><span class=\"Y2IQFc\" lang=\"es\">\u00c0 l'exception des mod\u00e8les \u00e0 entr\u00e9e triphas\u00e9e, les chargeurs acceptent \u00e9galement l'alimentation en courant continu.<\/span><\/p>\n<h2 class=\"tw-data-text tw-text-large tw-ta\" dir=\"ltr\" data-placeholder=\"Traducci\u00f3n\"><span class=\"Y2IQFc\" lang=\"es\">Chargement contr\u00f4l\u00e9<\/span><\/h2>\n<p class=\"tw-data-text tw-text-large tw-ta\" dir=\"ltr\" data-placeholder=\"Traducci\u00f3n\"><span class=\"Y2IQFc\" lang=\"es\">Chaque chargeur TG est \u00e9quip\u00e9 d'un microprocesseur qui contr\u00f4le pr\u00e9cis\u00e9ment la charge en trois \u00e9tapes.  Le processus se d\u00e9roule selon la caract\u00e9ristique IUoUo et se charge plus rapidement que les autres processus.<\/span><\/p>\n<h2 class=\"tw-data-text tw-text-large tw-ta\" dir=\"ltr\" data-placeholder=\"Traducci\u00f3n\"><span class=\"Y2IQFc\" lang=\"es\">Utilisation de chargeurs TG comme source d'alimentation<\/span><\/h2>\n<p class=\"tw-data-text tw-text-large tw-ta\" dir=\"ltr\" data-placeholder=\"Traducci\u00f3n\"><span class=\"Y2IQFc\" lang=\"es\">Gr\u00e2ce \u00e0 la tension de sortie parfaitement stabilis\u00e9e, un chargeur TG peut \u00eatre utilis\u00e9 comme source d'alimentation si des batteries ou de grands condensateurs tampons ne sont pas disponibles.<\/span><\/p>\n<h2 class=\"tw-data-text tw-text-large tw-ta\" dir=\"ltr\" data-placeholder=\"Traducci\u00f3n\"><span class=\"Y2IQFc\" lang=\"es\">Deux sorties pour la charge de deux groupes de batteries (mod\u00e8les 24 V uniquement)<\/span><\/h2>\n<p class=\"tw-data-text tw-text-large tw-ta\" dir=\"ltr\" data-placeholder=\"Traducci\u00f3n\"><span class=\"Y2IQFc\" lang=\"es\">Les chargeurs TG ont 2 sorties isol\u00e9es. La seconde sortie, limit\u00e9e \u00e0 environ 4A et avec une tension de sortie l\u00e9g\u00e8rement inf\u00e9rieure, est destin\u00e9e \u00e0 la recharge d'une batterie de d\u00e9marrage. <\/span><\/p>\n<h2 class=\"tw-data-text tw-text-large tw-ta\" dir=\"ltr\" data-placeholder=\"Traducci\u00f3n\"><span class=\"Y2IQFc\" lang=\"es\">Pour augmenter la dur\u00e9e de vie de la batterie : compensation de la temp\u00e9rature<\/span><\/h2>\n<p class=\"tw-data-text tw-text-large tw-ta\" dir=\"ltr\" data-placeholder=\"Traducci\u00f3n\"><span class=\"Y2IQFc\" lang=\"es\">Chaque chargeur Skylla TG est \u00e9quip\u00e9 d'un capteur de temp\u00e9rature de la batterie. Lorsqu'il est connect\u00e9, la tension de charge diminue automatiquement lorsque la temp\u00e9rature de la batterie augmente. Cette fonction est particuli\u00e8rement recommand\u00e9e pour les batteries scell\u00e9es qui risquent de se surcharger et de se dess\u00e9cher en raison de la ventilation.<\/span><\/p>\n<h2 class=\"tw-data-text tw-text-large tw-ta\" dir=\"ltr\" data-placeholder=\"Traducci\u00f3n\"><span class=\"Y2IQFc\" lang=\"es\">D\u00e9tection de la tension de la batterie<\/span><\/h2>\n<p class=\"tw-data-text tw-text-large tw-ta\" dir=\"ltr\" data-placeholder=\"Traducci\u00f3n\"><span class=\"Y2IQFc\" lang=\"es\">Pour compenser la perte de tension due \u00e0 la r\u00e9sistance du c\u00e2ble, les chargeurs TG sont \u00e9quip\u00e9s d'un capteur de tension afin que la batterie re\u00e7oive toujours la tension de charge correcte.<br \/>\n<img fetchpriority=\"high\" decoding=\"async\" class=\"alignnone size-full wp-image-5801\" src=\"https:\/\/fvcomponentes.com\/wp-content\/uploads\/2023\/03\/CapturaAAA.png\" alt=\"Chargeur Victron Skylla TG 24\/30 (1+1) 120-240V SDTG2400301\" width=\"533\" height=\"318\" title=\"\"><\/span><\/p>\n<h2 class=\"tw-data-text tw-text-large tw-ta\" dir=\"ltr\" data-placeholder=\"Traducci\u00f3n\"><span class=\"Y2IQFc\" lang=\"es\">Fiche technique Chargeur <a href=\"https:\/\/www.victronenergy.com.es\/\" target=\"_blank\" rel=\"noopener\">Victron<\/a> Skylla TG 24\/50 (1+1) - SDTG2400501<\/span><\/h2>\n<p class=\"tw-data-text tw-text-large tw-ta\" dir=\"ltr\" data-placeholder=\"Traducci\u00f3n\"><span class=\"Y2IQFc\" lang=\"es\"><a href=\"https:\/\/fvcomponentes.com\/wp-content\/uploads\/2023\/03\/Skylla-TG-Charger-EN.pdf\" target=\"_blank\" rel=\"noopener\">Voir la fiche technique Victron Skylla TG 24\/50 (1+1) - SDTG2400501<\/a><\/span><\/p>","protected":false},"excerpt":{"rendered":"<p><span class=\"Y2IQFc\" lang=\"es\"><strong>Tension d'entr\u00e9e (V AC) : <\/strong>230<br \/>\n<strong> Plage de tension d'entr\u00e9e (V AC) :<\/strong> 185 \u2013 264<br \/>\n<strong>Plage de tension d'entr\u00e9e (V DC) :\u00a0<\/strong>180-400<br \/>\n<strong>Fr\u00e9quence (Hz) :<\/strong> 45-65<br \/>\n<strong>Facteur de puissance :<\/strong> 1<br \/>\n<strong>Poids :\u00a0<\/strong>13 kg<br \/>\n<strong>Dimensions :\u00a0<\/strong>365 x 250 x 257 mm<\/span><\/p>","protected":false},"featured_media":7106,"comment_status":"open","ping_status":"closed","template":"","meta":{"site-sidebar-layout":"default","site-content-layout":"default","ast-site-content-layout":"default","site-content-style":"default","site-sidebar-style":"default","ast-global-header-display":"","ast-banner-title-visibility":"","ast-main-header-display":"","ast-hfb-above-header-display":"","ast-hfb-below-header-display":"","ast-hfb-mobile-header-display":"","site-post-title":"","ast-breadcrumbs-content":"","ast-featured-img":"","footer-sml-layout":"","ast-disable-related-posts":"","theme-transparent-header-meta":"default","adv-header-id-meta":"","stick-header-meta":"","header-above-stick-meta":"","header-main-stick-meta":"","header-below-stick-meta":"","astra-migrate-meta-layouts":"set","ast-page-background-enabled":"default","ast-page-background-meta":{"desktop":{"background-color":"var(--ast-global-color-4)","background-image":"","background-repeat":"repeat","background-position":"center center","background-size":"auto","background-attachment":"scroll","background-type":"","background-media":"","overlay-type":"","overlay-color":"","overlay-opacity":"","overlay-gradient":""},"tablet":{"background-color":"","background-image":"","background-repeat":"repeat","background-position":"center center","background-size":"auto","background-attachment":"scroll","background-type":"","background-media":"","overlay-type":"","overlay-color":"","overlay-opacity":"","overlay-gradient":""},"mobile":{"background-color":"","background-image":"","background-repeat":"repeat","background-position":"center center","background-size":"auto","background-attachment":"scroll","background-type":"","background-media":"","overlay-type":"","overlay-color":"","overlay-opacity":"","overlay-gradient":""}},"ast-content-background-meta":{"desktop":{"background-color":"var(--ast-global-color-5)","background-image":"","background-repeat":"repeat","background-position":"center center","background-size":"auto","background-attachment":"scroll","background-type":"","background-media":"","overlay-type":"","overlay-color":"","overlay-opacity":"","overlay-gradient":""},"tablet":{"background-color":"var(--ast-global-color-5)","background-image":"","background-repeat":"repeat","background-position":"center center","background-size":"auto","background-attachment":"scroll","background-type":"","background-media":"","overlay-type":"","overlay-color":"","overlay-opacity":"","overlay-gradient":""},"mobile":{"background-color":"var(--ast-global-color-5)","background-image":"","background-repeat":"repeat","background-position":"center center","background-size":"auto","background-attachment":"scroll","background-type":"","background-media":"","overlay-type":"","overlay-color":"","overlay-opacity":"","overlay-gradient":""}}},"pwb-brand":[332],"product_brand":[],"product_cat":[419,462],"product_tag":[],"class_list":{"0":"post-5803","1":"product","2":"type-product","3":"status-publish","4":"has-post-thumbnail","6":"pwb-brand-victron","7":"product_cat-cargadores-de-baterias","8":"product_cat-cargador-de-baterias-24-v","9":"desktop-align-left","10":"tablet-align-left","11":"mobile-align-left","12":"ast-product-gallery-layout-horizontal-slider","13":"ast-product-gallery-with-no-image","14":"ast-product-tabs-layout-horizontal","16":"first","17":"instock","18":"taxable","19":"shipping-taxable","20":"purchasable","21":"product-type-simple"},"wcpa_form_fields":null,"brands":[{"id":332,"name":"Victron Energy","slug":"victron"}],"_links":{"self":[{"href":"https:\/\/fvcomponentes.com\/fr\/wp-json\/wp\/v2\/product\/5803","targetHints":{"allow":["GET"]}}],"collection":[{"href":"https:\/\/fvcomponentes.com\/fr\/wp-json\/wp\/v2\/product"}],"about":[{"href":"https:\/\/fvcomponentes.com\/fr\/wp-json\/wp\/v2\/types\/product"}],"replies":[{"embeddable":true,"href":"https:\/\/fvcomponentes.com\/fr\/wp-json\/wp\/v2\/comments?post=5803"}],"wp:featuredmedia":[{"embeddable":true,"href":"https:\/\/fvcomponentes.com\/fr\/wp-json\/wp\/v2\/media\/7106"}],"wp:attachment":[{"href":"https:\/\/fvcomponentes.com\/fr\/wp-json\/wp\/v2\/media?parent=5803"}],"wp:term":[{"taxonomy":"pwb-brand","embeddable":true,"href":"https:\/\/fvcomponentes.com\/fr\/wp-json\/wp\/v2\/pwb-brand?post=5803"},{"taxonomy":"product_brand","embeddable":true,"href":"https:\/\/fvcomponentes.com\/fr\/wp-json\/wp\/v2\/product_brand?post=5803"},{"taxonomy":"product_cat","embeddable":true,"href":"https:\/\/fvcomponentes.com\/fr\/wp-json\/wp\/v2\/product_cat?post=5803"},{"taxonomy":"product_tag","embeddable":true,"href":"https:\/\/fvcomponentes.com\/fr\/wp-json\/wp\/v2\/product_tag?post=5803"}],"curies":[{"name":"wp","href":"https:\/\/api.w.org\/{rel}","templated":true}]}}