{"id":5789,"date":"2024-01-19T19:29:29","date_gmt":"2024-01-19T18:29:29","guid":{"rendered":"https:\/\/fvcomponentes.com\/?post_type=product&#038;p=5789"},"modified":"2026-01-15T10:11:03","modified_gmt":"2026-01-15T09:11:03","slug":"victron-skylla-charger-ip65-12-70-3-120-240v-sky012070100","status":"publish","type":"product","link":"https:\/\/fvcomponentes.com\/fr\/producto\/cargador-victron-skylla-ip65-12-70-3-120-240v-sky012070100\/","title":{"rendered":"Chargeur Victron Skylla IP65 12\/70 (3) 120-240V - SKY012070100"},"content":{"rendered":"<h2>Skylla-IP65 (1+1) : deux sorties pour la charge de 2 bancs de batteries<\/h2>\n<p>Le Skylla-IP65 (1+1) poss\u00e8de 2 sorties isol\u00e9es. La seconde sortie, limit\u00e9e \u00e0 environ 3 A et avec une tension de sortie l\u00e9g\u00e8rement inf\u00e9rieure, est destin\u00e9e \u00e0 la recharge d'une batterie de d\u00e9marrage.<\/p>\n<h2>Skylla-IP65 (3) : trois sorties \u00e0 plein courant pour la charge de 3 groupes de batteries<\/h2>\n<p>Le Skylla-IP65 (3) poss\u00e8de 3 sorties isol\u00e9es. Toutes les sorties peuvent fournir la totalit\u00e9 du courant de sortie nominal.<\/p>\n<h2>Protection IP65<\/h2>\n<p>Bo\u00eetier en acier recouvert de poudre \u00e9poxy. R\u00e9siste aux rigueurs d'un environnement difficile : chaleur, humidit\u00e9 et air salin. Les circuits imprim\u00e9s sont prot\u00e9g\u00e9s par un rev\u00eatement acrylique pour une r\u00e9sistance maximale \u00e0 la corrosion. Des capteurs de temp\u00e9rature garantissent que les composants de puissance fonctionneront toujours dans les limites sp\u00e9cifi\u00e9es, si n\u00e9cessaire en r\u00e9duisant automatiquement le courant de sortie dans des conditions environnementales extr\u00eames.<\/p>\n<h2>\u00c9cran LCD<\/h2>\n<p>Pour surveiller l'\u00e9tat et adapter facilement l'algorithme de charge \u00e0 une batterie particuli\u00e8re et \u00e0 ses conditions d'utilisation.<\/p>\n<h2>Interface bus CAN (NMEA2000)<\/h2>\n<p>Pour la connexion \u00e0 un r\u00e9seau CAN-bus, \u00e0 un panneau de contr\u00f4le Skylla-i ou \u00e0 l'\u00e9cran num\u00e9rique Color Control.<\/p>\n<h2>Fonctionnement en parall\u00e8le synchronis\u00e9<\/h2>\n<p>Plusieurs chargeurs peuvent \u00eatre connect\u00e9s en parall\u00e8le et synchronis\u00e9s \u00e0 l'aide de l'interface CAN-bus. Pour ce faire, il suffit d'interconnecter les chargeurs \u00e0 l'aide de c\u00e2bles RJ45 UTP.<\/p>\n<h2>La bonne quantit\u00e9 de charge pour une batterie plomb-acide : temps d'absorption variable<\/h2>\n<p>Lorsqu'il n'y a que des d\u00e9charges peu profondes, le temps d'absorption reste court pour \u00e9viter de surcharger la batterie. Apr\u00e8s une d\u00e9charge profonde, le temps d'absorption est automatiquement augment\u00e9 pour garantir une recharge compl\u00e8te de la batterie.<\/p>\n<h2>Pr\u00e9vention des dommages dus \u00e0 un d\u00e9gagement excessif de gaz : mode BatterySafe<\/h2>\n<p>Si un courant de charge \u00e9lev\u00e9 combin\u00e9 \u00e0 une tension d'absorption \u00e9lev\u00e9e est n\u00e9cessaire pour charger rapidement une batterie, le Skylla-IP65 \u00e9vitera les dommages dus \u00e0 un gazage excessif en limitant automatiquement le taux d'augmentation de la tension une fois que la tension de gazage est atteinte.<\/p>\n<h2>Moins de maintenance et de vieillissement lorsque la batterie n'est pas utilis\u00e9e : mode stockage<\/h2>\n<p>Le mode stockage est activ\u00e9 tant que la batterie n'a pas \u00e9t\u00e9 d\u00e9charg\u00e9e pendant 24 heures. En mode stockage, la tension de flottaison est r\u00e9duite \u00e0 2,2 V\/\u00e9l\u00e9ment (26,4 V pour une batterie de 24 V) afin de minimiser le d\u00e9gagement gazeux et la corrosion des plaques positives. Une fois par semaine, la tension est ramen\u00e9e au niveau d'absorption pour \"rafra\u00eechir\" la batterie. Cette fonction emp\u00eache la stratification et la sulfatation de l'\u00e9lectrolyte, une cause majeure de d\u00e9faillance pr\u00e9matur\u00e9e de la batterie.<\/p>\n<h2>Pour augmenter la dur\u00e9e de vie de la batterie : compensation de la temp\u00e9rature<\/h2>\n<p>Chaque Skylla-IP65 est livr\u00e9 avec un capteur de temp\u00e9rature de batterie. Lorsqu'elle est connect\u00e9e, la tension de charge diminue automatiquement lorsque la temp\u00e9rature de la batterie augmente. Cette fonction est particuli\u00e8rement recommand\u00e9e pour les batteries plomb-acide scell\u00e9es et\/ou lorsque des fluctuations importantes de la temp\u00e9rature de la batterie sont attendues.<\/p>\n<h2 id=\"tw-target-text\" class=\"tw-data-text tw-text-large tw-ta\" dir=\"ltr\" data-placeholder=\"Traducci\u00f3n\"><span class=\"Y2IQFc\" lang=\"es\">D\u00e9tection de la tension de la batterie<\/span><\/h2>\n<p class=\"tw-data-text tw-text-large tw-ta\" dir=\"ltr\" data-placeholder=\"Traducci\u00f3n\"><span class=\"Y2IQFc\" lang=\"es\">Pour compenser la perte de tension due \u00e0 la r\u00e9sistance du c\u00e2ble, le Skylla-IP65 est \u00e9quip\u00e9 d'un capteur de tension afin que la batterie re\u00e7oive toujours la tension de charge correcte. <\/span><\/p>\n<h2 class=\"tw-data-text tw-text-large tw-ta\" dir=\"ltr\" data-placeholder=\"Traducci\u00f3n\"><span class=\"Y2IQFc\" lang=\"es\">Utilisation comme alimentation \u00e9lectrique<\/span><\/h2>\n<p class=\"tw-data-text tw-text-large tw-ta\" dir=\"ltr\" data-placeholder=\"Traducci\u00f3n\"><span class=\"Y2IQFc\" lang=\"es\">Gr\u00e2ce \u00e0 son excellent circuit de contr\u00f4le, le Skylla-IP65 peut \u00eatre utilis\u00e9 comme source d'alimentation avec une tension de sortie parfaitement stabilis\u00e9e en l'absence de batteries ou de grands condensateurs de secours.<\/span><\/p>\n<h2 class=\"tw-data-text tw-text-large tw-ta\" dir=\"ltr\" data-placeholder=\"Traducci\u00f3n\"><span class=\"Y2IQFc\" lang=\"es\">Pr\u00eat pour le lithium-ion (LiFePO4)<\/span><\/h2>\n<p class=\"tw-data-text tw-text-large tw-ta\" dir=\"ltr\" data-placeholder=\"Traducci\u00f3n\"><span class=\"Y2IQFc\" lang=\"es\">Une simple commande marche\/arr\u00eat du chargeur peut \u00eatre mise en \u0153uvre en connectant un relais ou une sortie optocoupleur \u00e0 collecteur ouvert d'un BMS Li-Ion au port de commande \u00e0 distance du chargeur. Il est \u00e9galement possible de contr\u00f4ler enti\u00e8rement la tension et le courant en se connectant au port CAN-bus.<\/span><\/p>\n<h2 dir=\"ltr\" data-placeholder=\"Traducci\u00f3n\">Fiche technique Chargeur <a href=\"https:\/\/www.victronenergy.com.es\/\" target=\"_blank\" rel=\"noopener\">Victron<\/a> Skylla IP65 12\/70 (3) 120-240V - SKY012070100<\/h2>\n<p dir=\"ltr\" data-placeholder=\"Traducci\u00f3n\"><a href=\"https:\/\/fvcomponentes.com\/wp-content\/uploads\/2023\/03\/Skylla-IP65-EN.pdf\" target=\"_blank\" rel=\"noopener\">Voir la fiche technique Victron Skylla IP65 12\/70 (3) 120-240V - SKY012070100<\/a><\/p>","protected":false},"excerpt":{"rendered":"<p><strong>Tension d'entr\u00e9e (VAC) :<\/strong> 120\/230 V<br \/>\n<strong>Plage de tension d'entr\u00e9e (VAC) :<\/strong> 90-265 V<br \/>\n<strong>Courant d'entr\u00e9e maximal en AC \u00e0 100 VAC :<\/strong> 12 A<br \/>\n<strong>Fr\u00e9quence :<\/strong> 45-65 Hz<br \/>\n<strong>Facteur de puissance :<\/strong> 0,98<br \/>\n<strong>Poids :\u00a0<\/strong>6 kg<br \/>\n<strong>Dimensions : <\/strong>401 x 265 x 151 mm<\/p>","protected":false},"featured_media":5795,"comment_status":"open","ping_status":"closed","template":"","meta":{"site-sidebar-layout":"default","site-content-layout":"default","ast-site-content-layout":"default","site-content-style":"default","site-sidebar-style":"default","ast-global-header-display":"","ast-banner-title-visibility":"","ast-main-header-display":"","ast-hfb-above-header-display":"","ast-hfb-below-header-display":"","ast-hfb-mobile-header-display":"","site-post-title":"","ast-breadcrumbs-content":"","ast-featured-img":"","footer-sml-layout":"","ast-disable-related-posts":"","theme-transparent-header-meta":"default","adv-header-id-meta":"","stick-header-meta":"","header-above-stick-meta":"","header-main-stick-meta":"","header-below-stick-meta":"","astra-migrate-meta-layouts":"set","ast-page-background-enabled":"default","ast-page-background-meta":{"desktop":{"background-color":"var(--ast-global-color-4)","background-image":"","background-repeat":"repeat","background-position":"center center","background-size":"auto","background-attachment":"scroll","background-type":"","background-media":"","overlay-type":"","overlay-color":"","overlay-opacity":"","overlay-gradient":""},"tablet":{"background-color":"","background-image":"","background-repeat":"repeat","background-position":"center center","background-size":"auto","background-attachment":"scroll","background-type":"","background-media":"","overlay-type":"","overlay-color":"","overlay-opacity":"","overlay-gradient":""},"mobile":{"background-color":"","background-image":"","background-repeat":"repeat","background-position":"center center","background-size":"auto","background-attachment":"scroll","background-type":"","background-media":"","overlay-type":"","overlay-color":"","overlay-opacity":"","overlay-gradient":""}},"ast-content-background-meta":{"desktop":{"background-color":"var(--ast-global-color-5)","background-image":"","background-repeat":"repeat","background-position":"center center","background-size":"auto","background-attachment":"scroll","background-type":"","background-media":"","overlay-type":"","overlay-color":"","overlay-opacity":"","overlay-gradient":""},"tablet":{"background-color":"var(--ast-global-color-5)","background-image":"","background-repeat":"repeat","background-position":"center center","background-size":"auto","background-attachment":"scroll","background-type":"","background-media":"","overlay-type":"","overlay-color":"","overlay-opacity":"","overlay-gradient":""},"mobile":{"background-color":"var(--ast-global-color-5)","background-image":"","background-repeat":"repeat","background-position":"center center","background-size":"auto","background-attachment":"scroll","background-type":"","background-media":"","overlay-type":"","overlay-color":"","overlay-opacity":"","overlay-gradient":""}}},"pwb-brand":[332],"product_brand":[],"product_cat":[461,419],"product_tag":[],"class_list":{"0":"post-5789","1":"product","2":"type-product","3":"status-publish","4":"has-post-thumbnail","6":"pwb-brand-victron","7":"product_cat-cargador-de-baterias-12-v","8":"product_cat-cargadores-de-baterias","9":"desktop-align-left","10":"tablet-align-left","11":"mobile-align-left","12":"ast-product-gallery-layout-horizontal-slider","13":"ast-product-tabs-layout-horizontal","15":"first","16":"instock","17":"taxable","18":"shipping-taxable","19":"purchasable","20":"product-type-simple"},"wcpa_form_fields":null,"brands":[{"id":332,"name":"Victron Energy","slug":"victron"}],"_links":{"self":[{"href":"https:\/\/fvcomponentes.com\/fr\/wp-json\/wp\/v2\/product\/5789","targetHints":{"allow":["GET"]}}],"collection":[{"href":"https:\/\/fvcomponentes.com\/fr\/wp-json\/wp\/v2\/product"}],"about":[{"href":"https:\/\/fvcomponentes.com\/fr\/wp-json\/wp\/v2\/types\/product"}],"replies":[{"embeddable":true,"href":"https:\/\/fvcomponentes.com\/fr\/wp-json\/wp\/v2\/comments?post=5789"}],"wp:featuredmedia":[{"embeddable":true,"href":"https:\/\/fvcomponentes.com\/fr\/wp-json\/wp\/v2\/media\/5795"}],"wp:attachment":[{"href":"https:\/\/fvcomponentes.com\/fr\/wp-json\/wp\/v2\/media?parent=5789"}],"wp:term":[{"taxonomy":"pwb-brand","embeddable":true,"href":"https:\/\/fvcomponentes.com\/fr\/wp-json\/wp\/v2\/pwb-brand?post=5789"},{"taxonomy":"product_brand","embeddable":true,"href":"https:\/\/fvcomponentes.com\/fr\/wp-json\/wp\/v2\/product_brand?post=5789"},{"taxonomy":"product_cat","embeddable":true,"href":"https:\/\/fvcomponentes.com\/fr\/wp-json\/wp\/v2\/product_cat?post=5789"},{"taxonomy":"product_tag","embeddable":true,"href":"https:\/\/fvcomponentes.com\/fr\/wp-json\/wp\/v2\/product_tag?post=5789"}],"curies":[{"name":"wp","href":"https:\/\/api.w.org\/{rel}","templated":true}]}}