{"id":5781,"date":"2023-03-20T13:00:29","date_gmt":"2023-03-20T12:00:29","guid":{"rendered":"https:\/\/fvcomponentes.com\/?post_type=product&#038;p=5781"},"modified":"2026-04-08T21:26:19","modified_gmt":"2026-04-08T19:26:19","slug":"fuse-victron-midi-fuse-100a-58v-cip133100010","status":"publish","type":"product","link":"https:\/\/fvcomponentes.com\/fr\/producto\/fusible-victron-midi-fuse-100a-58v-cip133100010\/","title":{"rendered":"Fusible Victron MIDI-fuse 100A 58V - CIP133100010"},"content":{"rendered":"<h2>Caract\u00e9ristiques du fusible MIDI Victron 100A 58V - CIP133100010<\/h2>\n<ul>\n<li>Un fusible de qualit\u00e9 est un \u00e9l\u00e9ment indispensable d'une installation \u00e9lectrique s\u00fbre. Ce fusible Victron MIDI 100A 58V - CIP133100010 est sp\u00e9cialement con\u00e7u pour les syst\u00e8mes photovolta\u00efques avec une tension syst\u00e8me de 48V.<\/li>\n<li>Les fusibles 48V ne peuvent pas \u00eatre utilis\u00e9s avec des syst\u00e8mes 12\/24V ou vice versa. La plage de tension sp\u00e9cifi\u00e9e sur le fusible est importante pour garantir un fonctionnement s\u00fbr.<\/li>\n<li>Pour les\u00a0<a href=\"https:\/\/fvcomponentes.com\/fr\/produit\/victron-fuse-holder-midi-fuse-holder-cip000050001\/\" target=\"_blank\" rel=\"noopener\">Porte-fusible MIDI Victron - CIP000050001.<\/a><\/li>\n<\/ul>\n<h2>Fiche technique Midi-fuse Victron 100A\/58v - CIP133100010<\/h2>\n<p><a href=\"https:\/\/fvcomponentes.com\/wp-content\/uploads\/2023\/03\/Midi-Mega-and-ANL-fuses-and-fuse-holders-EN.pdf\" target=\"_blank\" rel=\"noopener\">Voir la fiche technique du fusible Midi de Victron 100A\/58v - CIP133100010<\/a><\/p>","protected":false},"excerpt":{"rendered":"<p>Caracter\u00edsticas del Fusible Victron MIDI-fuse 100A 58V &#8211; CIP133100010 Un fusible de calidad es un pieza imprescindible en una instalaci\u00f3n el\u00e9ctrica segura. Este fusible Fusible Victron MIDI-fuse 100A 58V &#8211; CIP133100010 est\u00e1 especialmente dise\u00f1ado para sistemas fotovoltaicos con un voltaje de sistema de 48 V. Los fusibles para 48V no se pueden utilizar con sistemas [&hellip;]<\/p>\n","protected":false},"featured_media":5785,"comment_status":"open","ping_status":"closed","template":"","meta":{"site-sidebar-layout":"default","site-content-layout":"default","ast-site-content-layout":"default","site-content-style":"default","site-sidebar-style":"default","ast-global-header-display":"","ast-banner-title-visibility":"","ast-main-header-display":"","ast-hfb-above-header-display":"","ast-hfb-below-header-display":"","ast-hfb-mobile-header-display":"","site-post-title":"","ast-breadcrumbs-content":"","ast-featured-img":"","footer-sml-layout":"","ast-disable-related-posts":"","theme-transparent-header-meta":"default","adv-header-id-meta":"","stick-header-meta":"","header-above-stick-meta":"","header-main-stick-meta":"","header-below-stick-meta":"","astra-migrate-meta-layouts":"set","ast-page-background-enabled":"default","ast-page-background-meta":{"desktop":{"background-color":"var(--ast-global-color-4)","background-image":"","background-repeat":"repeat","background-position":"center center","background-size":"auto","background-attachment":"scroll","background-type":"","background-media":"","overlay-type":"","overlay-color":"","overlay-opacity":"","overlay-gradient":""},"tablet":{"background-color":"","background-image":"","background-repeat":"repeat","background-position":"center center","background-size":"auto","background-attachment":"scroll","background-type":"","background-media":"","overlay-type":"","overlay-color":"","overlay-opacity":"","overlay-gradient":""},"mobile":{"background-color":"","background-image":"","background-repeat":"repeat","background-position":"center center","background-size":"auto","background-attachment":"scroll","background-type":"","background-media":"","overlay-type":"","overlay-color":"","overlay-opacity":"","overlay-gradient":""}},"ast-content-background-meta":{"desktop":{"background-color":"var(--ast-global-color-5)","background-image":"","background-repeat":"repeat","background-position":"center center","background-size":"auto","background-attachment":"scroll","background-type":"","background-media":"","overlay-type":"","overlay-color":"","overlay-opacity":"","overlay-gradient":""},"tablet":{"background-color":"var(--ast-global-color-5)","background-image":"","background-repeat":"repeat","background-position":"center center","background-size":"auto","background-attachment":"scroll","background-type":"","background-media":"","overlay-type":"","overlay-color":"","overlay-opacity":"","overlay-gradient":""},"mobile":{"background-color":"var(--ast-global-color-5)","background-image":"","background-repeat":"repeat","background-position":"center center","background-size":"auto","background-attachment":"scroll","background-type":"","background-media":"","overlay-type":"","overlay-color":"","overlay-opacity":"","overlay-gradient":""}}},"pwb-brand":[332],"product_brand":[],"product_cat":[410,862,994],"product_tag":[],"class_list":{"0":"post-5781","1":"product","2":"type-product","3":"status-publish","4":"has-post-thumbnail","6":"pwb-brand-victron","7":"product_cat-material-electrico","8":"product_cat-fusibles","9":"product_cat-fusibles-midi","10":"desktop-align-left","11":"tablet-align-left","12":"mobile-align-left","13":"ast-product-gallery-layout-horizontal-slider","14":"ast-product-gallery-with-no-image","15":"ast-product-tabs-layout-horizontal","17":"first","18":"instock","19":"taxable","20":"shipping-taxable","21":"purchasable","22":"product-type-simple"},"wcpa_form_fields":null,"brands":[{"id":332,"name":"Victron Energy","slug":"victron"}],"_links":{"self":[{"href":"https:\/\/fvcomponentes.com\/fr\/wp-json\/wp\/v2\/product\/5781","targetHints":{"allow":["GET"]}}],"collection":[{"href":"https:\/\/fvcomponentes.com\/fr\/wp-json\/wp\/v2\/product"}],"about":[{"href":"https:\/\/fvcomponentes.com\/fr\/wp-json\/wp\/v2\/types\/product"}],"replies":[{"embeddable":true,"href":"https:\/\/fvcomponentes.com\/fr\/wp-json\/wp\/v2\/comments?post=5781"}],"wp:featuredmedia":[{"embeddable":true,"href":"https:\/\/fvcomponentes.com\/fr\/wp-json\/wp\/v2\/media\/5785"}],"wp:attachment":[{"href":"https:\/\/fvcomponentes.com\/fr\/wp-json\/wp\/v2\/media?parent=5781"}],"wp:term":[{"taxonomy":"pwb-brand","embeddable":true,"href":"https:\/\/fvcomponentes.com\/fr\/wp-json\/wp\/v2\/pwb-brand?post=5781"},{"taxonomy":"product_brand","embeddable":true,"href":"https:\/\/fvcomponentes.com\/fr\/wp-json\/wp\/v2\/product_brand?post=5781"},{"taxonomy":"product_cat","embeddable":true,"href":"https:\/\/fvcomponentes.com\/fr\/wp-json\/wp\/v2\/product_cat?post=5781"},{"taxonomy":"product_tag","embeddable":true,"href":"https:\/\/fvcomponentes.com\/fr\/wp-json\/wp\/v2\/product_tag?post=5781"}],"curies":[{"name":"wp","href":"https:\/\/api.w.org\/{rel}","templated":true}]}}