{"id":5758,"date":"2023-10-23T18:03:53","date_gmt":"2023-10-23T16:03:53","guid":{"rendered":"https:\/\/fvcomponentes.com\/?post_type=product&#038;p=5758"},"modified":"2026-04-04T12:50:01","modified_gmt":"2026-04-04T10:50:01","slug":"victron-centaur-24-16-16-3-charger-cch024016000","status":"publish","type":"product","link":"https:\/\/fvcomponentes.com\/fr\/producto\/cargador-victron-centaur-24-16-3-cch024016000\/","title":{"rendered":"Victron Centaur Charger 24\/16 (3) - CCH024016000"},"content":{"rendered":"<h2>Victron Centaur Charger 24\/16 (3) - CCH024016000 : La qualit\u00e9 sans compromis<\/h2>\n<p>Le bo\u00eetier du chargeur Victron Centaur 24\/16 (3) - CCH024016000 est un bo\u00eetier en aluminium rev\u00eatu d'une poudre \u00e9poxy avec un \u00e9cran anti-gouttes et des fixations en acier inoxydable pour r\u00e9sister aux conditions difficiles d'un environnement d\u00e9favorable : chaleur, humidit\u00e9 et air salin. Les circuits imprim\u00e9s sont prot\u00e9g\u00e9s par un rev\u00eatement acrylique pour une r\u00e9sistance maximale \u00e0 la corrosion. Des capteurs de temp\u00e9rature garantissent que les composants de puissance fonctionneront toujours dans les limites sp\u00e9cifi\u00e9es, si n\u00e9cessaire, en r\u00e9duisant automatiquement le courant de sortie dans des conditions environnementales extr\u00eames.<\/p>\n<h2>Plage de tension d'entr\u00e9e universelle en courant alternatif 90-265 V et adapt\u00e9e \u00e0 l'alimentation en courant continu (fonctionnement en courant alternatif-continu et en courant continu-continu)<\/h2>\n<p>Tous les mod\u00e8les fonctionnent sans r\u00e9glage sur une plage de tension d'entr\u00e9e de 90 \u00e0 265 volts \u00e0 50 Hz ou 60 Hz. Les chargeurs acceptent \u00e9galement une alimentation en courant continu de 90 \u00e0 400 V.<\/p>\n<h2>Trois sorties, chacune capable de fournir un courant de sortie complet<\/h2>\n<p>Trois sorties isol\u00e9es pour charger simultan\u00e9ment 3 parcs de batteries. Chaque sortie est capable de fournir la totalit\u00e9 du courant nominal.<\/p>\n<h2>Chargement en trois \u00e9tapes, avec compensation de temp\u00e9rature<\/h2>\n<p>Le Centaur charge en vrac jusqu'\u00e0 ce que la sortie soit r\u00e9duite \u00e0 70% des amp\u00e8res nominaux, ce qui d\u00e9clenche une minuterie de 4 heures. Apr\u00e8s cette p\u00e9riode, le chargeur passe en vitesse flottante. Un capteur de temp\u00e9rature interne est utilis\u00e9 pour compenser la tension de charge de -2 mV\/\u00b0C (-1 mV\/\u00b0F) par cellule. Un commutateur DIP permet de s\u00e9lectionner les tensions de charge\/flottaison optimales pour les batteries plomb-acide, gel ou AGM.<\/p>\n<p>Pour plus d'informations sur les batteries et leur chargement (y compris les avantages et les inconv\u00e9nients du chargement multibanques et du chargement intelligent), voir le livre \"Electricity on Board\" (disponible gratuitement aupr\u00e8s de Victron Energy et t\u00e9l\u00e9chargeable \u00e0 l'adresse suivante <a href=\"http:\/\/www.victronenergy.com\/\" target=\"_blank\" rel=\"noopener\">www.victronenergy.com<\/a>).<\/p>\n<p dir=\"ltr\" data-placeholder=\"Traducci\u00f3n\"><img fetchpriority=\"high\" decoding=\"async\" class=\"alignnone wp-image-5706 size-full\" src=\"https:\/\/fvcomponentes.com\/wp-content\/uploads\/2023\/03\/Captura-4.png\" alt=\"Victron Centaur 12\/20 Chargeur (3) - CCH012020000\" width=\"477\" height=\"251\" title=\"\"><\/p>\n<h2 dir=\"ltr\" data-placeholder=\"Traducci\u00f3n\">Fiche technique Victron Centaur Charger 24\/16 (3) - CCH024016000<\/h2>\n<p dir=\"ltr\" data-placeholder=\"Traducci\u00f3n\"><a href=\"https:\/\/fvcomponentes.com\/wp-content\/uploads\/2023\/03\/centaur-Datasheet-Charger-EN.pdf\" target=\"_blank\" rel=\"noopener\">Voir la fiche technique Victron Centaur Charger 24\/16 (3) - CCH024016000<\/a><\/p>","protected":false},"excerpt":{"rendered":"<p><strong>Tension (V AC) :<\/strong> 90 - 265<br \/>\n<strong>Tension (V DC) :<\/strong> 90 - 400<br \/>\n<strong>Fr\u00e9quence (Hz) :<\/strong> 45 - 65<br \/>\n<strong>Facteur de puissance :<\/strong> 1<br \/>\n<strong>Poids : <\/strong>3,8 kg<br \/>\n<strong>Dimensions : <\/strong>355 x 215 x 110mm<\/p>","protected":false},"featured_media":5768,"comment_status":"open","ping_status":"closed","template":"","meta":{"site-sidebar-layout":"default","site-content-layout":"default","ast-site-content-layout":"default","site-content-style":"default","site-sidebar-style":"default","ast-global-header-display":"","ast-banner-title-visibility":"","ast-main-header-display":"","ast-hfb-above-header-display":"","ast-hfb-below-header-display":"","ast-hfb-mobile-header-display":"","site-post-title":"","ast-breadcrumbs-content":"","ast-featured-img":"","footer-sml-layout":"","ast-disable-related-posts":"","theme-transparent-header-meta":"default","adv-header-id-meta":"","stick-header-meta":"","header-above-stick-meta":"","header-main-stick-meta":"","header-below-stick-meta":"","astra-migrate-meta-layouts":"set","ast-page-background-enabled":"default","ast-page-background-meta":{"desktop":{"background-color":"var(--ast-global-color-4)","background-image":"","background-repeat":"repeat","background-position":"center center","background-size":"auto","background-attachment":"scroll","background-type":"","background-media":"","overlay-type":"","overlay-color":"","overlay-opacity":"","overlay-gradient":""},"tablet":{"background-color":"","background-image":"","background-repeat":"repeat","background-position":"center center","background-size":"auto","background-attachment":"scroll","background-type":"","background-media":"","overlay-type":"","overlay-color":"","overlay-opacity":"","overlay-gradient":""},"mobile":{"background-color":"","background-image":"","background-repeat":"repeat","background-position":"center center","background-size":"auto","background-attachment":"scroll","background-type":"","background-media":"","overlay-type":"","overlay-color":"","overlay-opacity":"","overlay-gradient":""}},"ast-content-background-meta":{"desktop":{"background-color":"var(--ast-global-color-5)","background-image":"","background-repeat":"repeat","background-position":"center center","background-size":"auto","background-attachment":"scroll","background-type":"","background-media":"","overlay-type":"","overlay-color":"","overlay-opacity":"","overlay-gradient":""},"tablet":{"background-color":"var(--ast-global-color-5)","background-image":"","background-repeat":"repeat","background-position":"center center","background-size":"auto","background-attachment":"scroll","background-type":"","background-media":"","overlay-type":"","overlay-color":"","overlay-opacity":"","overlay-gradient":""},"mobile":{"background-color":"var(--ast-global-color-5)","background-image":"","background-repeat":"repeat","background-position":"center center","background-size":"auto","background-attachment":"scroll","background-type":"","background-media":"","overlay-type":"","overlay-color":"","overlay-opacity":"","overlay-gradient":""}}},"pwb-brand":[332],"product_brand":[],"product_cat":[419,462],"product_tag":[],"class_list":{"0":"post-5758","1":"product","2":"type-product","3":"status-publish","4":"has-post-thumbnail","6":"pwb-brand-victron","7":"product_cat-cargadores-de-baterias","8":"product_cat-cargador-de-baterias-24-v","9":"desktop-align-left","10":"tablet-align-left","11":"mobile-align-left","12":"ast-product-gallery-layout-horizontal-slider","13":"ast-product-tabs-layout-horizontal","15":"first","16":"instock","17":"taxable","18":"shipping-taxable","19":"purchasable","20":"product-type-simple"},"wcpa_form_fields":null,"brands":[{"id":332,"name":"Victron Energy","slug":"victron"}],"_links":{"self":[{"href":"https:\/\/fvcomponentes.com\/fr\/wp-json\/wp\/v2\/product\/5758","targetHints":{"allow":["GET"]}}],"collection":[{"href":"https:\/\/fvcomponentes.com\/fr\/wp-json\/wp\/v2\/product"}],"about":[{"href":"https:\/\/fvcomponentes.com\/fr\/wp-json\/wp\/v2\/types\/product"}],"replies":[{"embeddable":true,"href":"https:\/\/fvcomponentes.com\/fr\/wp-json\/wp\/v2\/comments?post=5758"}],"wp:featuredmedia":[{"embeddable":true,"href":"https:\/\/fvcomponentes.com\/fr\/wp-json\/wp\/v2\/media\/5768"}],"wp:attachment":[{"href":"https:\/\/fvcomponentes.com\/fr\/wp-json\/wp\/v2\/media?parent=5758"}],"wp:term":[{"taxonomy":"pwb-brand","embeddable":true,"href":"https:\/\/fvcomponentes.com\/fr\/wp-json\/wp\/v2\/pwb-brand?post=5758"},{"taxonomy":"product_brand","embeddable":true,"href":"https:\/\/fvcomponentes.com\/fr\/wp-json\/wp\/v2\/product_brand?post=5758"},{"taxonomy":"product_cat","embeddable":true,"href":"https:\/\/fvcomponentes.com\/fr\/wp-json\/wp\/v2\/product_cat?post=5758"},{"taxonomy":"product_tag","embeddable":true,"href":"https:\/\/fvcomponentes.com\/fr\/wp-json\/wp\/v2\/product_tag?post=5758"}],"curies":[{"name":"wp","href":"https:\/\/api.w.org\/{rel}","templated":true}]}}