{"id":5703,"date":"2024-01-19T19:29:35","date_gmt":"2024-01-19T18:29:35","guid":{"rendered":"https:\/\/fvcomponentes.com\/?post_type=product&#038;p=5703"},"modified":"2026-04-04T12:50:03","modified_gmt":"2026-04-04T10:50:03","slug":"chargeur-victron-phoenix-smart-ip43-24-25-3-120-240v-psc242553095","status":"publish","type":"product","link":"https:\/\/fvcomponentes.com\/fr\/producto\/cargador-victron-phoenix-smart-ip43-24-25-3-120-240v-psc242553095\/","title":{"rendered":"Victron Phoenix Smart Charger IP43 24\/25 (3) 120-240V - PSC242553095"},"content":{"rendered":"<h2><strong>Caract\u00e9ristiques du chargeur Victron Phoenix Smart IP43 <\/strong><\/h2>\n<h2><strong>Bluetooth Smart int\u00e9gr\u00e9<\/strong><\/h2>\n<p>Ce chargeur Victron Phoenix Smart IP43 24\/25 (3) 120-240V offre une solution sans fil pour configurer, surveiller, contr\u00f4ler, mettre \u00e0 jour et synchroniser les chargeurs Phoenix Smart IP43.<\/p>\n<h2><strong>Phoenix Smart (1+1) : Deux sorties pour charger 2 banques de batteries<\/strong><\/h2>\n<p>Il dispose en outre d'une seconde sortie limit\u00e9e \u00e0 environ 4 A et d'une tension de sortie l\u00e9g\u00e8rement inf\u00e9rieure, sp\u00e9cialement con\u00e7ue pour charger les batteries de d\u00e9marrage.<\/p>\n<h2><strong>Phoenix Smart (3) : Trois sorties \u00e0 courant continu pour charger 3 banques de batteries<\/strong><\/h2>\n<p>Chacune des sorties peut fournir la totalit\u00e9 du courant de sortie nominal, bien que les trois sorties combin\u00e9es ne d\u00e9passent jamais le courant nominal du chargeur.<\/p>\n<h2><strong>Compensation automatique de la tension<\/strong><\/h2>\n<p>Le chargeur intelligent Victron Phoenix IP43 24\/25 (3) 120-240V ajuste automatiquement la tension de sortie pour compenser la chute de tension dans les c\u00e2bles CC lorsque le courant CC augmente. Se r\u00e9f\u00e9rer au manuel pour plus de d\u00e9tails.<\/p>\n<h2><strong>Algorithme de chargement adaptatif en 6 \u00e9tapes<\/strong><\/h2>\n<p>Le chargeur intelligent de Phoenix utilise un syst\u00e8me de gestion de la batterie \"adaptatif\" qui s'adapte aux diff\u00e9rents types de batteries. Cet algorithme optimise automatiquement le processus de charge en fonction de l'utilisation de la batterie.<\/p>\n<h2><strong>Temps d'absorption adaptatif pour une charge correcte<\/strong><\/h2>\n<p>Lorsque la d\u00e9charge est faible, comme dans le cas d'un yacht connect\u00e9 au ponton, la phase de charge d'absorption est raccourcie pour \u00e9viter de surcharger la batterie. Apr\u00e8s une d\u00e9charge profonde, le temps de charge d'absorption est automatiquement augment\u00e9 pour assurer une recharge compl\u00e8te de la batterie.<\/p>\n<h2><strong>Pr\u00e9vention des dommages dus \u00e0 un d\u00e9gagement excessif de gaz gr\u00e2ce au mode BatterySafe<\/strong><\/h2>\n<p>Le chargeur \u00e9vite les dommages caus\u00e9s par un gazage excessif en limitant le taux d'augmentation de la tension une fois que la tension de gazage est atteinte pendant la charge rapide.<\/p>\n<h2><strong>Mode de stockage pour r\u00e9duire le vieillissement<\/strong><\/h2>\n<p>Le mode stockage est activ\u00e9 lorsque la batterie n'a pas \u00e9t\u00e9 d\u00e9charg\u00e9e pendant 24 heures, r\u00e9duisant la tension de flottaison pour minimiser le d\u00e9gagement de gaz et la corrosion des plaques positives. Il est r\u00e9gl\u00e9 chaque semaine pour \u00e9viter les probl\u00e8mes de batterie.<\/p>\n<h2><strong>Compatibilit\u00e9 avec les piles au lithium-ion (LiFePO\u2084)<\/strong><\/h2>\n<p>Le chargeur peut \u00eatre contr\u00f4l\u00e9 par un relais ou un optocoupleur connect\u00e9 \u00e0 un BMS Li-Ion pour allumer\/\u00e9teindre ou contr\u00f4ler la tension et le courant via Bluetooth.<\/p>\n<h2><strong>Algorithme de chargement programmable<\/strong><\/h2>\n<p>L'algorithme de charge peut \u00eatre programm\u00e9 via Bluetooth ou l'interface VE.Direct, trois algorithmes de charge pr\u00e9programm\u00e9s \u00e9tant disponibles.<\/p>\n<h2><strong>Capteur de temp\u00e9rature et de tension de la batterie via Bluetooth (en option)<\/strong><\/h2>\n<p>Un capteur Smart Battery Sense ou un moniteur de batterie intelligent BMV-712 peut \u00eatre utilis\u00e9 pour communiquer la tension et la temp\u00e9rature de la batterie \u00e0 un ou plusieurs chargeurs Phoenix Smart IP43.<\/p>\n<h2><strong>Fonction marche\/arr\u00eat \u00e0 distance<\/strong><\/h2>\n<p>La mise en marche et l'arr\u00eat \u00e0 distance peuvent \u00eatre configur\u00e9s \u00e0 l'aide d'un interrupteur, d'un relais ou d'une connexion par c\u00e2ble sp\u00e9cifique. Se r\u00e9f\u00e9rer au manuel pour plus de d\u00e9tails.<\/p>\n<h2><strong>VE.Interface directe<\/strong><\/h2>\n<p>Fournit une connexion de donn\u00e9es c\u00e2bl\u00e9e aux dispositifs GX, tels que le <a href=\"https:\/\/fvcomponentes.com\/fr\/produit\/victron-cerbo-gx-mk2-bpp900451100-victron-cerbo-mk2-monitor\/\" target=\"_blank\" rel=\"noopener\">Victron Cerbo GX MK2 Monitoring - BPP900451100<\/a>et d'autres appareils, en activant la fonction de lecture instantan\u00e9e via l'option <a href=\"https:\/\/www.victronenergy.com.es\/panel-systems-remote-monitoring\/victronconnect\" target=\"_blank\" rel=\"noopener\">VictronConnect<\/a> \u00e0 distance du VRM.<\/p>\n<h2><strong>Relais programmable<\/strong><\/h2>\n<p>Le relais peut \u00eatre programm\u00e9 via VE.Direct ou Bluetooth pour d\u00e9clencher des alarmes et d'autres \u00e9v\u00e9nements.<\/p>\n<h2><strong>Chargement synchronis\u00e9<\/strong><\/h2>\n<p>Vous pouvez coupler deux chargeurs Phoenix Smart IP43 ou plus dans un r\u00e9seau VE.S pour une charge synchronis\u00e9e.<\/p>\n<h2>Fiche technique Victron Phoenix Smart Charger IP43 24\/25 (3) 120-240V - PSC242553095<\/h2>\n<p><a href=\"https:\/\/fvcomponentes.com\/wp-content\/uploads\/2023\/03\/120-240-Datasheet-Phoenix-Smart-IP43-Charger-ES.pdf\" target=\"_blank\" rel=\"noopener\">Voir la fiche technique Victron Phoenix Smart Charger IP43 24\/25 (3) 120-240V - PSC242553095\u00a0<\/a><\/p>","protected":false},"excerpt":{"rendered":"<p><strong>Tension d'entr\u00e9e : <\/strong>85 - 250 VAC (pleine puissance \u00e0 partir de 100 VAC, d\u00e9marrage \u00e0 partir de 90 VAC)<br \/>\n<strong>Plage de tension d'entr\u00e9e DC : <\/strong>90 - 375 VDC<br \/>\n<strong>Fr\u00e9quence : <\/strong>45-65 Hz<br \/>\n<strong>Courant de charge de la batterie auxiliaire : <\/strong>25A<br \/>\n<strong>Mode faible courant : <\/strong>12,5A<br \/>\n<strong>Poids : <\/strong>2,7kg<br \/>\n<strong>Dimensions : <\/strong>180 x 249 x 116 mm<\/p>","protected":false},"featured_media":7916,"comment_status":"open","ping_status":"closed","template":"","meta":{"site-sidebar-layout":"default","site-content-layout":"default","ast-site-content-layout":"default","site-content-style":"default","site-sidebar-style":"default","ast-global-header-display":"","ast-banner-title-visibility":"","ast-main-header-display":"","ast-hfb-above-header-display":"","ast-hfb-below-header-display":"","ast-hfb-mobile-header-display":"","site-post-title":"","ast-breadcrumbs-content":"","ast-featured-img":"","footer-sml-layout":"","ast-disable-related-posts":"","theme-transparent-header-meta":"default","adv-header-id-meta":"","stick-header-meta":"","header-above-stick-meta":"","header-main-stick-meta":"","header-below-stick-meta":"","astra-migrate-meta-layouts":"set","ast-page-background-enabled":"default","ast-page-background-meta":{"desktop":{"background-color":"var(--ast-global-color-4)","background-image":"","background-repeat":"repeat","background-position":"center center","background-size":"auto","background-attachment":"scroll","background-type":"","background-media":"","overlay-type":"","overlay-color":"","overlay-opacity":"","overlay-gradient":""},"tablet":{"background-color":"","background-image":"","background-repeat":"repeat","background-position":"center center","background-size":"auto","background-attachment":"scroll","background-type":"","background-media":"","overlay-type":"","overlay-color":"","overlay-opacity":"","overlay-gradient":""},"mobile":{"background-color":"","background-image":"","background-repeat":"repeat","background-position":"center center","background-size":"auto","background-attachment":"scroll","background-type":"","background-media":"","overlay-type":"","overlay-color":"","overlay-opacity":"","overlay-gradient":""}},"ast-content-background-meta":{"desktop":{"background-color":"var(--ast-global-color-5)","background-image":"","background-repeat":"repeat","background-position":"center center","background-size":"auto","background-attachment":"scroll","background-type":"","background-media":"","overlay-type":"","overlay-color":"","overlay-opacity":"","overlay-gradient":""},"tablet":{"background-color":"var(--ast-global-color-5)","background-image":"","background-repeat":"repeat","background-position":"center center","background-size":"auto","background-attachment":"scroll","background-type":"","background-media":"","overlay-type":"","overlay-color":"","overlay-opacity":"","overlay-gradient":""},"mobile":{"background-color":"var(--ast-global-color-5)","background-image":"","background-repeat":"repeat","background-position":"center center","background-size":"auto","background-attachment":"scroll","background-type":"","background-media":"","overlay-type":"","overlay-color":"","overlay-opacity":"","overlay-gradient":""}}},"pwb-brand":[332],"product_brand":[],"product_cat":[462,419],"product_tag":[],"class_list":{"0":"post-5703","1":"product","2":"type-product","3":"status-publish","4":"has-post-thumbnail","6":"pwb-brand-victron","7":"product_cat-cargador-de-baterias-24-v","8":"product_cat-cargadores-de-baterias","9":"desktop-align-left","10":"tablet-align-left","11":"mobile-align-left","12":"ast-product-gallery-layout-horizontal-slider","13":"ast-product-gallery-with-no-image","14":"ast-product-tabs-layout-horizontal","16":"first","17":"instock","18":"taxable","19":"shipping-taxable","20":"purchasable","21":"product-type-simple"},"wcpa_form_fields":null,"brands":[{"id":332,"name":"Victron Energy","slug":"victron"}],"_links":{"self":[{"href":"https:\/\/fvcomponentes.com\/fr\/wp-json\/wp\/v2\/product\/5703","targetHints":{"allow":["GET"]}}],"collection":[{"href":"https:\/\/fvcomponentes.com\/fr\/wp-json\/wp\/v2\/product"}],"about":[{"href":"https:\/\/fvcomponentes.com\/fr\/wp-json\/wp\/v2\/types\/product"}],"replies":[{"embeddable":true,"href":"https:\/\/fvcomponentes.com\/fr\/wp-json\/wp\/v2\/comments?post=5703"}],"wp:featuredmedia":[{"embeddable":true,"href":"https:\/\/fvcomponentes.com\/fr\/wp-json\/wp\/v2\/media\/7916"}],"wp:attachment":[{"href":"https:\/\/fvcomponentes.com\/fr\/wp-json\/wp\/v2\/media?parent=5703"}],"wp:term":[{"taxonomy":"pwb-brand","embeddable":true,"href":"https:\/\/fvcomponentes.com\/fr\/wp-json\/wp\/v2\/pwb-brand?post=5703"},{"taxonomy":"product_brand","embeddable":true,"href":"https:\/\/fvcomponentes.com\/fr\/wp-json\/wp\/v2\/product_brand?post=5703"},{"taxonomy":"product_cat","embeddable":true,"href":"https:\/\/fvcomponentes.com\/fr\/wp-json\/wp\/v2\/product_cat?post=5703"},{"taxonomy":"product_tag","embeddable":true,"href":"https:\/\/fvcomponentes.com\/fr\/wp-json\/wp\/v2\/product_tag?post=5703"}],"curies":[{"name":"wp","href":"https:\/\/api.w.org\/{rel}","templated":true}]}}