{"id":5701,"date":"2024-01-19T19:29:44","date_gmt":"2024-01-19T18:29:44","guid":{"rendered":"https:\/\/fvcomponentes.com\/?post_type=product&#038;p=5701"},"modified":"2026-04-04T12:49:25","modified_gmt":"2026-04-04T10:49:25","slug":"chargeur-victron-phoenix-smart-ip43-24-16-11-120-240v-psc241651095","status":"publish","type":"product","link":"https:\/\/fvcomponentes.com\/fr\/producto\/cargador-victron-phoenix-smart-ip43-24-16-11-120-240v-psc241651095\/","title":{"rendered":"Victron Phoenix Smart Charger IP43 24\/16 (1+1) 120-240V - PSC241651095"},"content":{"rendered":"<h2>Caract\u00e9ristiques Victron Phoenix Smart Charger IP43 24\/16 (1+1) 120-240V<\/h2>\n<h2>Bluetooth Smart int\u00e9gr\u00e9<\/h2>\n<p>Le chargeur Victron Phoenix Smart IP43 24\/16 (1+1) 120-240V dispose d'une solution sans fil int\u00e9gr\u00e9e pour configurer, surveiller, contr\u00f4ler, mettre \u00e0 jour et synchroniser les chargeurs Phoenix Smart IP43.<\/p>\n<h2>Phoenix Smart (1+1) : deux prises de courant pour la recharge de deux groupes de batteries<\/h2>\n<p>La seconde sortie, limit\u00e9e \u00e0 environ 4 A et avec une tension de sortie l\u00e9g\u00e8rement inf\u00e9rieure, est destin\u00e9e \u00e0 charger compl\u00e8tement une batterie de d\u00e9marrage.<\/p>\n<h2>Phoenix Smart (3) : trois sorties \u00e0 plein courant pour charger 3 groupes de batteries<\/h2>\n<p>Chacune des sorties peut fournir la totalit\u00e9 du courant de sortie nominal. Mais les trois sorties combin\u00e9es ne peuvent jamais d\u00e9passer le courant nominal du chargeur.<\/p>\n<h2>Compensation automatique de la tension<\/h2>\n<p>Le chargeur Victron Phoenix Smart IP43 24\/16 (1+1) 120-240V compense la chute de tension des c\u00e2bles CC en augmentant progressivement la tension de sortie lorsque le courant CC augmente. Veuillez vous r\u00e9f\u00e9rer au manuel pour plus d'informations.<\/p>\n<h2>Algorithme de charge adaptative en 6 \u00e9tapes : charge initiale - absorption - reconditionnement - flottaison - stockage - rafra\u00eechissement<\/h2>\n<p>Le chargeur intelligent Phoenix est dot\u00e9 de notre syst\u00e8me de gestion de batterie \"adaptatif\" bien connu, qui peut \u00eatre configur\u00e9 pour diff\u00e9rents types de batterie. Sa fonction \"adaptative\" optimise automatiquement le processus de charge en fonction de l'utilisation de la batterie.<\/p>\n<h2>La bonne quantit\u00e9 de charge : un temps d'absorption adaptatif<\/h2>\n<p>Lorsque la d\u00e9charge est faible (par exemple, un yacht connect\u00e9 au ponton), la phase de charge d'absorption est raccourcie pour \u00e9viter de surcharger la batterie. Apr\u00e8s une d\u00e9charge profonde, la dur\u00e9e de la charge d'absorption est automatiquement augment\u00e9e pour assurer une recharge compl\u00e8te de la batterie.<\/p>\n<h2>Pr\u00e9vention des dommages dus \u00e0 un d\u00e9gazage excessif : mode BatterySafe<\/h2>\n<p>Si, pour charger rapidement une batterie, on a choisi de combiner un courant de charge \u00e9lev\u00e9 et une tension d'absorption \u00e9lev\u00e9e, le chargeur \u00e9vitera les dommages dus \u00e0 un gazage excessif en limitant automatiquement le taux d'augmentation de la tension une fois que la tension de gazage a \u00e9t\u00e9 atteinte.<\/p>\n<h2>R\u00e9duction du vieillissement et du besoin de maintenance lorsque la batterie n'est pas utilis\u00e9e : mode stockage.<\/h2>\n<p>Le mode stockage est activ\u00e9 lorsque la batterie n'a pas \u00e9t\u00e9 d\u00e9charg\u00e9e pendant 24 heures. En mode stockage, la tension de flottaison est r\u00e9duite \u00e0 2,2 V\/\u00e9l\u00e9ment (13,2 V pour les batteries de 12 V) afin de minimiser le d\u00e9gagement gazeux et la corrosion des plaques positives. Une fois par semaine, la tension est ramen\u00e9e au niveau d'absorption pour \"\u00e9quilibrer\" la batterie.<br \/>\nbatterie. Cette fonction emp\u00eache la stratification et la sulfatation de l'\u00e9lectrolyte, qui sont les principales causes de d\u00e9faillance de la batterie.<\/p>\n<h2>charge \u00e9galement les batteries lithium-ion (LiFePO\u2084)<\/h2>\n<p>Un simple contr\u00f4le marche\/arr\u00eat peut \u00eatre mis en \u0153uvre en connectant un relais ou un optocoupleur avec une sortie collecteur ouvert d'un BMS Li-Ion au port marche\/arr\u00eat \u00e0 distance. Il est \u00e9galement possible d'obtenir un contr\u00f4le complet de la tension et du courant via Bluetooth.<\/p>\n<h2>Algorithme de chargement enti\u00e8rement programmable dans le<\/h2>\n<h2>Chargeur Victron Phoenix Smart IP43 24\/16 (1+1) 120-240V<\/h2>\n<p>L'algorithme de charge peut \u00eatre programm\u00e9 via Bluetooth ou l'interface VE.Direct. Trois algorithmes de charge pr\u00e9programm\u00e9s peuvent \u00eatre s\u00e9lectionn\u00e9s \u00e0 l'aide du bouton mode (voir sp\u00e9cifications).<\/p>\n<h2>Capteur de temp\u00e9rature et de tension de la batterie externe en option via Bluetooth<\/h2>\n<p>Un capteur Smart Battery Sense ou un moniteur de batterie intelligent BMV-712 peut \u00eatre utilis\u00e9 pour communiquer la tension et la temp\u00e9rature de la batterie \u00e0 un ou plusieurs chargeurs Phoenix Smart IP43.<\/p>\n<h2>Marche\/Arr\u00eat \u00e0 distance<\/h2>\n<ul>\n<li>La t\u00e9l\u00e9commande marche\/arr\u00eat se compose de deux bornes : H remote et L remote.<\/li>\n<li>Un interrupteur marche\/arr\u00eat \u00e0 distance ou un contact de relais entre H et L peut \u00eatre connect\u00e9.<\/li>\n<li>Il est \u00e9galement possible de r\u00e9gler la borne H \u00e0 un niveau sup\u00e9rieur ou la borne L \u00e0 un niveau inf\u00e9rieur.<br \/>\n<em>Voir le manuel pour plus de d\u00e9tails.<\/em><\/li>\n<\/ul>\n<h2>VE.Interface directe<\/h2>\n<p>Pour une connexion de donn\u00e9es c\u00e2bl\u00e9e \u00e0 un dispositif GX, tel que le <a href=\"https:\/\/fvcomponentes.com\/fr\/produit\/victron-cerbo-gx-mk2-bpp900451100-victron-cerbo-mk2-monitor\/\" target=\"_blank\" rel=\"noopener\">Victron Cerbo GX MK2 Monitoring - BPP900451100<\/a>\u00e0 un PC ou \u00e0 d'autres appareils. Il permet \u00e9galement d'activer la fonction de lecture instantan\u00e9e, par le biais de <a href=\"https:\/\/www.victronenergy.com.es\/panel-systems-remote-monitoring\/victronconnect\" target=\"_blank\" rel=\"noopener\">VictronConnect<\/a> \u00e0 distance du VRM.<\/p>\n<h2>Relais programmable<\/h2>\n<p>Il peut \u00eatre programm\u00e9 \u00e0 l'aide de l'interface VE.Direct ou d'un dispositif Bluetooth pour d\u00e9clencher une alarme ou d'autres \u00e9v\u00e9nements.<\/p>\n<h2>Chargement synchronis\u00e9<\/h2>\n<p>Lors du couplage de deux chargeurs Phoenix Smart IP43 ou plus sur un r\u00e9seau VE.S.<\/p>\n<h2>Fiche technique Victron Phoenix Smart Charger IP43 24\/16 (1+1) 120-240V - PSC241651095<\/h2>\n<p><a href=\"https:\/\/fvcomponentes.com\/wp-content\/uploads\/2023\/03\/120-240-Datasheet-Phoenix-Smart-IP43-Charger-ES.pdf\" target=\"_blank\" rel=\"noopener\">Voir la fiche technique du chargeur intelligent Victron Phoenix IP43 24\/16 (1+1) 120-240V - PSC241651095<\/a><\/p>","protected":false},"excerpt":{"rendered":"<p><strong>Tension d'entr\u00e9e : <\/strong>85 - 250 VAC (pleine puissance \u00e0 partir de 100 VAC, d\u00e9marrage \u00e0 partir de 90 VAC)<br \/>\n<strong>Plage de tension d'entr\u00e9e DC : <\/strong>90 - 375 VDC<br \/>\n<strong>Fr\u00e9quence : <\/strong>45-65 Hz<br \/>\n<strong>Courant de charge de la batterie auxiliaire : <\/strong>16A<br \/>\n<strong>Mode faible courant : <\/strong>8A<br \/>\n<strong>Poids : <\/strong>2,7kg<br \/>\n<strong>Dimensions : <\/strong>180 x 249 x 116 mm<\/p>","protected":false},"featured_media":7913,"comment_status":"open","ping_status":"closed","template":"","meta":{"site-sidebar-layout":"default","site-content-layout":"default","ast-site-content-layout":"default","site-content-style":"default","site-sidebar-style":"default","ast-global-header-display":"","ast-banner-title-visibility":"","ast-main-header-display":"","ast-hfb-above-header-display":"","ast-hfb-below-header-display":"","ast-hfb-mobile-header-display":"","site-post-title":"","ast-breadcrumbs-content":"","ast-featured-img":"","footer-sml-layout":"","ast-disable-related-posts":"","theme-transparent-header-meta":"default","adv-header-id-meta":"","stick-header-meta":"","header-above-stick-meta":"","header-main-stick-meta":"","header-below-stick-meta":"","astra-migrate-meta-layouts":"set","ast-page-background-enabled":"default","ast-page-background-meta":{"desktop":{"background-color":"var(--ast-global-color-4)","background-image":"","background-repeat":"repeat","background-position":"center center","background-size":"auto","background-attachment":"scroll","background-type":"","background-media":"","overlay-type":"","overlay-color":"","overlay-opacity":"","overlay-gradient":""},"tablet":{"background-color":"","background-image":"","background-repeat":"repeat","background-position":"center center","background-size":"auto","background-attachment":"scroll","background-type":"","background-media":"","overlay-type":"","overlay-color":"","overlay-opacity":"","overlay-gradient":""},"mobile":{"background-color":"","background-image":"","background-repeat":"repeat","background-position":"center center","background-size":"auto","background-attachment":"scroll","background-type":"","background-media":"","overlay-type":"","overlay-color":"","overlay-opacity":"","overlay-gradient":""}},"ast-content-background-meta":{"desktop":{"background-color":"var(--ast-global-color-5)","background-image":"","background-repeat":"repeat","background-position":"center center","background-size":"auto","background-attachment":"scroll","background-type":"","background-media":"","overlay-type":"","overlay-color":"","overlay-opacity":"","overlay-gradient":""},"tablet":{"background-color":"var(--ast-global-color-5)","background-image":"","background-repeat":"repeat","background-position":"center center","background-size":"auto","background-attachment":"scroll","background-type":"","background-media":"","overlay-type":"","overlay-color":"","overlay-opacity":"","overlay-gradient":""},"mobile":{"background-color":"var(--ast-global-color-5)","background-image":"","background-repeat":"repeat","background-position":"center center","background-size":"auto","background-attachment":"scroll","background-type":"","background-media":"","overlay-type":"","overlay-color":"","overlay-opacity":"","overlay-gradient":""}}},"pwb-brand":[332],"product_brand":[],"product_cat":[462,419],"product_tag":[],"class_list":{"0":"post-5701","1":"product","2":"type-product","3":"status-publish","4":"has-post-thumbnail","6":"pwb-brand-victron","7":"product_cat-cargador-de-baterias-24-v","8":"product_cat-cargadores-de-baterias","9":"desktop-align-left","10":"tablet-align-left","11":"mobile-align-left","12":"ast-product-gallery-layout-horizontal-slider","13":"ast-product-gallery-with-no-image","14":"ast-product-tabs-layout-horizontal","16":"first","17":"instock","18":"taxable","19":"shipping-taxable","20":"purchasable","21":"product-type-simple"},"wcpa_form_fields":null,"brands":[{"id":332,"name":"Victron Energy","slug":"victron"}],"_links":{"self":[{"href":"https:\/\/fvcomponentes.com\/fr\/wp-json\/wp\/v2\/product\/5701","targetHints":{"allow":["GET"]}}],"collection":[{"href":"https:\/\/fvcomponentes.com\/fr\/wp-json\/wp\/v2\/product"}],"about":[{"href":"https:\/\/fvcomponentes.com\/fr\/wp-json\/wp\/v2\/types\/product"}],"replies":[{"embeddable":true,"href":"https:\/\/fvcomponentes.com\/fr\/wp-json\/wp\/v2\/comments?post=5701"}],"wp:featuredmedia":[{"embeddable":true,"href":"https:\/\/fvcomponentes.com\/fr\/wp-json\/wp\/v2\/media\/7913"}],"wp:attachment":[{"href":"https:\/\/fvcomponentes.com\/fr\/wp-json\/wp\/v2\/media?parent=5701"}],"wp:term":[{"taxonomy":"pwb-brand","embeddable":true,"href":"https:\/\/fvcomponentes.com\/fr\/wp-json\/wp\/v2\/pwb-brand?post=5701"},{"taxonomy":"product_brand","embeddable":true,"href":"https:\/\/fvcomponentes.com\/fr\/wp-json\/wp\/v2\/product_brand?post=5701"},{"taxonomy":"product_cat","embeddable":true,"href":"https:\/\/fvcomponentes.com\/fr\/wp-json\/wp\/v2\/product_cat?post=5701"},{"taxonomy":"product_tag","embeddable":true,"href":"https:\/\/fvcomponentes.com\/fr\/wp-json\/wp\/v2\/product_tag?post=5701"}],"curies":[{"name":"wp","href":"https:\/\/api.w.org\/{rel}","templated":true}]}}