{"id":5668,"date":"2024-01-19T19:29:47","date_gmt":"2024-01-19T18:29:47","guid":{"rendered":"https:\/\/fvcomponentes.com\/?post_type=product&#038;p=5668"},"modified":"2026-04-08T21:34:50","modified_gmt":"2026-04-08T19:34:50","slug":"chargeur-victron-phoenix-smart-ip43-12-30-11-230v-psc123051085","status":"publish","type":"product","link":"https:\/\/fvcomponentes.com\/fr\/producto\/cargador-victron-phoenix-smart-ip43-12-30-11-230v-psc123051085\/","title":{"rendered":"Chargeur Victron Phoenix Smart IP43 12\/30 (1+1) 230V - PSC123051085"},"content":{"rendered":"<h2 class=\"tw-data-text tw-text-large tw-ta\" dir=\"ltr\" data-placeholder=\"Traducci\u00f3n\"><span class=\"Y2IQFc\" lang=\"es\">Bluetooth Smart int\u00e9gr\u00e9<\/span><\/h2>\n<p class=\"tw-data-text tw-text-large tw-ta\" dir=\"ltr\" data-placeholder=\"Traducci\u00f3n\"><span class=\"Y2IQFc\" lang=\"es\">La solution sans fil pour configurer, surveiller, contr\u00f4ler et mettre \u00e0 jour les chargeurs Phoenix Smart IP43. <\/span><\/p>\n<h2 class=\"tw-data-text tw-text-large tw-ta\" dir=\"ltr\" data-placeholder=\"Traducci\u00f3n\"><span class=\"Y2IQFc\" lang=\"es\">Phoenix Smart (1+1) : deux sorties pour la charge de deux batteries<\/span><\/h2>\n<p class=\"tw-data-text tw-text-large tw-ta\" dir=\"ltr\" data-placeholder=\"Traducci\u00f3n\"><span class=\"Y2IQFc\" lang=\"es\">La seconde sortie, limit\u00e9e \u00e0 environ 3 A et avec une tension de sortie l\u00e9g\u00e8rement inf\u00e9rieure, est destin\u00e9e \u00e0 la recharge d'une batterie de d\u00e9marrage. <\/span><\/p>\n<h2 class=\"tw-data-text tw-text-large tw-ta\" dir=\"ltr\" data-placeholder=\"Traducci\u00f3n\"><span class=\"Y2IQFc\" lang=\"es\">Phoenix Smart (3) : trois sorties \u00e0 plein courant pour charger 3 groupes de batteries<\/span><\/h2>\n<p class=\"tw-data-text tw-text-large tw-ta\" dir=\"ltr\" data-placeholder=\"Traducci\u00f3n\"><span class=\"Y2IQFc\" lang=\"es\">Chaque sortie peut fournir la totalit\u00e9 du courant de sortie nominal. Mais le total des 3 sorties combin\u00e9es ne peut jamais d\u00e9passer le courant nominal du chargeur. <\/span><\/p>\n<h2 class=\"tw-data-text tw-text-large tw-ta\" dir=\"ltr\" data-placeholder=\"Traducci\u00f3n\"><span class=\"Y2IQFc\" lang=\"es\">Compensation automatique de la tension<\/span><\/h2>\n<p class=\"tw-data-text tw-text-large tw-ta\" dir=\"ltr\" data-placeholder=\"Traducci\u00f3n\"><span class=\"Y2IQFc\" lang=\"es\">Le chargeur compense la chute de tension dans le c\u00e2blage CC en augmentant l\u00e9g\u00e8rement la tension de sortie lorsque le courant CC augmente.<\/span><\/p>\n<h2 class=\"tw-data-text tw-text-large tw-ta\" dir=\"ltr\" data-placeholder=\"Traducci\u00f3n\"><span class=\"Y2IQFc\" lang=\"es\">Algorithme de charge adaptative en 6 \u00e9tapes : volume, absorption, reconditionnement, flottaison, stockage, rafra\u00eechissement.<\/span><\/h2>\n<p class=\"tw-data-text tw-text-large tw-ta\" dir=\"ltr\" data-placeholder=\"Traducci\u00f3n\"><span class=\"Y2IQFc\" lang=\"es\">Le chargeur intelligent Phoenix est dot\u00e9 de notre syst\u00e8me de gestion de la batterie \"adaptatif\" qui peut \u00eatre pr\u00e9r\u00e9gl\u00e9 pour s'adapter \u00e0 diff\u00e9rents types de batteries. La fonction \"adaptative\" optimise automatiquement le processus de charge en fonction de l'utilisation de la batterie. <\/span><\/p>\n<h2 id=\"tw-target-text\" class=\"tw-data-text tw-text-large tw-ta\" dir=\"ltr\" data-placeholder=\"Traducci\u00f3n\"><span class=\"Y2IQFc\" lang=\"es\">Moins de maintenance et de vieillissement lorsque la batterie n'est pas utilis\u00e9e : mode stockage<\/span><\/h2>\n<p class=\"tw-data-text tw-text-large tw-ta\" dir=\"ltr\" data-placeholder=\"Traducci\u00f3n\"><span class=\"Y2IQFc\" lang=\"es\">Le mode stockage est activ\u00e9 tant que la batterie n'a pas \u00e9t\u00e9 d\u00e9charg\u00e9e pendant 24 heures. En mode stockage, la tension de flottaison est r\u00e9duite \u00e0 2,2 V\/\u00e9l\u00e9ment (13,2 V pour une batterie de 12 V) afin de minimiser le d\u00e9gagement gazeux et la corrosion des plaques positives. Une fois par semaine, la tension est remont\u00e9e au niveau d'absorption pour \"\u00e9galiser\" la batterie. Cette fonction emp\u00eache la stratification et la sulfatation de l'\u00e9lectrolyte, un facteur majeur de d\u00e9faillance pr\u00e9coce de la batterie. <\/span><\/p>\n<h2 class=\"tw-data-text tw-text-large tw-ta\" dir=\"ltr\" data-placeholder=\"Traducci\u00f3n\"><span class=\"Y2IQFc\" lang=\"es\">D\u00e9tection de la temp\u00e9rature et de la tension de la batterie externe optionnelle via Bluetooth<\/span><\/h2>\n<p class=\"tw-data-text tw-text-large tw-ta\" dir=\"ltr\" data-placeholder=\"Traducci\u00f3n\"><span class=\"Y2IQFc\" lang=\"es\">Un capteur de batterie intelligent, un SmartShunt ou un moniteur de batterie intelligent BMV-712 peuvent \u00eatre utilis\u00e9s pour communiquer la tension et la temp\u00e9rature de la batterie \u00e0 un ou plusieurs chargeurs Phoenix Smart IP43 via les r\u00e9seaux VE.Smart. <\/span><\/p>\n<h2 class=\"tw-data-text tw-text-large tw-ta\" dir=\"ltr\" data-placeholder=\"Traducci\u00f3n\"><span class=\"Y2IQFc\" lang=\"es\">Marche\/arr\u00eat \u00e0 distance<\/span><\/h2>\n<p class=\"tw-data-text tw-text-large tw-ta\" dir=\"ltr\" data-placeholder=\"Traducci\u00f3n\"><span class=\"Y2IQFc\" lang=\"es\">La fonction marche\/arr\u00eat \u00e0 distance se compose de deux bornes : Remote H et Remote L. Un interrupteur marche\/arr\u00eat \u00e0 distance ou un contact de relais peut \u00eatre connect\u00e9 entre H et L. Il est \u00e9galement possible de placer la borne H en position haute ou de tirer la borne L en position basse. Voir le manuel pour plus de d\u00e9tails.<\/span><\/p>\n<h2 class=\"tw-data-text tw-text-large tw-ta\" dir=\"ltr\" data-placeholder=\"Traducci\u00f3n\"><span class=\"Y2IQFc\" lang=\"es\"> VE.Interface directe<\/span><\/h2>\n<p class=\"tw-data-text tw-text-large tw-ta\" dir=\"ltr\" data-placeholder=\"Traducci\u00f3n\"><span class=\"Y2IQFc\" lang=\"es\">Pour une connexion de donn\u00e9es c\u00e2bl\u00e9e \u00e0 un dispositif GX, tel que le <a href=\"https:\/\/fvcomponentes.com\/fr\/produit\/victron-cerbo-gx-mk2-bpp900451100-victron-cerbo-mk2-monitor\/\" target=\"_blank\" rel=\"noopener\">Surveillance Victron Cerbo GX MK2 - BPP900451100,<\/a>\u00a0PC ou d'autres appareils. Il permet \u00e9galement une fonctionnalit\u00e9 de lecture instantan\u00e9e via VictronConnect \u00e0 distance du VRM. Voir l'application VictronConnect <\/span><\/p>\n<h2 class=\"tw-data-text tw-text-large tw-ta\" dir=\"ltr\" data-placeholder=\"Traducci\u00f3n\"><span class=\"Y2IQFc\" lang=\"es\">Relais programmable<\/span><\/h2>\n<p class=\"tw-data-text tw-text-large tw-ta\" dir=\"ltr\" data-placeholder=\"Traducci\u00f3n\"><span class=\"Y2IQFc\" lang=\"es\">Peut \u00eatre programm\u00e9 \u00e0 l'aide de l'interface VE.Direct ou d'un appareil Bluetooth pour d\u00e9clencher une alarme ou d'autres \u00e9v\u00e9nements.<\/span><\/p>\n<h2 dir=\"ltr\" data-placeholder=\"Traducci\u00f3n\">Fiche technique Victron Phoenix Smart Charger IP43 12\/30 (1+1) 230V - PSC123051085<\/h2>\n<p dir=\"ltr\" data-placeholder=\"Traducci\u00f3n\"><a href=\"https:\/\/fvcomponentes.com\/wp-content\/uploads\/2023\/03\/Datasheet-Phoenix-Smart-IP43-Charger-230V-EN.pdf\" target=\"_blank\" rel=\"noopener\">Voir la fiche technique du chargeur intelligent Victron Phoenix IP43 12\/30 (1+1) - PSC123051085<\/a><\/p>","protected":false},"excerpt":{"rendered":"<p id=\"tw-target-text\" class=\"tw-data-text tw-text-large tw-ta\" dir=\"ltr\" data-placeholder=\"Traducci\u00f3n\"><strong><span class=\"Y2IQFc\" lang=\"es\">Tension d'entr\u00e9e : <\/span><\/strong><span class=\"Y2IQFc\" lang=\"es\">230 VAC (plage : 210 - 250 V)<\/span><strong><span class=\"Y2IQFc\" lang=\"es\"><br \/>\nTension d'entr\u00e9e DC : <\/span><\/strong><span class=\"Y2IQFc\" lang=\"es\">290 - 355 VDC<\/span><strong><span class=\"Y2IQFc\" lang=\"es\"><br \/>\nFr\u00e9quence :<\/span><\/strong><span class=\"Y2IQFc\" lang=\"es\">\u00a0<\/span><span class=\"Y2IQFc\" lang=\"es\">45-65 Hz<\/span><strong><span class=\"Y2IQFc\" lang=\"es\"><br \/>\nFacteur de puissance : <\/span><\/strong><span class=\"Y2IQFc\" lang=\"es\">0,7<\/span><strong><span class=\"Y2IQFc\" lang=\"es\"><br \/>\nCourant de charge de la batterie domestique :<\/span><\/strong><span class=\"Y2IQFc\" lang=\"es\"> 30\/50A<\/span><strong><span class=\"Y2IQFc\" lang=\"es\"><br \/>\nMode faible courant : <\/span><\/strong><span class=\"Y2IQFc\" lang=\"es\">15\/25a<\/span><strong><span class=\"Y2IQFc\" lang=\"es\"><br \/>\n<\/span><span class=\"Y2IQFc\" lang=\"es\">Poids : <\/span><\/strong><span class=\"Y2IQFc\" lang=\"es\">3,5 kg\u00a0<\/span><strong><span class=\"Y2IQFc\" lang=\"es\"><br \/>\nDimensions : <\/span><\/strong><span class=\"Y2IQFc\" lang=\"es\">180 x 249 x 100 mm<\/span><\/p>","protected":false},"featured_media":5672,"comment_status":"open","ping_status":"closed","template":"","meta":{"site-sidebar-layout":"default","site-content-layout":"default","ast-site-content-layout":"default","site-content-style":"default","site-sidebar-style":"default","ast-global-header-display":"","ast-banner-title-visibility":"","ast-main-header-display":"","ast-hfb-above-header-display":"","ast-hfb-below-header-display":"","ast-hfb-mobile-header-display":"","site-post-title":"","ast-breadcrumbs-content":"","ast-featured-img":"","footer-sml-layout":"","ast-disable-related-posts":"","theme-transparent-header-meta":"default","adv-header-id-meta":"","stick-header-meta":"","header-above-stick-meta":"","header-main-stick-meta":"","header-below-stick-meta":"","astra-migrate-meta-layouts":"set","ast-page-background-enabled":"default","ast-page-background-meta":{"desktop":{"background-color":"var(--ast-global-color-4)","background-image":"","background-repeat":"repeat","background-position":"center center","background-size":"auto","background-attachment":"scroll","background-type":"","background-media":"","overlay-type":"","overlay-color":"","overlay-opacity":"","overlay-gradient":""},"tablet":{"background-color":"","background-image":"","background-repeat":"repeat","background-position":"center center","background-size":"auto","background-attachment":"scroll","background-type":"","background-media":"","overlay-type":"","overlay-color":"","overlay-opacity":"","overlay-gradient":""},"mobile":{"background-color":"","background-image":"","background-repeat":"repeat","background-position":"center center","background-size":"auto","background-attachment":"scroll","background-type":"","background-media":"","overlay-type":"","overlay-color":"","overlay-opacity":"","overlay-gradient":""}},"ast-content-background-meta":{"desktop":{"background-color":"var(--ast-global-color-5)","background-image":"","background-repeat":"repeat","background-position":"center center","background-size":"auto","background-attachment":"scroll","background-type":"","background-media":"","overlay-type":"","overlay-color":"","overlay-opacity":"","overlay-gradient":""},"tablet":{"background-color":"var(--ast-global-color-5)","background-image":"","background-repeat":"repeat","background-position":"center center","background-size":"auto","background-attachment":"scroll","background-type":"","background-media":"","overlay-type":"","overlay-color":"","overlay-opacity":"","overlay-gradient":""},"mobile":{"background-color":"var(--ast-global-color-5)","background-image":"","background-repeat":"repeat","background-position":"center center","background-size":"auto","background-attachment":"scroll","background-type":"","background-media":"","overlay-type":"","overlay-color":"","overlay-opacity":"","overlay-gradient":""}}},"pwb-brand":[332],"product_brand":[],"product_cat":[419,461],"product_tag":[],"class_list":{"0":"post-5668","1":"product","2":"type-product","3":"status-publish","4":"has-post-thumbnail","6":"pwb-brand-victron","7":"product_cat-cargadores-de-baterias","8":"product_cat-cargador-de-baterias-12-v","9":"desktop-align-left","10":"tablet-align-left","11":"mobile-align-left","12":"ast-product-gallery-layout-horizontal-slider","13":"ast-product-tabs-layout-horizontal","15":"first","16":"instock","17":"taxable","18":"shipping-taxable","19":"purchasable","20":"product-type-simple"},"wcpa_form_fields":null,"brands":[{"id":332,"name":"Victron Energy","slug":"victron"}],"_links":{"self":[{"href":"https:\/\/fvcomponentes.com\/fr\/wp-json\/wp\/v2\/product\/5668","targetHints":{"allow":["GET"]}}],"collection":[{"href":"https:\/\/fvcomponentes.com\/fr\/wp-json\/wp\/v2\/product"}],"about":[{"href":"https:\/\/fvcomponentes.com\/fr\/wp-json\/wp\/v2\/types\/product"}],"replies":[{"embeddable":true,"href":"https:\/\/fvcomponentes.com\/fr\/wp-json\/wp\/v2\/comments?post=5668"}],"wp:featuredmedia":[{"embeddable":true,"href":"https:\/\/fvcomponentes.com\/fr\/wp-json\/wp\/v2\/media\/5672"}],"wp:attachment":[{"href":"https:\/\/fvcomponentes.com\/fr\/wp-json\/wp\/v2\/media?parent=5668"}],"wp:term":[{"taxonomy":"pwb-brand","embeddable":true,"href":"https:\/\/fvcomponentes.com\/fr\/wp-json\/wp\/v2\/pwb-brand?post=5668"},{"taxonomy":"product_brand","embeddable":true,"href":"https:\/\/fvcomponentes.com\/fr\/wp-json\/wp\/v2\/product_brand?post=5668"},{"taxonomy":"product_cat","embeddable":true,"href":"https:\/\/fvcomponentes.com\/fr\/wp-json\/wp\/v2\/product_cat?post=5668"},{"taxonomy":"product_tag","embeddable":true,"href":"https:\/\/fvcomponentes.com\/fr\/wp-json\/wp\/v2\/product_tag?post=5668"}],"curies":[{"name":"wp","href":"https:\/\/api.w.org\/{rel}","templated":true}]}}