{"id":5638,"date":"2024-01-19T19:31:11","date_gmt":"2024-01-19T18:31:11","guid":{"rendered":"https:\/\/fvcomponentes.com\/?post_type=product&#038;p=5638"},"modified":"2026-04-08T21:27:57","modified_gmt":"2026-04-08T19:27:57","slug":"valise-de-transport-pour-chargeurs-blue-smart-ip65-et-accessoires-victron-bpc940100100","status":"publish","type":"product","link":"https:\/\/fvcomponentes.com\/fr\/producto\/maletin-de-transporte-para-cargadores-blue-smart-ip65-y-accesorios-victron-bpc940100100\/","title":{"rendered":"Mallette de transport pour les chargeurs Blue Smart IP65 et les accessoires Victron - BPC940100100"},"content":{"rendered":"<p>L'\u00e9tui id\u00e9al pour le voyageur moderne : \u00e9l\u00e9gant et professionnel. Ce nouvel \u00e9tui avec fermeture \u00e0 bouton pression a \u00e9t\u00e9 con\u00e7u pour assurer la commodit\u00e9 et la s\u00e9curit\u00e9 de vos appareils \u00e9lectroniques. A l'int\u00e9rieur, vous pouvez ranger en toute s\u00e9curit\u00e9 votre chargeur Blue Smart IP65 et tous vos accessoires, en veillant \u00e0 ce qu'ils soient toujours prot\u00e9g\u00e9s et pr\u00eats \u00e0 l'emploi.<\/p>\n<p>Les compartiments soigneusement con\u00e7us de cette mallette sont parfaits pour accueillir votre chargeur Blue Smart IP65 et tous les composants n\u00e9cessaires. Les c\u00e2bles d'entr\u00e9e et de sortie ont leur place attitr\u00e9e, \u00e9vitant ainsi ces enchev\u00eatrements g\u00eanants qui semblent in\u00e9vitablement se produire dans tout sac de voyage. De plus, nous avons pris en compte les c\u00e2bles de batterie et leurs pinces, offrant une solution unique pour tous vos besoins de charge.<\/p>\n<p>L'\u00e9l\u00e9gance et le professionnalisme sont r\u00e9unis dans la conception de cet \u00e9tui, dont les d\u00e9tails ne passent pas inaper\u00e7us. La qualit\u00e9 des mat\u00e9riaux utilis\u00e9s garantit la durabilit\u00e9 et la solidit\u00e9 de l'\u00e9tui, qui prot\u00e8ge vos appareils \u00e0 chaque voyage. Que vous vous rendiez \u00e0 une r\u00e9union d'affaires, \u00e0 un voyage d'agr\u00e9ment ou \u00e0 toute autre destination, cet \u00e9tui deviendra votre compagnon indispensable.<\/p>\n<p>Veuillez noter que le chargeur et les accessoires ne sont pas inclus dans la mallette, mais que celle-ci est pr\u00eate \u00e0 les accueillir en toute s\u00e9curit\u00e9. Avec cette mallette, vous pouvez \u00eatre s\u00fbr que vos appareils \u00e9lectroniques seront toujours organis\u00e9s et prot\u00e9g\u00e9s, quel que soit l'endroit o\u00f9 vous voyagez.<\/p>\n<h2>Fiche technique Chargeur Blue Smart IP65 Mallette de transport et accessoires <a href=\"https:\/\/www.victronenergy.com.es\/\" target=\"_blank\" rel=\"noopener\">Victron<\/a> - BPC940100100<\/h2>\n<p><a href=\"https:\/\/fvcomponentes.com\/wp-content\/uploads\/2023\/03\/ficha-tecnica-maletin-azul.pdf\" target=\"_blank\" rel=\"noopener\">Voir la fiche technique de la mallette de transport du chargeur Blue Smart IP65 et des accessoires Victron - BPC940100100<\/a><\/p>","protected":false},"excerpt":{"rendered":"<p id=\"tw-target-text\" class=\"tw-data-text tw-text-large tw-ta\" dir=\"ltr\" data-placeholder=\"Traducci\u00f3n\"><span class=\"Y2IQFc\" lang=\"es\">Mallette de transport pour chargeurs BPC et accessoires (jusqu'\u00e0 12\/15 et 24\/8).<br \/>\n<\/span><span class=\"Y2IQFc\" lang=\"es\">Dimensions : 295 x 350 x 105 mm<\/span><\/p>","protected":false},"featured_media":5640,"comment_status":"open","ping_status":"closed","template":"","meta":{"site-sidebar-layout":"default","site-content-layout":"default","ast-site-content-layout":"default","site-content-style":"default","site-sidebar-style":"default","ast-global-header-display":"","ast-banner-title-visibility":"","ast-main-header-display":"","ast-hfb-above-header-display":"","ast-hfb-below-header-display":"","ast-hfb-mobile-header-display":"","site-post-title":"","ast-breadcrumbs-content":"","ast-featured-img":"","footer-sml-layout":"","ast-disable-related-posts":"","theme-transparent-header-meta":"default","adv-header-id-meta":"","stick-header-meta":"","header-above-stick-meta":"","header-main-stick-meta":"","header-below-stick-meta":"","astra-migrate-meta-layouts":"set","ast-page-background-enabled":"default","ast-page-background-meta":{"desktop":{"background-color":"var(--ast-global-color-4)","background-image":"","background-repeat":"repeat","background-position":"center center","background-size":"auto","background-attachment":"scroll","background-type":"","background-media":"","overlay-type":"","overlay-color":"","overlay-opacity":"","overlay-gradient":""},"tablet":{"background-color":"","background-image":"","background-repeat":"repeat","background-position":"center center","background-size":"auto","background-attachment":"scroll","background-type":"","background-media":"","overlay-type":"","overlay-color":"","overlay-opacity":"","overlay-gradient":""},"mobile":{"background-color":"","background-image":"","background-repeat":"repeat","background-position":"center center","background-size":"auto","background-attachment":"scroll","background-type":"","background-media":"","overlay-type":"","overlay-color":"","overlay-opacity":"","overlay-gradient":""}},"ast-content-background-meta":{"desktop":{"background-color":"var(--ast-global-color-5)","background-image":"","background-repeat":"repeat","background-position":"center center","background-size":"auto","background-attachment":"scroll","background-type":"","background-media":"","overlay-type":"","overlay-color":"","overlay-opacity":"","overlay-gradient":""},"tablet":{"background-color":"var(--ast-global-color-5)","background-image":"","background-repeat":"repeat","background-position":"center center","background-size":"auto","background-attachment":"scroll","background-type":"","background-media":"","overlay-type":"","overlay-color":"","overlay-opacity":"","overlay-gradient":""},"mobile":{"background-color":"var(--ast-global-color-5)","background-image":"","background-repeat":"repeat","background-position":"center center","background-size":"auto","background-attachment":"scroll","background-type":"","background-media":"","overlay-type":"","overlay-color":"","overlay-opacity":"","overlay-gradient":""}}},"pwb-brand":[332],"product_brand":[],"product_cat":[419,966],"product_tag":[],"class_list":{"0":"post-5638","1":"product","2":"type-product","3":"status-publish","4":"has-post-thumbnail","6":"pwb-brand-victron","7":"product_cat-cargadores-de-baterias","8":"product_cat-accesorios-cargadores","9":"desktop-align-left","10":"tablet-align-left","11":"mobile-align-left","12":"ast-product-gallery-layout-horizontal-slider","13":"ast-product-tabs-layout-horizontal","15":"first","16":"instock","17":"taxable","18":"shipping-taxable","19":"purchasable","20":"product-type-simple"},"wcpa_form_fields":null,"brands":[{"id":332,"name":"Victron Energy","slug":"victron"}],"_links":{"self":[{"href":"https:\/\/fvcomponentes.com\/fr\/wp-json\/wp\/v2\/product\/5638","targetHints":{"allow":["GET"]}}],"collection":[{"href":"https:\/\/fvcomponentes.com\/fr\/wp-json\/wp\/v2\/product"}],"about":[{"href":"https:\/\/fvcomponentes.com\/fr\/wp-json\/wp\/v2\/types\/product"}],"replies":[{"embeddable":true,"href":"https:\/\/fvcomponentes.com\/fr\/wp-json\/wp\/v2\/comments?post=5638"}],"wp:featuredmedia":[{"embeddable":true,"href":"https:\/\/fvcomponentes.com\/fr\/wp-json\/wp\/v2\/media\/5640"}],"wp:attachment":[{"href":"https:\/\/fvcomponentes.com\/fr\/wp-json\/wp\/v2\/media?parent=5638"}],"wp:term":[{"taxonomy":"pwb-brand","embeddable":true,"href":"https:\/\/fvcomponentes.com\/fr\/wp-json\/wp\/v2\/pwb-brand?post=5638"},{"taxonomy":"product_brand","embeddable":true,"href":"https:\/\/fvcomponentes.com\/fr\/wp-json\/wp\/v2\/product_brand?post=5638"},{"taxonomy":"product_cat","embeddable":true,"href":"https:\/\/fvcomponentes.com\/fr\/wp-json\/wp\/v2\/product_cat?post=5638"},{"taxonomy":"product_tag","embeddable":true,"href":"https:\/\/fvcomponentes.com\/fr\/wp-json\/wp\/v2\/product_tag?post=5638"}],"curies":[{"name":"wp","href":"https:\/\/api.w.org\/{rel}","templated":true}]}}