{"id":5601,"date":"2024-01-19T19:29:58","date_gmt":"2024-01-19T18:29:58","guid":{"rendered":"https:\/\/fvcomponentes.com\/?post_type=product&#038;p=5601"},"modified":"2026-01-15T10:07:04","modified_gmt":"2026-01-15T09:07:04","slug":"chargeur-de-batterie-victron-blue-smart-ip65-chargeur-12v-15a-dc-connector-bpc121531064r","status":"publish","type":"product","link":"https:\/\/fvcomponentes.com\/fr\/producto\/cargador-de-baterias-victron-blue-smart-ip65-charger-12v-15a-dc-connector-bpc121531064r\/","title":{"rendered":"Chargeur de batterie Victron Blue Smart IP65 Charger 12V\/15A + connecteur DC - BPC121531064R"},"content":{"rendered":"<h2>Description du chargeur<\/h2>\n<p>Le chargeur Victron Blue Smart IP65 12V\/15A + connecteur DC est un chargeur de batterie de pointe avec technologie Bluetooth int\u00e9gr\u00e9e. Ce chargeur professionnel est parfait pour votre atelier ainsi que pour les v\u00e9hicules motoris\u00e9s, y compris les voitures classiques, les motos, les bateaux et les camping-cars.<\/p>\n<h2><strong>Une charge intelligente pour des batteries saines<\/strong><\/h2>\n<p>Gr\u00e2ce \u00e0 un algorithme de charge avanc\u00e9 en sept \u00e9tapes, le chargeur Blue Smart IP65 optimise les performances de votre batterie et prolonge sa dur\u00e9e de vie. Il d\u00e9livre la quantit\u00e9 pr\u00e9cise d'\u00e9nergie dont votre batterie a besoin, la maintenant ainsi dans un \u00e9tat optimal.<\/p>\n<h2>Caract\u00e9ristiques exceptionnelles<\/h2>\n<ul>\n<li>R\u00e9sistant \u00e0 l'eau, \u00e0 la poussi\u00e8re et aux produits chimiques, il garantit une durabilit\u00e9 dans diff\u00e9rents environnements.<\/li>\n<li>R\u00e9cup\u00e9ration des batteries compl\u00e8tement d\u00e9charg\u00e9es.<\/li>\n<li>Fonction d'alimentation automatique.<\/li>\n<li>Excellente r\u00e9sistance au froid, jusqu'\u00e0 -30\u00b0C.<\/li>\n<li>Mode basse consommation pour charger les petites batteries.<\/li>\n<li>Compatible avec les batteries lithium-ion.<\/li>\n<li>Contr\u00f4le et configuration via Bluetooth Smart pour les relev\u00e9s de tension et de courant.<\/li>\n<\/ul>\n<h2>R\u00e9cup\u00e9ration des batteries fortement d\u00e9charg\u00e9es<\/h2>\n<p>Contrairement \u00e0 d'autres chargeurs, celui-ci tente de ranimer une batterie profond\u00e9ment d\u00e9charg\u00e9e en fournissant un courant initial faible. La charge normale reprend automatiquement lorsque la batterie atteint une tension suffisante \u00e0 ses bornes.<\/p>\n<h2>Connexion simple<\/h2>\n<p>Le chargeur comprend des pinces crocodiles et des \u0153illets M8 pour faciliter la connexion \u00e0 la batterie, ce qui permet une installation permanente si n\u00e9cessaire.<\/p>\n<h2>Contr\u00f4le \u00e0 distance de l'\u00e9tat de la batterie<\/h2>\n<p>Gr\u00e2ce \u00e0 son Bluetooth int\u00e9gr\u00e9, le chargeur vous permet de v\u00e9rifier l'\u00e9tat du chargeur et de la batterie \u00e0 distance via votre smartphone, votre tablette ou votre ordinateur portable. Tous les param\u00e8tres du chargeur peuvent \u00eatre r\u00e9gl\u00e9s \u00e0 l'aide de la fonction <a href=\"https:\/\/www.victronenergy.com\/panel-systems-remote-monitoring\/victronconnect\" target=\"_blank\" rel=\"noopener\">Application VictronConnect<\/a>qui vous permet de contr\u00f4ler enti\u00e8rement vos syst\u00e8mes de charge de batterie.<\/p>\n<h2 dir=\"ltr\" data-placeholder=\"Traducci\u00f3n\">Fiche technique Chargeur de batterie Victron Blue Smart IP65 Chargeur 12V\/15A + connecteur DC - BPC121531064R<\/h2>\n<p dir=\"ltr\" data-placeholder=\"Traducci\u00f3n\"><a href=\"https:\/\/fvcomponentes.com\/wp-content\/uploads\/2023\/03\/IP65_A4_2022_smart_230V_EN_highres.pdf\" target=\"_blank\" rel=\"noopener\">Voir le chargeur Victron Blue Smart IP65 12V\/15A + connecteur DC - BPC121531064R - Fiche technique<\/a><\/p>","protected":false},"excerpt":{"rendered":"<p><span class=\"Y2IQFc\" lang=\"es\"><strong>Tension d'entr\u00e9e et gamme de fr\u00e9quences :<\/strong> 230vac<br \/>\n<\/span><span class=\"Y2IQFc\" lang=\"es\"><strong> Efficacit\u00e9 :<\/strong> 94%<br \/>\n<strong>Consommation en veille : <\/strong>0,5w<br \/>\n<strong>Courant de charge :<\/strong> 15A<br \/>\n<strong>Mode faible courant :<\/strong> 4A<br \/>\n<strong>Poids : <\/strong>0,9kg<br \/>\n<strong>Dimensions : : <\/strong>60 x 105 x 190 mm<\/span><\/p>","protected":false},"featured_media":5602,"comment_status":"open","ping_status":"closed","template":"","meta":{"site-sidebar-layout":"default","site-content-layout":"default","ast-site-content-layout":"default","site-content-style":"default","site-sidebar-style":"default","ast-global-header-display":"","ast-banner-title-visibility":"","ast-main-header-display":"","ast-hfb-above-header-display":"","ast-hfb-below-header-display":"","ast-hfb-mobile-header-display":"","site-post-title":"","ast-breadcrumbs-content":"","ast-featured-img":"","footer-sml-layout":"","ast-disable-related-posts":"","theme-transparent-header-meta":"default","adv-header-id-meta":"","stick-header-meta":"","header-above-stick-meta":"","header-main-stick-meta":"","header-below-stick-meta":"","astra-migrate-meta-layouts":"set","ast-page-background-enabled":"default","ast-page-background-meta":{"desktop":{"background-color":"var(--ast-global-color-4)","background-image":"","background-repeat":"repeat","background-position":"center center","background-size":"auto","background-attachment":"scroll","background-type":"","background-media":"","overlay-type":"","overlay-color":"","overlay-opacity":"","overlay-gradient":""},"tablet":{"background-color":"","background-image":"","background-repeat":"repeat","background-position":"center center","background-size":"auto","background-attachment":"scroll","background-type":"","background-media":"","overlay-type":"","overlay-color":"","overlay-opacity":"","overlay-gradient":""},"mobile":{"background-color":"","background-image":"","background-repeat":"repeat","background-position":"center center","background-size":"auto","background-attachment":"scroll","background-type":"","background-media":"","overlay-type":"","overlay-color":"","overlay-opacity":"","overlay-gradient":""}},"ast-content-background-meta":{"desktop":{"background-color":"var(--ast-global-color-5)","background-image":"","background-repeat":"repeat","background-position":"center center","background-size":"auto","background-attachment":"scroll","background-type":"","background-media":"","overlay-type":"","overlay-color":"","overlay-opacity":"","overlay-gradient":""},"tablet":{"background-color":"var(--ast-global-color-5)","background-image":"","background-repeat":"repeat","background-position":"center center","background-size":"auto","background-attachment":"scroll","background-type":"","background-media":"","overlay-type":"","overlay-color":"","overlay-opacity":"","overlay-gradient":""},"mobile":{"background-color":"var(--ast-global-color-5)","background-image":"","background-repeat":"repeat","background-position":"center center","background-size":"auto","background-attachment":"scroll","background-type":"","background-media":"","overlay-type":"","overlay-color":"","overlay-opacity":"","overlay-gradient":""}}},"pwb-brand":[332],"product_brand":[],"product_cat":[419,461],"product_tag":[],"class_list":{"0":"post-5601","1":"product","2":"type-product","3":"status-publish","4":"has-post-thumbnail","6":"pwb-brand-victron","7":"product_cat-cargadores-de-baterias","8":"product_cat-cargador-de-baterias-12-v","9":"desktop-align-left","10":"tablet-align-left","11":"mobile-align-left","12":"ast-product-gallery-layout-horizontal-slider","13":"ast-product-tabs-layout-horizontal","15":"first","16":"instock","17":"taxable","18":"shipping-taxable","19":"purchasable","20":"product-type-simple"},"wcpa_form_fields":null,"brands":[{"id":332,"name":"Victron Energy","slug":"victron"}],"_links":{"self":[{"href":"https:\/\/fvcomponentes.com\/fr\/wp-json\/wp\/v2\/product\/5601","targetHints":{"allow":["GET"]}}],"collection":[{"href":"https:\/\/fvcomponentes.com\/fr\/wp-json\/wp\/v2\/product"}],"about":[{"href":"https:\/\/fvcomponentes.com\/fr\/wp-json\/wp\/v2\/types\/product"}],"replies":[{"embeddable":true,"href":"https:\/\/fvcomponentes.com\/fr\/wp-json\/wp\/v2\/comments?post=5601"}],"wp:featuredmedia":[{"embeddable":true,"href":"https:\/\/fvcomponentes.com\/fr\/wp-json\/wp\/v2\/media\/5602"}],"wp:attachment":[{"href":"https:\/\/fvcomponentes.com\/fr\/wp-json\/wp\/v2\/media?parent=5601"}],"wp:term":[{"taxonomy":"pwb-brand","embeddable":true,"href":"https:\/\/fvcomponentes.com\/fr\/wp-json\/wp\/v2\/pwb-brand?post=5601"},{"taxonomy":"product_brand","embeddable":true,"href":"https:\/\/fvcomponentes.com\/fr\/wp-json\/wp\/v2\/product_brand?post=5601"},{"taxonomy":"product_cat","embeddable":true,"href":"https:\/\/fvcomponentes.com\/fr\/wp-json\/wp\/v2\/product_cat?post=5601"},{"taxonomy":"product_tag","embeddable":true,"href":"https:\/\/fvcomponentes.com\/fr\/wp-json\/wp\/v2\/product_tag?post=5601"}],"curies":[{"name":"wp","href":"https:\/\/api.w.org\/{rel}","templated":true}]}}