{"id":5583,"date":"2024-01-19T19:30:21","date_gmt":"2024-01-19T18:30:21","guid":{"rendered":"https:\/\/fvcomponentes.com\/?post_type=product&#038;p=5583"},"modified":"2026-04-04T12:45:09","modified_gmt":"2026-04-04T10:45:09","slug":"chargeur-de-batterie-victron-blue-smart-ip65-chargeur-6v-12v-1-1a-dc-connector-bpc120134034r","status":"publish","type":"product","link":"https:\/\/fvcomponentes.com\/fr\/producto\/cargador-de-baterias-victron-blue-smart-ip65-charger-6v-12v-1-1a-dc-connector-bpc120134034r\/","title":{"rendered":"Chargeur de batterie Victron Blue Smart IP65 Chargeur 6V\/12V 1.1A + connecteur DC - BPC120134034R"},"content":{"rendered":"<h2><strong>Victron Blue Smart IP65 Chargeur de batterie 6V\/ 12A 1.1A + connecteur DC : Optimisez votre charge<\/strong><\/h2>\n<p>Notre <strong>Chargeur de batterie Victron Blue Smart IP65 Chargeur 6V\/12V 1.1A + connecteur DC<\/strong>\u00a0se distingue par son efficacit\u00e9 \u00e9tonnante, atteignant jusqu'\u00e0 95 %. Ces chargeurs g\u00e9n\u00e8rent jusqu'\u00e0 quatre fois moins de chaleur que les standards de l'industrie, ce qui se traduit par des performances plus froides et plus efficaces. Une fois la batterie enti\u00e8rement charg\u00e9e, la consommation d'\u00e9nergie est r\u00e9duite \u00e0 0,5 watts, soit cinq \u00e0 dix fois plus que la norme industrielle.<\/p>\n<h2><strong>Durabilit\u00e9, s\u00e9curit\u00e9 et silence : votre batterie entre de bonnes mains<\/strong><\/h2>\n<p>Nos chargeurs de batterie excellent dans plusieurs domaines cl\u00e9s :<\/p>\n<ul>\n<li><strong>R\u00e9sistance thermique :<\/strong> Nos composants \u00e9lectroniques sont soumis \u00e0 de faibles contraintes thermiques, ce qui leur assure une plus longue dur\u00e9e de vie.<\/li>\n<li><strong>Protection totale :<\/strong> Ils sont con\u00e7us pour r\u00e9sister \u00e0 la poussi\u00e8re, \u00e0 l'eau et aux produits chimiques, ce qui les rend s\u00fbrs dans diverses conditions.<\/li>\n<li><strong>Surchauffe contr\u00f4l\u00e9e :<\/strong> Si la temp\u00e9rature atteint 60\u00b0C, le courant de sortie diminue pour prot\u00e9ger la batterie, mais le chargeur continue \u00e0 fonctionner sans d\u00e9faillance.<\/li>\n<li><strong>Silence absolu :<\/strong> Nos chargeurs sont totalement silencieux, sans ventilateurs ni pi\u00e8ces mobiles.<\/li>\n<\/ul>\n<h2><strong>R\u00e9cup\u00e9ration et remise \u00e0 neuf<\/strong><\/h2>\n<p>Si votre batterie plomb-acide n'a pas \u00e9t\u00e9 suffisamment charg\u00e9e ou est rest\u00e9e d\u00e9charg\u00e9e pendant des jours ou des semaines, il se peut qu'elle ait subi une sulfatation. Notre chargeur peut aider \u00e0 inverser partiellement ce processus en chargeant la batterie avec un faible courant jusqu'\u00e0 une tension plus \u00e9lev\u00e9e.<\/p>\n<h2><strong>R\u00e9cup\u00e9ration des piles enti\u00e8rement d\u00e9charg\u00e9es<\/strong><\/h2>\n<p>Contrairement \u00e0 d'autres chargeurs prot\u00e9g\u00e9s contre l'inversion de polarit\u00e9, notre chargeur Blue Smart IP65 tentera de recharger une batterie compl\u00e8tement d\u00e9charg\u00e9e avec un faible courant, puis continuera \u00e0 charger normalement une fois qu'une tension suffisante sera atteinte aux bornes de la batterie.<\/p>\n<h2><strong>Le contr\u00f4le au bout des doigts avec VictronConnect<\/strong><\/h2>\n<p>Notre candidature <a href=\"https:\/\/www.victronenergy.com\/panel-systems-remote-monitoring\/victronconnect?_ga=2.249519311.999095424.1695798688-1894832855.1692860725\" target=\"_blank\" rel=\"noopener\">VictronConnect<\/a> vous permet d'installer, de lire et de configurer votre chargeur intelligent Blue Smart IP65 via votre smartphone. Contr\u00f4lez les fonctions de votre chargeur, surveillez l'\u00e9tat de votre batterie et acc\u00e9dez aux relev\u00e9s de tension et de courant en toute commodit\u00e9. Disponible pour iOS et Android.<\/p>\n<h2><strong>Mode de stockage et de chargement \u00e0 temp\u00e9rature compens\u00e9e<\/strong><\/h2>\n<p>Notre chargeur offre \u00e9galement un mode de stockage qui r\u00e9duit la corrosion des plaques positives et ajuste la tension de charge en fonction de la temp\u00e9rature ambiante pour une charge efficace.<\/p>\n<h2><strong>Mode batterie lithium-ion<\/strong><\/h2>\n<p>Pour les batteries lithium-ion, notre chargeur utilise un algorithme de charge sp\u00e9cifique qui offre une protection contre les basses tensions et des performances optimales - optimisez votre charge avec nous !<\/p>\n<h2 dir=\"ltr\" data-placeholder=\"Traducci\u00f3n\">Fiche technique Chargeur de batterie Victron Blue Smart IP65 Chargeur 6V\/12V 1,1A + connecteur DC - BPC120134034R<\/h2>\n<p dir=\"ltr\" data-placeholder=\"Traducci\u00f3n\"><a href=\"https:\/\/fvcomponentes.com\/wp-content\/uploads\/2023\/03\/IP65_A4_2022_smart_230V_EN_highres.pdf\" target=\"_blank\" rel=\"noopener\">Voir la fiche technique du chargeur de batterie Victron Blue Smart IP65 6V\/12V 1.1A + connecteur DC -BPC120134034R\u00a0<\/a><\/p>","protected":false},"excerpt":{"rendered":"<p id=\"tw-target-text\" class=\"tw-data-text tw-text-large tw-ta\" dir=\"ltr\" data-placeholder=\"Traducci\u00f3n\"><span class=\"Y2IQFc\" lang=\"es\"><strong>Tension d'entr\u00e9e et gamme de fr\u00e9quences :<\/strong> 230 VAC<br \/>\n<\/span><span class=\"Y2IQFc\" lang=\"es\"><strong> Efficacit\u00e9 :<\/strong> 82%<br \/>\n<strong>Consommation en veille : <\/strong>&lt;0,5 W<br \/>\n<strong>Courant de charge :<\/strong> 1.1 A<br \/>\n<strong>Mode faible courant :<\/strong> 0,5A<br \/>\n<strong>Poids :<\/strong> 0,4kg<br \/>\n<strong>Dimensions : <\/strong>38 x 64 x 153 mm<\/span><\/p>","protected":false},"featured_media":5586,"comment_status":"open","ping_status":"closed","template":"","meta":{"site-sidebar-layout":"default","site-content-layout":"default","ast-site-content-layout":"default","site-content-style":"default","site-sidebar-style":"default","ast-global-header-display":"","ast-banner-title-visibility":"","ast-main-header-display":"","ast-hfb-above-header-display":"","ast-hfb-below-header-display":"","ast-hfb-mobile-header-display":"","site-post-title":"","ast-breadcrumbs-content":"","ast-featured-img":"","footer-sml-layout":"","ast-disable-related-posts":"","theme-transparent-header-meta":"default","adv-header-id-meta":"","stick-header-meta":"","header-above-stick-meta":"","header-main-stick-meta":"","header-below-stick-meta":"","astra-migrate-meta-layouts":"set","ast-page-background-enabled":"default","ast-page-background-meta":{"desktop":{"background-color":"var(--ast-global-color-4)","background-image":"","background-repeat":"repeat","background-position":"center center","background-size":"auto","background-attachment":"scroll","background-type":"","background-media":"","overlay-type":"","overlay-color":"","overlay-opacity":"","overlay-gradient":""},"tablet":{"background-color":"","background-image":"","background-repeat":"repeat","background-position":"center center","background-size":"auto","background-attachment":"scroll","background-type":"","background-media":"","overlay-type":"","overlay-color":"","overlay-opacity":"","overlay-gradient":""},"mobile":{"background-color":"","background-image":"","background-repeat":"repeat","background-position":"center center","background-size":"auto","background-attachment":"scroll","background-type":"","background-media":"","overlay-type":"","overlay-color":"","overlay-opacity":"","overlay-gradient":""}},"ast-content-background-meta":{"desktop":{"background-color":"var(--ast-global-color-5)","background-image":"","background-repeat":"repeat","background-position":"center center","background-size":"auto","background-attachment":"scroll","background-type":"","background-media":"","overlay-type":"","overlay-color":"","overlay-opacity":"","overlay-gradient":""},"tablet":{"background-color":"var(--ast-global-color-5)","background-image":"","background-repeat":"repeat","background-position":"center center","background-size":"auto","background-attachment":"scroll","background-type":"","background-media":"","overlay-type":"","overlay-color":"","overlay-opacity":"","overlay-gradient":""},"mobile":{"background-color":"var(--ast-global-color-5)","background-image":"","background-repeat":"repeat","background-position":"center center","background-size":"auto","background-attachment":"scroll","background-type":"","background-media":"","overlay-type":"","overlay-color":"","overlay-opacity":"","overlay-gradient":""}}},"pwb-brand":[332],"product_brand":[],"product_cat":[419,461],"product_tag":[],"class_list":{"0":"post-5583","1":"product","2":"type-product","3":"status-publish","4":"has-post-thumbnail","6":"pwb-brand-victron","7":"product_cat-cargadores-de-baterias","8":"product_cat-cargador-de-baterias-12-v","9":"desktop-align-left","10":"tablet-align-left","11":"mobile-align-left","12":"ast-product-gallery-layout-horizontal-slider","13":"ast-product-tabs-layout-horizontal","15":"first","16":"instock","17":"taxable","18":"shipping-taxable","19":"purchasable","20":"product-type-simple"},"wcpa_form_fields":null,"brands":[{"id":332,"name":"Victron Energy","slug":"victron"}],"_links":{"self":[{"href":"https:\/\/fvcomponentes.com\/fr\/wp-json\/wp\/v2\/product\/5583","targetHints":{"allow":["GET"]}}],"collection":[{"href":"https:\/\/fvcomponentes.com\/fr\/wp-json\/wp\/v2\/product"}],"about":[{"href":"https:\/\/fvcomponentes.com\/fr\/wp-json\/wp\/v2\/types\/product"}],"replies":[{"embeddable":true,"href":"https:\/\/fvcomponentes.com\/fr\/wp-json\/wp\/v2\/comments?post=5583"}],"wp:featuredmedia":[{"embeddable":true,"href":"https:\/\/fvcomponentes.com\/fr\/wp-json\/wp\/v2\/media\/5586"}],"wp:attachment":[{"href":"https:\/\/fvcomponentes.com\/fr\/wp-json\/wp\/v2\/media?parent=5583"}],"wp:term":[{"taxonomy":"pwb-brand","embeddable":true,"href":"https:\/\/fvcomponentes.com\/fr\/wp-json\/wp\/v2\/pwb-brand?post=5583"},{"taxonomy":"product_brand","embeddable":true,"href":"https:\/\/fvcomponentes.com\/fr\/wp-json\/wp\/v2\/product_brand?post=5583"},{"taxonomy":"product_cat","embeddable":true,"href":"https:\/\/fvcomponentes.com\/fr\/wp-json\/wp\/v2\/product_cat?post=5583"},{"taxonomy":"product_tag","embeddable":true,"href":"https:\/\/fvcomponentes.com\/fr\/wp-json\/wp\/v2\/product_tag?post=5583"}],"curies":[{"name":"wp","href":"https:\/\/api.w.org\/{rel}","templated":true}]}}