{"id":5550,"date":"2023-09-21T09:18:39","date_gmt":"2023-09-21T07:18:39","guid":{"rendered":"https:\/\/fvcomponentes.com\/?post_type=product&#038;p=5550"},"modified":"2025-09-03T19:50:36","modified_gmt":"2025-09-03T17:50:36","slug":"chargeur-donduleur-victron-easyplus-c-12v-1600va-70-16a-cep121620000","status":"publish","type":"product","link":"https:\/\/fvcomponentes.com\/fr\/producto\/inversor-cargador-victron-easyplus-c-12v-1600va-70-16a-cep121620000\/","title":{"rendered":"Chargeur d'onduleur 12V Victron EasyPlus C 12V 1600VA 70A-16A - CEP121620000"},"content":{"rendered":"<h2><strong>Solution \u00e9nerg\u00e9tique multifonctionnelle pour votre confort et votre s\u00e9curit\u00e9 avec l'onduleur chargeur Victron EasyPlus C 12V 1600VA 70-16A - CEP121620000<\/strong><\/h2>\n<p>L'onduleur chargeur Victron EasyPlus C 12V 1600VA 70-16A - CEP121620000 est un syst\u00e8me d'alimentation multifonctionnel dans un seul bo\u00eetier l\u00e9ger et compact comprenant un onduleur sinuso\u00efdal puissant, un chargeur de batterie sophistiqu\u00e9, un commutateur de transfert CA \u00e0 grande vitesse et une distribution CA.<\/p>\n<p>Ce syst\u00e8me a \u00e9t\u00e9 con\u00e7u pour tous ceux qui souhaitent profiter du confort et de la libert\u00e9 d'un syst\u00e8me \u00e9nerg\u00e9tique complet, sans perdre de temps \u00e0 installer des composants s\u00e9par\u00e9s et \u00e0 suivre des proc\u00e9dures techniques difficiles.<\/p>\n<p>Si vous souhaitez b\u00e9n\u00e9ficier d'une alimentation \u00e9lectrique ininterrompue et fiable sans installations compliqu\u00e9es et sans composants s\u00e9par\u00e9s, l'EasyPlus est votre solution id\u00e9ale.<\/p>\n<h2><strong>Alimentation sans interruption<\/strong><\/h2>\n<p>EasyPlus vous permet de toujours disposer d'une alimentation \u00e9lectrique lorsque vous en avez besoin. M\u00eame dans les endroits o\u00f9 l'alimentation \u00e9lectrique est limit\u00e9e, notre technologie unique PowerAssist\u00ae vous permet d'augmenter la capacit\u00e9 globale en utilisant l'\u00e9nergie de la batterie.<\/p>\n<p>En outre, nous avons int\u00e9gr\u00e9 un disjoncteur diff\u00e9rentiel (RCD) pour vous prot\u00e9ger contre d'\u00e9ventuelles fuites \u00e0 la terre, garantissant ainsi une s\u00e9curit\u00e9 optimale.<\/p>\n<h2><strong>Installation en 5 \u00e9tapes rapides<\/strong><\/h2>\n<p>La simplicit\u00e9 est de mise avec le <strong>Onduleur Victron Chargeur d'onduleur EasyPlus C 12V 1600VA 70-16A<\/strong>de l'installation \u00e0 l'utilisation quotidienne. En cinq \u00e9tapes simples, vous pouvez gagner beaucoup de temps et d'espace.<\/p>\n<p>Le syst\u00e8me fournit des fiches et des prises pour toutes les connexions CA, et les c\u00e2bles de la batterie sont d\u00e9j\u00e0 pr\u00e9install\u00e9s, ce qui simplifie le processus d'installation.<\/p>\n<h5><strong>Les \u00e9tapes de l'installation :<\/strong><\/h5>\n<ul>\n<li><strong>\u00c9tape 1 :<\/strong> Choisir un emplacement appropri\u00e9 pour le <strong>Onduleur Victron Chargeur d'onduleur EasyPlus C 12V 1600VA 70-16A<\/strong> et fixez le support au mur. Fixez l'EasyPlus au support \u00e0 l'aide des vis fournies.<\/li>\n<li><strong>\u00c9tape 2 :<\/strong> Connectez l'alimentation \u00e9lectrique du port\/g\u00e9n\u00e9rateur et les circuits de sortie, y compris l'alimentation \u00e9lectrique du chauffe-eau, \u00e0 l'EasyPlus.<\/li>\n<li><strong>\u00c9tape 3 :<\/strong> En option, connectez le panneau de contr\u00f4le \u00e0 l'aide d'un c\u00e2ble de raccordement UTP.<\/li>\n<li><strong>\u00c9tape 4 :<\/strong> Connectez les c\u00e2bles de la batterie et de la sonde de temp\u00e9rature aux batteries, qui sont fournies en standard.<\/li>\n<li><strong>\u00c9tape 5 :<\/strong> Mettez sous tension le RCD, la distribution CA et l'onduleur\/chargeur, et votre syst\u00e8me est pr\u00eat \u00e0 l'emploi !<\/li>\n<\/ul>\n<h2><strong>Fonctionnement efficace<\/strong><\/h2>\n<ul>\n<li>L'EasyPlus se connecte facilement aux batteries et \u00e0 la terre ou au g\u00e9n\u00e9rateur.<\/li>\n<li>Vous pouvez r\u00e9gler le courant d'entr\u00e9e maximal \u00e0 l'aide de la molette du panneau de commande.<\/li>\n<li>Les consommateurs d'\u00e9nergie sont divis\u00e9s en deux groupes : les \"utilisateurs r\u00e9guliers\" et les \"gros utilisateurs\".<\/li>\n<li>La technologie exclusive PowerAssist\u00ae assure la protection de la batterie en ajoutant la puissance de l'onduleur en cas de besoin, \u00e9vitant ainsi la surcharge.<\/li>\n<\/ul>\n<p>L'EasyPlus est la solution compl\u00e8te pour une alimentation \u00e9lectrique fiable et polyvalente - n'attendez plus pour profiter du confort et de la s\u00e9curit\u00e9 qu'elle vous offre !<\/p>\n<h2 dir=\"ltr\" data-placeholder=\"Traducci\u00f3n\">Chargeur d'onduleur Victron EasyPlus C 12V 1600VA 70-16A - CEP121620000 - Informations techniques :<\/h2>\n<p dir=\"ltr\" data-placeholder=\"Traducci\u00f3n\">Onduleur 12 volts \u00e0 onde sinuso\u00efdale 1600 VA (3000 watts de puissance max.). Chargeur de 70 A, y compris une charge lente de 4 A pour la batterie de d\u00e9marrage. La technologie exclusive PowerAssist\u00ae prot\u00e8ge la prise de quai ou le g\u00e9n\u00e9rateur d'une surcharge en ajoutant de la puissance suppl\u00e9mentaire \u00e0 l'onduleur en cas de besoin. Technologie de charge adaptative en 4 \u00e9tapes pour une charge rapide et pr\u00e9cise de la batterie. La distribution AC consiste en un RCD (30mA\/16A) et quatre sorties AC prot\u00e9g\u00e9es par deux disjoncteurs de 10A et deux disjoncteurs de 16A. Une sortie 16 A est contr\u00f4l\u00e9e par l'entr\u00e9e CA : elle ne s'allume que lorsque le CA est disponible. RCD (30 mA\/16 A) sur la sortie CA. Syst\u00e8me sans coupure : commutation ininterrompue entre le port\/g\u00e9n\u00e9rateur et l'onduleur. C\u00e2bles de batterie inclus. Garantie mondiale de 24 mois.<\/p>\n<p dir=\"ltr\" data-placeholder=\"Traducci\u00f3n\"><img fetchpriority=\"high\" decoding=\"async\" class=\"alignnone size-full wp-image-5551\" src=\"https:\/\/fvcomponentes.com\/wp-content\/uploads\/2023\/03\/Captura-3.png\" alt=\"Chargeur d&#039;onduleur EasyPlus C 12V 1600VA 70-16A - CEP121620000\" width=\"670\" height=\"535\" title=\"\"><\/p>\n<h2 dir=\"ltr\" data-placeholder=\"Traducci\u00f3n\">Fiche technique Chargeur onduleur Victron EasyPlus C 12V 1600VA 70-16A - CEP121620000<\/h2>\n<p><a href=\"https:\/\/fvcomponentes.com\/wp-content\/uploads\/2023\/03\/Brochure-EasyPlus-EN.pdf\" target=\"_blank\" rel=\"noopener\">Chargeur d'onduleur Victron EasyPlus C 12V 1600VA 70-16A - CEP121620000 - Fiche Technique Chargeur d'Onduleur<\/a><\/p>\n<h2>T\u00e9l\u00e9charger le sch\u00e9ma Victron Multiplus pour camping-cars au format PDF<\/h2>\n<p>Entrez dans notre blog et t\u00e9l\u00e9chargez le diagramme PDF pour le c\u00e2blage et la connexion de votre onduleur Victron Multiplus dans un camping-car. Vous trouverez le sch\u00e9ma et bien d'autres informations techniques dans notre nouvelle section blog.<\/p>\n<p>Cliquez pour t\u00e9l\u00e9charger notre <a href=\"https:\/\/fvcomponentes.com\/fr\/victron-multiplus-schematic\/\" target=\"_blank\" rel=\"noopener\">Sch\u00e9ma Victron Multiplus<\/a> de notre blog.<\/p>","protected":false},"excerpt":{"rendered":"<ul>\n<li>Onduleur 12 volts \u00e0 onde sinuso\u00efdale d'une capacit\u00e9 de 1600 VA (3000 watts de puissance maximale).<\/li>\n<li>Chargeur de 70 A, y compris une charge lente de 4 A pour la batterie de d\u00e9marrage.<\/li>\n<li>Technologie de charge adaptative en 4 \u00e9tapes pour une charge rapide et pr\u00e9cise de la batterie.<\/li>\n<li>Commutation ininterrompue entre le port\/g\u00e9n\u00e9rateur et l'onduleur pour un syst\u00e8me sans rupture.<\/li>\n<li>C\u00e2bles de batterie inclus.<\/li>\n<li>Garantie mondiale de 24 mois pour votre tranquillit\u00e9 d'esprit.<\/li>\n<\/ul>","protected":false},"featured_media":5552,"comment_status":"open","ping_status":"closed","template":"","meta":{"site-sidebar-layout":"default","site-content-layout":"default","ast-site-content-layout":"default","site-content-style":"default","site-sidebar-style":"default","ast-global-header-display":"","ast-banner-title-visibility":"","ast-main-header-display":"","ast-hfb-above-header-display":"","ast-hfb-below-header-display":"","ast-hfb-mobile-header-display":"","site-post-title":"","ast-breadcrumbs-content":"","ast-featured-img":"","footer-sml-layout":"","ast-disable-related-posts":"","theme-transparent-header-meta":"default","adv-header-id-meta":"","stick-header-meta":"","header-above-stick-meta":"","header-main-stick-meta":"","header-below-stick-meta":"","astra-migrate-meta-layouts":"set","ast-page-background-enabled":"default","ast-page-background-meta":{"desktop":{"background-color":"var(--ast-global-color-4)","background-image":"","background-repeat":"repeat","background-position":"center center","background-size":"auto","background-attachment":"scroll","background-type":"","background-media":"","overlay-type":"","overlay-color":"","overlay-opacity":"","overlay-gradient":""},"tablet":{"background-color":"","background-image":"","background-repeat":"repeat","background-position":"center center","background-size":"auto","background-attachment":"scroll","background-type":"","background-media":"","overlay-type":"","overlay-color":"","overlay-opacity":"","overlay-gradient":""},"mobile":{"background-color":"","background-image":"","background-repeat":"repeat","background-position":"center center","background-size":"auto","background-attachment":"scroll","background-type":"","background-media":"","overlay-type":"","overlay-color":"","overlay-opacity":"","overlay-gradient":""}},"ast-content-background-meta":{"desktop":{"background-color":"var(--ast-global-color-5)","background-image":"","background-repeat":"repeat","background-position":"center center","background-size":"auto","background-attachment":"scroll","background-type":"","background-media":"","overlay-type":"","overlay-color":"","overlay-opacity":"","overlay-gradient":""},"tablet":{"background-color":"var(--ast-global-color-5)","background-image":"","background-repeat":"repeat","background-position":"center center","background-size":"auto","background-attachment":"scroll","background-type":"","background-media":"","overlay-type":"","overlay-color":"","overlay-opacity":"","overlay-gradient":""},"mobile":{"background-color":"var(--ast-global-color-5)","background-image":"","background-repeat":"repeat","background-position":"center center","background-size":"auto","background-attachment":"scroll","background-type":"","background-media":"","overlay-type":"","overlay-color":"","overlay-opacity":"","overlay-gradient":""}}},"pwb-brand":[332],"product_brand":[],"product_cat":[333,388],"product_tag":[],"class_list":{"0":"post-5550","1":"product","2":"type-product","3":"status-publish","4":"has-post-thumbnail","6":"pwb-brand-victron","7":"product_cat-inversores","8":"product_cat-inversores-cargadores-12v","9":"desktop-align-left","10":"tablet-align-left","11":"mobile-align-left","12":"ast-product-gallery-layout-horizontal-slider","13":"ast-product-tabs-layout-horizontal","15":"first","16":"instock","17":"taxable","18":"shipping-taxable","19":"purchasable","20":"product-type-simple"},"wcpa_form_fields":null,"brands":[{"id":332,"name":"Victron Energy","slug":"victron"}],"_links":{"self":[{"href":"https:\/\/fvcomponentes.com\/fr\/wp-json\/wp\/v2\/product\/5550","targetHints":{"allow":["GET"]}}],"collection":[{"href":"https:\/\/fvcomponentes.com\/fr\/wp-json\/wp\/v2\/product"}],"about":[{"href":"https:\/\/fvcomponentes.com\/fr\/wp-json\/wp\/v2\/types\/product"}],"replies":[{"embeddable":true,"href":"https:\/\/fvcomponentes.com\/fr\/wp-json\/wp\/v2\/comments?post=5550"}],"wp:featuredmedia":[{"embeddable":true,"href":"https:\/\/fvcomponentes.com\/fr\/wp-json\/wp\/v2\/media\/5552"}],"wp:attachment":[{"href":"https:\/\/fvcomponentes.com\/fr\/wp-json\/wp\/v2\/media?parent=5550"}],"wp:term":[{"taxonomy":"pwb-brand","embeddable":true,"href":"https:\/\/fvcomponentes.com\/fr\/wp-json\/wp\/v2\/pwb-brand?post=5550"},{"taxonomy":"product_brand","embeddable":true,"href":"https:\/\/fvcomponentes.com\/fr\/wp-json\/wp\/v2\/product_brand?post=5550"},{"taxonomy":"product_cat","embeddable":true,"href":"https:\/\/fvcomponentes.com\/fr\/wp-json\/wp\/v2\/product_cat?post=5550"},{"taxonomy":"product_tag","embeddable":true,"href":"https:\/\/fvcomponentes.com\/fr\/wp-json\/wp\/v2\/product_tag?post=5550"}],"curies":[{"name":"wp","href":"https:\/\/api.w.org\/{rel}","templated":true}]}}