{"id":5542,"date":"2023-09-21T09:47:11","date_gmt":"2023-09-21T07:47:11","guid":{"rendered":"https:\/\/fvcomponentes.com\/?post_type=product&#038;p=5542"},"modified":"2026-04-04T12:51:55","modified_gmt":"2026-04-04T10:51:55","slug":"onduleur-victron-rs-48-6000va-230v-smart-solar-pin482600000","status":"publish","type":"product","link":"https:\/\/fvcomponentes.com\/fr\/producto\/inversor-victron-rs-48-6000va-230v-smart-solar-pin482600000\/","title":{"rendered":"Onduleur Victron RS 48\/6000VA 230V Smart - PIN482600000"},"content":{"rendered":"<h2>Onduleur Victron RS 48\/6000VA 230V Smart - PIN482600000<\/h2>\n<p>L'onduleur intelligent Victron RS 48\/6000VA 230V - PIN482600000 est un onduleur 48 V, 6 kVA avec une entr\u00e9e 450 VDC. Il est utilis\u00e9 dans les applications solaires hors r\u00e9seau o\u00f9 le courant alternatif est n\u00e9cessaire.<\/p>\n<h2>Combinaison d'un onduleur Victron Enerngy et d'un convertisseur DC-DC bidirectionnel.<\/h2>\n<p>L'onduleur produit une onde sinuso\u00efdale parfaite, capable d'alimenter des appareils de grande puissance. Il est aliment\u00e9 par un convertisseur DC-DC bidirectionnel, qui peut charger la batterie en cas d'exc\u00e9dent d'\u00e9nergie solaire ou convertir l'\u00e9nergie de la batterie en cas de besoin.<\/p>\n<h2>L'onduleur intelligent Victron RS 48\/6000VA 230V - PIN482600000 est l\u00e9ger, efficace et silencieux.<\/h2>\n<p>Gr\u00e2ce \u00e0 sa technologie haute fr\u00e9quence et \u00e0 son nouveau design, ce puissant onduleur :<\/p>\n<ul>\n<li>Il ne p\u00e8se que 11 kg.<\/li>\n<li>En outre, il a un excellent rendement, une faible consommation d'\u00e9nergie en veille, ce qui lui permet de fonctionner tr\u00e8s silencieusement.<\/li>\n<\/ul>\n<h2>Affichage et Bluetooth<\/h2>\n<p>L'\u00e9cran affiche les param\u00e8tres de la batterie, de l'onduleur et du r\u00e9gulateur de charge solaire. Ces param\u00e8tres peuvent \u00eatre consult\u00e9s \u00e0 l'aide d'un smartphone ou d'un autre appareil compatible Bluetooth. En outre, Bluetooth peut \u00eatre utilis\u00e9 pour configurer le syst\u00e8me et modifier les param\u00e8tres \u00e0 l'aide de la fonction <a href=\"https:\/\/www.victronenergy.com.es\/panel-systems-remote-monitoring\/victronconnect\" target=\"_blank\" rel=\"noopener\">VictronConnect<\/a>.<\/p>\n<h2>VE.Can et VE.Direct port<\/h2>\n<p>Il dispose d'une part d'une connexion VE.Can \u00e0 un appareil GX pour la surveillance \u00e0 distance du syst\u00e8me, l'enregistrement des donn\u00e9es et les mises \u00e0 jour du micrologiciel, et d'autre part d'une connexion VE.Direct \u00e0 un GlobalLink 520 pour la surveillance \u00e0 distance des donn\u00e9es.<\/p>\n<h2>Connexions E\/S<\/h2>\n<p>Connexions de relais programmable, de capteur de temp\u00e9rature et de capteur de tension. L'entr\u00e9e \u00e0 distance peut \u00e9galement \u00eatre configur\u00e9e pour accepter l'entr\u00e9e d'un relais programmable. <a href=\"https:\/\/fvcomponentes.com\/fr\/produit\/smallbms-victron-avec-pre-alarme-bms400100000\/\" target=\"_blank\" rel=\"noopener\">petitSGBM<\/a> de Victron.<\/p>\n<p>&nbsp;<\/p>\n<p><img fetchpriority=\"high\" decoding=\"async\" class=\"alignnone wp-image-5544 size-full\" src=\"https:\/\/fvcomponentes.com\/wp-content\/uploads\/2023\/03\/Captura-2.png\" alt=\"Onduleur Victron Enerngy RS 48\/6000VA 230V Smart Solar - PIN482600000\" width=\"580\" height=\"443\" title=\"\"><\/p>\n<h2>Fiche technique Onduleur Victron RS 48\/6000VA 230V Smart - PIN482600000<\/h2>\n<p><a href=\"https:\/\/fvcomponentes.com\/wp-content\/uploads\/2025\/09\/Datasheet-Inverter-RS-Smart-Solar-ES.pdf\" target=\"_blank\" rel=\"noopener\">Fiche technique Onduleur Victron RS 48\/6000VA 230V Smart - PIN482600000<\/a><\/p>","protected":false},"excerpt":{"rendered":"<p><strong>Tension :<\/strong> 48V<br \/>\n<strong>Puissance continue :<\/strong> 6000VA<br \/>\n<strong>Puissance de cr\u00eate :<\/strong> 9 kW pendant 3 secondes<\/p>","protected":false},"featured_media":24779,"comment_status":"open","ping_status":"closed","template":"","meta":{"site-sidebar-layout":"default","site-content-layout":"default","ast-site-content-layout":"default","site-content-style":"default","site-sidebar-style":"default","ast-global-header-display":"","ast-banner-title-visibility":"","ast-main-header-display":"","ast-hfb-above-header-display":"","ast-hfb-below-header-display":"","ast-hfb-mobile-header-display":"","site-post-title":"","ast-breadcrumbs-content":"","ast-featured-img":"","footer-sml-layout":"","ast-disable-related-posts":"","theme-transparent-header-meta":"default","adv-header-id-meta":"","stick-header-meta":"","header-above-stick-meta":"","header-main-stick-meta":"","header-below-stick-meta":"","astra-migrate-meta-layouts":"set","ast-page-background-enabled":"default","ast-page-background-meta":{"desktop":{"background-color":"var(--ast-global-color-4)","background-image":"","background-repeat":"repeat","background-position":"center center","background-size":"auto","background-attachment":"scroll","background-type":"","background-media":"","overlay-type":"","overlay-color":"","overlay-opacity":"","overlay-gradient":""},"tablet":{"background-color":"","background-image":"","background-repeat":"repeat","background-position":"center center","background-size":"auto","background-attachment":"scroll","background-type":"","background-media":"","overlay-type":"","overlay-color":"","overlay-opacity":"","overlay-gradient":""},"mobile":{"background-color":"","background-image":"","background-repeat":"repeat","background-position":"center center","background-size":"auto","background-attachment":"scroll","background-type":"","background-media":"","overlay-type":"","overlay-color":"","overlay-opacity":"","overlay-gradient":""}},"ast-content-background-meta":{"desktop":{"background-color":"var(--ast-global-color-5)","background-image":"","background-repeat":"repeat","background-position":"center center","background-size":"auto","background-attachment":"scroll","background-type":"","background-media":"","overlay-type":"","overlay-color":"","overlay-opacity":"","overlay-gradient":""},"tablet":{"background-color":"var(--ast-global-color-5)","background-image":"","background-repeat":"repeat","background-position":"center center","background-size":"auto","background-attachment":"scroll","background-type":"","background-media":"","overlay-type":"","overlay-color":"","overlay-opacity":"","overlay-gradient":""},"mobile":{"background-color":"var(--ast-global-color-5)","background-image":"","background-repeat":"repeat","background-position":"center center","background-size":"auto","background-attachment":"scroll","background-type":"","background-media":"","overlay-type":"","overlay-color":"","overlay-opacity":"","overlay-gradient":""}}},"pwb-brand":[332],"product_brand":[],"product_cat":[333,369],"product_tag":[],"class_list":{"0":"post-5542","1":"product","2":"type-product","3":"status-publish","4":"has-post-thumbnail","6":"pwb-brand-victron","7":"product_cat-inversores","8":"product_cat-inversores-48v","9":"desktop-align-left","10":"tablet-align-left","11":"mobile-align-left","12":"ast-product-gallery-layout-horizontal-slider","13":"ast-product-tabs-layout-horizontal","15":"first","16":"instock","17":"taxable","18":"shipping-taxable","19":"purchasable","20":"product-type-simple"},"wcpa_form_fields":null,"brands":[{"id":332,"name":"Victron Energy","slug":"victron"}],"_links":{"self":[{"href":"https:\/\/fvcomponentes.com\/fr\/wp-json\/wp\/v2\/product\/5542","targetHints":{"allow":["GET"]}}],"collection":[{"href":"https:\/\/fvcomponentes.com\/fr\/wp-json\/wp\/v2\/product"}],"about":[{"href":"https:\/\/fvcomponentes.com\/fr\/wp-json\/wp\/v2\/types\/product"}],"replies":[{"embeddable":true,"href":"https:\/\/fvcomponentes.com\/fr\/wp-json\/wp\/v2\/comments?post=5542"}],"wp:featuredmedia":[{"embeddable":true,"href":"https:\/\/fvcomponentes.com\/fr\/wp-json\/wp\/v2\/media\/24779"}],"wp:attachment":[{"href":"https:\/\/fvcomponentes.com\/fr\/wp-json\/wp\/v2\/media?parent=5542"}],"wp:term":[{"taxonomy":"pwb-brand","embeddable":true,"href":"https:\/\/fvcomponentes.com\/fr\/wp-json\/wp\/v2\/pwb-brand?post=5542"},{"taxonomy":"product_brand","embeddable":true,"href":"https:\/\/fvcomponentes.com\/fr\/wp-json\/wp\/v2\/product_brand?post=5542"},{"taxonomy":"product_cat","embeddable":true,"href":"https:\/\/fvcomponentes.com\/fr\/wp-json\/wp\/v2\/product_cat?post=5542"},{"taxonomy":"product_tag","embeddable":true,"href":"https:\/\/fvcomponentes.com\/fr\/wp-json\/wp\/v2\/product_tag?post=5542"}],"curies":[{"name":"wp","href":"https:\/\/api.w.org\/{rel}","templated":true}]}}