{"id":5534,"date":"2023-09-21T09:26:51","date_gmt":"2023-09-21T07:26:51","guid":{"rendered":"https:\/\/fvcomponentes.com\/?post_type=product&#038;p=5534"},"modified":"2026-04-08T21:36:57","modified_gmt":"2026-04-08T19:36:57","slug":"onduleur-victron-energy-phoenix-48v-5000va-smart-pin482500000","status":"publish","type":"product","link":"https:\/\/fvcomponentes.com\/fr\/producto\/inversor-victron-energy-phoenix-48v-5000va-smart-pin482500000\/","title":{"rendered":"Onduleur 48V Victron Phoenix 48V 5000VA Smart - PIN482500000"},"content":{"rendered":"<h2>L'onduleur intelligent Victron Phoenix 48V 5000VA - PIN482500000 avec SinusMax est d'une ing\u00e9nierie sup\u00e9rieure.<\/h2>\n<p>D\u00e9velopp\u00e9e pour des applications professionnelles, la gamme d'onduleurs Phoenix convient \u00e0 une grande vari\u00e9t\u00e9 d'utilisations. Les crit\u00e8res de conception ont \u00e9t\u00e9 de produire un onduleur \u00e0 onde sinuso\u00efdale r\u00e9elle avec une efficacit\u00e9 optimis\u00e9e sans compromettre les performances. En utilisant la technologie hybride haute fr\u00e9quence, le r\u00e9sultat est un produit de haute qualit\u00e9 avec des dimensions compactes, un poids l\u00e9ger et la capacit\u00e9 de fournir de mani\u00e8re fiable de l'\u00e9nergie \u00e0 n'importe quelle charge.<\/p>\n<h2>L'incroyable puissance de d\u00e9marrage suppl\u00e9mentaire de l'onduleur Victron Phoenix Inverter 48V 5000VA Smart Inverter - PIN482500000<\/h2>\n<p>Une caract\u00e9ristique unique de la technologie SinusMax est sa capacit\u00e9 \u00e0 fournir une puissance de d\u00e9marrage tr\u00e8s \u00e9lev\u00e9e. La technologie haute fr\u00e9quence conventionnelle n'offre pas des performances aussi exceptionnelles, mais les onduleurs Phoenix sont bien adapt\u00e9s au d\u00e9marrage de charges difficiles telles que les compresseurs frigorifiques, les moteurs \u00e9lectriques et autres dispositifs similaires.<\/p>\n<h2>Puissance illimit\u00e9e gr\u00e2ce au fonctionnement en parall\u00e8le et en triphas\u00e9<\/h2>\n<p>Avec l'onduleur intelligent Victron Energy Phoenix 48V 5000VA, il est possible de faire fonctionner jusqu'\u00e0 6 onduleurs en parall\u00e8le pour obtenir une puissance de sortie plus \u00e9lev\u00e9e. Par exemple, six unit\u00e9s 24\/5000 fourniront une puissance de sortie de 24 kW \/ 30 kVA. En outre, le fonctionnement en configuration triphas\u00e9e est possible.<\/p>\n<h2>Transfert de charge vers une autre source de courant alternatif<\/h2>\n<p>Si un commutateur de transfert automatique est n\u00e9cessaire, nous recommandons d'utiliser l'onduleur\/chargeur MultiPlus \u00e0 la place. Ce commutateur est fourni avec ces produits et la fonction de chargeur du MultiPlus peut \u00eatre d\u00e9sactiv\u00e9e. Les ordinateurs et autres \u00e9quipements \u00e9lectroniques continueront \u00e0 fonctionner sans interruption gr\u00e2ce au temps de commutation court du MultiPlus (moins de 20 millisecondes).<\/p>\n<h2>Interface de communication<\/h2>\n<ul>\n<li style=\"list-style-type: none\">\n<ul>\n<li style=\"list-style-type: none\">\n<ul>\n<li style=\"list-style-type: none\">\n<ul>\n<li style=\"list-style-type: none\">\n<ul>\n<li style=\"list-style-type: none\">\n<ul>\n<li>Avec le port VE.Bus.<\/li>\n<li>Utilisation du c\u00e2ble d'interface <a href=\"https:\/\/fvcomponentes.com\/fr\/produit\/cable-dinterface-ve-direct-to-usb-victron-ass030530010\/\" target=\"_blank\" rel=\"noopener\">VE.Direct to USB<\/a>.<\/li>\n<li>Personnalisation des param\u00e8tres avec les logiciels VictronConnect ou VEConfigure.<\/li>\n<li>Possibilit\u00e9 de r\u00e9gler la tension, la fr\u00e9quence, la surtension et la sous-tension, et de programmer le relais.<\/li>\n<li>Connexion \u00e0 l'appareil GX (par exemple, l'appareil <a href=\"https:\/\/fvcomponentes.com\/fr\/produit\/victron-cerbo-gx-mk2-bpp900451100-victron-cerbo-mk2-monitor\/\" target=\"_blank\" rel=\"noopener\">Victron Cerbo GX MK2 Monitoring - BPP900451100<\/a>) pour la surveillance et le contr\u00f4le.<\/li>\n<\/ul>\n<\/li>\n<\/ul>\n<\/li>\n<\/ul>\n<\/li>\n<\/ul>\n<\/li>\n<\/ul>\n<\/li>\n<\/ul>\n<p dir=\"ltr\" data-placeholder=\"Traducci\u00f3n\"><img fetchpriority=\"high\" decoding=\"async\" class=\"alignnone size-full wp-image-5540\" src=\"https:\/\/fvcomponentes.com\/wp-content\/uploads\/2023\/03\/Captura.png\" alt=\"Onduleur Victron Energy Phoenyx 48V 5000VA Smart - PIN482500000\" width=\"642\" height=\"281\" title=\"\"><\/p>\n<h2 dir=\"ltr\" data-placeholder=\"Traducci\u00f3n\">Fiche technique Onduleur Victron Phoenix 48V 5000VA Smart - PIN482500000<\/h2>\n<p><a href=\"https:\/\/fvcomponentes.com\/wp-content\/uploads\/2023\/03\/Datasheet-Phoenix-Inverter-1200VA-5000VA-EN-1-1.pdf\" target=\"_blank\" rel=\"noopener\">Fiche technique onduleur Victron Phoenix 48V 5000VA Smart Inverter - PIN482500000<\/a><\/p>","protected":false},"excerpt":{"rendered":"<p><strong>Tension :<\/strong> 48V<br \/>\n<strong>Puissance continue :<\/strong> 5000VA<br \/>\n<strong>Puissance de cr\u00eate :<\/strong> 10000 W<\/p>","protected":false},"featured_media":5537,"comment_status":"open","ping_status":"closed","template":"","meta":{"site-sidebar-layout":"default","site-content-layout":"default","ast-site-content-layout":"default","site-content-style":"default","site-sidebar-style":"default","ast-global-header-display":"","ast-banner-title-visibility":"","ast-main-header-display":"","ast-hfb-above-header-display":"","ast-hfb-below-header-display":"","ast-hfb-mobile-header-display":"","site-post-title":"","ast-breadcrumbs-content":"","ast-featured-img":"","footer-sml-layout":"","ast-disable-related-posts":"","theme-transparent-header-meta":"default","adv-header-id-meta":"","stick-header-meta":"","header-above-stick-meta":"","header-main-stick-meta":"","header-below-stick-meta":"","astra-migrate-meta-layouts":"set","ast-page-background-enabled":"default","ast-page-background-meta":{"desktop":{"background-color":"var(--ast-global-color-4)","background-image":"","background-repeat":"repeat","background-position":"center center","background-size":"auto","background-attachment":"scroll","background-type":"","background-media":"","overlay-type":"","overlay-color":"","overlay-opacity":"","overlay-gradient":""},"tablet":{"background-color":"","background-image":"","background-repeat":"repeat","background-position":"center center","background-size":"auto","background-attachment":"scroll","background-type":"","background-media":"","overlay-type":"","overlay-color":"","overlay-opacity":"","overlay-gradient":""},"mobile":{"background-color":"","background-image":"","background-repeat":"repeat","background-position":"center center","background-size":"auto","background-attachment":"scroll","background-type":"","background-media":"","overlay-type":"","overlay-color":"","overlay-opacity":"","overlay-gradient":""}},"ast-content-background-meta":{"desktop":{"background-color":"var(--ast-global-color-5)","background-image":"","background-repeat":"repeat","background-position":"center center","background-size":"auto","background-attachment":"scroll","background-type":"","background-media":"","overlay-type":"","overlay-color":"","overlay-opacity":"","overlay-gradient":""},"tablet":{"background-color":"var(--ast-global-color-5)","background-image":"","background-repeat":"repeat","background-position":"center center","background-size":"auto","background-attachment":"scroll","background-type":"","background-media":"","overlay-type":"","overlay-color":"","overlay-opacity":"","overlay-gradient":""},"mobile":{"background-color":"var(--ast-global-color-5)","background-image":"","background-repeat":"repeat","background-position":"center center","background-size":"auto","background-attachment":"scroll","background-type":"","background-media":"","overlay-type":"","overlay-color":"","overlay-opacity":"","overlay-gradient":""}}},"pwb-brand":[332],"product_brand":[],"product_cat":[369,333],"product_tag":[],"class_list":{"0":"post-5534","1":"product","2":"type-product","3":"status-publish","4":"has-post-thumbnail","6":"pwb-brand-victron","7":"product_cat-inversores-48v","8":"product_cat-inversores","9":"desktop-align-left","10":"tablet-align-left","11":"mobile-align-left","12":"ast-product-gallery-layout-horizontal-slider","13":"ast-product-tabs-layout-horizontal","15":"first","16":"instock","17":"taxable","18":"shipping-taxable","19":"purchasable","20":"product-type-simple"},"wcpa_form_fields":null,"brands":[{"id":332,"name":"Victron Energy","slug":"victron"}],"_links":{"self":[{"href":"https:\/\/fvcomponentes.com\/fr\/wp-json\/wp\/v2\/product\/5534","targetHints":{"allow":["GET"]}}],"collection":[{"href":"https:\/\/fvcomponentes.com\/fr\/wp-json\/wp\/v2\/product"}],"about":[{"href":"https:\/\/fvcomponentes.com\/fr\/wp-json\/wp\/v2\/types\/product"}],"replies":[{"embeddable":true,"href":"https:\/\/fvcomponentes.com\/fr\/wp-json\/wp\/v2\/comments?post=5534"}],"wp:featuredmedia":[{"embeddable":true,"href":"https:\/\/fvcomponentes.com\/fr\/wp-json\/wp\/v2\/media\/5537"}],"wp:attachment":[{"href":"https:\/\/fvcomponentes.com\/fr\/wp-json\/wp\/v2\/media?parent=5534"}],"wp:term":[{"taxonomy":"pwb-brand","embeddable":true,"href":"https:\/\/fvcomponentes.com\/fr\/wp-json\/wp\/v2\/pwb-brand?post=5534"},{"taxonomy":"product_brand","embeddable":true,"href":"https:\/\/fvcomponentes.com\/fr\/wp-json\/wp\/v2\/product_brand?post=5534"},{"taxonomy":"product_cat","embeddable":true,"href":"https:\/\/fvcomponentes.com\/fr\/wp-json\/wp\/v2\/product_cat?post=5534"},{"taxonomy":"product_tag","embeddable":true,"href":"https:\/\/fvcomponentes.com\/fr\/wp-json\/wp\/v2\/product_tag?post=5534"}],"curies":[{"name":"wp","href":"https:\/\/api.w.org\/{rel}","templated":true}]}}