{"id":5527,"date":"2023-09-21T09:23:07","date_gmt":"2023-09-21T07:23:07","guid":{"rendered":"https:\/\/fvcomponentes.com\/?post_type=product&#038;p=5527"},"modified":"2026-04-08T21:37:54","modified_gmt":"2026-04-08T19:37:54","slug":"onduleur-victron-phoenix-24v-5000va-pin245020000-2","status":"publish","type":"product","link":"https:\/\/fvcomponentes.com\/fr\/producto\/inversor-victron-phoenix-24v-5000va-pin245020000-2\/","title":{"rendered":"Onduleur 24V Victron Phoenix 24V 5000VA - PIN245020000"},"content":{"rendered":"<h2 id=\"tw-target-text\" class=\"tw-data-text tw-text-large tw-ta\" dir=\"ltr\" data-placeholder=\"Traducci\u00f3n\"><span class=\"Y2IQFc\" lang=\"es\">SinusMax - Ing\u00e9nierie sup\u00e9rieure avec l'onduleur Victron Phoenix 24V 5000VA - PIN245020000<\/span><\/h2>\n<p class=\"tw-data-text tw-text-large tw-ta\" dir=\"ltr\" data-placeholder=\"Traducci\u00f3n\"><span class=\"Y2IQFc\" lang=\"es\">D\u00e9velopp\u00e9e pour un usage professionnel, la gamme d'onduleurs Phoenix, \u00e0 laquelle appartient l'onduleur Victron Phoenix 24V 5000VA - PIN245020000, convient au plus grand nombre d'applications. Les crit\u00e8res de conception ont \u00e9t\u00e9 de produire un onduleur \u00e0 onde sinuso\u00efdale r\u00e9elle avec un rendement optimis\u00e9 mais sans compromis sur les performances. Gr\u00e2ce \u00e0 la technologie hybride HF, le r\u00e9sultat est un produit de haute qualit\u00e9 avec des dimensions compactes, un poids l\u00e9ger et capable de fournir de l'\u00e9nergie \u00e0 n'importe quelle charge de mani\u00e8re transparente.<\/span><\/p>\n<h2 class=\"tw-data-text tw-text-large tw-ta\" dir=\"ltr\" data-placeholder=\"Traducci\u00f3n\"><span class=\"Y2IQFc\" lang=\"es\">Puissance de d\u00e9marrage suppl\u00e9mentaire<\/span><\/h2>\n<p class=\"tw-data-text tw-text-large tw-ta\" dir=\"ltr\" data-placeholder=\"Traducci\u00f3n\"><span class=\"Y2IQFc\" lang=\"es\">Une caract\u00e9ristique unique de la technologie SinusMax est une puissance de d\u00e9marrage tr\u00e8s \u00e9lev\u00e9e. La technologie haute fr\u00e9quence conventionnelle n'offre pas une telle performance extr\u00eame, mais les onduleurs Phoenix sont bien adapt\u00e9s au d\u00e9marrage de charges difficiles telles que les compresseurs frigorifiques, les moteurs \u00e9lectriques et autres appareils similaires.<\/span><\/p>\n<h2 class=\"tw-data-text tw-text-large tw-ta\" dir=\"ltr\" data-placeholder=\"Traducci\u00f3n\"><span class=\"Y2IQFc\" lang=\"es\">Puissance pratiquement illimit\u00e9e gr\u00e2ce \u00e0 la capacit\u00e9 de fonctionnement en parall\u00e8le et en triphas\u00e9<\/span><\/h2>\n<p class=\"tw-data-text tw-text-large tw-ta\" dir=\"ltr\" data-placeholder=\"Traducci\u00f3n\"><span class=\"Y2IQFc\" lang=\"es\">Jusqu'\u00e0 6 onduleurs peuvent fonctionner en parall\u00e8le pour obtenir une puissance de sortie plus \u00e9lev\u00e9e. Six unit\u00e9s 24\/5000, par exemple, fourniront une puissance de sortie de 24 kW \/ 30 kVA. Le fonctionnement en configuration triphas\u00e9e est \u00e9galement possible. <\/span><\/p>\n<h2 class=\"tw-data-text tw-text-large tw-ta\" dir=\"ltr\" data-placeholder=\"Traducci\u00f3n\"><span class=\"Y2IQFc\" lang=\"es\">Pour transf\u00e9rer la charge vers une autre source de courant alternatif : le commutateur de transfert automatique<\/span><\/h2>\n<p class=\"tw-data-text tw-text-large tw-ta\" dir=\"ltr\" data-placeholder=\"Traducci\u00f3n\"><span class=\"Y2IQFc\" lang=\"es\">Si un commutateur de transfert automatique est n\u00e9cessaire, nous recommandons d'utiliser plut\u00f4t l'onduleur\/chargeur MultiPlus. L'interrupteur est fourni avec ces produits et la fonction chargeur du MultiPlus peut \u00eatre d\u00e9sactiv\u00e9e. Les ordinateurs et autres \u00e9quipements \u00e9lectroniques continueront \u00e0 fonctionner sans interruption car le MultiPlus a un temps de commutation court (moins de 20 millisecondes). <\/span><\/p>\n<h2 class=\"tw-data-text tw-text-large tw-ta\" dir=\"ltr\" data-placeholder=\"Traducci\u00f3n\"><span class=\"Y2IQFc\" lang=\"es\"> Interface de communication<\/span><\/h2>\n<p class=\"tw-data-text tw-text-large tw-ta\" dir=\"ltr\" data-placeholder=\"Traducci\u00f3n\"><span class=\"Y2IQFc\" lang=\"es\">Ces grands mod\u00e8les d'onduleurs Phoenix sont \u00e9quip\u00e9s d'un port VE.Bus. Tout ce dont vous avez besoin pour vous connecter \u00e0 votre PC est notre interface MK3- USB VE.Bus vers USB (<a href=\"https:\/\/fvcomponentes.com\/fr\/produit\/victron-ve-mk3-usb-interface-interface-link\/\" target=\"_blank\" rel=\"noopener\">voir les accessoires<\/a>). Les param\u00e8tres de l'onduleur peuvent \u00eatre personnalis\u00e9s \u00e0 l'aide de notre logiciel VictronConnect ou VEConfigure, qui peut \u00eatre t\u00e9l\u00e9charg\u00e9 gratuitement sur notre site Internet. Cela comprend la tension et la fr\u00e9quence de sortie, les r\u00e9glages de surtension et de sous-tension et la programmation du relais, qui peut \u00eatre utilis\u00e9, par exemple, pour signaler diverses conditions d'alarme ou pour d\u00e9marrer un g\u00e9n\u00e9rateur. Les onduleurs peuvent \u00e9galement \u00eatre connect\u00e9s \u00e0 un appareil GX (par exemple, l'appareil <a href=\"https:\/\/fvcomponentes.com\/fr\/produit\/victron-cerbo-gx-mk2-bpp900451100-victron-cerbo-mk2-monitor\/\" target=\"_blank\" rel=\"noopener\">Victron Cerbo GX MK2 Monitoring - BPP900451100<\/a>) pour la surveillance et le contr\u00f4le.<\/span><\/p>\n<h2 class=\"tw-data-text tw-text-large tw-ta\" dir=\"ltr\" data-placeholder=\"Traducci\u00f3n\"><span class=\"Y2IQFc\" lang=\"es\">Nouvelles applications des onduleurs de haute puissance<\/span><\/h2>\n<p class=\"tw-data-text tw-text-large tw-ta\" dir=\"ltr\" data-placeholder=\"Traducci\u00f3n\"><span class=\"Y2IQFc\" lang=\"es\">Les possibilit\u00e9s offertes par les onduleurs haute puissance en parall\u00e8le sont vraiment \u00e9tonnantes. Pour des id\u00e9es, des exemples et des calculs de capacit\u00e9 de batterie, consultez notre livre \"Energy Unlimited\" (disponible gratuitement aupr\u00e8s de Victron Energy et t\u00e9l\u00e9chargeable \u00e0 l'adresse suivante<a href=\"https:\/\/www.victronenergy.com.es\/\" target=\"_blank\" rel=\"noopener\"> www.victronenergy.com<\/a>).<\/span><\/p>\n<p><img fetchpriority=\"high\" decoding=\"async\" class=\"alignnone size-full wp-image-5531\" src=\"https:\/\/fvcomponentes.com\/wp-content\/uploads\/2023\/03\/Captura-phoenix.png\" alt=\"Onduleur Victron Energy Phoenix 24V 5000VA PIN485020000\" width=\"589\" height=\"269\" title=\"\"><\/p>\n<h2>Fiche technique Onduleur Victron Phoenix 24V 5000VA - PIN245020000<\/h2>\n<p><a href=\"https:\/\/fvcomponentes.com\/wp-content\/uploads\/2023\/03\/Datasheet-Phoenix-Inverter-1200VA-5000VA-EN-1.pdf\" target=\"_blank\" rel=\"noopener\">Fiche technique Onduleur Victron Phoenix 24V 5000VA - PIN245020000<\/a><\/p>","protected":false},"excerpt":{"rendered":"<p><strong>Tension :<\/strong> 24V<br \/>\n<strong>Puissance continue :<\/strong> 5000VA<br \/>\n<strong>Puissance de cr\u00eate :<\/strong> 10000W<\/p>","protected":false},"featured_media":5530,"comment_status":"open","ping_status":"closed","template":"","meta":{"site-sidebar-layout":"default","site-content-layout":"default","ast-site-content-layout":"default","site-content-style":"default","site-sidebar-style":"default","ast-global-header-display":"","ast-banner-title-visibility":"","ast-main-header-display":"","ast-hfb-above-header-display":"","ast-hfb-below-header-display":"","ast-hfb-mobile-header-display":"","site-post-title":"","ast-breadcrumbs-content":"","ast-featured-img":"","footer-sml-layout":"","ast-disable-related-posts":"","theme-transparent-header-meta":"default","adv-header-id-meta":"","stick-header-meta":"","header-above-stick-meta":"","header-main-stick-meta":"","header-below-stick-meta":"","astra-migrate-meta-layouts":"set","ast-page-background-enabled":"default","ast-page-background-meta":{"desktop":{"background-color":"var(--ast-global-color-4)","background-image":"","background-repeat":"repeat","background-position":"center center","background-size":"auto","background-attachment":"scroll","background-type":"","background-media":"","overlay-type":"","overlay-color":"","overlay-opacity":"","overlay-gradient":""},"tablet":{"background-color":"","background-image":"","background-repeat":"repeat","background-position":"center center","background-size":"auto","background-attachment":"scroll","background-type":"","background-media":"","overlay-type":"","overlay-color":"","overlay-opacity":"","overlay-gradient":""},"mobile":{"background-color":"","background-image":"","background-repeat":"repeat","background-position":"center center","background-size":"auto","background-attachment":"scroll","background-type":"","background-media":"","overlay-type":"","overlay-color":"","overlay-opacity":"","overlay-gradient":""}},"ast-content-background-meta":{"desktop":{"background-color":"var(--ast-global-color-5)","background-image":"","background-repeat":"repeat","background-position":"center center","background-size":"auto","background-attachment":"scroll","background-type":"","background-media":"","overlay-type":"","overlay-color":"","overlay-opacity":"","overlay-gradient":""},"tablet":{"background-color":"var(--ast-global-color-5)","background-image":"","background-repeat":"repeat","background-position":"center center","background-size":"auto","background-attachment":"scroll","background-type":"","background-media":"","overlay-type":"","overlay-color":"","overlay-opacity":"","overlay-gradient":""},"mobile":{"background-color":"var(--ast-global-color-5)","background-image":"","background-repeat":"repeat","background-position":"center center","background-size":"auto","background-attachment":"scroll","background-type":"","background-media":"","overlay-type":"","overlay-color":"","overlay-opacity":"","overlay-gradient":""}}},"pwb-brand":[332],"product_brand":[],"product_cat":[333,367],"product_tag":[],"class_list":{"0":"post-5527","1":"product","2":"type-product","3":"status-publish","4":"has-post-thumbnail","6":"pwb-brand-victron","7":"product_cat-inversores","8":"product_cat-inversores-24-v","9":"desktop-align-left","10":"tablet-align-left","11":"mobile-align-left","12":"ast-product-gallery-layout-horizontal-slider","13":"ast-product-gallery-with-no-image","14":"ast-product-tabs-layout-horizontal","16":"first","17":"instock","18":"taxable","19":"shipping-taxable","20":"purchasable","21":"product-type-simple"},"wcpa_form_fields":null,"brands":[{"id":332,"name":"Victron Energy","slug":"victron"}],"_links":{"self":[{"href":"https:\/\/fvcomponentes.com\/fr\/wp-json\/wp\/v2\/product\/5527","targetHints":{"allow":["GET"]}}],"collection":[{"href":"https:\/\/fvcomponentes.com\/fr\/wp-json\/wp\/v2\/product"}],"about":[{"href":"https:\/\/fvcomponentes.com\/fr\/wp-json\/wp\/v2\/types\/product"}],"replies":[{"embeddable":true,"href":"https:\/\/fvcomponentes.com\/fr\/wp-json\/wp\/v2\/comments?post=5527"}],"wp:featuredmedia":[{"embeddable":true,"href":"https:\/\/fvcomponentes.com\/fr\/wp-json\/wp\/v2\/media\/5530"}],"wp:attachment":[{"href":"https:\/\/fvcomponentes.com\/fr\/wp-json\/wp\/v2\/media?parent=5527"}],"wp:term":[{"taxonomy":"pwb-brand","embeddable":true,"href":"https:\/\/fvcomponentes.com\/fr\/wp-json\/wp\/v2\/pwb-brand?post=5527"},{"taxonomy":"product_brand","embeddable":true,"href":"https:\/\/fvcomponentes.com\/fr\/wp-json\/wp\/v2\/product_brand?post=5527"},{"taxonomy":"product_cat","embeddable":true,"href":"https:\/\/fvcomponentes.com\/fr\/wp-json\/wp\/v2\/product_cat?post=5527"},{"taxonomy":"product_tag","embeddable":true,"href":"https:\/\/fvcomponentes.com\/fr\/wp-json\/wp\/v2\/product_tag?post=5527"}],"curies":[{"name":"wp","href":"https:\/\/api.w.org\/{rel}","templated":true}]}}