{"id":4079,"date":"2022-04-25T12:57:58","date_gmt":"2022-04-25T10:57:58","guid":{"rendered":"https:\/\/fvcomponentes.com\/producto\/cargador-baterias-victron-blue-smart-ip22-24-12-1\/"},"modified":"2026-01-15T10:07:16","modified_gmt":"2026-01-15T09:07:16","slug":"victron-blue-smart-ip22-24-12-1-chargeur-de-batterie","status":"publish","type":"product","link":"https:\/\/fvcomponentes.com\/fr\/producto\/cargador-baterias-victron-blue-smart-ip22-24-12-1\/","title":{"rendered":"Chargeur de batterie Victron Blue Smart IP22 24\/12 (1) - BPC241242002"},"content":{"rendered":"<h2>Chargeur de batterie Victron Blue Smart IP22 24\/12 (1) - BPC241242002<\/h2>\n<p>Le Blue Smart IP22 24\/12 (1) de Victron est le nouveau chargeur de batterie professionnel avec Bluetooth int\u00e9gr\u00e9. Le chargeur Blue Smart IP22 peut \u00eatre utilis\u00e9 aussi bien dans votre atelier que dans les v\u00e9hicules \u00e0 moteur, tels que les voitures (classiques), les motos, les bateaux et les camping-cars.<\/p>\n<h3>Bluetooth Smart<\/h3>\n<p>La solution sans fil pour contr\u00f4ler la tension et le courant, modifier les param\u00e8tres et mettre \u00e0 jour le chargeur lorsque de nouvelles fonctionnalit\u00e9s sont disponibles.<\/p>\n<h3>Haute efficacit\u00e9<\/h3>\n<p>Avec un rendement de 94 %, ces chargeurs g\u00e9n\u00e8rent jusqu'\u00e0 quatre fois moins de chaleur que la norme industrielle. Et une fois la batterie enti\u00e8rement charg\u00e9e, la consommation d'\u00e9nergie est r\u00e9duite \u00e0 0,5 watts, soit cinq \u00e0 dix fois moins que la norme industrielle.<\/p>\n<h3>Algorithme de charge variable en 6 \u00e9tapes : essai - charge initiale - absorption - reconditionnement - flottant - stockage<\/h3>\n<p>Le chargeur Victron Blue Smart IP22 24\/12 (1) est dot\u00e9 d'une gestion adaptative de la batterie contr\u00f4l\u00e9e par microprocesseur. Sa fonction \"adaptative\" optimise automatiquement le processus de charge en fonction de l'utilisation de la batterie.<\/p>\n<h3>Algorithme de charge enti\u00e8rement programmable<\/h3>\n<p>L'application Bluetooth permet de programmer les tensions d'absorption, de flottement et de stockage, ainsi que le r\u00e9glage du reconditionnement et la valeur de compensation de la temp\u00e9rature. Apr\u00e8s avoir activ\u00e9 le mode expert, l'application permet de modifier pratiquement tous les param\u00e8tres et d\u00e9lais utilis\u00e9s par l'algorithme de charge.<\/p>\n<h3>Mode de stockage : r\u00e9duction du vieillissement et du besoin de maintenance lorsque la batterie n'est pas utilis\u00e9e<\/h3>\n<p>Le mode stockage est activ\u00e9 lorsque la batterie n'a pas \u00e9t\u00e9 d\u00e9charg\u00e9e pendant 24 heures. En mode stockage, la tension de flottaison est r\u00e9duite \u00e0 2,2 V\/\u00e9l\u00e9ment (13,2 V pour les batteries de 12 V) afin de r\u00e9duire le d\u00e9gagement gazeux et la corrosion des plaques positives.<\/p>\n<p>Une fois par semaine, la tension est ramen\u00e9e au niveau d'absorption pour \"\u00e9galiser\" la batterie. Cette fonction permet d'\u00e9viter la stratification et la sulfatation de l'\u00e9lectrolyte, principales causes de d\u00e9faillance pr\u00e9matur\u00e9e de la batterie.<\/p>\n<h3>Charge \u00e9galement les batteries lithium-ion avec le chargeur Victron Blue Smart Charger IP22 24\/12 (1)<\/h3>\n<p>Les batteries lithium-ion sont charg\u00e9es selon un algorithme simple de charge initiale - absorption - flottaison.<\/p>\n<h3>Fonction de r\u00e9cup\u00e9ration de la batterie enti\u00e8rement d\u00e9charg\u00e9e<\/h3>\n<p>Le chargeur Victron Blue Smart IP22 24\/12 (1) commencera \u00e0 charger m\u00eame si la batterie a \u00e9t\u00e9 d\u00e9charg\u00e9e \u00e0 z\u00e9ro volt. Il se reconnectera \u00e0 une batterie lithium-ion compl\u00e8tement d\u00e9charg\u00e9e gr\u00e2ce \u00e0 la fonction de d\u00e9connexion interne.<\/p>\n<h3>R\u00e9glage NUIT et BASSE<\/h3>\n<p>Lorsque les modes NUIT ou BAS sont actifs, le courant de sortie est r\u00e9duit \u00e0 un maximum de 50 % de la sortie nominale et le chargeur Victron Blue Smart IP22 24\/12 (1) est totalement silencieux. Le mode NUIT se termine automatiquement apr\u00e8s 8 heures. Le mode LOW peut \u00eatre arr\u00eat\u00e9 manuellement.<\/p>\n<h3>Protection contre la surchauffe<\/h3>\n<p>Le courant de sortie diminuera lorsque la temp\u00e9rature atteindra 50\u00b0C, mais le chargeur Blue Smart ne tombera pas en panne.<\/p>\n<h3>Onze indicateurs d'\u00e9tat LED<\/h3>\n<p>Algorithme de charge : TEST \/ VRAC \/ ABSORPTION \/ RECONDITION \/ FLOAT \/ STOCKAGE \/ READY MODE bouton pour r\u00e9gler : NORMAL (14,4V) \/ HIGH (14,7V) \/ RECONDITION \/ LI-ION<\/p>\n<h3>Historique de 40 cycles<\/h3>\n<p>L'\u00e9cran d'historique contient des donn\u00e9es d'utilisation historiques pour toute la dur\u00e9e de vie du chargeur et des statistiques d\u00e9taill\u00e9es pour les 40 derniers cycles de charge.<\/p>\n<h3>R\u00e9seau intelligent VE.<\/h3>\n<p>Le r\u00e9seau VE.Smart est un r\u00e9seau de communication sans fil d'appareil \u00e0 appareil (D2D) entre les produits Victron utilisant Bluetooth Smart.<\/p>\n<h3>Compensation de la tension et de la temp\u00e9rature de la batterie et capteur de courant en option<\/h3>\n<p>Le r\u00e9seau VE.Smart permet d'optimiser le processus de charge : un Smart Battery Sense, un Smart Battery Monitor ou un SmartShunt peuvent \u00eatre utilis\u00e9s pour communiquer la tension et la temp\u00e9rature de la batterie ou \u00e0 un ou plusieurs chargeurs de batterie. Un Smart Battery Monitor ou SmartShunt communiquera \u00e9galement le courant de la batterie.<\/p>\n<h3>Chargement synchronis\u00e9 parall\u00e8le<\/h3>\n<p>Jusqu'\u00e0 dix chargeurs de batterie peuvent \u00eatre synchronis\u00e9s dans un r\u00e9seau VE.Smart pour charger la batterie comme s'il s'agissait d'un seul et m\u00eame chargeur. Les chargeurs synchroniseront l'algorithme de charge entre eux. Ils passeront simultan\u00e9ment d'un \u00e9tat de charge \u00e0 un autre, par exemple de la charge initiale \u00e0 l'absorption.<\/p>\n<p>La recharge synchronis\u00e9e en parall\u00e8le pr\u00e9sente plusieurs avantages int\u00e9ressants :<\/p>\n<p>- Redondance : si un chargeur s'arr\u00eate pour une raison quelconque, les autres chargeurs continueront \u00e0 fonctionner.<\/p>\n<p>- Flexibilit\u00e9 : il suffit d'ajouter un chargeur au r\u00e9seau \u00e9lectrique si l'on a besoin de plus de puissance.<\/p>\n<p>- Co\u00fbt : en g\u00e9n\u00e9ral, plusieurs chargeurs de faible puissance co\u00fbtent moins cher qu'un seul chargeur de forte puissance.<\/p>\n<p>- Installation : il peut \u00eatre plus facile d'installer plusieurs chargeurs de faible puissance dans un espace r\u00e9duit.<\/p>\n<h2>Fiche technique Victron Blue Smart Battery Charger IP22 24\/12 (1) - BPC241242002<\/h2>\n<p><a href=\"https:\/\/fvcomponentes.com\/wp-content\/uploads\/2022\/04\/Datasheet-Blue-Smart-IP22-Charger-230-VAC-ES.pdf\" target=\"_blank\" rel=\"noopener\">Voir la fiche technique du chargeur de batterie Victron Blue Smart IP22 24\/12 (1) -BPC241242002<\/a><\/p>","protected":false},"excerpt":{"rendered":"<p><strong>Plage de tension d'entr\u00e9e :<\/strong> 180 - 265 VAC<br \/>\n<strong>Courant de charge, mode normal :<\/strong> 12A<br \/>\n<strong>Courant de charge, mode NUIT ou BAS :<\/strong> 6A<br \/>\n<strong>Efficacit\u00e9 :\u00a0<\/strong> 94 %<br \/>\n<strong>Consommation \u00e0 vide :<\/strong> 0,5 W<br \/>\n<strong>Fr\u00e9quence<\/strong>: 45 - 65 Hz<br \/>\n<strong>Nombre de prises :<\/strong> 1<\/p>","protected":false},"featured_media":4080,"comment_status":"open","ping_status":"closed","template":"","meta":{"site-sidebar-layout":"default","site-content-layout":"default","ast-site-content-layout":"default","site-content-style":"default","site-sidebar-style":"default","ast-global-header-display":"","ast-banner-title-visibility":"","ast-main-header-display":"","ast-hfb-above-header-display":"","ast-hfb-below-header-display":"","ast-hfb-mobile-header-display":"","site-post-title":"","ast-breadcrumbs-content":"","ast-featured-img":"","footer-sml-layout":"","ast-disable-related-posts":"","theme-transparent-header-meta":"default","adv-header-id-meta":"","stick-header-meta":"","header-above-stick-meta":"","header-main-stick-meta":"","header-below-stick-meta":"","astra-migrate-meta-layouts":"set","ast-page-background-enabled":"default","ast-page-background-meta":{"desktop":{"background-color":"var(--ast-global-color-4)","background-image":"","background-repeat":"repeat","background-position":"center center","background-size":"auto","background-attachment":"scroll","background-type":"","background-media":"","overlay-type":"","overlay-color":"","overlay-opacity":"","overlay-gradient":""},"tablet":{"background-color":"","background-image":"","background-repeat":"repeat","background-position":"center center","background-size":"auto","background-attachment":"scroll","background-type":"","background-media":"","overlay-type":"","overlay-color":"","overlay-opacity":"","overlay-gradient":""},"mobile":{"background-color":"","background-image":"","background-repeat":"repeat","background-position":"center center","background-size":"auto","background-attachment":"scroll","background-type":"","background-media":"","overlay-type":"","overlay-color":"","overlay-opacity":"","overlay-gradient":""}},"ast-content-background-meta":{"desktop":{"background-color":"var(--ast-global-color-5)","background-image":"","background-repeat":"repeat","background-position":"center center","background-size":"auto","background-attachment":"scroll","background-type":"","background-media":"","overlay-type":"","overlay-color":"","overlay-opacity":"","overlay-gradient":""},"tablet":{"background-color":"var(--ast-global-color-5)","background-image":"","background-repeat":"repeat","background-position":"center center","background-size":"auto","background-attachment":"scroll","background-type":"","background-media":"","overlay-type":"","overlay-color":"","overlay-opacity":"","overlay-gradient":""},"mobile":{"background-color":"var(--ast-global-color-5)","background-image":"","background-repeat":"repeat","background-position":"center center","background-size":"auto","background-attachment":"scroll","background-type":"","background-media":"","overlay-type":"","overlay-color":"","overlay-opacity":"","overlay-gradient":""}}},"pwb-brand":[332],"product_brand":[],"product_cat":[419,462],"product_tag":[],"class_list":{"0":"post-4079","1":"product","2":"type-product","3":"status-publish","4":"has-post-thumbnail","6":"pwb-brand-victron","7":"product_cat-cargadores-de-baterias","8":"product_cat-cargador-de-baterias-24-v","9":"desktop-align-left","10":"tablet-align-left","11":"mobile-align-left","12":"ast-product-gallery-layout-horizontal-slider","13":"ast-product-tabs-layout-horizontal","15":"first","16":"instock","17":"taxable","18":"shipping-taxable","19":"purchasable","20":"product-type-simple"},"wcpa_form_fields":null,"brands":[{"id":332,"name":"Victron Energy","slug":"victron"}],"_links":{"self":[{"href":"https:\/\/fvcomponentes.com\/fr\/wp-json\/wp\/v2\/product\/4079","targetHints":{"allow":["GET"]}}],"collection":[{"href":"https:\/\/fvcomponentes.com\/fr\/wp-json\/wp\/v2\/product"}],"about":[{"href":"https:\/\/fvcomponentes.com\/fr\/wp-json\/wp\/v2\/types\/product"}],"replies":[{"embeddable":true,"href":"https:\/\/fvcomponentes.com\/fr\/wp-json\/wp\/v2\/comments?post=4079"}],"wp:featuredmedia":[{"embeddable":true,"href":"https:\/\/fvcomponentes.com\/fr\/wp-json\/wp\/v2\/media\/4080"}],"wp:attachment":[{"href":"https:\/\/fvcomponentes.com\/fr\/wp-json\/wp\/v2\/media?parent=4079"}],"wp:term":[{"taxonomy":"pwb-brand","embeddable":true,"href":"https:\/\/fvcomponentes.com\/fr\/wp-json\/wp\/v2\/pwb-brand?post=4079"},{"taxonomy":"product_brand","embeddable":true,"href":"https:\/\/fvcomponentes.com\/fr\/wp-json\/wp\/v2\/product_brand?post=4079"},{"taxonomy":"product_cat","embeddable":true,"href":"https:\/\/fvcomponentes.com\/fr\/wp-json\/wp\/v2\/product_cat?post=4079"},{"taxonomy":"product_tag","embeddable":true,"href":"https:\/\/fvcomponentes.com\/fr\/wp-json\/wp\/v2\/product_tag?post=4079"}],"curies":[{"name":"wp","href":"https:\/\/api.w.org\/{rel}","templated":true}]}}