{"id":39403,"date":"2026-04-27T12:17:08","date_gmt":"2026-04-27T10:17:08","guid":{"rendered":"https:\/\/fvcomponentes.com\/?post_type=product&#038;p=39403"},"modified":"2026-04-28T15:29:45","modified_gmt":"2026-04-28T13:29:45","slug":"huawei-sun5000-150k-mg0-dc-sp-32-119635-01077646","status":"publish","type":"product","link":"https:\/\/fvcomponentes.com\/fr\/producto\/huawei-sun5000-150k-mg0-dc-sp-32-119635-01077646\/","title":{"rendered":"HUAWEI SUN5000 150K MG0 AFCI + DC-SPD I+II onduleur triphas\u00e9 - 01077646"},"content":{"rendered":"<p>Onduleur triphas\u00e9, SUN5000-150K-MG0. DC SPD type I+II. L'optimisation des modules photovolta\u00efques permet une augmentation du rendement \u00e9nerg\u00e9tique de 5 % \u00e0 30 %. Les connexions varient la fonction de s\u00e9curit\u00e9 AFCI+ RSD pour couvrir le point de rupture de s\u00e9curit\u00e9 PV. Plateforme intelligente compl\u00e8te qui relie la conception intelligente et la gestion au niveau du module pour offrir une exp\u00e9rience intelligente tout au long du cycle de vie.<\/p>\n<p><b>Cet onduleur a besoin d'optimiseurs dans tous les modules.<\/b><\/p>\n<p>Compatible avec les optimiseurs : MERC-1100W-P, MERC-1300W-P<\/p>\n<h3>Sp\u00e9cifications techniques<\/h3>\n<table style=\"width: 100%; border-collapse: collapse; margin-top: 10px;\">\n<tbody>\n<tr>\n<th style=\"text-align: left; padding: 6px 12px; background: #f8f8f8; border: 1px solid #e0e0e0; width: 40%;\">Communication<\/th>\n<td style=\"padding: 6px 12px; border: 1px solid #e0e0e0;\">RS485<\/td>\n<\/tr>\n<tr>\n<th style=\"text-align: left; padding: 6px 12px; background: #f8f8f8; border: 1px solid #e0e0e0; width: 40%;\">Efficacit\u00e9 (%)<\/th>\n<td style=\"padding: 6px 12px; border: 1px solid #e0e0e0;\">98,4<\/td>\n<\/tr>\n<tr>\n<th style=\"text-align: left; padding: 6px 12px; background: #f8f8f8; border: 1px solid #e0e0e0; width: 40%;\">Entr\u00e9es MPPT<\/th>\n<td style=\"padding: 6px 12px; border: 1px solid #e0e0e0;\">7<\/td>\n<\/tr>\n<tr>\n<th style=\"text-align: left; padding: 6px 12px; background: #f8f8f8; border: 1px solid #e0e0e0; width: 40%;\">Phase<\/th>\n<td style=\"padding: 6px 12px; border: 1px solid #e0e0e0;\">Triphas\u00e9<\/td>\n<\/tr>\n<tr>\n<th style=\"text-align: left; padding: 6px 12px; background: #f8f8f8; border: 1px solid #e0e0e0; width: 40%;\">Garantie (ann\u00e9es)<\/th>\n<td style=\"padding: 6px 12px; border: 1px solid #e0e0e0;\">10<\/td>\n<\/tr>\n<tr>\n<th style=\"text-align: left; padding: 6px 12px; background: #f8f8f8; border: 1px solid #e0e0e0; width: 40%;\">MPN<\/th>\n<td style=\"padding: 6px 12px; border: 1px solid #e0e0e0;\">01077646<\/td>\n<\/tr>\n<tr>\n<th style=\"text-align: left; padding: 6px 12px; background: #f8f8f8; border: 1px solid #e0e0e0; width: 40%;\">Puissance AC (W)<\/th>\n<td style=\"padding: 6px 12px; border: 1px solid #e0e0e0;\">150 000<\/td>\n<\/tr>\n<tr>\n<th style=\"text-align: left; padding: 6px 12px; background: #f8f8f8; border: 1px solid #e0e0e0; width: 40%;\">Protection IP<\/th>\n<td style=\"padding: 6px 12px; border: 1px solid #e0e0e0;\">IP66<\/td>\n<\/tr>\n<tr>\n<th style=\"text-align: left; padding: 6px 12px; background: #f8f8f8; border: 1px solid #e0e0e0; width: 40%;\">Poids<\/th>\n<td style=\"padding: 6px 12px; border: 1px solid #e0e0e0;\">100,0 kg<\/td>\n<\/tr>\n<tr>\n<th style=\"text-align: left; padding: 6px 12px; background: #f8f8f8; border: 1px solid #e0e0e0; width: 40%;\">Dimensions (L\u00d7L\u00d7H cm)<\/th>\n<td style=\"padding: 6px 12px; border: 1px solid #e0e0e0;\">100.0 \u00d7 71.0 \u00d7 39.5<\/td>\n<\/tr>\n<\/tbody>\n<\/table>\n<h3>Documentation<\/h3>\n<ul style=\"margin-top: 8px;\">\n<li><a href=\"https:\/\/fvcomponentes.com\/wp-content\/uploads\/2026\/04\/Data_Sheet_FR-11.pdf\" target=\"_blank\" rel=\"noopener\">Fiche technique (FR)<\/a><\/li>\n<li><a href=\"https:\/\/fvcomponentes.com\/wp-content\/uploads\/2026\/04\/Warranty_Manual_EN-14.pdf\" target=\"_blank\" rel=\"noopener\">\ud83d\udcc4 Manuel de garantie (EN)<\/a><\/li>\n<li><a href=\"https:\/\/support.huawei.com\/enterprise\/es\/doc\/EDOC1100378534\/426cffd9?idPath=258788303|258788485|258789971|262018940\" target=\"_blank\" rel=\"noopener\">\ud83d\udd17 Manuel d'installation (EN)<\/a><\/li>\n<li><a href=\"https:\/\/fvcomponentes.com\/wp-content\/uploads\/2026\/04\/Quick_Installation_Manual_FR-1.pdf\" target=\"_blank\" rel=\"noopener\">\ud83d\udcc4 Manuel d'installation rapide (FR)<\/a><\/li>\n<\/ul>","protected":false},"excerpt":{"rendered":"<p>Onduleur triphas\u00e9, SUN5000-150K-MG0. DC SPD type I+II. L'optimisation des modules photovolta\u00efques permet une augmentation du rendement \u00e9nerg\u00e9tique de 5 % \u00e0 30 %. Les connexions font varier la fonction de s\u00e9curit\u00e9 AFCI+ RSD pour couvrir le point de rupture de s\u00e9curit\u00e9 photovolta\u00efque. Plateforme<\/p>","protected":false},"featured_media":39402,"comment_status":"open","ping_status":"closed","template":"","meta":{"site-sidebar-layout":"default","site-content-layout":"","ast-site-content-layout":"default","site-content-style":"default","site-sidebar-style":"default","ast-global-header-display":"","ast-banner-title-visibility":"","ast-main-header-display":"","ast-hfb-above-header-display":"","ast-hfb-below-header-display":"","ast-hfb-mobile-header-display":"","site-post-title":"","ast-breadcrumbs-content":"","ast-featured-img":"","footer-sml-layout":"","ast-disable-related-posts":"","theme-transparent-header-meta":"default","adv-header-id-meta":"","stick-header-meta":"","header-above-stick-meta":"","header-main-stick-meta":"","header-below-stick-meta":"","astra-migrate-meta-layouts":"set","ast-page-background-enabled":"default","ast-page-background-meta":{"desktop":{"background-color":"var(--ast-global-color-4)","background-image":"","background-repeat":"repeat","background-position":"center center","background-size":"auto","background-attachment":"scroll","background-type":"","background-media":"","overlay-type":"","overlay-color":"","overlay-opacity":"","overlay-gradient":""},"tablet":{"background-color":"","background-image":"","background-repeat":"repeat","background-position":"center center","background-size":"auto","background-attachment":"scroll","background-type":"","background-media":"","overlay-type":"","overlay-color":"","overlay-opacity":"","overlay-gradient":""},"mobile":{"background-color":"","background-image":"","background-repeat":"repeat","background-position":"center center","background-size":"auto","background-attachment":"scroll","background-type":"","background-media":"","overlay-type":"","overlay-color":"","overlay-opacity":"","overlay-gradient":""}},"ast-content-background-meta":{"desktop":{"background-color":"var(--ast-global-color-5)","background-image":"","background-repeat":"repeat","background-position":"center center","background-size":"auto","background-attachment":"scroll","background-type":"","background-media":"","overlay-type":"","overlay-color":"","overlay-opacity":"","overlay-gradient":""},"tablet":{"background-color":"var(--ast-global-color-5)","background-image":"","background-repeat":"repeat","background-position":"center center","background-size":"auto","background-attachment":"scroll","background-type":"","background-media":"","overlay-type":"","overlay-color":"","overlay-opacity":"","overlay-gradient":""},"mobile":{"background-color":"var(--ast-global-color-5)","background-image":"","background-repeat":"repeat","background-position":"center center","background-size":"auto","background-attachment":"scroll","background-type":"","background-media":"","overlay-type":"","overlay-color":"","overlay-opacity":"","overlay-gradient":""}}},"pwb-brand":[381],"product_brand":[],"product_cat":[921,333,345],"product_tag":[],"class_list":{"0":"post-39403","1":"product","2":"type-product","3":"status-publish","4":"has-post-thumbnail","6":"pwb-brand-huawei","7":"product_cat-inversores-autoconsumo-trifasicos","8":"product_cat-inversores","9":"product_cat-inversores-de-autoconsumo","10":"desktop-align-left","11":"tablet-align-left","12":"mobile-align-left","13":"ast-product-gallery-layout-horizontal-slider","14":"ast-product-gallery-with-no-image","15":"ast-product-tabs-layout-horizontal","17":"first","18":"instock","19":"taxable","20":"shipping-taxable","21":"purchasable","22":"product-type-simple"},"wcpa_form_fields":null,"brands":[{"id":381,"name":"Onduleurs Huawei","slug":"huawei"}],"_links":{"self":[{"href":"https:\/\/fvcomponentes.com\/fr\/wp-json\/wp\/v2\/product\/39403","targetHints":{"allow":["GET"]}}],"collection":[{"href":"https:\/\/fvcomponentes.com\/fr\/wp-json\/wp\/v2\/product"}],"about":[{"href":"https:\/\/fvcomponentes.com\/fr\/wp-json\/wp\/v2\/types\/product"}],"replies":[{"embeddable":true,"href":"https:\/\/fvcomponentes.com\/fr\/wp-json\/wp\/v2\/comments?post=39403"}],"wp:featuredmedia":[{"embeddable":true,"href":"https:\/\/fvcomponentes.com\/fr\/wp-json\/wp\/v2\/media\/39402"}],"wp:attachment":[{"href":"https:\/\/fvcomponentes.com\/fr\/wp-json\/wp\/v2\/media?parent=39403"}],"wp:term":[{"taxonomy":"pwb-brand","embeddable":true,"href":"https:\/\/fvcomponentes.com\/fr\/wp-json\/wp\/v2\/pwb-brand?post=39403"},{"taxonomy":"product_brand","embeddable":true,"href":"https:\/\/fvcomponentes.com\/fr\/wp-json\/wp\/v2\/product_brand?post=39403"},{"taxonomy":"product_cat","embeddable":true,"href":"https:\/\/fvcomponentes.com\/fr\/wp-json\/wp\/v2\/product_cat?post=39403"},{"taxonomy":"product_tag","embeddable":true,"href":"https:\/\/fvcomponentes.com\/fr\/wp-json\/wp\/v2\/product_tag?post=39403"}],"curies":[{"name":"wp","href":"https:\/\/api.w.org\/{rel}","templated":true}]}}