{"id":38440,"date":"2026-04-10T17:54:16","date_gmt":"2026-04-10T15:54:16","guid":{"rendered":"https:\/\/fvcomponentes.com\/?post_type=product&#038;p=38440"},"modified":"2026-04-10T18:24:48","modified_gmt":"2026-04-10T16:24:48","slug":"fronius-pv-point-comfort-ln-36-118051-4-240-315-ck","status":"publish","type":"product","link":"https:\/\/fvcomponentes.com\/fr\/producto\/fronius-pv-point-comfort-ln-36-118051-4-240-315-ck\/","title":{"rendered":"FRONIUS Pv Point Comfort - 4 240 315 CK"},"content":{"rendered":"<p>Accessoire qui peut \u00eatre facilement install\u00e9 sur tous les onduleurs Fronius GEN24 et GEN24 Plus.<br \/>\nContrairement au Pv Point, le Pv Point Comfort garantit que certains circuits sont aliment\u00e9s en permanence, non seulement en cas de panne de courant, mais aussi en cas de fonctionnement en parall\u00e8le avec le r\u00e9seau.<\/p>\n<h3>Sp\u00e9cifications techniques<\/h3>\n<table style=\"width: 100%; border-collapse: collapse; margin-top: 10px;\">\n<tbody>\n<tr>\n<th style=\"text-align: left; padding: 6px 12px; background: #f8f8f8; border: 1px solid #e0e0e0; width: 40%;\">Garantie (ann\u00e9es)<\/th>\n<td style=\"padding: 6px 12px; border: 1px solid #e0e0e0;\">3<\/td>\n<\/tr>\n<tr>\n<th style=\"text-align: left; padding: 6px 12px; background: #f8f8f8; border: 1px solid #e0e0e0; width: 40%;\">MPN<\/th>\n<td style=\"padding: 6px 12px; border: 1px solid #e0e0e0;\">4 240 315 CK<\/td>\n<\/tr>\n<tr>\n<th style=\"text-align: left; padding: 6px 12px; background: #f8f8f8; border: 1px solid #e0e0e0; width: 40%;\">Poids<\/th>\n<td style=\"padding: 6px 12px; border: 1px solid #e0e0e0;\">0,75 kg<\/td>\n<\/tr>\n<tr>\n<th style=\"text-align: left; padding: 6px 12px; background: #f8f8f8; border: 1px solid #e0e0e0; width: 40%;\">Dimensions (L\u00d7L\u00d7H cm)<\/th>\n<td style=\"padding: 6px 12px; border: 1px solid #e0e0e0;\">20.0 \u00d7 12.0 \u00d7 10.0<\/td>\n<\/tr>\n<\/tbody>\n<\/table>\n<h3>Documentation<\/h3>\n<ul style=\"margin-top: 8px;\">\n<li><a href=\"https:\/\/fvcomponentes.com\/wp-content\/uploads\/2026\/04\/Installation_Manual_EN-3.pdf\" target=\"_blank\" rel=\"noopener\">\ud83d\udcc4 Manuel d'installation (EN)<\/a><\/li>\n<\/ul>","protected":false},"excerpt":{"rendered":"<p>Accessoire qui peut \u00eatre facilement install\u00e9 sur tous les onduleurs Fronius GEN24 et GEN24 Plus.<br \/>\nContrairement au Pv Point, le Pv Point Comfort garantit que certains circuits sont aliment\u00e9s en permanence, non seulement en cas de panne de courant, mais aussi en mode veille.<\/p>","protected":false},"featured_media":38439,"comment_status":"open","ping_status":"closed","template":"","meta":{"site-sidebar-layout":"default","site-content-layout":"","ast-site-content-layout":"default","site-content-style":"default","site-sidebar-style":"default","ast-global-header-display":"","ast-banner-title-visibility":"","ast-main-header-display":"","ast-hfb-above-header-display":"","ast-hfb-below-header-display":"","ast-hfb-mobile-header-display":"","site-post-title":"","ast-breadcrumbs-content":"","ast-featured-img":"","footer-sml-layout":"","ast-disable-related-posts":"","theme-transparent-header-meta":"default","adv-header-id-meta":"","stick-header-meta":"","header-above-stick-meta":"","header-main-stick-meta":"","header-below-stick-meta":"","astra-migrate-meta-layouts":"set","ast-page-background-enabled":"default","ast-page-background-meta":{"desktop":{"background-color":"var(--ast-global-color-4)","background-image":"","background-repeat":"repeat","background-position":"center center","background-size":"auto","background-attachment":"scroll","background-type":"","background-media":"","overlay-type":"","overlay-color":"","overlay-opacity":"","overlay-gradient":""},"tablet":{"background-color":"","background-image":"","background-repeat":"repeat","background-position":"center center","background-size":"auto","background-attachment":"scroll","background-type":"","background-media":"","overlay-type":"","overlay-color":"","overlay-opacity":"","overlay-gradient":""},"mobile":{"background-color":"","background-image":"","background-repeat":"repeat","background-position":"center center","background-size":"auto","background-attachment":"scroll","background-type":"","background-media":"","overlay-type":"","overlay-color":"","overlay-opacity":"","overlay-gradient":""}},"ast-content-background-meta":{"desktop":{"background-color":"var(--ast-global-color-5)","background-image":"","background-repeat":"repeat","background-position":"center center","background-size":"auto","background-attachment":"scroll","background-type":"","background-media":"","overlay-type":"","overlay-color":"","overlay-opacity":"","overlay-gradient":""},"tablet":{"background-color":"var(--ast-global-color-5)","background-image":"","background-repeat":"repeat","background-position":"center center","background-size":"auto","background-attachment":"scroll","background-type":"","background-media":"","overlay-type":"","overlay-color":"","overlay-opacity":"","overlay-gradient":""},"mobile":{"background-color":"var(--ast-global-color-5)","background-image":"","background-repeat":"repeat","background-position":"center center","background-size":"auto","background-attachment":"scroll","background-type":"","background-media":"","overlay-type":"","overlay-color":"","overlay-opacity":"","overlay-gradient":""}}},"pwb-brand":[344],"product_brand":[],"product_cat":[333,351,359,924,923,345,922,921],"product_tag":[],"class_list":{"0":"post-38440","1":"product","2":"type-product","3":"status-publish","4":"has-post-thumbnail","6":"pwb-brand-fronius","7":"product_cat-inversores","8":"product_cat-accesorios","9":"product_cat-inversores-autoconsumo-hibridos","10":"product_cat-inversores-autoconsumo-hibridos-monofasicos","11":"product_cat-inversores-autoconsumo-hibridos-trifasicos","12":"product_cat-inversores-de-autoconsumo","13":"product_cat-inversores-autoconsumo-monofasicos","14":"product_cat-inversores-autoconsumo-trifasicos","15":"desktop-align-left","16":"tablet-align-left","17":"mobile-align-left","18":"ast-product-gallery-layout-horizontal-slider","19":"ast-product-gallery-with-no-image","20":"ast-product-tabs-layout-horizontal","22":"first","23":"instock","24":"taxable","25":"shipping-taxable","26":"purchasable","27":"product-type-simple"},"wcpa_form_fields":null,"brands":[{"id":344,"name":"Onduleurs Fronius","slug":"fronius"}],"_links":{"self":[{"href":"https:\/\/fvcomponentes.com\/fr\/wp-json\/wp\/v2\/product\/38440","targetHints":{"allow":["GET"]}}],"collection":[{"href":"https:\/\/fvcomponentes.com\/fr\/wp-json\/wp\/v2\/product"}],"about":[{"href":"https:\/\/fvcomponentes.com\/fr\/wp-json\/wp\/v2\/types\/product"}],"replies":[{"embeddable":true,"href":"https:\/\/fvcomponentes.com\/fr\/wp-json\/wp\/v2\/comments?post=38440"}],"wp:featuredmedia":[{"embeddable":true,"href":"https:\/\/fvcomponentes.com\/fr\/wp-json\/wp\/v2\/media\/38439"}],"wp:attachment":[{"href":"https:\/\/fvcomponentes.com\/fr\/wp-json\/wp\/v2\/media?parent=38440"}],"wp:term":[{"taxonomy":"pwb-brand","embeddable":true,"href":"https:\/\/fvcomponentes.com\/fr\/wp-json\/wp\/v2\/pwb-brand?post=38440"},{"taxonomy":"product_brand","embeddable":true,"href":"https:\/\/fvcomponentes.com\/fr\/wp-json\/wp\/v2\/product_brand?post=38440"},{"taxonomy":"product_cat","embeddable":true,"href":"https:\/\/fvcomponentes.com\/fr\/wp-json\/wp\/v2\/product_cat?post=38440"},{"taxonomy":"product_tag","embeddable":true,"href":"https:\/\/fvcomponentes.com\/fr\/wp-json\/wp\/v2\/product_tag?post=38440"}],"curies":[{"name":"wp","href":"https:\/\/api.w.org\/{rel}","templated":true}]}}