{"id":38311,"date":"2026-04-10T16:36:24","date_gmt":"2026-04-10T14:36:24","guid":{"rendered":"https:\/\/fvcomponentes.com\/?post_type=product&#038;p=38311"},"modified":"2026-04-10T18:24:53","modified_gmt":"2026-04-10T16:24:53","slug":"fronius-reserve-pro-battery-mo-35-121548-4-240-390","status":"publish","type":"product","link":"https:\/\/fvcomponentes.com\/fr\/producto\/fronius-reserva-pro-battery-mo-35-121548-4-240-390\/","title":{"rendered":"FRONIUS Reserve Battery PRO Module 3,98 kWh - 4 240 390"},"content":{"rendered":"<p>Module de batterie Fronius Reserva PRO 3,98 kWh. De 3 \u00e0 8 modules par tour et jusqu'\u00e0 4 tours en parall\u00e8le par syst\u00e8me.<\/p>\n<p>N\u00e9cessite une unit\u00e9 Base et BMS par tour (35-121549)<\/p>\n<h3>Sp\u00e9cifications techniques<\/h3>\n<table style=\"width: 100%; border-collapse: collapse; margin-top: 10px;\">\n<tbody>\n<tr>\n<th style=\"text-align: left; padding: 6px 12px; background: #f8f8f8; border: 1px solid #e0e0e0; width: 40%;\">Garantie (ann\u00e9es)<\/th>\n<td style=\"padding: 6px 12px; border: 1px solid #e0e0e0;\">10<\/td>\n<\/tr>\n<tr>\n<th style=\"text-align: left; padding: 6px 12px; background: #f8f8f8; border: 1px solid #e0e0e0; width: 40%;\">MPN<\/th>\n<td style=\"padding: 6px 12px; border: 1px solid #e0e0e0;\">4,240,390<\/td>\n<\/tr>\n<tr>\n<th style=\"text-align: left; padding: 6px 12px; background: #f8f8f8; border: 1px solid #e0e0e0; width: 40%;\">Protection IP<\/th>\n<td style=\"padding: 6px 12px; border: 1px solid #e0e0e0;\">IP65<\/td>\n<\/tr>\n<tr>\n<th style=\"text-align: left; padding: 6px 12px; background: #f8f8f8; border: 1px solid #e0e0e0; width: 40%;\">Poids<\/th>\n<td style=\"padding: 6px 12px; border: 1px solid #e0e0e0;\">36,0 kg<\/td>\n<\/tr>\n<tr>\n<th style=\"text-align: left; padding: 6px 12px; background: #f8f8f8; border: 1px solid #e0e0e0; width: 40%;\">Dimensions (L\u00d7L\u00d7H cm)<\/th>\n<td style=\"padding: 6px 12px; border: 1px solid #e0e0e0;\">57.0 \u00d7 44.0 \u00d7 16.0<\/td>\n<\/tr>\n<\/tbody>\n<\/table>\n<h3>Documentation<\/h3>\n<ul style=\"margin-top: 8px;\">\n<li><a href=\"https:\/\/fvcomponentes.com\/wp-content\/uploads\/2026\/04\/Data_Sheet_EN-8.pdf\" target=\"_blank\" rel=\"noopener\">\ud83d\udcc4 Fiche technique (EN)<\/a><\/li>\n<li><a href=\"https:\/\/fvcomponentes.com\/wp-content\/uploads\/2026\/04\/Warranty_Manual_FR-5.pdf\" target=\"_blank\" rel=\"noopener\">\ud83d\udcc4 Manuel de garantie (FR)<\/a><\/li>\n<li><a href=\"https:\/\/fvcomponentes.com\/wp-content\/uploads\/2026\/04\/Installation_Manual_DE-5.pdf\" target=\"_blank\" rel=\"noopener\">\ud83d\udcc4 Manuel d'installation (DE)<\/a><\/li>\n<\/ul>","protected":false},"excerpt":{"rendered":"<p>Module de batterie Fronius Reserva PRO 3,98 kWh. De 3 \u00e0 8 modules par tour et jusqu'\u00e0 4 tours en parall\u00e8le par syst\u00e8me.<\/p>\n<p>N\u00e9cessite une unit\u00e9 Base et BMS par tour (35-121549)<\/p>","protected":false},"featured_media":38331,"comment_status":"open","ping_status":"closed","template":"","meta":{"site-sidebar-layout":"default","site-content-layout":"","ast-site-content-layout":"default","site-content-style":"default","site-sidebar-style":"default","ast-global-header-display":"","ast-banner-title-visibility":"","ast-main-header-display":"","ast-hfb-above-header-display":"","ast-hfb-below-header-display":"","ast-hfb-mobile-header-display":"","site-post-title":"","ast-breadcrumbs-content":"","ast-featured-img":"","footer-sml-layout":"","ast-disable-related-posts":"","theme-transparent-header-meta":"default","adv-header-id-meta":"","stick-header-meta":"","header-above-stick-meta":"","header-main-stick-meta":"","header-below-stick-meta":"","astra-migrate-meta-layouts":"set","ast-page-background-enabled":"default","ast-page-background-meta":{"desktop":{"background-color":"var(--ast-global-color-4)","background-image":"","background-repeat":"repeat","background-position":"center center","background-size":"auto","background-attachment":"scroll","background-type":"","background-media":"","overlay-type":"","overlay-color":"","overlay-opacity":"","overlay-gradient":""},"tablet":{"background-color":"","background-image":"","background-repeat":"repeat","background-position":"center center","background-size":"auto","background-attachment":"scroll","background-type":"","background-media":"","overlay-type":"","overlay-color":"","overlay-opacity":"","overlay-gradient":""},"mobile":{"background-color":"","background-image":"","background-repeat":"repeat","background-position":"center center","background-size":"auto","background-attachment":"scroll","background-type":"","background-media":"","overlay-type":"","overlay-color":"","overlay-opacity":"","overlay-gradient":""}},"ast-content-background-meta":{"desktop":{"background-color":"var(--ast-global-color-5)","background-image":"","background-repeat":"repeat","background-position":"center center","background-size":"auto","background-attachment":"scroll","background-type":"","background-media":"","overlay-type":"","overlay-color":"","overlay-opacity":"","overlay-gradient":""},"tablet":{"background-color":"var(--ast-global-color-5)","background-image":"","background-repeat":"repeat","background-position":"center center","background-size":"auto","background-attachment":"scroll","background-type":"","background-media":"","overlay-type":"","overlay-color":"","overlay-opacity":"","overlay-gradient":""},"mobile":{"background-color":"var(--ast-global-color-5)","background-image":"","background-repeat":"repeat","background-position":"center center","background-size":"auto","background-attachment":"scroll","background-type":"","background-media":"","overlay-type":"","overlay-color":"","overlay-opacity":"","overlay-gradient":""}}},"pwb-brand":[344],"product_brand":[],"product_cat":[340,379],"product_tag":[],"class_list":{"0":"post-38311","1":"product","2":"type-product","3":"status-publish","4":"has-post-thumbnail","6":"pwb-brand-fronius","7":"product_cat-baterias","8":"product_cat-baterias-de-litio-de-alto-voltaje","9":"desktop-align-left","10":"tablet-align-left","11":"mobile-align-left","12":"ast-product-gallery-layout-horizontal-slider","13":"ast-product-gallery-with-no-image","14":"ast-product-tabs-layout-horizontal","16":"first","17":"instock","18":"taxable","19":"shipping-taxable","20":"purchasable","21":"product-type-simple"},"wcpa_form_fields":null,"brands":[{"id":344,"name":"Onduleurs Fronius","slug":"fronius"}],"_links":{"self":[{"href":"https:\/\/fvcomponentes.com\/fr\/wp-json\/wp\/v2\/product\/38311","targetHints":{"allow":["GET"]}}],"collection":[{"href":"https:\/\/fvcomponentes.com\/fr\/wp-json\/wp\/v2\/product"}],"about":[{"href":"https:\/\/fvcomponentes.com\/fr\/wp-json\/wp\/v2\/types\/product"}],"replies":[{"embeddable":true,"href":"https:\/\/fvcomponentes.com\/fr\/wp-json\/wp\/v2\/comments?post=38311"}],"wp:featuredmedia":[{"embeddable":true,"href":"https:\/\/fvcomponentes.com\/fr\/wp-json\/wp\/v2\/media\/38331"}],"wp:attachment":[{"href":"https:\/\/fvcomponentes.com\/fr\/wp-json\/wp\/v2\/media?parent=38311"}],"wp:term":[{"taxonomy":"pwb-brand","embeddable":true,"href":"https:\/\/fvcomponentes.com\/fr\/wp-json\/wp\/v2\/pwb-brand?post=38311"},{"taxonomy":"product_brand","embeddable":true,"href":"https:\/\/fvcomponentes.com\/fr\/wp-json\/wp\/v2\/product_brand?post=38311"},{"taxonomy":"product_cat","embeddable":true,"href":"https:\/\/fvcomponentes.com\/fr\/wp-json\/wp\/v2\/product_cat?post=38311"},{"taxonomy":"product_tag","embeddable":true,"href":"https:\/\/fvcomponentes.com\/fr\/wp-json\/wp\/v2\/product_tag?post=38311"}],"curies":[{"name":"wp","href":"https:\/\/api.w.org\/{rel}","templated":true}]}}