{"id":38170,"date":"2026-04-07T09:46:49","date_gmt":"2026-04-07T07:46:49","guid":{"rendered":"https:\/\/fvcomponentes.com\/?post_type=product&#038;p=38170"},"modified":"2026-04-07T13:52:58","modified_gmt":"2026-04-07T11:52:58","slug":"victron-orion-xs-12-12-70a-1000w-ori12121707070-victron-orion-xs-12-12-70a-booster-converter","status":"publish","type":"product","link":"https:\/\/fvcomponentes.com\/fr\/producto\/convertidor-booster-victron-orion-xs-12-12-70a-1000w-ori121217070\/","title":{"rendered":"Convertisseur Booster Victron Orion XS 12\/12-70A 1000W - ORI12121707070"},"content":{"rendered":"<h2>CConvertisseur Booster Victron Orion XS 12\/12-70A 1000W - ORI12121707070<\/h2>\n<div>La nouvelle <strong>Chargeur DC-DC Victron Orion XS 12\/12-70A<\/strong> (r\u00e9f\u00e9rence ORI121217070) repr\u00e9sente l'\u00e9volution la plus puissante de la gamme Orion XS de Victron Energy. Avec une capacit\u00e9 de <strong>70 amp\u00e8res et 1000W de puissance<\/strong>, Ce convertisseur booster DC-DC est con\u00e7u pour les syst\u00e8mes \u00e0 double batterie dans les v\u00e9hicules, les camping-cars et les bateaux qui exigent un courant de charge maximal de la part de l'alternateur.<\/div>\n<div>Ce chargeur DC-DC adaptatif de 70A int\u00e8gre la technologie de refroidissement r\u00e9volutionnaire de <strong>circuit imprim\u00e9 en aluminium (Aluminum PCB)<\/strong>, atteindre une efficacit\u00e9 exceptionnelle de <strong>98,5%<\/strong> sans ventilateur. Sa conception sans ventilateur garantit un fonctionnement totalement silencieux, id\u00e9al pour une installation dans les espaces de vie des camping-cars et des caravanes.<\/div>\n<div>Les <strong>Victron Orion XS 70A<\/strong> fait partie int\u00e9grante de l'\u00e9cosyst\u00e8me Victron, offrant une surveillance et un contr\u00f4le complets par le biais de <strong>Bluetooth int\u00e9gr\u00e9 et connexion VE.Direct<\/strong>. Compatible avec l'application VictronConnect, il permet un contr\u00f4le total du syst\u00e8me de charge :<\/div>\n<ul>\n<li><strong>Enti\u00e8rement configurable<\/strong> via VictronConnect via Bluetooth ou VE.Direct<\/li>\n<li><strong>D\u00e9tection de l'arr\u00eat du moteur<\/strong> (d\u00e9tection de l'arr\u00eat du moteur) pour la protection du syst\u00e8me<\/li>\n<li><strong>Algorithmes de chargement adaptatifs<\/strong> pour les batteries au lithium (LiFePO4), AGM, Gel et plomb-acide<\/li>\n<li><strong>Puissance de 1000W<\/strong> avec un courant de sortie de 70A<\/li>\n<li><strong>Plage d'entr\u00e9e 9-17V<\/strong> et plage de sortie 10-17V<\/li>\n<li><strong>Protection IP20<\/strong> pour les installations int\u00e9rieures<\/li>\n<li><strong>Connexion parall\u00e8le illimit\u00e9e<\/strong> pour mettre \u00e0 l'\u00e9chelle le courant de sortie<\/li>\n<li><strong>Compatibilit\u00e9 avec les alternateurs intelligents<\/strong><\/li>\n<\/ul>\n<h3 class=\"productDetails__block-title\"><span class=\"productDetails__block-title-content\">Puissance maximale DC-DC : 70A et 1000W pour les syst\u00e8mes les plus exigeants<\/span><\/h3>\n<div class=\"productDetails__block-description\">\n<div>Les <strong>Orion XS 12\/12-70A<\/strong> est le mod\u00e8le le plus puissant de la famille Orion XS, d\u00e9passant le mod\u00e8le 50A avec une augmentation du courant de sortie de 40%. Ses <strong>1000 watts de puissance<\/strong> en font la solution id\u00e9ale pour les syst\u00e8mes \u00e9quip\u00e9s de batteries au lithium de grande capacit\u00e9, o\u00f9 le taux de charge de l'alternateur est un facteur critique. Les courants d'entr\u00e9e et de sortie sont configurables par incr\u00e9ments de 0,1A, ce qui permet un ajustement pr\u00e9cis aux besoins de chaque installation.<\/div>\n<\/div>\n<h3 class=\"productDetails__block-title\"><span class=\"productDetails__block-title-content\">Technologie de refroidissement sans ventilateur : efficacit\u00e9 98,5%<\/span><\/h3>\n<div class=\"productDetails__block-description\">\n<div>Technologie innovante de dissipation de la chaleur utilisant <strong>PCB en aluminium<\/strong> permet au Victron Orion XS 70A de fonctionner \u00e0 pleine capacit\u00e9 jusqu'\u00e0 40\u00b0C sans avoir besoin de ventilateurs. Cette conception sans ventilateur \u00e9limine le bruit, r\u00e9duit la maintenance et augmente la dur\u00e9e de vie de l'\u00e9quipement. Avec un <strong>efficacit\u00e9 de 98,5%<\/strong>, En outre, les pertes de chaleur sont minimes, ce qui optimise au maximum l'\u00e9nergie transf\u00e9r\u00e9e de l'alternateur \u00e0 la batterie auxiliaire.<\/div>\n<\/div>\n<h3 class=\"productDetails__block-title\"><span class=\"productDetails__block-title-content\">D\u00e9tection intelligente du moteur et protection de l'alternateur<\/span><\/h3>\n<div class=\"productDetails__block-description\">\n<div>Le syst\u00e8me <strong>D\u00e9tection de l'arr\u00eat du moteur<\/strong> int\u00e9gr\u00e9 dans l'Orion XS 70A d\u00e9tecte automatiquement lorsque le moteur tourne, activant la charge uniquement lorsque l'alimentation de l'alternateur est disponible. Cette fonction prot\u00e8ge la batterie de d\u00e9marrage contre une d\u00e9charge excessive et est particuli\u00e8rement importante dans les v\u00e9hicules dot\u00e9s de <strong>alternateurs intelligents<\/strong>, qui r\u00e9gulent leur puissance en fonction de la demande. Le chargeur DC-DC adapte son comportement pour ne pas surcharger l'alternateur, ce qui prolonge sa dur\u00e9e de vie.<\/div>\n<\/div>\n<h3 class=\"productDetails__block-title\"><span class=\"productDetails__block-title-content\">Connexion parall\u00e8le pour les syst\u00e8mes \u00e0 forte demande<\/span><\/h3>\n<div class=\"productDetails__block-description\">\n<div>Il est possible de connecter un <strong>nombre illimit\u00e9 d'unit\u00e9s Orion XS 70A en parall\u00e8le<\/strong>, en multipliant le courant de charge disponible. Deux unit\u00e9s en parall\u00e8le fournissent 140A (2000W), trois unit\u00e9s 210A (3000W), et ainsi de suite. Cette \u00e9volutivit\u00e9 fait de l'Orion XS 70A la solution parfaite pour <strong>les camping-cars, les grands caravanes, les camions et les bateaux<\/strong> avec de grandes batteries au lithium.<\/div>\n<\/div>\n<h3 class=\"productDetails__block-title\"><span class=\"productDetails__block-title-content\">Connectivit\u00e9 Bluetooth et VE.Direct : contr\u00f4le total \u00e0 partir de votre smartphone<\/span><\/h3>\n<div class=\"productDetails__block-description\">\n<div>Les <strong>Bluetooth int\u00e9gr\u00e9<\/strong> permet la configuration, la surveillance et la mise \u00e0 jour du micrologiciel directement \u00e0 partir de l'application <strong>VictronConnect<\/strong> sur votre smartphone ou votre tablette. La connexion <strong>VE.Direct<\/strong> permet l'int\u00e9gration des appareils Victron GX (Cerbo GX, GX Touch) pour la surveillance \u00e0 distance via le portail <strong>VRM (Victron Remote Management)<\/strong>. Toutes les informations sur la charge, l'\u00e9tat de la batterie et les diagnostics du syst\u00e8me sont disponibles en temps r\u00e9el.<\/div>\n<\/div>\n<h3 class=\"productDetails__block-title\"><span class=\"productDetails__block-title-content\">Caract\u00e9ristiques techniques du Victron Orion XS 12\/12-70A<\/span><\/h3>\n<div class=\"productDetails__block-description\">\n<table style=\"border-collapse: collapse; width: 100%;\">\n<tbody>\n<tr>\n<td style=\"padding: 8px; border: 1px solid #ddd;\"><strong>Mod\u00e8le<\/strong><\/td>\n<td style=\"padding: 8px; border: 1px solid #ddd;\">Orion XS 12|12-70A<\/td>\n<\/tr>\n<tr>\n<td style=\"padding: 8px; border: 1px solid #ddd;\"><strong>R\u00e9f\u00e9rence<\/strong><\/td>\n<td style=\"padding: 8px; border: 1px solid #ddd;\">ORI1212170<\/td>\n<\/tr>\n<tr>\n<td style=\"padding: 8px; border: 1px solid #ddd;\"><strong>Puissance maximale<\/strong><\/td>\n<td style=\"padding: 8px; border: 1px solid #ddd;\">1000W<\/td>\n<\/tr>\n<tr>\n<td style=\"padding: 8px; border: 1px solid #ddd;\"><strong>Courant de sortie maximal<\/strong><\/td>\n<td style=\"padding: 8px; border: 1px solid #ddd;\">70A<\/td>\n<\/tr>\n<tr>\n<td style=\"padding: 8px; border: 1px solid #ddd;\"><strong>Plage de tension d'entr\u00e9e<\/strong><\/td>\n<td style=\"padding: 8px; border: 1px solid #ddd;\">9 - 17V<\/td>\n<\/tr>\n<tr>\n<td style=\"padding: 8px; border: 1px solid #ddd;\"><strong>Plage de tension de sortie<\/strong><\/td>\n<td style=\"padding: 8px; border: 1px solid #ddd;\">10 - 17V<\/td>\n<\/tr>\n<tr>\n<td style=\"padding: 8px; border: 1px solid #ddd;\"><strong>Efficacit\u00e9<\/strong><\/td>\n<td style=\"padding: 8px; border: 1px solid #ddd;\">98,5%<\/td>\n<\/tr>\n<tr>\n<td style=\"padding: 8px; border: 1px solid #ddd;\"><strong>Protection IP<\/strong><\/td>\n<td style=\"padding: 8px; border: 1px solid #ddd;\">IP20<\/td>\n<\/tr>\n<tr>\n<td style=\"padding: 8px; border: 1px solid #ddd;\"><strong>Connectivit\u00e9<\/strong><\/td>\n<td style=\"padding: 8px; border: 1px solid #ddd;\">Bluetooth + VE.Direct<\/td>\n<\/tr>\n<tr>\n<td style=\"padding: 8px; border: 1px solid #ddd;\"><strong>Temp\u00e9rature de fonctionnement<\/strong><\/td>\n<td style=\"padding: 8px; border: 1px solid #ddd;\">-20\u00b0C \u00e0 +50\u00b0C (pleine puissance jusqu'\u00e0 40\u00b0C)<\/td>\n<\/tr>\n<tr>\n<td style=\"padding: 8px; border: 1px solid #ddd;\"><strong>Poids<\/strong><\/td>\n<td style=\"padding: 8px; border: 1px solid #ddd;\">0,6 kg<\/td>\n<\/tr>\n<tr>\n<td style=\"padding: 8px; border: 1px solid #ddd;\"><strong>Dimensions (H x L x P)<\/strong><\/td>\n<td style=\"padding: 8px; border: 1px solid #ddd;\">50 x 160 x 140 mm<\/td>\n<\/tr>\n<tr>\n<td style=\"padding: 8px; border: 1px solid #ddd;\"><strong>R\u00e9frig\u00e9ration<\/strong><\/td>\n<td style=\"padding: 8px; border: 1px solid #ddd;\">Sans ventilateur (PCB en aluminium)<\/td>\n<\/tr>\n<\/tbody>\n<\/table>\n<\/div>\n<h3 class=\"productDetails__block-title\"><span class=\"productDetails__block-title-content\">Applications du chargeur DC-DC Orion XS 70A<\/span><\/h3>\n<div class=\"productDetails__block-description\">\n<div>Les <strong>Victron Orion XS convertisseur booster 12\/12-70A<\/strong> est la solution professionnelle de charge DC-DC pour :<\/div>\n<ul>\n<li><strong>Camping-cars et caravanes<\/strong>Chargement rapide des batteries auxiliaires au lithium \u00e0 partir de l'alternateur du v\u00e9hicule<\/li>\n<li><strong>Camping-cars<\/strong>capacit\u00e9 de charge maximale dans l'espace le plus r\u00e9duit possible<\/li>\n<li><strong>Navires<\/strong>Chargement des batteries de service \u00e0 partir du moteur principal<\/li>\n<li><strong>V\u00e9hicules d'urgence et ambulances<\/strong>Syst\u00e8mes d'alimentation auxiliaire \u00e0 forte demande<\/li>\n<li><strong>Camions et v\u00e9hicules commerciaux<\/strong>Alimentation des \u00e9quipements auxiliaires et des syst\u00e8mes de confort<\/li>\n<li><strong>Syst\u00e8mes solaires mobiles<\/strong>: compl\u00e9ment \u00e0 la charge solaire avec l'alimentation de l'alternateur<\/li>\n<\/ul>\n<\/div>\n<div><em>Note : Le Victron Orion XS 12\/12-70A est un produit \u00e0 venir. Les sp\u00e9cifications peuvent varier par rapport \u00e0 la version finale du fabricant. Date de disponibilit\u00e9 estim\u00e9e : Q2 2026.<\/em><\/div>","protected":false},"excerpt":{"rendered":"<p><strong>Chargeur DC-DC Victron Orion XS 12\/12-70A 1000W (ORI121217070)<\/strong><\/p>\n<p>Le booster DC-DC le plus puissant de la gamme Orion XS.<\/p>\n<p>70 amp\u00e8res de courant de sortie et 1000W de puissance avec un rendement de 98,5%.<\/p>\n<p>Technologie sans ventilateur avec PCB en aluminium, Bluetooth int\u00e9gr\u00e9, VE.Direct, d\u00e9tection d'arr\u00eat du moteur et connexion parall\u00e8le illimit\u00e9e.<\/p>\n<p>Id\u00e9al pour les camping-cars, les bateaux et les v\u00e9hicules \u00e9quip\u00e9s de grandes batteries au lithium.<\/p>\n<p><em>Produit \u00e0 venir - Disponibilit\u00e9 estim\u00e9e au deuxi\u00e8me trimestre 2026.<\/em><\/p>","protected":false},"featured_media":38173,"comment_status":"open","ping_status":"closed","template":"","meta":{"site-sidebar-layout":"default","site-content-layout":"","ast-site-content-layout":"default","site-content-style":"default","site-sidebar-style":"default","ast-global-header-display":"","ast-banner-title-visibility":"","ast-main-header-display":"","ast-hfb-above-header-display":"","ast-hfb-below-header-display":"","ast-hfb-mobile-header-display":"","site-post-title":"","ast-breadcrumbs-content":"","ast-featured-img":"","footer-sml-layout":"","ast-disable-related-posts":"","theme-transparent-header-meta":"default","adv-header-id-meta":"","stick-header-meta":"","header-above-stick-meta":"","header-main-stick-meta":"","header-below-stick-meta":"","astra-migrate-meta-layouts":"set","ast-page-background-enabled":"default","ast-page-background-meta":{"desktop":{"background-color":"var(--ast-global-color-4)","background-image":"","background-repeat":"repeat","background-position":"center center","background-size":"auto","background-attachment":"scroll","background-type":"","background-media":"","overlay-type":"","overlay-color":"","overlay-opacity":"","overlay-gradient":""},"tablet":{"background-color":"","background-image":"","background-repeat":"repeat","background-position":"center center","background-size":"auto","background-attachment":"scroll","background-type":"","background-media":"","overlay-type":"","overlay-color":"","overlay-opacity":"","overlay-gradient":""},"mobile":{"background-color":"","background-image":"","background-repeat":"repeat","background-position":"center center","background-size":"auto","background-attachment":"scroll","background-type":"","background-media":"","overlay-type":"","overlay-color":"","overlay-opacity":"","overlay-gradient":""}},"ast-content-background-meta":{"desktop":{"background-color":"var(--ast-global-color-5)","background-image":"","background-repeat":"repeat","background-position":"center center","background-size":"auto","background-attachment":"scroll","background-type":"","background-media":"","overlay-type":"","overlay-color":"","overlay-opacity":"","overlay-gradient":""},"tablet":{"background-color":"var(--ast-global-color-5)","background-image":"","background-repeat":"repeat","background-position":"center center","background-size":"auto","background-attachment":"scroll","background-type":"","background-media":"","overlay-type":"","overlay-color":"","overlay-opacity":"","overlay-gradient":""},"mobile":{"background-color":"var(--ast-global-color-5)","background-image":"","background-repeat":"repeat","background-position":"center center","background-size":"auto","background-attachment":"scroll","background-type":"","background-media":"","overlay-type":"","overlay-color":"","overlay-opacity":"","overlay-gradient":""}}},"pwb-brand":[332],"product_brand":[],"product_cat":[898,419,865],"product_tag":[],"class_list":{"0":"post-38170","1":"product","2":"type-product","3":"status-publish","4":"has-post-thumbnail","6":"pwb-brand-victron","7":"product_cat-12v-12v","8":"product_cat-cargadores-de-baterias","9":"product_cat-convertidores","10":"desktop-align-left","11":"tablet-align-left","12":"mobile-align-left","13":"ast-product-gallery-layout-horizontal-slider","14":"ast-product-gallery-with-no-image","15":"ast-product-tabs-layout-horizontal","17":"first","18":"onbackorder","19":"featured","20":"taxable","21":"shipping-taxable","22":"product-type-simple"},"wcpa_form_fields":null,"brands":[{"id":332,"name":"Victron Energy","slug":"victron"}],"_links":{"self":[{"href":"https:\/\/fvcomponentes.com\/fr\/wp-json\/wp\/v2\/product\/38170","targetHints":{"allow":["GET"]}}],"collection":[{"href":"https:\/\/fvcomponentes.com\/fr\/wp-json\/wp\/v2\/product"}],"about":[{"href":"https:\/\/fvcomponentes.com\/fr\/wp-json\/wp\/v2\/types\/product"}],"replies":[{"embeddable":true,"href":"https:\/\/fvcomponentes.com\/fr\/wp-json\/wp\/v2\/comments?post=38170"}],"wp:featuredmedia":[{"embeddable":true,"href":"https:\/\/fvcomponentes.com\/fr\/wp-json\/wp\/v2\/media\/38173"}],"wp:attachment":[{"href":"https:\/\/fvcomponentes.com\/fr\/wp-json\/wp\/v2\/media?parent=38170"}],"wp:term":[{"taxonomy":"pwb-brand","embeddable":true,"href":"https:\/\/fvcomponentes.com\/fr\/wp-json\/wp\/v2\/pwb-brand?post=38170"},{"taxonomy":"product_brand","embeddable":true,"href":"https:\/\/fvcomponentes.com\/fr\/wp-json\/wp\/v2\/product_brand?post=38170"},{"taxonomy":"product_cat","embeddable":true,"href":"https:\/\/fvcomponentes.com\/fr\/wp-json\/wp\/v2\/product_cat?post=38170"},{"taxonomy":"product_tag","embeddable":true,"href":"https:\/\/fvcomponentes.com\/fr\/wp-json\/wp\/v2\/product_tag?post=38170"}],"curies":[{"name":"wp","href":"https:\/\/api.w.org\/{rel}","templated":true}]}}