{"id":38168,"date":"2026-04-07T09:07:15","date_gmt":"2026-04-07T07:07:15","guid":{"rendered":"https:\/\/fvcomponentes.com\/?post_type=product&#038;p=38168"},"modified":"2026-04-07T10:51:20","modified_gmt":"2026-04-07T08:51:20","slug":"kit-de-sauvegarde-denergie-victron-multiplus-ii-48-5000-pytes-v5-cerbo-gx-rack-frame","status":"publish","type":"product","link":"https:\/\/fvcomponentes.com\/fr\/producto\/kit-respaldo-energetico-victron-multiplus-ii-48-5000-pytes-v5-cerbo-gx-rack-bastidor\/","title":{"rendered":"Kit Alimentation de secours Victron MultiPlus II 48\/5000 + Pytes V5 + Cerbo GX + Rack Frame"},"content":{"rendered":"<h2>Kit Alimentation de secours Victron MultiPlus II 48\/5000 + Pytes V5 + Cerbo GX + Rack Frame<\/h2>\n<p>Chez FVComponentes, nous avons con\u00e7u ce kit de secours \u00e9lectrique avec l'\u00e9quipement Victron Energy et les batteries Pytes, mont\u00e9s sur une armoire rack ouverte. Il s'agit d'une solution tout-en-un con\u00e7ue pour prot\u00e9ger votre maison ou votre entreprise contre les pannes et les coupures de courant. Avec l'onduleur sur le dessus et les batteries dans le fond du rack, vous disposez d'un syst\u00e8me compact, transportable et pr\u00eat \u00e0 \u00eatre connect\u00e9.<\/p>\n<p>Il vous suffit de connecter l'entr\u00e9e au r\u00e9seau ou au g\u00e9n\u00e9rateur et la sortie \u00e0 votre consommation. En quelques minutes, vous disposez d'une source d'\u00e9nergie de secours professionnelle et fiable, sans travaux ni installations complexes.<\/p>\n<p>Ce kit est id\u00e9al comme ESS (Energy Storage System) ou syst\u00e8me de secours pour les installations connect\u00e9es au r\u00e9seau et d\u00e9j\u00e0 \u00e9quip\u00e9es de panneaux solaires. Il permet de stocker l'\u00e9nergie, d'accro\u00eetre l'ind\u00e9pendance \u00e9nerg\u00e9tique et de garantir l'approvisionnement en cas de coupure de courant. Il est \u00e9galement parfait pour les installations hors r\u00e9seau dans les maisons rurales, les maisons de campagne, les abris ou les fermes.<\/p>\n<p>La combinaison Victron + Pytes est synonyme de fiabilit\u00e9, d'int\u00e9gration totale et de qualit\u00e9 sup\u00e9rieure. Nous avons configur\u00e9 ce kit avec les composants essentiels mont\u00e9s sur un ch\u00e2ssis de rack ouvert afin que vous disposiez d'un syst\u00e8me professionnel, transportable et extensible pour l'avenir.<\/p>\n<h3><strong>Qu'est-ce qui est inclus dans le kit de sauvegarde de l'alimentation du rack ?<\/strong><\/h3>\n<p>Le kit comprend un onduleur-chargeur 48V 5000VA, le syst\u00e8me de surveillance Cerbo GX, une batterie Pytes V5 5kWh, l'armoire \u00e0 cadre ouvert et le c\u00e2blage n\u00e9cessaire pour tout connecter. Le tout est pr\u00e9assembl\u00e9 dans un rack que vous pouvez facilement transporter \u00e0 l'aide d'un transpalette.<\/p>\n<p>Les <a href=\"https:\/\/fvcomponentes.com\/fr\/produit\/inversor-cargador-48v-victron-multiplus-ii-48-5000-70a-50a-pmp482505012\/\" target=\"_blank\" rel=\"noopener\">Victron MultiPlus II 48\/5000 - PMP482505010<\/a>, est un onduleur-chargeur qui combine un onduleur \u00e0 onde sinuso\u00efdale pure avec un chargeur de batterie de 70 A. Gr\u00e2ce \u00e0 la technologie PowerAssist, le MultiPlus II peut compl\u00e9ter l'alimentation d'une source externe, telle qu'un g\u00e9n\u00e9rateur, par l'alimentation de la batterie.<\/p>\n<p>Cela garantit une alimentation stable, m\u00eame en cas de pic de demande. Il fonctionne \u00e0 48 V et a une puissance de 5000 VA (jusqu'\u00e0 4000 W en continu, selon les conditions). En cas de panne de courant, le MultiPlus bascule en moins de 20 millisecondes, ce qui permet \u00e0 vos appareils de fonctionner sans interruption.<\/p>\n<p>Ce kit comprend de 2 \u00e0 6 unit\u00e9s de la <a href=\"https:\/\/fvcomponentes.com\/fr\/produit\/batterie-lithium-512v-lifepo4-pytes-v5-5-12kwh-110402100135\/\" target=\"_blank\" rel=\"noopener\">Batterie au lithium 51.2V LiFePO4 Pytes V5 5.12kWh - 110402100135<\/a>, sp\u00e9cialement con\u00e7u pour les syst\u00e8mes 48 V, garantissant une durabilit\u00e9, une efficacit\u00e9 et une s\u00e9curit\u00e9 \u00e9lev\u00e9es dans n'importe quel environnement. Il offre un \u00e9quilibre solide entre s\u00e9curit\u00e9, durabilit\u00e9, performance et facilit\u00e9 d'installation. Veuillez s\u00e9lectionner les unit\u00e9s de 5,12 kWh dont vous souhaitez \u00e9quiper votre syst\u00e8me avant de passer commande.<\/p>\n<p>Le kit comprend <a href=\"https:\/\/fvcomponentes.com\/fr\/produit\/pylontech-rack-rack-cabinet\/\" target=\"_blank\" rel=\"noopener\">Pylontech Rack Rack Cabinet<\/a>, Une structure ouverte en acier con\u00e7ue pour abriter l'onduleur dans la partie sup\u00e9rieure et les batteries dans la partie inf\u00e9rieure. Facilement d\u00e9pla\u00e7able gr\u00e2ce \u00e0 sa conception pour \u00eatre transport\u00e9e par un transpalette, avec des dimensions adapt\u00e9es pour entrer par une porte r\u00e9sidentielle et des pieds en caoutchouc anti-vibration r\u00e9glables en hauteur. C'est la solution id\u00e9ale pour avoir tout le syst\u00e8me int\u00e9gr\u00e9 dans un seul ch\u00e2ssis, pr\u00eat \u00e0 \u00eatre transport\u00e9 et connect\u00e9 partout o\u00f9 il est n\u00e9cessaire.<\/p>\n<p>Pour garder le contr\u00f4le, le kit comprend les \u00e9l\u00e9ments suivants <a href=\"https:\/\/fvcomponentes.com\/fr\/produit\/victron-cerbo-gx-control-unit-bpp900451100\/\" target=\"_blank\" rel=\"noopener\">Victron Cerbo GX - BPP900451100<\/a>, qui joue le r\u00f4le de centre de surveillance du syst\u00e8me. Il rassemble toutes les informations sur les \u00e9quipements connect\u00e9s. De plus, il permet de visualiser et de g\u00e9rer l'installation en temps r\u00e9el, \u00e0 la fois localement et \u00e0 distance, avec le portail VRM de Victron. Il dispose de connexions VE.Bus, VE.Direct et VE.Can. Cela facilite l'int\u00e9gration des \u00e9quipements Victron compatibles et la surveillance des performances depuis n'importe quel appareil.<\/p>\n<p>Afin de pouvoir communiquer entre eux, nous avons inclus une <a href=\"https:\/\/fvcomponentes.com\/fr\/produit\/victron-cable-from-ve-can-to-can-bus-for-bms-type-a-5m-ass030710150\/\" target=\"_blank\" rel=\"noopener\">Victron C\u00e2ble VE.Can vers CAN-bus pour BMS Type A 5m - ASS030710150<\/a> pour relier les piles au lithium Pytes V5 au Cerbo.<\/p>\n<p>En outre, nous avons ajout\u00e9 un <a href=\"https:\/\/fvcomponentes.com\/fr\/produit\/victron-utp-rj45-18m-ass030064950-victron-utp-cable-ass030064950\/\" target=\"_blank\" rel=\"noopener\">Victron UTP RJ45 1,8m Victron UTP Cable - ASS030064950<\/a> pour faire communiquer l'onduleur avec l'unit\u00e9 de contr\u00f4le Cerbo.<\/p>\n<p>Enfin, nous incluons un kit de c\u00e2blage de la batterie de 2 m de long, avec un c\u00e2ble rouge et noir de 35 mm\u00b2, avec des bornes \u00e0 vis M6 aux extr\u00e9mit\u00e9s de la batterie et des bornes \u00e0 vis M8 aux extr\u00e9mit\u00e9s de l'onduleur. Le c\u00e2ble positif est fourni en deux longueurs (30 cm et 160 cm) pour faciliter l'installation du porte-fusible MEGA avec son fusible correspondant. Ce fusible prot\u00e8ge la ligne DC pour une installation plus s\u00fbre et plus fiable.<\/p>\n<h3><strong>Mat\u00e9riel inclus dans le kit<\/strong><\/h3>\n<table class=\"w-fit min-w-(--thread-content-width)\">\n<thead>\n<tr>\n<th data-col-size=\"md\">Composant<\/th>\n<th data-col-size=\"sm\">Code<\/th>\n<th data-col-size=\"xl\">Description<\/th>\n<\/tr>\n<\/thead>\n<tbody>\n<tr>\n<td data-col-size=\"md\"><strong>Chargeur d'onduleur 48V Victron MultiPlus II 48\/5000 70A-50A<\/strong><\/td>\n<td data-col-size=\"sm\"><a href=\"https:\/\/fvcomponentes.com\/fr\/produit\/inversor-cargador-48v-victron-multiplus-ii-48-5000-70a-50a-pmp482505012\/\" target=\"_blank\" rel=\"noopener\">PMP482505010<\/a><\/td>\n<td data-col-size=\"xl\">Onduleur-chargeur \u00e0 ondes pures avec fonction PowerAssist et transfert automatique. Puissance continue 4000 W \/ 5000 VA. Entr\u00e9e 230 V AC et sortie 230 V AC. Courant de charge 70 A.<\/td>\n<\/tr>\n<tr>\n<td data-col-size=\"md\"><strong>Pylontech Rack Rack Cabinet<\/strong><\/td>\n<td data-col-size=\"sm\"><a href=\"https:\/\/fvcomponentes.com\/fr\/produit\/pylontech-rack-rack-cabinet\/\" target=\"_blank\" rel=\"noopener\">Rack Rack<\/a><\/td>\n<td data-col-size=\"xl\">Structure ouverte en acier pour le montage de l'onduleur et de la batterie. Transportable par transpalette. Dimensions adapt\u00e9es aux portes standard. Pieds anti-vibration r\u00e9glables.<\/td>\n<\/tr>\n<tr>\n<td data-col-size=\"md\"><strong>Unit\u00e9 de contr\u00f4le Victron Cerbo GX<\/strong><\/td>\n<td data-col-size=\"sm\"><a href=\"https:\/\/fvcomponentes.com\/fr\/produit\/victron-cerbo-gx-control-unit-bpp900451100\/\" target=\"_blank\" rel=\"noopener\">PP900451100<\/a><\/td>\n<td data-col-size=\"xl\">Dispositif de gestion et de communication qui centralise les donn\u00e9es de l'onduleur, du chargeur, de la batterie et des panneaux. Permet une surveillance locale ou \u00e0 distance via le portail VRM de Victron.<\/td>\n<\/tr>\n<tr>\n<td data-col-size=\"md\"><strong>C\u00e2ble VE.Can vers CAN-bus pour BMS type A (5 m)<\/strong><\/td>\n<td data-col-size=\"sm\"><a href=\"https:\/\/fvcomponentes.com\/fr\/produit\/victron-cable-from-ve-can-to-can-bus-for-bms-type-a-5m-ass030710150\/\" target=\"_blank\" rel=\"noopener\">ASS030710150<\/a><\/td>\n<td data-col-size=\"xl\">C\u00e2ble de communication pour la connexion entre Cerbo GX et le BMS de la batterie.<\/td>\n<\/tr>\n<tr>\n<td data-col-size=\"md\"><strong>C\u00e2ble UTP RJ45 (1,8 m)<\/strong><\/td>\n<td data-col-size=\"sm\"><a href=\"https:\/\/fvcomponentes.com\/fr\/produit\/victron-utp-rj45-18m-ass030064950-victron-utp-cable-ass030064950\/\" target=\"_blank\" rel=\"noopener\">ASS030064950<\/a><\/td>\n<td data-col-size=\"xl\">C\u00e2ble de r\u00e9seau pour l'interconnexion des appareils VE.Bus (MultiPlus, Quattro, etc.).<\/td>\n<\/tr>\n<\/tbody>\n<\/table>\n<h2>Pile au lithium Pytes V5 : s\u00fbre, robuste et con\u00e7ue pour durer<\/h2>\n<p>Le kit comprend une batterie au lithium Pytes V5 de 5,12 kWh, un choix parfait pour les installations 48V. Elle utilise la technologie LiFePO\u2084 (lithium fer phosphate), qui tombe beaucoup moins en panne et dure plus longtemps que les batteries au plomb dans le cadre d'une utilisation quotidienne.<\/p>\n<p>Les batteries Pytes V5 sont construites avec des \u00e9l\u00e9ments prismatiques, ce qui les rend beaucoup plus robustes que les autres batteries du march\u00e9 qui utilisent des \u00e9l\u00e9ments en poche. En outre, chaque batterie int\u00e8gre une plaque chauffante qui s'active lorsque la temp\u00e9rature ambiante descend en dessous de 10\u00b0C, ce qui permet de maintenir de bonnes performances de charge et de d\u00e9charge dans des conditions froides.<\/p>\n<p>En termes de performances, les batteries Pytes V5 ont une capacit\u00e9 nominale de 5,12 kWh et peuvent \u00eatre connect\u00e9es en parall\u00e8le pour augmenter facilement la capacit\u00e9 totale du syst\u00e8me. Leur BMS int\u00e9gr\u00e9 prot\u00e8ge contre la surcharge, la d\u00e9charge profonde, la surchauffe et les courts-circuits, garantissant ainsi un fonctionnement stable et fiable.<\/p>\n<p>Les Pytes communiquent directement avec le syst\u00e8me Victron gr\u00e2ce au c\u00e2ble VE.Can vers CAN-bus pour BMS type A (5 m) inclus dans le kit, ce qui permet au Cerbo GX d'afficher les donn\u00e9es de la batterie. Gr\u00e2ce \u00e0 cette int\u00e9gration, vous pouvez surveiller \u00e0 tout moment les param\u00e8tres tels que l'\u00e9tat de charge, la tension, la temp\u00e9rature et les cycles du VRM.<\/p>\n<p>Avec une dur\u00e9e de vie de plus de 6 000 cycles et une efficacit\u00e9 de charge allant jusqu'\u00e0 98 %, le Pytes V5 est une solution de stockage fiable, s\u00fbre et durable pour les syst\u00e8mes solaires, en particulier dans les syst\u00e8mes d'alimentation d'appoint.<\/p>\n<h2>Rack Rack Cabinet : votre syst\u00e8me de sauvegarde dans un seul ch\u00e2ssis<\/h2>\n<p>Le bo\u00eetier de rack inclus dans ce kit est une structure ouverte en acier con\u00e7ue pour int\u00e9grer l'ensemble du syst\u00e8me de sauvegarde dans une seule unit\u00e9 transportable. Contrairement aux bo\u00eetiers ferm\u00e9s conventionnels, le rack ouvert permet une ventilation naturelle optimale et un acc\u00e8s rapide \u00e0 tous les composants pour la maintenance ou l'expansion.<\/p>\n<p>Le cadre est con\u00e7u pour monter l'onduleur Victron sur le dessus et les batteries Pytes sur le dessous, cr\u00e9ant ainsi un syst\u00e8me compact et ordonn\u00e9. Ses dimensions sont calcul\u00e9es pour passer par une porte r\u00e9sidentielle standard, et ses pieds en caoutchouc anti-vibration et anti-d\u00e9rapants sont r\u00e9glables en hauteur pour s'adapter \u00e0 n'importe quelle surface.<\/p>\n<p>Gr\u00e2ce \u00e0 sa conception ouverte et transportable, vous pouvez facilement d\u00e9placer le syst\u00e8me complet \u00e0 l'aide d'un transpalette jusqu'au lieu d'installation. Il vous suffit de connecter l'entr\u00e9e au r\u00e9seau ou au g\u00e9n\u00e9rateur et la sortie \u00e0 la consommation pour que votre syst\u00e8me de secours \u00e9nerg\u00e9tique soit op\u00e9rationnel.<\/p>\n<p>Le rack permet l'installation de batteries suppl\u00e9mentaires \u00e0 l'avenir, ce qui vous permet d'adapter la capacit\u00e9 de stockage \u00e0 vos besoins sans modifier la structure.<\/p>\n<h3>Accessoires recommand\u00e9s (non inclus)<\/h3>\n<ul>\n<li>Contr\u00f4leur MPPT Victron SmartSolar 150\/70 ou sup\u00e9rieur<\/li>\n<li>\u00c9cran tactile GX Touch 50 ou 70<\/li>\n<\/ul>\n<h2>Applications recommand\u00e9es pour le kit de secours \u00e9lectrique Rack Rack<\/h2>\n<p>Nous avons con\u00e7u ce kit sp\u00e9cialement pour ceux qui ont besoin d'une <strong>Syst\u00e8me de secours \u00e9nerg\u00e9tique pr\u00eat \u00e0 l'emploi<\/strong>. Il est id\u00e9al pour :<\/p>\n<ul>\n<li><strong>Protection contre l'occultation :<\/strong> les m\u00e9nages et les entreprises qui souhaitent conserver l'\u00e9lectricit\u00e9 pendant les coupures de courant.<\/li>\n<li><strong>Sauvegarde des installations solaires :<\/strong> l'autoconsommation qui disposent d\u00e9j\u00e0 de panneaux et qui ont besoin d'un stockage d'appoint.<\/li>\n<li><strong>Habitations isol\u00e9es :<\/strong> les maisons rurales, les abris, les installations agricoles ou les zones isol\u00e9es hors r\u00e9seau.<\/li>\n<li><strong>Installations temporaires :<\/strong> les \u00e9v\u00e9nements, les chantiers ou les projets qui n\u00e9cessitent une \u00e9nergie fiable et transportable.<\/li>\n<li><strong>Locaux techniques et centres de traitement des donn\u00e9es :<\/strong> sauvegarde des \u00e9quipements critiques qui ne peuvent \u00eatre interrompus.<\/li>\n<\/ul>\n<p>Le kit est une solution compacte mont\u00e9e en rack, parfaitement dimensionn\u00e9e et enti\u00e8rement compatible avec l'\u00e9cosyst\u00e8me Victron, con\u00e7ue \u00e0 la fois pour les installateurs professionnels et les utilisateurs qui souhaitent construire leur propre syst\u00e8me de sauvegarde.<\/p>","protected":false},"excerpt":{"rendered":"<p>Kit de secours avec onduleur Victron MultiPlus II 5000VA mont\u00e9 dans un ch\u00e2ssis ouvert, comprenant les \u00e9l\u00e9ments suivants :<\/p>","protected":false},"featured_media":17595,"comment_status":"closed","ping_status":"closed","template":"","meta":{"site-sidebar-layout":"default","site-content-layout":"","ast-site-content-layout":"default","site-content-style":"default","site-sidebar-style":"default","ast-global-header-display":"","ast-banner-title-visibility":"","ast-main-header-display":"","ast-hfb-above-header-display":"","ast-hfb-below-header-display":"","ast-hfb-mobile-header-display":"","site-post-title":"","ast-breadcrumbs-content":"","ast-featured-img":"","footer-sml-layout":"","ast-disable-related-posts":"","theme-transparent-header-meta":"default","adv-header-id-meta":"","stick-header-meta":"","header-above-stick-meta":"","header-main-stick-meta":"","header-below-stick-meta":"","astra-migrate-meta-layouts":"set","ast-page-background-enabled":"default","ast-page-background-meta":{"desktop":{"background-color":"var(--ast-global-color-4)","background-image":"","background-repeat":"repeat","background-position":"center center","background-size":"auto","background-attachment":"scroll","background-type":"","background-media":"","overlay-type":"","overlay-color":"","overlay-opacity":"","overlay-gradient":""},"tablet":{"background-color":"","background-image":"","background-repeat":"repeat","background-position":"center center","background-size":"auto","background-attachment":"scroll","background-type":"","background-media":"","overlay-type":"","overlay-color":"","overlay-opacity":"","overlay-gradient":""},"mobile":{"background-color":"","background-image":"","background-repeat":"repeat","background-position":"center center","background-size":"auto","background-attachment":"scroll","background-type":"","background-media":"","overlay-type":"","overlay-color":"","overlay-opacity":"","overlay-gradient":""}},"ast-content-background-meta":{"desktop":{"background-color":"var(--ast-global-color-5)","background-image":"","background-repeat":"repeat","background-position":"center center","background-size":"auto","background-attachment":"scroll","background-type":"","background-media":"","overlay-type":"","overlay-color":"","overlay-opacity":"","overlay-gradient":""},"tablet":{"background-color":"var(--ast-global-color-5)","background-image":"","background-repeat":"repeat","background-position":"center center","background-size":"auto","background-attachment":"scroll","background-type":"","background-media":"","overlay-type":"","overlay-color":"","overlay-opacity":"","overlay-gradient":""},"mobile":{"background-color":"var(--ast-global-color-5)","background-image":"","background-repeat":"repeat","background-position":"center center","background-size":"auto","background-attachment":"scroll","background-type":"","background-media":"","overlay-type":"","overlay-color":"","overlay-opacity":"","overlay-gradient":""}}},"pwb-brand":[1007],"product_brand":[],"product_cat":[464,465],"product_tag":[],"class_list":{"0":"post-38168","1":"product","2":"type-product","3":"status-publish","4":"has-post-thumbnail","6":"pwb-brand-baterias-pytes","7":"product_cat-kits-solares","8":"product_cat-kit-solar-aislada","9":"product_shipping_class-baterias","10":"desktop-align-left","11":"tablet-align-left","12":"mobile-align-left","13":"ast-product-gallery-layout-horizontal-slider","14":"ast-product-tabs-layout-horizontal","16":"first","17":"instock","18":"taxable","19":"shipping-taxable","20":"purchasable","21":"product-type-yith_bundle"},"wcpa_form_fields":null,"brands":[{"id":1007,"name":"Piles Pytes","slug":"piles-a-pytes"}],"_links":{"self":[{"href":"https:\/\/fvcomponentes.com\/fr\/wp-json\/wp\/v2\/product\/38168","targetHints":{"allow":["GET"]}}],"collection":[{"href":"https:\/\/fvcomponentes.com\/fr\/wp-json\/wp\/v2\/product"}],"about":[{"href":"https:\/\/fvcomponentes.com\/fr\/wp-json\/wp\/v2\/types\/product"}],"replies":[{"embeddable":true,"href":"https:\/\/fvcomponentes.com\/fr\/wp-json\/wp\/v2\/comments?post=38168"}],"wp:featuredmedia":[{"embeddable":true,"href":"https:\/\/fvcomponentes.com\/fr\/wp-json\/wp\/v2\/media\/17595"}],"wp:attachment":[{"href":"https:\/\/fvcomponentes.com\/fr\/wp-json\/wp\/v2\/media?parent=38168"}],"wp:term":[{"taxonomy":"pwb-brand","embeddable":true,"href":"https:\/\/fvcomponentes.com\/fr\/wp-json\/wp\/v2\/pwb-brand?post=38168"},{"taxonomy":"product_brand","embeddable":true,"href":"https:\/\/fvcomponentes.com\/fr\/wp-json\/wp\/v2\/product_brand?post=38168"},{"taxonomy":"product_cat","embeddable":true,"href":"https:\/\/fvcomponentes.com\/fr\/wp-json\/wp\/v2\/product_cat?post=38168"},{"taxonomy":"product_tag","embeddable":true,"href":"https:\/\/fvcomponentes.com\/fr\/wp-json\/wp\/v2\/product_tag?post=38168"}],"curies":[{"name":"wp","href":"https:\/\/api.w.org\/{rel}","templated":true}]}}