{"id":3740,"date":"2021-08-04T07:55:27","date_gmt":"2021-08-04T05:55:27","guid":{"rendered":"https:\/\/fvcomponentes.com\/producto\/inversor-victron-phoenix-24v-3000va-pin243020000\/"},"modified":"2026-01-15T10:11:25","modified_gmt":"2026-01-15T09:11:25","slug":"onduleur-victron-phoenix-24v-3000va-pin243020000","status":"publish","type":"product","link":"https:\/\/fvcomponentes.com\/fr\/producto\/inversor-victron-phoenix-24v-3000va-pin243020000\/","title":{"rendered":"Onduleur Victron Phoenix 24V 3000VA - PIN243020000"},"content":{"rendered":"<h2><\/h2>\n<h2>SinusMax - Une conception sup\u00e9rieure<\/h2>\n<p>D\u00e9velopp\u00e9 pour un usage professionnel, l'onduleur Victron Phoenix 24V 3000VA, comme toute la gamme d'onduleurs Phoenix, est id\u00e9al pour d'innombrables applications. Les crit\u00e8res utilis\u00e9s pour sa conception ont \u00e9t\u00e9 de produire un onduleur \u00e0 onde sinuso\u00efdale r\u00e9elle avec une efficacit\u00e9 optimis\u00e9e sans compromettre les performances. L'utilisation de la technologie hybride haute fr\u00e9quence a permis d'obtenir un produit de tr\u00e8s haute qualit\u00e9, de dimensions compactes, l\u00e9ger et capable de fournir de l'\u00e9nergie sans probl\u00e8me \u00e0 n'importe quelle charge.<\/p>\n<h3>Puissance de d\u00e9marrage suppl\u00e9mentaire<\/h3>\n<p>L'une des caract\u00e9ristiques uniques de la technologie SinusMax est sa puissance de d\u00e9marrage tr\u00e8s \u00e9lev\u00e9e. La technologie haute fr\u00e9quence conventionnelle n'offre pas de performances aussi extraordinaires. Les onduleurs Phoenix sont cependant bien adapt\u00e9s \u00e0 l'alimentation de charges difficiles telles que les r\u00e9frig\u00e9rateurs, les compresseurs, les moteurs \u00e9lectriques et autres appareils similaires.<\/p>\n<h3>Puissance pratiquement illimit\u00e9e gr\u00e2ce au fonctionnement en parall\u00e8le et en triphas\u00e9.<\/h3>\n<p>Il est possible de faire fonctionner jusqu'\u00e0 6 onduleurs en parall\u00e8le pour obtenir une puissance de sortie plus \u00e9lev\u00e9e. Six unit\u00e9s 24\/3000, par exemple, fourniront une puissance de sortie de 15 kW \/ 18 kVA. La configuration pour un fonctionnement triphas\u00e9 est \u00e9galement possible.<\/p>\n<h2>Interface de communication<\/h2>\n<p>Ces plus grands mod\u00e8les d'onduleurs Phoenix sont \u00e9quip\u00e9s d'un port VE.Bus. Tout ce dont vous avez besoin pour vous connecter \u00e0 votre PC est l'interface MK3-USB VE.Bus vers USB. Avec VictronConnect ou le logiciel VEConfigure, qui peut \u00eatre t\u00e9l\u00e9charg\u00e9 gratuitement sur le site Web de Victron, tous les param\u00e8tres de l'onduleur peuvent \u00eatre personnalis\u00e9s. Cela comprend la tension et la fr\u00e9quence de sortie, les r\u00e9glages de surtension ou de sous-tension et la programmation du relais. Ce relais peut, par exemple, \u00eatre utilis\u00e9 pour signaler plusieurs conditions d'alarme diff\u00e9rentes ou pour d\u00e9marrer un g\u00e9n\u00e9rateur. Les onduleurs peuvent \u00e9galement \u00eatre connect\u00e9s \u00e0 un dispositif GX (tel que le <a href=\"https:\/\/fvcomponentes.com\/fr\/produit\/victron-cerbo-gx-mk2-bpp900451100-victron-cerbo-mk2-monitor\/\" target=\"_blank\" rel=\"noopener\">Victron Cerbo GX MK2 Monitoring - BPP900451100<\/a>) pour la surveillance et le contr\u00f4le.<\/p>\n<h2>Fiche technique Onduleur Victron Phoenix 24V 3000VA - PIN243020000<\/h2>\n<p><a href=\"https:\/\/fvcomponentes.com\/wp-content\/uploads\/2025\/10\/Datasheet-Inverter-1200VA-5000VA-ES.pdf\" target=\"_blank\" rel=\"noopener\">Voir la fiche technique de l'onduleur Victron Phoenix 24V 3000VA - PIN243020000<\/a><\/p>","protected":false},"excerpt":{"rendered":"<ul class=\"specification\">\n<li><strong>Tension :<\/strong> 24V<\/li>\n<li><strong>Puissance continue :<\/strong> 3000VA<\/li>\n<li><strong>Puissance de cr\u00eate :<\/strong> 6000W<\/li>\n<li><strong>Poids :\u00a0<\/strong>18kg<\/li>\n<li><strong>Dimensions : <\/strong>362 x 258 x 218 mm<\/li>\n<\/ul>","protected":false},"featured_media":3733,"comment_status":"open","ping_status":"closed","template":"","meta":{"site-sidebar-layout":"default","site-content-layout":"default","ast-site-content-layout":"default","site-content-style":"default","site-sidebar-style":"default","ast-global-header-display":"","ast-banner-title-visibility":"","ast-main-header-display":"","ast-hfb-above-header-display":"","ast-hfb-below-header-display":"","ast-hfb-mobile-header-display":"","site-post-title":"","ast-breadcrumbs-content":"","ast-featured-img":"","footer-sml-layout":"","ast-disable-related-posts":"","theme-transparent-header-meta":"default","adv-header-id-meta":"","stick-header-meta":"","header-above-stick-meta":"","header-main-stick-meta":"","header-below-stick-meta":"","astra-migrate-meta-layouts":"set","ast-page-background-enabled":"default","ast-page-background-meta":{"desktop":{"background-color":"var(--ast-global-color-4)","background-image":"","background-repeat":"repeat","background-position":"center center","background-size":"auto","background-attachment":"scroll","background-type":"","background-media":"","overlay-type":"","overlay-color":"","overlay-opacity":"","overlay-gradient":""},"tablet":{"background-color":"","background-image":"","background-repeat":"repeat","background-position":"center center","background-size":"auto","background-attachment":"scroll","background-type":"","background-media":"","overlay-type":"","overlay-color":"","overlay-opacity":"","overlay-gradient":""},"mobile":{"background-color":"","background-image":"","background-repeat":"repeat","background-position":"center center","background-size":"auto","background-attachment":"scroll","background-type":"","background-media":"","overlay-type":"","overlay-color":"","overlay-opacity":"","overlay-gradient":""}},"ast-content-background-meta":{"desktop":{"background-color":"var(--ast-global-color-5)","background-image":"","background-repeat":"repeat","background-position":"center center","background-size":"auto","background-attachment":"scroll","background-type":"","background-media":"","overlay-type":"","overlay-color":"","overlay-opacity":"","overlay-gradient":""},"tablet":{"background-color":"var(--ast-global-color-5)","background-image":"","background-repeat":"repeat","background-position":"center center","background-size":"auto","background-attachment":"scroll","background-type":"","background-media":"","overlay-type":"","overlay-color":"","overlay-opacity":"","overlay-gradient":""},"mobile":{"background-color":"var(--ast-global-color-5)","background-image":"","background-repeat":"repeat","background-position":"center center","background-size":"auto","background-attachment":"scroll","background-type":"","background-media":"","overlay-type":"","overlay-color":"","overlay-opacity":"","overlay-gradient":""}}},"pwb-brand":[332],"product_brand":[],"product_cat":[367,333],"product_tag":[],"class_list":{"0":"post-3740","1":"product","2":"type-product","3":"status-publish","4":"has-post-thumbnail","6":"pwb-brand-victron","7":"product_cat-inversores-24-v","8":"product_cat-inversores","9":"desktop-align-left","10":"tablet-align-left","11":"mobile-align-left","12":"ast-product-gallery-layout-horizontal-slider","13":"ast-product-tabs-layout-horizontal","15":"first","16":"instock","17":"taxable","18":"shipping-taxable","19":"purchasable","20":"product-type-simple"},"wcpa_form_fields":null,"brands":[{"id":332,"name":"Victron Energy","slug":"victron"}],"_links":{"self":[{"href":"https:\/\/fvcomponentes.com\/fr\/wp-json\/wp\/v2\/product\/3740","targetHints":{"allow":["GET"]}}],"collection":[{"href":"https:\/\/fvcomponentes.com\/fr\/wp-json\/wp\/v2\/product"}],"about":[{"href":"https:\/\/fvcomponentes.com\/fr\/wp-json\/wp\/v2\/types\/product"}],"replies":[{"embeddable":true,"href":"https:\/\/fvcomponentes.com\/fr\/wp-json\/wp\/v2\/comments?post=3740"}],"wp:featuredmedia":[{"embeddable":true,"href":"https:\/\/fvcomponentes.com\/fr\/wp-json\/wp\/v2\/media\/3733"}],"wp:attachment":[{"href":"https:\/\/fvcomponentes.com\/fr\/wp-json\/wp\/v2\/media?parent=3740"}],"wp:term":[{"taxonomy":"pwb-brand","embeddable":true,"href":"https:\/\/fvcomponentes.com\/fr\/wp-json\/wp\/v2\/pwb-brand?post=3740"},{"taxonomy":"product_brand","embeddable":true,"href":"https:\/\/fvcomponentes.com\/fr\/wp-json\/wp\/v2\/product_brand?post=3740"},{"taxonomy":"product_cat","embeddable":true,"href":"https:\/\/fvcomponentes.com\/fr\/wp-json\/wp\/v2\/product_cat?post=3740"},{"taxonomy":"product_tag","embeddable":true,"href":"https:\/\/fvcomponentes.com\/fr\/wp-json\/wp\/v2\/product_tag?post=3740"}],"curies":[{"name":"wp","href":"https:\/\/api.w.org\/{rel}","templated":true}]}}