{"id":3706,"date":"2021-08-04T06:39:59","date_gmt":"2021-08-04T04:39:59","guid":{"rendered":"https:\/\/fvcomponentes.com\/producto\/inversor-victron-phoenix-12v-2000va-smart-pin12220000\/"},"modified":"2026-04-04T12:50:49","modified_gmt":"2026-04-04T10:50:49","slug":"onduleur-victron-phoenix-12v-2000va-smart-pin122201000","status":"publish","type":"product","link":"https:\/\/fvcomponentes.com\/fr\/producto\/inversor-victron-phoenix-12v-2000va-smart-pin122201000\/","title":{"rendered":"Onduleur Victron Phoenix 12V 2000VA Smart - PIN122201000"},"content":{"rendered":"<h2>Onduleur intelligent Victron Phoenix 12V 2000VA<\/h2>\n<p>L'onduleur intelligent Victron Phoenix 12V 2000VA est un onduleur efficace et fiable. Construit sur la plateforme \u00e9prouv\u00e9e de l'onduleur Phoenix, il est d\u00e9sormais dot\u00e9 d'un nouveau design plus fin dans un bo\u00eetier enti\u00e8rement m\u00e9tallique. Les mod\u00e8les sont disponibles en 1600VA, 2000VA, 3000VA et 5000VA pour les syst\u00e8mes 12, 24 ou 48V.<\/p>\n<p>Il est suffisamment puissant pour alimenter les appareils les plus courants dans votre voiture, votre bateau, votre caravane ou m\u00eame dans votre maison. Gr\u00e2ce \u00e0 son transformateur toro\u00efdal, il dispose d'une grande capacit\u00e9 pour faire face aux pics de puissance, d'une tension et d'une fr\u00e9quence stables et d'une onde sinuso\u00efdale de haute qualit\u00e9.<\/p>\n<p>L'installation est d\u00e9sormais beaucoup plus facile qu'auparavant, avec des bornes beaucoup plus accessibles \u00e0 l'installateur, ce qui permet d'obtenir une finition plus professionnelle.<\/p>\n<p>Son Bluetooth int\u00e9gr\u00e9 rend la configuration de votre onduleur haute puissance plus facile que jamais. Configurez les alarmes, les relais d'alarme, les coupures de tension, la tension de sortie, la fr\u00e9quence, le mode \u00e9co et bien plus encore, le tout depuis l'application. <a href=\"https:\/\/www.victronenergy.com.es\/panel-systems-remote-monitoring\/victronconnect\" target=\"_blank\" rel=\"noopener\">VictronConnect.<\/a><\/p>\n<h3>Bluetooth int\u00e9gr\u00e9 : enti\u00e8rement configurable avec une tablette ou un smartphone<\/h3>\n<p>- Alarme de tension de batterie faible<br \/>\n- Niveaux d'arr\u00eat et de red\u00e9marrage en cas de faible tension de la batterie.<br \/>\n- D\u00e9connexion dynamique : niveau de d\u00e9connexion en fonction de la charge<br \/>\n- Tension de sortie : 210 - 245V<br \/>\n- Fr\u00e9quence : 50 Hz ou 60 Hz<br \/>\n- Activation et d\u00e9sactivation du mode ECO et capteur de niveau du mode ECO<br \/>\n- Relais d'alarme<\/p>\n<h4>Suivi :<\/h4>\n<p>- Tension d'entr\u00e9e et de sortie, charge et alarmes<\/p>\n<h3>VE.Port de communication directe<\/h3>\n<p>Le port VE.Direct peut \u00eatre connect\u00e9 \u00e0 un ordinateur (un c\u00e2ble d'interface VE.Direct est n\u00e9cessaire) pour configurer et surveiller les m\u00eames param\u00e8tres.<\/p>\n<h3>Une fiabilit\u00e9 \u00e9prouv\u00e9e<\/h3>\n<p>La topologie \u00e0 pont complet et transformateur toro\u00efdal a prouv\u00e9 sa fiabilit\u00e9 pendant de nombreuses ann\u00e9es.<br \/>\nLes onduleurs sont prot\u00e9g\u00e9s contre les courts-circuits et la surchauffe, qu'elle soit due \u00e0 une surcharge ou \u00e0 une temp\u00e9rature ambiante \u00e9lev\u00e9e.<\/p>\n<h3>Puissance de d\u00e9marrage \u00e9lev\u00e9e<\/h3>\n<p>N\u00e9cessaire pour d\u00e9marrer des charges telles que les convertisseurs pour les lampes LED, les lampes halog\u00e8nes ou les outils \u00e9lectriques.<\/p>\n<h3>Mode ECO<\/h3>\n<p>En mode ECO, l'onduleur se met en veille lorsque la charge descend en dessous d'une valeur pr\u00e9d\u00e9finie. Une fois en veille, l'onduleur s'active bri\u00e8vement toutes les 2,5 secondes (r\u00e9glable).<br \/>\nSi la charge d\u00e9passe le niveau pr\u00e9d\u00e9fini, l'onduleur reste en marche.<\/p>\n<h3>Interrupteur marche\/arr\u00eat \u00e0 distance<\/h3>\n<p>Un interrupteur marche\/arr\u00eat ou un relais \u00e0 distance peut \u00eatre connect\u00e9 \u00e0 un connecteur biphas\u00e9.<br \/>\nLa borne H (gauche) du connecteur biphas\u00e9 peut \u00e9galement \u00eatre reli\u00e9e au p\u00f4le positif de la batterie, ou la borne L (droite) du connecteur biphas\u00e9 peut \u00eatre reli\u00e9e au p\u00f4le n\u00e9gatif de la batterie (ou au ch\u00e2ssis d'un v\u00e9hicule, par exemple).<\/p>\n<h2>Fiche technique Onduleur Victron Phoenix 12V 2000VA Smart - PIN122201000<\/h2>\n<p><a href=\"https:\/\/fvcomponentes.com\/wp-content\/uploads\/2021\/08\/Datasheet-Phoenix-Inverter-Smart-1600VA-5000VA-ES.pdf\" target=\"_blank\" rel=\"noopener\">Voir la fiche technique de l'onduleur intelligent Victron Phoenix 12V \/ 2000VA - PIN122201000<\/a><\/p>","protected":false},"excerpt":{"rendered":"<ul class=\"specification\">\n<li><strong>Tension :<\/strong> 12V<\/li>\n<li><strong>Puissance continue :<\/strong> 2000VA<\/li>\n<li><strong>Puissance de cr\u00eate :<\/strong> 4000W<\/li>\n<li><strong>Poids :<\/strong> 13Kg<\/li>\n<li><strong>Dimensions :<\/strong> 485 x 219 x 125 mm<\/li>\n<\/ul>\n<p>&nbsp;<\/p>","protected":false},"featured_media":3707,"comment_status":"open","ping_status":"closed","template":"","meta":{"site-sidebar-layout":"default","site-content-layout":"default","ast-site-content-layout":"default","site-content-style":"default","site-sidebar-style":"default","ast-global-header-display":"","ast-banner-title-visibility":"","ast-main-header-display":"","ast-hfb-above-header-display":"","ast-hfb-below-header-display":"","ast-hfb-mobile-header-display":"","site-post-title":"","ast-breadcrumbs-content":"","ast-featured-img":"","footer-sml-layout":"","ast-disable-related-posts":"","theme-transparent-header-meta":"default","adv-header-id-meta":"","stick-header-meta":"","header-above-stick-meta":"","header-main-stick-meta":"","header-below-stick-meta":"","astra-migrate-meta-layouts":"set","ast-page-background-enabled":"default","ast-page-background-meta":{"desktop":{"background-color":"var(--ast-global-color-4)","background-image":"","background-repeat":"repeat","background-position":"center center","background-size":"auto","background-attachment":"scroll","background-type":"","background-media":"","overlay-type":"","overlay-color":"","overlay-opacity":"","overlay-gradient":""},"tablet":{"background-color":"","background-image":"","background-repeat":"repeat","background-position":"center center","background-size":"auto","background-attachment":"scroll","background-type":"","background-media":"","overlay-type":"","overlay-color":"","overlay-opacity":"","overlay-gradient":""},"mobile":{"background-color":"","background-image":"","background-repeat":"repeat","background-position":"center center","background-size":"auto","background-attachment":"scroll","background-type":"","background-media":"","overlay-type":"","overlay-color":"","overlay-opacity":"","overlay-gradient":""}},"ast-content-background-meta":{"desktop":{"background-color":"var(--ast-global-color-5)","background-image":"","background-repeat":"repeat","background-position":"center center","background-size":"auto","background-attachment":"scroll","background-type":"","background-media":"","overlay-type":"","overlay-color":"","overlay-opacity":"","overlay-gradient":""},"tablet":{"background-color":"var(--ast-global-color-5)","background-image":"","background-repeat":"repeat","background-position":"center center","background-size":"auto","background-attachment":"scroll","background-type":"","background-media":"","overlay-type":"","overlay-color":"","overlay-opacity":"","overlay-gradient":""},"mobile":{"background-color":"var(--ast-global-color-5)","background-image":"","background-repeat":"repeat","background-position":"center center","background-size":"auto","background-attachment":"scroll","background-type":"","background-media":"","overlay-type":"","overlay-color":"","overlay-opacity":"","overlay-gradient":""}}},"pwb-brand":[332],"product_brand":[],"product_cat":[364,333],"product_tag":[],"class_list":{"0":"post-3706","1":"product","2":"type-product","3":"status-publish","4":"has-post-thumbnail","6":"pwb-brand-victron","7":"product_cat-inversores-12-v","8":"product_cat-inversores","9":"desktop-align-left","10":"tablet-align-left","11":"mobile-align-left","12":"ast-product-gallery-layout-horizontal-slider","13":"ast-product-tabs-layout-horizontal","15":"first","16":"instock","17":"taxable","18":"shipping-taxable","19":"purchasable","20":"product-type-simple"},"wcpa_form_fields":null,"brands":[{"id":332,"name":"Victron Energy","slug":"victron"}],"_links":{"self":[{"href":"https:\/\/fvcomponentes.com\/fr\/wp-json\/wp\/v2\/product\/3706","targetHints":{"allow":["GET"]}}],"collection":[{"href":"https:\/\/fvcomponentes.com\/fr\/wp-json\/wp\/v2\/product"}],"about":[{"href":"https:\/\/fvcomponentes.com\/fr\/wp-json\/wp\/v2\/types\/product"}],"replies":[{"embeddable":true,"href":"https:\/\/fvcomponentes.com\/fr\/wp-json\/wp\/v2\/comments?post=3706"}],"wp:featuredmedia":[{"embeddable":true,"href":"https:\/\/fvcomponentes.com\/fr\/wp-json\/wp\/v2\/media\/3707"}],"wp:attachment":[{"href":"https:\/\/fvcomponentes.com\/fr\/wp-json\/wp\/v2\/media?parent=3706"}],"wp:term":[{"taxonomy":"pwb-brand","embeddable":true,"href":"https:\/\/fvcomponentes.com\/fr\/wp-json\/wp\/v2\/pwb-brand?post=3706"},{"taxonomy":"product_brand","embeddable":true,"href":"https:\/\/fvcomponentes.com\/fr\/wp-json\/wp\/v2\/product_brand?post=3706"},{"taxonomy":"product_cat","embeddable":true,"href":"https:\/\/fvcomponentes.com\/fr\/wp-json\/wp\/v2\/product_cat?post=3706"},{"taxonomy":"product_tag","embeddable":true,"href":"https:\/\/fvcomponentes.com\/fr\/wp-json\/wp\/v2\/product_tag?post=3706"}],"curies":[{"name":"wp","href":"https:\/\/api.w.org\/{rel}","templated":true}]}}