{"id":37017,"date":"2026-04-27T12:31:01","date_gmt":"2026-04-27T10:31:01","guid":{"rendered":"https:\/\/fvcomponentes.com\/?post_type=product&#038;p=37017"},"modified":"2026-04-27T13:16:31","modified_gmt":"2026-04-27T11:16:31","slug":"panneau-solaire-ja-solar-450w-jam54d41-lb-bifacial-full-black-31-120184","status":"publish","type":"product","link":"https:\/\/fvcomponentes.com\/fr\/producto\/placa-solar-ja-solar-450w-jam54d41-lb-bifacial-full-black-31-120184\/","title":{"rendered":"JA Solar Panneau solaire 450W JAM54D41-LB Bifacial Full Black - 31-120184"},"content":{"rendered":"<h2><span dir=\"auto\" style=\"vertical-align: inherit;\"><span dir=\"auto\" style=\"vertical-align: inherit;\">JA Solar Panneau solaire 450W JAM54D41-LB Bifacial Full Black - 31-120184<\/span><\/span><\/h2>\n<p>Le panneau solaire JA Solar 450W est un module photovolta\u00efque de haute performance con\u00e7u pour offrir une production d'\u00e9nergie sup\u00e9rieure et une fiabilit\u00e9 durable.<br \/>\nIl associe des technologies de fabrication avanc\u00e9es \u00e0 une esth\u00e9tique moderne et \u00e9l\u00e9gante, ce qui en fait une solution polyvalente et efficace pour une grande vari\u00e9t\u00e9 de syst\u00e8mes photovolta\u00efques.<\/p>\n<p>Cette carte appartient \u00e0 la s\u00e9rie Deep Blue 4.0 Pro, une gamme con\u00e7ue pour ceux qui recherchent un module haut de gamme avec une grande durabilit\u00e9, avec un rendement suppl\u00e9mentaire gr\u00e2ce \u00e0 la technologie bifaciale \u00e0 double verre.<br \/>\nIl s'agit d'une option tr\u00e8s int\u00e9ressante pour l'autoconsommation r\u00e9sidentielle exigeante ainsi que pour les installations commerciales o\u00f9 l'on souhaite maximiser le rendement par m\u00e8tre carr\u00e9 sans sacrifier une image soign\u00e9e.<\/p>\n<p>Ce mod\u00e8le utilise la technologie de type n et une conception demi-cellulaire avec 108 cellules (6\u00d718), ce qui permet d'am\u00e9liorer le comportement du panneau dans les ombres partielles et de r\u00e9duire les pertes internes.<br \/>\nDans des conditions o\u00f9 l'irradiation arri\u00e8re est de 10% suppl\u00e9mentaires, ce module peut augmenter sa puissance effective de mani\u00e8re significative.<\/p>\n<p>Avec une puissance nominale de 450 W et un rendement de 22,5 %, ce panneau solaire maximise la production d'\u00e9nergie par m\u00e8tre carr\u00e9, en r\u00e9duisant le nombre de modules n\u00e9cessaires et en optimisant l'espace disponible sur le toit.<\/p>\n<h2>Principales caract\u00e9ristiques du panneau solaire JA Solar 450W<\/h2>\n<h3>Technologie avanc\u00e9e<\/h3>\n<p>Ce panneau solaire utilise des cellules solaires monocristallines de type N dot\u00e9es de la technologie bifaciale, qui permet de capter l'\u00e9nergie \u00e0 la fois par l'avant et par l'arri\u00e8re.<\/p>\n<p>Sa technologie offre des avantages importants tels que<\/p>\n<ul>\n<li>R\u00e9duire la d\u00e9gradation induite par la lumi\u00e8re (LID), ce qui am\u00e9liore la stabilit\u00e9 de la production dans le temps.<\/li>\n<li>Am\u00e9liore les performances dans des conditions de faible irradiation ou dans des installations pr\u00e9sentant des surfaces r\u00e9fl\u00e9chissantes.<\/li>\n<li>Meilleure performance \u00e0 haute temp\u00e9rature.<\/li>\n<li>Une plus grande stabilit\u00e9 de la production \u00e0 long terme.<\/li>\n<\/ul>\n<p>Cette technologie bifaciale permet de tirer parti de la lumi\u00e8re r\u00e9fl\u00e9chie par les toits blancs ou les surfaces claires, les sols gravillonn\u00e9s ou r\u00e9fl\u00e9chissants, les structures sur\u00e9lev\u00e9es et les installations en surface.<\/p>\n<p>Dans des conditions favorables, cela peut augmenter la puissance effective du module par rapport \u00e0 sa valeur nominale, am\u00e9liorant ainsi le rendement annuel de l'installation.<\/p>\n<h3>Conception et esth\u00e9tique<\/h3>\n<p>Le panneau solaire est construit avec des mat\u00e9riaux de haute qualit\u00e9 et une structure \u00e0 double vitrage.<\/p>\n<p>La configuration Full Black (cellules, cadre et surface arri\u00e8re en noir) offre non seulement un aspect plus uniforme et discret, mais est \u00e9galement particuli\u00e8rement appr\u00e9ci\u00e9e pour sa durabilit\u00e9 et sa stabilit\u00e9 m\u00e9canique.<\/p>\n<p>Sa conception en demi-cellule (108 cellules divis\u00e9es) r\u00e9duit les pertes de r\u00e9sistance interne et am\u00e9liore les performances dans les situations d'ombre partielle, augmentant ainsi l'efficacit\u00e9 globale du module.<\/p>\n<p>Gr\u00e2ce \u00e0 sa construction verre-verre de 1,6 mm + 1,6 mm, cette plaque offre un haut niveau de protection :<\/p>\n<ul>\n<li>R\u00e9sistance m\u00e9canique accrue<\/li>\n<li>Meilleure r\u00e9sistance \u00e0 l'humidit\u00e9 et \u00e0 la corrosion<\/li>\n<li>Augmentation de la stabilit\u00e9 structurelle \u00e0 long terme<\/li>\n<li>Moins de d\u00e9gradation au fil des ans.<\/li>\n<\/ul>\n<p>En outre, la conception et l'installation comprennent une bo\u00eete de jonction prot\u00e9g\u00e9e par IP68, des connecteurs compatibles MC4-EVO2 et des c\u00e2bles de 1200 mm pour faciliter l'installation.<\/p>\n<h3>Puissance et efficacit\u00e9 \u00e9lev\u00e9es<\/h3>\n<p>Le panneau solaire JA est con\u00e7u pour fournir une puissance nominale de 450 W, mais comme il s'agit d'un module bifacial, sa puissance r\u00e9elle peut augmenter en cas de contre-irradiation.<\/p>\n<p>Par cons\u00e9quent, ce panneau solaire de 450 W aurait une puissance approximative de 486 W, ce qui montre le potentiel suppl\u00e9mentaire dans les endroits favorables.<\/p>\n<p>Elle se distingue \u00e9galement par son rendement \u00e9nerg\u00e9tique \u00e9lev\u00e9 de 22,5 %, ce qui signifie qu'elle convertit une plus grande proportion de la lumi\u00e8re solaire disponible en \u00e9lectricit\u00e9 utile.<br \/>\nCela permet d'obtenir plus d'\u00e9nergie par m\u00e8tre carr\u00e9 install\u00e9, de r\u00e9duire le nombre de panneaux n\u00e9cessaires et donc d'optimiser \u00e0 la fois l'espace et les co\u00fbts d'installation.<\/p>\n<h3>Des performances optimis\u00e9es<\/h3>\n<p>Ce panneau solaire est con\u00e7u pour maintenir ses performances dans un large \u00e9ventail de conditions environnementales :<\/p>\n<ul>\n<li><strong>Large gamme de temp\u00e9ratures de fonctionnement (-40\u00ba C \u00e0 +85\u00ba C)<\/strong>, Cela garantit que le panneau solaire peut fonctionner de mani\u00e8re fiable dans les climats froids et chauds.<\/li>\n<li><strong>Faible coefficient de temp\u00e9rature (-0,29 %\/\u00b0C en puissance)<\/strong>, Cela signifie que la perte de puissance pendant les journ\u00e9es chaudes est inf\u00e9rieure \u00e0 celle des modules utilisant des technologies plus anciennes, ce qui garantit une production stable m\u00eame en \u00e9t\u00e9.<\/li>\n<\/ul>\n<p>Ces caract\u00e9ristiques garantissent que la plaque conserve son efficacit\u00e9 m\u00eame lorsque les conditions ne sont pas id\u00e9ales, ce qui permet d'obtenir une production plus stable et continue au fil du temps.<\/p>\n<p>En outre, le panneau solaire JA 450W permet, dans les installations avec de longues cha\u00eenes, une tension maximale du syst\u00e8me de 1500 V DC, et un fusible s\u00e9rie maximal de 30A.<\/p>\n<h3>Solidit\u00e9 et durabilit\u00e9<\/h3>\n<p>Le panneau solaire est construit avec des mat\u00e9riaux de haute qualit\u00e9 et une structure \u00e0 double vitrage, ce qui augmente la r\u00e9sistance m\u00e9canique aux charges environnementales (telles que le vent fort ou la neige) et am\u00e9liore la durabilit\u00e9 globale du module.<\/p>\n<p>Sa r\u00e9sistance est de 5400Pa pour le chargement frontal et de 2400PA pour le chargement arri\u00e8re.<br \/>\nCes caract\u00e9ristiques permettent donc une installation dans des environnements exigeants en toute s\u00e9curit\u00e9.<\/p>\n<p>En outre, la technologie utilis\u00e9e r\u00e9duit la d\u00e9gradation du module dans le temps (1% la premi\u00e8re ann\u00e9e et 0,4% par an), ce qui signifie que la production r\u00e9elle au cours de la trenti\u00e8me ann\u00e9e d'exploitation sera encore importante.<\/p>\n<p>Cela garantit une production stable et pr\u00e9visible pendant des d\u00e9cennies.<\/p>\n<h2>Avantages du panneau solaire JA Solar 450W JAM54D41-LB Bifacial Full Black - 31-120184<\/h2>\n<p>Ce panneau solaire pr\u00e9sente les avantages suivants :<\/p>\n<ul>\n<li><strong>Technologie bifaciale : <\/strong>g\u00e9n\u00e8re de l'\u00e9nergie des deux c\u00f4t\u00e9s, ce qui augmente la production totale d'\u00e9nergie.<\/li>\n<li><strong>Production d'\u00e9nergie \u00e9lev\u00e9e :<\/strong> une puissance nominale \u00e9lev\u00e9e (450 W) et un rendement \u00e9nerg\u00e9tique \u00e9lev\u00e9 (22,5%).<\/li>\n<li><strong>Utilisation de cellules de type N :<\/strong> am\u00e9liorer les performances et offrir une plus grande stabilit\u00e9 de la production dans le temps.<\/li>\n<li>C<strong>Construction robuste et durable (verre-verre) :<\/strong> la double couche de verre am\u00e9liore la r\u00e9sistance m\u00e9canique au vent, \u00e0 la neige et \u00e0 d'autres facteurs environnementaux. R\u00e9siste \u00e0 des charges frontales jusqu'\u00e0 5400 Pa et \u00e0 des charges arri\u00e8re jusqu'\u00e0 2400 Pa.<\/li>\n<li><strong>Esth\u00e9tique Full Black : <\/strong>donne un aspect plus \u00e9l\u00e9gant et plus uniforme.<\/li>\n<li><strong>Production efficace m\u00eame par temps nuageux ou peu ensoleill\u00e9<\/strong><\/li>\n<li><strong>Faible coefficient de temp\u00e9rature :<\/strong> moins de perte de puissance lorsque les temp\u00e9ratures sont \u00e9lev\u00e9es.<\/li>\n<li><strong>Haute r\u00e9sistance et fiabilit\u00e9 certifi\u00e9e :<\/strong> une d\u00e9gradation minimale au fil du temps, ce qui se traduit par une production d'\u00e9nergie stable et pr\u00e9visible.<\/li>\n<li><strong>Polyvalence d'utilisation :<\/strong>\u00a0Convient aux installations domestiques, commerciales et industrielles.<\/li>\n<\/ul>\n<h2>Applications et utilisations du panneau solaire JA Solar 450W<\/h2>\n<p>En raison de son format, de son efficacit\u00e9 et de sa biface, ce panneau solaire est particuli\u00e8rement adapt\u00e9 pour :<\/p>\n<ul>\n<li>Maisons unifamiliales recherchant l'esth\u00e9tique Full Black.<\/li>\n<li>Installations r\u00e9sidentielles avec autoconsommation \u00e0 haut rendement, o\u00f9 l'objectif est d'optimiser l'\u00e9nergie produite par m\u00e8tre carr\u00e9.<\/li>\n<li>Toitures industrielles et commerciales (entrep\u00f4ts, bureaux, centres logistiques) n\u00e9cessitant des panneaux puissants et fiables.<\/li>\n<li>Installations sur des surfaces claires ou r\u00e9fl\u00e9chissantes o\u00f9 le biface fournit un rendement plus \u00e9lev\u00e9.<\/li>\n<li>Syst\u00e8mes esth\u00e9tiquement int\u00e9gr\u00e9s sur les fa\u00e7ades ou les toits avec une finition visuelle uniforme.<\/li>\n<li>Projets qui appr\u00e9cient le double vitrage pour sa robustesse et sa stabilit\u00e9 m\u00e9canique.<\/li>\n<li>Syst\u00e8mes connect\u00e9s au r\u00e9seau jusqu'\u00e0 1500V.<\/li>\n<\/ul>\n<h2>Informations techniques concernant le panneau solaire JA Solar 450W JAM54D41-LB Bifacial Full Black - 31-120184<\/h2>\n<p><a href=\"https:\/\/fvcomponentes.com\/wp-content\/uploads\/2026\/02\/ficha-tecnica-Placa-solar-JA-450W-JAM54D41-LB-Bifacial-Full-Black.pdf\" target=\"_blank\" rel=\"noopener\">Fiche technique du panneau solaire JA Solar 450W\u00a0<\/a><\/p>\n<p><a href=\"https:\/\/fvcomponentes.com\/wp-content\/uploads\/2026\/02\/Manual-de-instalacion-Placa-solar-JA-450W-JAM54D41-LB-Bifacial-Full-Black.pdf\" target=\"_blank\" rel=\"noopener\">Manuel des panneaux solaires JA Solar 450W<\/a><\/p>","protected":false},"excerpt":{"rendered":"<p><strong>Pas disponible, prochaine disponibilit\u00e9 dans la semaine 29\/06 - 05\/07<\/strong><\/p>\n<ul>\n<li><span dir=\"auto\" style=\"vertical-align: inherit;\"><span dir=\"auto\" style=\"vertical-align: inherit;\">Puissance : 450 W<\/span><\/span><\/li>\n<li>Type de module : Bifacial<\/li>\n<li>Type de cellule : Monocristalline<\/li>\n<li>Nombre de cellules : 108 (6 x 18)<\/li>\n<li><span dir=\"auto\" style=\"vertical-align: inherit;\"><span dir=\"auto\" style=\"vertical-align: inherit;\">Cellules : 182 mm (54)<\/span><\/span><\/li>\n<li>Technologie : TOPCon N-Type<\/li>\n<li>Efficacit\u00e9 : 22.5%<\/li>\n<li><span dir=\"auto\" style=\"vertical-align: inherit;\"><span dir=\"auto\" style=\"vertical-align: inherit;\">Coefficient de temp\u00e9rature PMAX : -0,3 %\/K<\/span><\/span><\/li>\n<li>Couleur du cadre : noir<\/li>\n<li>Type de verre : Double vitrage<\/li>\n<li>Dimensions : 176,2 x 113,4 x 3 cm<\/li>\n<li>Poids : 22 kg<\/li>\n<li>C\u00e2ble : 1.200mm avec connecteurs MC4-EVO2<\/li>\n<li>Taille de la section du c\u00e2ble : 4 mm\u00b2 (IEC), 12 AWG (UL)<\/li>\n<li><span dir=\"auto\" style=\"vertical-align: inherit;\"><span dir=\"auto\" style=\"vertical-align: inherit;\">Isc (A) : 14,48<\/span><\/span><\/li>\n<li><span dir=\"auto\" style=\"vertical-align: inherit;\"><span dir=\"auto\" style=\"vertical-align: inherit;\">Voix (V) : 39,3<\/span><\/span><\/li>\n<li>Garantie du produit : 25 ans<\/li>\n<\/ul>","protected":false},"featured_media":37018,"comment_status":"closed","ping_status":"closed","template":"","meta":{"site-sidebar-layout":"default","site-content-layout":"","ast-site-content-layout":"default","site-content-style":"default","site-sidebar-style":"default","ast-global-header-display":"","ast-banner-title-visibility":"","ast-main-header-display":"","ast-hfb-above-header-display":"","ast-hfb-below-header-display":"","ast-hfb-mobile-header-display":"","site-post-title":"","ast-breadcrumbs-content":"","ast-featured-img":"","footer-sml-layout":"","ast-disable-related-posts":"","theme-transparent-header-meta":"default","adv-header-id-meta":"","stick-header-meta":"","header-above-stick-meta":"","header-main-stick-meta":"","header-below-stick-meta":"","astra-migrate-meta-layouts":"set","ast-page-background-enabled":"default","ast-page-background-meta":{"desktop":{"background-color":"var(--ast-global-color-4)","background-image":"","background-repeat":"repeat","background-position":"center center","background-size":"auto","background-attachment":"scroll","background-type":"","background-media":"","overlay-type":"","overlay-color":"","overlay-opacity":"","overlay-gradient":""},"tablet":{"background-color":"","background-image":"","background-repeat":"repeat","background-position":"center center","background-size":"auto","background-attachment":"scroll","background-type":"","background-media":"","overlay-type":"","overlay-color":"","overlay-opacity":"","overlay-gradient":""},"mobile":{"background-color":"","background-image":"","background-repeat":"repeat","background-position":"center center","background-size":"auto","background-attachment":"scroll","background-type":"","background-media":"","overlay-type":"","overlay-color":"","overlay-opacity":"","overlay-gradient":""}},"ast-content-background-meta":{"desktop":{"background-color":"var(--ast-global-color-5)","background-image":"","background-repeat":"repeat","background-position":"center center","background-size":"auto","background-attachment":"scroll","background-type":"","background-media":"","overlay-type":"","overlay-color":"","overlay-opacity":"","overlay-gradient":""},"tablet":{"background-color":"var(--ast-global-color-5)","background-image":"","background-repeat":"repeat","background-position":"center center","background-size":"auto","background-attachment":"scroll","background-type":"","background-media":"","overlay-type":"","overlay-color":"","overlay-opacity":"","overlay-gradient":""},"mobile":{"background-color":"var(--ast-global-color-5)","background-image":"","background-repeat":"repeat","background-position":"center center","background-size":"auto","background-attachment":"scroll","background-type":"","background-media":"","overlay-type":"","overlay-color":"","overlay-opacity":"","overlay-gradient":""}}},"pwb-brand":[885],"product_brand":[],"product_cat":[459,395],"product_tag":[],"class_list":{"0":"post-37017","1":"product","2":"type-product","3":"status-publish","4":"has-post-thumbnail","6":"pwb-brand-ja-solar","7":"product_cat-placas-solares-autoconsumo","8":"product_cat-placas-solares","9":"product_shipping_class-placas-solares-grandes","10":"desktop-align-left","11":"tablet-align-left","12":"mobile-align-left","13":"ast-product-gallery-layout-horizontal-slider","14":"ast-product-tabs-layout-horizontal","16":"first","17":"instock","18":"taxable","19":"shipping-taxable","20":"purchasable","21":"product-type-simple"},"wcpa_form_fields":null,"brands":[{"id":885,"name":"Panneaux solaires JA Solar","slug":"solaire-ja"}],"_links":{"self":[{"href":"https:\/\/fvcomponentes.com\/fr\/wp-json\/wp\/v2\/product\/37017","targetHints":{"allow":["GET"]}}],"collection":[{"href":"https:\/\/fvcomponentes.com\/fr\/wp-json\/wp\/v2\/product"}],"about":[{"href":"https:\/\/fvcomponentes.com\/fr\/wp-json\/wp\/v2\/types\/product"}],"replies":[{"embeddable":true,"href":"https:\/\/fvcomponentes.com\/fr\/wp-json\/wp\/v2\/comments?post=37017"}],"wp:featuredmedia":[{"embeddable":true,"href":"https:\/\/fvcomponentes.com\/fr\/wp-json\/wp\/v2\/media\/37018"}],"wp:attachment":[{"href":"https:\/\/fvcomponentes.com\/fr\/wp-json\/wp\/v2\/media?parent=37017"}],"wp:term":[{"taxonomy":"pwb-brand","embeddable":true,"href":"https:\/\/fvcomponentes.com\/fr\/wp-json\/wp\/v2\/pwb-brand?post=37017"},{"taxonomy":"product_brand","embeddable":true,"href":"https:\/\/fvcomponentes.com\/fr\/wp-json\/wp\/v2\/product_brand?post=37017"},{"taxonomy":"product_cat","embeddable":true,"href":"https:\/\/fvcomponentes.com\/fr\/wp-json\/wp\/v2\/product_cat?post=37017"},{"taxonomy":"product_tag","embeddable":true,"href":"https:\/\/fvcomponentes.com\/fr\/wp-json\/wp\/v2\/product_tag?post=37017"}],"curies":[{"name":"wp","href":"https:\/\/api.w.org\/{rel}","templated":true}]}}