{"id":37003,"date":"2026-04-27T12:30:46","date_gmt":"2026-04-27T10:30:46","guid":{"rendered":"https:\/\/fvcomponentes.com\/?post_type=product&#038;p=37003"},"modified":"2026-04-27T13:13:03","modified_gmt":"2026-04-27T11:13:03","slug":"panneau-solaire-longi-540w-hi-mox10-lr7-60hvh-31-119725","status":"publish","type":"product","link":"https:\/\/fvcomponentes.com\/fr\/producto\/placa-solar-longi-540w-hi-mox10-lr7-60hvh-31-119725\/","title":{"rendered":"Panneau solaire LONGi 540W Hi-MOX10 LR7-60HVH - 31-119725"},"content":{"rendered":"<h2>Panneau solaire LONGi 540W Hi-MOX10 LR7-60HVH - 31-119725<\/h2>\n<p>Le panneau solaire LONGi 540W Hi-MO X10 LR7-60HVH est un module photovolta\u00efque \u00e0 haute puissance et \u00e0 haut rendement con\u00e7u pour produire beaucoup d'\u00e9lectricit\u00e9 pour les installations r\u00e9sidentielles, commerciales et industrielles.<\/p>\n<p>Fabriqu\u00e9e par LONGi Solar, cette plaque combine des cellules de haute technologie, un rendement \u00e9nerg\u00e9tique \u00e9lev\u00e9 et une fiabilit\u00e9 \u00e0 long terme \u00e9prouv\u00e9e, ce qui en fait l'une des options les plus comp\u00e9titives sur le march\u00e9 actuel de l'\u00e9nergie solaire en raison de ses performances \u00e9lev\u00e9es et de sa durabilit\u00e9 \u00e0 long terme.<\/p>\n<p>En outre, il int\u00e8gre des avanc\u00e9es technologiques qui maximisent la production d'\u00e9lectricit\u00e9 m\u00eame dans des conditions d'exploitation r\u00e9elles, o\u00f9 des facteurs tels que la temp\u00e9rature, le rayonnement variable ou les pertes \u00e9lectriques influencent directement la performance finale du syst\u00e8me.<\/p>\n<h2>Principales caract\u00e9ristiques du panneau solaire LONGi 540W<\/h2>\n<h3>Technologie avanc\u00e9e et haute efficacit\u00e9<\/h3>\n<p>La plaque utilise des cellules de type N avec <strong>Technologie HPBC<\/strong> (Hybrid Passivated Back Contact) et la s\u00e9rie Hi-MO X10, qui permet un contact arri\u00e8re hybride passiv\u00e9. <strong>rendement tr\u00e8s \u00e9lev\u00e9 de 23,9 %<\/strong>.<br \/>\nCela signifie qu'il convertit une grande partie de la lumi\u00e8re du soleil en \u00e9lectricit\u00e9 utile.<\/p>\n<p>La s\u00e9rie Hi-MO X10 de LONGi int\u00e8gre une technologie monocristalline de pointe qui am\u00e9liore l'efficacit\u00e9 de la conversion et r\u00e9duit les pertes internes des modules.<\/p>\n<p>La conception de ce panneau avec des connexions arri\u00e8re dans les cellules permet de meilleures performances par temps tr\u00e8s chaud, une production d'\u00e9nergie plus \u00e9lev\u00e9e par temps nuageux, une meilleure utilisation de la lumi\u00e8re en g\u00e9n\u00e9ral et moins de pertes d'\u00e9nergie.<\/p>\n<p>Il en r\u00e9sulte une production d'\u00e9nergie plus stable et plus pr\u00e9visible tout au long de l'ann\u00e9e.<\/p>\n<p>En d'autres termes, il fonctionne et donne de bons r\u00e9sultats lorsque les conditions environnementales ne sont pas id\u00e9ales, par exemple lorsque le rayonnement est faible ou pendant les heures creuses.<\/p>\n<h3>Puissance \u00e9lev\u00e9e<\/h3>\n<p>Avec une puissance nominale de 540 W, ce panneau solaire se distingue par le fait qu'il g\u00e9n\u00e8re une plus grande quantit\u00e9 d'\u00e9nergie par unit\u00e9 install\u00e9e, ce qui permet :<\/p>\n<ul>\n<li>Moins de plaques pour obtenir le rendement souhait\u00e9.<\/li>\n<li>Produisent plus d'\u00e9nergie que les panneaux solaires ordinaires.<\/li>\n<li>Optimiser l'espace disponible, en particulier sur les toits ou les surfaces limit\u00e9es.<\/li>\n<li>R\u00e9duire les co\u00fbts en termes de structure et de c\u00e2blage, ainsi que les co\u00fbts d'assemblage en installant moins de panneaux.<\/li>\n<\/ul>\n<p>Ce niveau de puissance le rend id\u00e9al m\u00eame pour les installations d'autoconsommation \u00e0 forte demande d'\u00e9nergie ou pour les installations commerciales.<br \/>\nEn outre, dans les projets o\u00f9 l'espace est limit\u00e9 ou lorsque l'objectif est de maximiser la production par m\u00e8tre carr\u00e9, ce mod\u00e8le offre un avantage concurrentiel \u00e9vident.<\/p>\n<h3>Rendement thermique \u00e9lev\u00e9<\/h3>\n<p>La chaleur est l'un des facteurs les plus importants qui affectent les panneaux solaires. Lorsque la temp\u00e9rature augmente, la production diminue g\u00e9n\u00e9ralement.<\/p>\n<p>Cependant, le panneau solaire LONGi 540W est con\u00e7u de mani\u00e8re \u00e0 ce que cette perte soit inf\u00e9rieure \u00e0 celle des panneaux plus anciens, ce qui lui permet de maintenir un meilleur niveau de production dans les climats chauds ou pendant les mois d'\u00e9t\u00e9.<br \/>\nCeci est particuli\u00e8rement important pour les installations situ\u00e9es dans des zones \u00e0 fort ensoleillement.<\/p>\n<p>En outre, cette carte pr\u00e9sente une large plage de temp\u00e9rature de fonctionnement de -40\u2103 \u00e0 +85\u2103.<\/p>\n<h3>Durabilit\u00e9 \u00e0 long terme<\/h3>\n<p>Les panneaux solaires LONGi Hi-MO X10 sont con\u00e7us pour offrir une grande r\u00e9sistance m\u00e9canique et environnementale, de sorte qu'ils r\u00e9sistent :<\/p>\n<ul>\n<li>Charges de vent \u00e9lev\u00e9es jusqu'\u00e0 2400 Pa.<\/li>\n<li>Charges de neige jusqu'\u00e0 <span style=\"font-size: 16px;\">5400 Pa.<\/span><\/li>\n<li>Impact de la gr\u00eale.<\/li>\n<li>Exposition prolong\u00e9e aux rayons UV.<\/li>\n<li>Environnements \u00e0 forte humidit\u00e9.<\/li>\n<\/ul>\n<p>Ces caract\u00e9ristiques garantissent des performances stables dans des zones aux conditions climatiques exigeantes et une longue dur\u00e9e de vie de l'installation.<\/p>\n<h3 data-start=\"2991\" data-end=\"3075\">D\u00e9gradation minimale<\/h3>\n<p>Ce panneau solaire est con\u00e7u pour avoir une tr\u00e8s faible perte de puissance, avec une perte inf\u00e9rieure \u00e0 1 % la premi\u00e8re ann\u00e9e et une d\u00e9gradation annuelle minimale les ann\u00e9es suivantes.<br \/>\nEn d'autres termes, elle produira encore beaucoup d'\u00e9nergie dans 20 ou 25 ans.<\/p>\n<p>Il s'agit d'une plaque con\u00e7ue pour rester sur le toit pendant 25 \u00e0 30 ans sans que vous ayez \u00e0 vous en soucier.<\/p>\n<p>En outre, il est compatible avec des syst\u00e8mes allant jusqu'\u00e0 1500 V, ce qui permet de r\u00e9aliser des configurations \u00e0 longue cha\u00eene et de concevoir efficacement des installations \u00e0 plus grande \u00e9chelle.<\/p>\n<h3>Conception robuste<\/h3>\n<p>Le panneau solaire LONGi 540W Hi-MO X10 a une taille standard (1990 \u00d7 1134 \u00d7 30 mm) pour les installations modernes de grande puissance et un poids de 25 kg, ce qui permet une installation facile et s\u00fbre.<\/p>\n<p>Son encapsulation en verre tremp\u00e9 et son cadre en aluminium anodis\u00e9 offrent une protection contre les chocs, la corrosion et l'exposition prolong\u00e9e, pr\u00e9servant ainsi l'int\u00e9grit\u00e9 physique et l'efficacit\u00e9 du module au fil du temps.<\/p>\n<p>Il est \u00e9galement dot\u00e9 de :<\/p>\n<ul>\n<li>120 cellules mono-faciales dispos\u00e9es dans un format compact pour maximiser la collecte d'\u00e9nergie.<\/li>\n<li>Connecteurs MC4-EVO2, facilitant la fiabilit\u00e9 des connexions.<\/li>\n<li>Longueur de c\u00e2ble de 1400 mm, pour une installation et un positionnement faciles.<\/li>\n<\/ul>\n<p>Il s'agit donc d'un panneau solaire performant destin\u00e9 aux projets recherchant efficacit\u00e9, fiabilit\u00e9 et optimisation de l'espace.<\/p>\n<h2>Principaux avantages du panneau solaire LONGi 540W Hi-MOX10 LR7-60HVH - 31-119725<\/h2>\n<p>Ce panneau solaire Longi pr\u00e9sente d'excellents avantages :<\/p>\n<ul>\n<li>Tr\u00e8s puissant avec une grande puissance de sortie (540W).<\/li>\n<li>Produit plus d'\u00e9nergie par m\u00e8tre carr\u00e9.<\/li>\n<li>R\u00e9duction du nombre de modules n\u00e9cessaires.<\/li>\n<li>Excellente performance \u00e0 haute temp\u00e9rature.<\/li>\n<li>Meilleure performance dans des conditions de faible irradiation.<\/li>\n<li>Technologie de type N et HPBC<\/li>\n<li>Perte de puissance minimale au fil du temps.<\/li>\n<li>Con\u00e7u pour une longue dur\u00e9e de vie et une stabilit\u00e9 \u00e9nerg\u00e9tique.<\/li>\n<\/ul>\n<h2>Applications et utilisations typiques du panneau solaire LONGi 540W<\/h2>\n<p>Le panneau solaire LONGi 540W Hi-MO X10 est particuli\u00e8rement adapt\u00e9 pour :<\/p>\n<ul>\n<li>Installations r\u00e9sidentielles de grande puissance.<\/li>\n<li>Projets commerciaux<span style=\"font-size: 16px;\"> et l'autoconsommation industrielle.<\/span><\/li>\n<li>Installations solaires en toiture et au sol<\/li>\n<li>Installations au sol.<\/li>\n<li>Projets dont l'objectif est de maximiser la production avec une surface install\u00e9e plus petite.<\/li>\n<li>Syst\u00e8mes photovolta\u00efques connect\u00e9s au r\u00e9seau avec optimisation de la conception des grandes cha\u00eenes.<\/li>\n<\/ul>\n<h2>Informations techniques sur le panneau solaire LONGi 540W Hi-MOX10 LR7-60HVH - 31-119725<\/h2>\n<p><a href=\"https:\/\/fvcomponentes.com\/wp-content\/uploads\/2026\/02\/Ficha-tecnica-Placa-solar-LONGi-540W-Hi-MOX10-LR7-60HVH-LR7-60HVH-540M.pdf\" target=\"_blank\" rel=\"noopener\">Fiche technique du panneau solaire LONGi 540W<\/a><\/p>\n<p><a href=\"https:\/\/fvcomponentes.com\/wp-content\/uploads\/2026\/02\/Manual-Placa-solar-LONGi-540W-Hi-MOX10-LR7-60HVH-LR7-60HVH-540M.pdf\" target=\"_blank\" rel=\"noopener\">Manuel d'installation du panneau solaire LONGi 540W<\/a><\/p>\n<p><a href=\"https:\/\/fvcomponentes.com\/wp-content\/uploads\/2026\/02\/Manual-de-operacion-y-mantenimiento-Placa-Solar-LONGi-540W-Hi-MO-X10-LR7-60HVH.pdf\" target=\"_blank\" rel=\"noopener\">Manuel d'utilisation et d'entretien des panneaux solaires LONGi 540W<\/a><\/p>","protected":false},"excerpt":{"rendered":"<ul>\n<li>Puissance : 540 W<\/li>\n<li>Type de module : Monofacial<\/li>\n<li>Cellules : 120 (60)<\/li>\n<li>Technologie : HPBC de type n<\/li>\n<li>Efficacit\u00e9 : 23.9%<\/li>\n<li>PMAX Coef Temp : -0,26%\/K<\/li>\n<li>Couleur du cadre : argent<\/li>\n<li>Type de verre : Verre simple<\/li>\n<li>Temp\u00e9rature de fonctionnement : -40\u2103 - +85\u2103<\/li>\n<li>Dimensions : 199 x 113,4 x 3 cm<\/li>\n<li>Poids : 25,3 kg<\/li>\n<li>C\u00e2ble : 1 400 mm avec connecteurs MC4-EVO2<\/li>\n<li>Isc (A) : 15,25<\/li>\n<li>Voc (V) : 44,88<\/li>\n<li>Garantie du produit : 25 ans<\/li>\n<\/ul>","protected":false},"featured_media":37004,"comment_status":"closed","ping_status":"closed","template":"","meta":{"site-sidebar-layout":"default","site-content-layout":"","ast-site-content-layout":"default","site-content-style":"default","site-sidebar-style":"default","ast-global-header-display":"","ast-banner-title-visibility":"","ast-main-header-display":"","ast-hfb-above-header-display":"","ast-hfb-below-header-display":"","ast-hfb-mobile-header-display":"","site-post-title":"","ast-breadcrumbs-content":"","ast-featured-img":"","footer-sml-layout":"","ast-disable-related-posts":"","theme-transparent-header-meta":"default","adv-header-id-meta":"","stick-header-meta":"","header-above-stick-meta":"","header-main-stick-meta":"","header-below-stick-meta":"","astra-migrate-meta-layouts":"set","ast-page-background-enabled":"default","ast-page-background-meta":{"desktop":{"background-color":"var(--ast-global-color-4)","background-image":"","background-repeat":"repeat","background-position":"center center","background-size":"auto","background-attachment":"scroll","background-type":"","background-media":"","overlay-type":"","overlay-color":"","overlay-opacity":"","overlay-gradient":""},"tablet":{"background-color":"","background-image":"","background-repeat":"repeat","background-position":"center center","background-size":"auto","background-attachment":"scroll","background-type":"","background-media":"","overlay-type":"","overlay-color":"","overlay-opacity":"","overlay-gradient":""},"mobile":{"background-color":"","background-image":"","background-repeat":"repeat","background-position":"center center","background-size":"auto","background-attachment":"scroll","background-type":"","background-media":"","overlay-type":"","overlay-color":"","overlay-opacity":"","overlay-gradient":""}},"ast-content-background-meta":{"desktop":{"background-color":"var(--ast-global-color-5)","background-image":"","background-repeat":"repeat","background-position":"center center","background-size":"auto","background-attachment":"scroll","background-type":"","background-media":"","overlay-type":"","overlay-color":"","overlay-opacity":"","overlay-gradient":""},"tablet":{"background-color":"var(--ast-global-color-5)","background-image":"","background-repeat":"repeat","background-position":"center center","background-size":"auto","background-attachment":"scroll","background-type":"","background-media":"","overlay-type":"","overlay-color":"","overlay-opacity":"","overlay-gradient":""},"mobile":{"background-color":"var(--ast-global-color-5)","background-image":"","background-repeat":"repeat","background-position":"center center","background-size":"auto","background-attachment":"scroll","background-type":"","background-media":"","overlay-type":"","overlay-color":"","overlay-opacity":"","overlay-gradient":""}}},"pwb-brand":[886],"product_brand":[],"product_cat":[395,459],"product_tag":[],"class_list":{"0":"post-37003","1":"product","2":"type-product","3":"status-publish","4":"has-post-thumbnail","6":"pwb-brand-longi-solar","7":"product_cat-placas-solares","8":"product_cat-placas-solares-autoconsumo","9":"product_shipping_class-placas-solares-grandes","10":"desktop-align-left","11":"tablet-align-left","12":"mobile-align-left","13":"ast-product-gallery-layout-horizontal-slider","14":"ast-product-tabs-layout-horizontal","16":"first","17":"instock","18":"taxable","19":"shipping-taxable","20":"purchasable","21":"product-type-simple"},"wcpa_form_fields":null,"brands":[{"id":886,"name":"Panneaux solaires Longi","slug":"longi-solaire"}],"_links":{"self":[{"href":"https:\/\/fvcomponentes.com\/fr\/wp-json\/wp\/v2\/product\/37003","targetHints":{"allow":["GET"]}}],"collection":[{"href":"https:\/\/fvcomponentes.com\/fr\/wp-json\/wp\/v2\/product"}],"about":[{"href":"https:\/\/fvcomponentes.com\/fr\/wp-json\/wp\/v2\/types\/product"}],"replies":[{"embeddable":true,"href":"https:\/\/fvcomponentes.com\/fr\/wp-json\/wp\/v2\/comments?post=37003"}],"wp:featuredmedia":[{"embeddable":true,"href":"https:\/\/fvcomponentes.com\/fr\/wp-json\/wp\/v2\/media\/37004"}],"wp:attachment":[{"href":"https:\/\/fvcomponentes.com\/fr\/wp-json\/wp\/v2\/media?parent=37003"}],"wp:term":[{"taxonomy":"pwb-brand","embeddable":true,"href":"https:\/\/fvcomponentes.com\/fr\/wp-json\/wp\/v2\/pwb-brand?post=37003"},{"taxonomy":"product_brand","embeddable":true,"href":"https:\/\/fvcomponentes.com\/fr\/wp-json\/wp\/v2\/product_brand?post=37003"},{"taxonomy":"product_cat","embeddable":true,"href":"https:\/\/fvcomponentes.com\/fr\/wp-json\/wp\/v2\/product_cat?post=37003"},{"taxonomy":"product_tag","embeddable":true,"href":"https:\/\/fvcomponentes.com\/fr\/wp-json\/wp\/v2\/product_tag?post=37003"}],"curies":[{"name":"wp","href":"https:\/\/api.w.org\/{rel}","templated":true}]}}