{"id":36938,"date":"2026-03-09T07:05:21","date_gmt":"2026-03-09T06:05:21","guid":{"rendered":"https:\/\/fvcomponentes.com\/?post_type=product&#038;p=36938"},"modified":"2026-04-07T10:39:55","modified_gmt":"2026-04-07T08:39:55","slug":"victron-multiplus-ii-48-5000-pytes-v5-cerbo-gx-box-v-box-v-box-ic-pytes","status":"publish","type":"product","link":"https:\/\/fvcomponentes.com\/fr\/producto\/kit-basico-aislada-victron-multiplus-ii-48-5000-pytes-v5-cerbo-gx-caja-v-box-ic-pytes\/","title":{"rendered":"Kit de base isol\u00e9 Victron Multiplus II 48\/5000 + Pytes V5 + Cerbo GX + Pytes V-BOX-IC box"},"content":{"rendered":"<h2>Kit de base isol\u00e9 Victron Multiplus II 48\/5000 + Pytes V5 + Cerbo GX + Pytes V-BOX-IC box<\/h2>\n<p>Chez FVComponentes, nous avons pr\u00e9par\u00e9 ce kit de base avec l'\u00e9quipement Victron Energy et les batteries Pytes pour les installations hors r\u00e9seau qui n\u00e9cessitent plus de puissance et d'autonomie. Il s'agit d'une solution con\u00e7ue pour fournir une \u00e9nergie stable et s\u00fbre dans les endroits o\u00f9 le r\u00e9seau n'arrive pas. Par exemple, dans les maisons rurales, les maisons de campagne, les abris, les fermes, les syst\u00e8mes de pompage solaire, les t\u00e9l\u00e9communications ou toute autre installation dans des zones \u00e9loign\u00e9es.<\/p>\n<p>Ce kit est \u00e9galement une excellente option en tant que syst\u00e8me de stockage d'\u00e9nergie (ESS) ou syst\u00e8me de secours pour les installations connect\u00e9es au r\u00e9seau et d\u00e9j\u00e0 dot\u00e9es de panneaux solaires. Il permet de stocker l'\u00e9nergie, d'accro\u00eetre l'ind\u00e9pendance \u00e9nerg\u00e9tique et de garantir l'approvisionnement en cas de coupure de courant. En outre, sa puissance est plus \u00e9lev\u00e9e. Il convient donc \u00e0 une consommation plus exigeante.<\/p>\n<p>La combinaison Victron + Pytes est synonyme de fiabilit\u00e9, d'int\u00e9gration totale et de qualit\u00e9 sup\u00e9rieure. Nous avons configur\u00e9 ce kit avec les composants essentiels pour que vous puissiez d\u00e9marrer avec une base solide et professionnelle. En outre, nous laissons ouverte la possibilit\u00e9 d'\u00e9tendre la capacit\u00e9 \u00e0 l'avenir, tant pour les batteries que pour la production d'\u00e9nergie solaire.<\/p>\n<h2>Que comprend le kit de d\u00e9marrage hors r\u00e9seau de Victron ?<\/h2>\n<p data-start=\"663\" data-end=\"948\">Le kit comprend un onduleur-chargeur 48V 5000VA, le syst\u00e8me de surveillance Cerbo, une batterie Pytes V5 5kWh, le bo\u00eetier Pytes V-BOX-IC et le c\u00e2blage n\u00e9cessaire pour tout connecter.<\/p>\n<p data-start=\"663\" data-end=\"948\">Les <a href=\"https:\/\/fvcomponentes.com\/fr\/produit\/onduleur-victron-multiplus-ii-5000va-48v-70a50a\/\" target=\"_blank\" rel=\"noopener\">Victron MultiPlus II 48\/5000 - PMP482505010, <\/a>est un onduleur-chargeur qui combine un onduleur \u00e0 onde sinuso\u00efdale pure avec un chargeur de batterie de 70 A. Gr\u00e2ce \u00e0 la technologie PowerAssist, le MultiPlus II peut compl\u00e9ter l'alimentation d'une source externe, telle qu'un g\u00e9n\u00e9rateur, par l'alimentation de la batterie.<\/p>\n<p data-start=\"663\" data-end=\"948\">Cela garantit une alimentation stable m\u00eame en cas de pic de demande. Il fonctionne \u00e0 48 V et a une puissance de 5000 VA (jusqu'\u00e0 4000 W en continu, selon les conditions). Elle est id\u00e9ale pour alimenter la consommation domestique.<\/p>\n<p data-start=\"663\" data-end=\"948\">Ce kit comprend un <a href=\"https:\/\/fvcomponentes.com\/fr\/produit\/batterie-lithium-512v-lifepo4-pytes-v5-5-12kwh-110402100135\/\" target=\"_blank\" rel=\"noopener\">Batterie au lithium 51.2V LiFePO4 Pytes V5 5.12kWh - 110402100135<\/a>, sp\u00e9cialement con\u00e7u pour les syst\u00e8mes 48 V, garantit une durabilit\u00e9, une efficacit\u00e9 et une s\u00e9curit\u00e9 \u00e9lev\u00e9es dans n'importe quel environnement - id\u00e9al pour les maisons \u00e9quip\u00e9es de panneaux solaires ainsi que pour les environnements professionnels ou techniques. Il offre \u00e9galement un \u00e9quilibre solide entre s\u00e9curit\u00e9, durabilit\u00e9, performance et facilit\u00e9 d'installation.<\/p>\n<p data-start=\"663\" data-end=\"948\">Il comprend \u00e9galement le <a href=\"https:\/\/fvcomponentes.com\/fr\/produit\/v-box-ic-pytes-for-v5-and-v5%ce%b1-plus-batteries-110409100163\/\" target=\"_blank\" rel=\"noopener\">V-BOX-IC Bo\u00eete \u00e0 pytes - 110409100163<\/a>, Le Pytes V5 et V5\u03b1 PLUS est une structure m\u00e9tallique sp\u00e9cialement con\u00e7ue pour abriter les batteries Pytes V5 et V5\u03b1 PLUS de mani\u00e8re s\u00fbre et ordonn\u00e9e.<\/p>\n<p data-start=\"663\" data-end=\"948\">L'inclusion de cette bo\u00eete fait du kit une solution plus compl\u00e8te, pr\u00eate pour l'installation finale. Ceci est particuli\u00e8rement vrai pour les locaux r\u00e9sidentiels ou techniques.<\/p>\n<p data-start=\"663\" data-end=\"948\">Pour garder le contr\u00f4le, le kit comprend les \u00e9l\u00e9ments suivants <a href=\"https:\/\/fvcomponentes.com\/fr\/produit\/victron-cerbo-gx-control-unit-bpp900451100\/\" target=\"_blank\" rel=\"noopener\">Victron Cerbo GX - BPP900451100<\/a>, qui joue le r\u00f4le de centre de surveillance du syst\u00e8me. Il rassemble toutes les informations sur les \u00e9quipements connect\u00e9s. En outre, il vous permet de visualiser et de g\u00e9rer l'installation en temps r\u00e9el, \u00e0 la fois localement et \u00e0 distance, gr\u00e2ce au portail VRM de Victron.<br \/>\nIl dispose de connexions VE.Bus, VE.Direct et VE.Can. Il est ainsi facile d'int\u00e9grer des \u00e9quipements Victron compatibles et de contr\u00f4ler les performances \u00e0 partir de n'importe quel appareil.<\/p>\n<p data-start=\"663\" data-end=\"948\">Afin de pouvoir communiquer entre eux, nous avons inclus une\u00a0<a href=\"https:\/\/fvcomponentes.com\/fr\/produit\/victron-cable-from-ve-can-to-can-bus-for-bms-type-a-5m-ass030710150\/\" target=\"_blank\" rel=\"noopener\">Victron C\u00e2ble VE.Can vers CAN-bus pour BMS Type A 5m - ASS030710150<\/a> pour relier les piles au lithium Pytes V5 au Cerbo.<\/p>\n<p data-start=\"663\" data-end=\"948\">En outre, nous avons ajout\u00e9 un <a href=\"https:\/\/fvcomponentes.com\/fr\/produit\/victron-utp-rj45-18m-ass030064950-victron-utp-cable-ass030064950\/\" target=\"_blank\" rel=\"noopener\">Victron UTP RJ45 1,8m Victron UTP Cable - ASS030064950<\/a> pour faire communiquer l'onduleur avec l'unit\u00e9 de contr\u00f4le Cerbo.<\/p>\n<p data-start=\"663\" data-end=\"948\">Enfin, nous incluons un kit de c\u00e2blage de la batterie de 2 m de long, avec 35 m de c\u00e2ble rouge et noir, avec des bornes \u00e0 vis M6 aux extr\u00e9mit\u00e9s de la batterie et des bornes \u00e0 vis M8 aux extr\u00e9mit\u00e9s de l'onduleur. Le c\u00e2ble positif est fourni en deux longueurs (30 cm et 160 cm) pour faciliter l'installation du porte-fusible MEGA avec son fusible correspondant. Ce fusible prot\u00e8ge la ligne DC pour une installation plus s\u00fbre et plus fiable.<\/p>\n<h3><strong data-start=\"1004\" data-end=\"1029\">Equipement Victron inclus<\/strong><\/h3>\n<div class=\"_tableContainer_1rjym_1\">\n<div class=\"group _tableWrapper_1rjym_13 flex w-fit flex-col-reverse\">\n<table class=\"w-fit min-w-(--thread-content-width)\" data-start=\"1031\" data-end=\"2371\">\n<thead data-start=\"1031\" data-end=\"1077\">\n<tr data-start=\"1031\" data-end=\"1077\">\n<th data-start=\"1031\" data-end=\"1044\" data-col-size=\"md\">Composant<\/th>\n<th data-start=\"1044\" data-end=\"1062\" data-col-size=\"sm\">Code<\/th>\n<th data-start=\"1062\" data-end=\"1077\" data-col-size=\"xl\">Description<\/th>\n<\/tr>\n<\/thead>\n<tbody data-start=\"1127\" data-end=\"2371\">\n<tr data-start=\"1127\" data-end=\"1392\">\n<td data-start=\"1127\" data-end=\"1194\" data-col-size=\"md\"><strong>Chargeur d'onduleur 48V Victron MultiPlus II 48\/5000 70A-50A<\/strong><\/td>\n<td data-start=\"1194\" data-end=\"1209\" data-col-size=\"sm\"><a href=\"https:\/\/fvcomponentes.com\/fr\/produit\/onduleur-victron-multiplus-ii-5000va-48v-70a50a\/\" target=\"_blank\" rel=\"noopener\">PMP482505010<\/a><\/td>\n<td data-start=\"1209\" data-end=\"1392\" data-col-size=\"xl\">Onduleur-chargeur \u00e0 ondes pures avec fonction PowerAssist et transfert automatique. Puissance continue 4000 W \/ 5000 VA. Entr\u00e9e 230 V AC et sortie 230 V AC. Courant de charge 70 A.<\/td>\n<\/tr>\n<tr data-start=\"1393\" data-end=\"1626\">\n<td data-start=\"1393\" data-end=\"1438\" data-col-size=\"md\"><strong data-start=\"1395\" data-end=\"1437\">Unit\u00e9 de contr\u00f4le Victron Cerbo GX<\/strong><\/td>\n<td data-start=\"1438\" data-end=\"1453\" data-col-size=\"sm\"><a href=\"https:\/\/fvcomponentes.com\/fr\/produit\/victron-cerbo-gx-control-unit-bpp900451100\/\" target=\"_blank\" rel=\"noopener\">PP900451100<\/a><\/td>\n<td data-start=\"1453\" data-end=\"1626\" data-col-size=\"xl\">Dispositif de gestion et de communication qui centralise les donn\u00e9es de l'onduleur, du chargeur, de la batterie et des panneaux. Permet une surveillance locale ou \u00e0 distance via le portail VRM de Victron.<\/td>\n<\/tr>\n<tr data-start=\"1627\" data-end=\"1810\">\n<td data-start=\"1627\" data-end=\"1678\" data-col-size=\"md\"><strong data-start=\"1629\" data-end=\"1677\">C\u00e2ble VE.Can vers CAN-bus pour BMS type A (5 m)<\/strong><\/td>\n<td data-start=\"1678\" data-end=\"1693\" data-col-size=\"sm\"><a href=\"https:\/\/fvcomponentes.com\/fr\/produit\/victron-cable-from-ve-can-to-can-bus-for-bms-type-a-5m-ass030710150\/\" target=\"_blank\" rel=\"noopener\">ASS030710150<\/a><\/td>\n<td data-start=\"1693\" data-end=\"1810\" data-col-size=\"xl\">C\u00e2ble de communication pour la connexion entre Cerbo GX et le BMS de la batterie<\/td>\n<\/tr>\n<tr data-start=\"1811\" data-end=\"1938\">\n<td data-start=\"1811\" data-end=\"1841\" data-col-size=\"md\"><strong data-start=\"1941\" data-end=\"1967\">C\u00e2ble UTP RJ45 (1,8 m)<\/strong><\/td>\n<td data-start=\"1841\" data-end=\"1856\" data-col-size=\"sm\"><a href=\"https:\/\/fvcomponentes.com\/fr\/produit\/victron-utp-rj45-18m-ass030064950-victron-utp-cable-ass030064950\/\" target=\"_blank\" rel=\"noopener\">ASS030064950<\/a><\/td>\n<td data-start=\"1856\" data-end=\"1938\" data-col-size=\"xl\">C\u00e2ble de r\u00e9seau pour l'interconnexion des appareils VE.Bus (MultiPlus, Quattro, etc.).<\/td>\n<\/tr>\n<\/tbody>\n<\/table>\n<h2 data-start=\"87\" data-end=\"151\">Pile au lithium Pytes V5 : s\u00fbre, robuste et con\u00e7ue pour durer<\/h2>\n<p data-start=\"153\" data-end=\"479\">Le kit comprend une batterie au lithium Pytes V5 de 5,12 kWh, un choix parfait pour les installations 48V. Comme les autres batteries au lithium actuelles, elle utilise la technologie LiFePO\u2084 (lithium fer phosphate), qui tombe beaucoup moins en panne et dure plus longtemps que les batteries au plomb-acide lors d'une utilisation quotidienne.<\/p>\n<p data-start=\"481\" data-end=\"777\">Les batteries Pytes V5 sont construites avec des \u00e9l\u00e9ments prismatiques, ce qui les rend beaucoup plus robustes que les autres batteries du march\u00e9 qui utilisent des \u00e9l\u00e9ments en poche. En outre, chaque batterie int\u00e8gre une plaque chauffante qui s'active lorsque la temp\u00e9rature ambiante descend en dessous de 10\u00b0C, ce qui permet de maintenir de bonnes performances de charge et de d\u00e9charge dans des conditions froides.<\/p>\n<p data-start=\"779\" data-end=\"1109\">En termes de performances, les batteries Pytes V5 ont une capacit\u00e9 nominale de 5,12 kWh et peuvent \u00eatre connect\u00e9es en parall\u00e8le pour augmenter facilement la capacit\u00e9 totale du syst\u00e8me. Leur BMS int\u00e9gr\u00e9 prot\u00e8ge contre la surcharge, la d\u00e9charge profonde, la surchauffe et les courts-circuits, garantissant ainsi un fonctionnement stable et fiable.<\/p>\n<p data-start=\"1111\" data-end=\"1493\">Les Pytes communiquent directement avec le syst\u00e8me Victron gr\u00e2ce au c\u00e2ble VE.Can vers CAN-bus pour BMS type A (5 m) inclus dans le kit, ce qui permet au Cerbo GX d'afficher les donn\u00e9es de la batterie. Gr\u00e2ce \u00e0 cette int\u00e9gration, vous pouvez surveiller \u00e0 tout moment les param\u00e8tres tels que l'\u00e9tat de charge, la tension, la temp\u00e9rature et les cycles du VRM.<\/p>\n<p data-start=\"1495\" data-end=\"1728\">Avec une dur\u00e9e de vie de plus de 6 000 cycles et une efficacit\u00e9 de charge allant jusqu'\u00e0 98 %, le Pytes V5 est une solution de stockage fiable, s\u00fbre et durable pour les syst\u00e8mes solaires, en particulier dans les installations hors r\u00e9seau.<\/p>\n<h2 data-start=\"1495\" data-end=\"1728\">V-BOX-IC Bo\u00eete \u00e0 pytes pour les batteries V5 et V5\u03b1 PLUS : compacte et robuste.<\/h2>\n<p data-start=\"146\" data-end=\"436\">La Pytes V-BOX-IC est une bo\u00eete de stockage int\u00e9rieure con\u00e7ue sp\u00e9cifiquement pour les batteries Pytes V5 et V5\u03b1 PLUS. Son objectif est simple : prot\u00e9ger, ranger et faciliter l'installation de vos modules de batteries au sein d'un syst\u00e8me de stockage d'\u00e9nergie solaire.<\/p>\n<p data-start=\"438\" data-end=\"688\">Fabriqu\u00e9 en acier galvanis\u00e9 et dot\u00e9 d'une ventilation passive, il offre une solution compacte, s\u00fbre et modulaire, id\u00e9ale pour les installations dans les habitations, les locaux techniques ou les environnements industriels o\u00f9 une int\u00e9gration propre et professionnelle est requise.<\/p>\n<p data-start=\"690\" data-end=\"957\">Le V-BOX-IC permet d'installer jusqu'\u00e0 3 batteries, pour atteindre une capacit\u00e9 totale d'environ 15 kWh avec une seule unit\u00e9. Elle est donc parfaite pour l'autoconsommation solaire, les syst\u00e8mes de secours en cas de coupure de courant, les syst\u00e8mes autonomes hors r\u00e9seau et les projets int\u00e9rieurs \u00e9volutifs.<\/p>\n<h3 data-start=\"3923\" data-end=\"3972\"><strong data-start=\"3930\" data-end=\"3972\">Accessoires recommand\u00e9s (non inclus)<\/strong><\/h3>\n<ul>\n<li data-start=\"3976\" data-end=\"4029\"><a href=\"https:\/\/fvcomponentes.com\/fr\/categorie-de-produits\/regulateurs-de-charge-solaire\/regulateurs-mppt\/\" target=\"_blank\" rel=\"noopener\">Contr\u00f4leur MPPT Victron SmartSolar 150\/70 ou sup\u00e9rieur<\/a><\/li>\n<li data-start=\"3976\" data-end=\"4029\"><a href=\"https:\/\/fvcomponentes.com\/fr\/produit\/victron-gx-touch-screen-50\/\" target=\"_blank\" rel=\"noopener\">\u00c9cran tactile GX Touch 50 ou 70<\/a><\/li>\n<\/ul>\n<h2 data-start=\"5476\" data-end=\"5512\"><strong data-start=\"5483\" data-end=\"5512\">Applications recommand\u00e9es pour Victron Multiplus II 48\/5000 + Pytes V5 + Cerbo GX + Pytes V-BOX-IC box<\/strong><\/h2>\n<p data-start=\"5514\" data-end=\"5835\">Nous avons con\u00e7u ce kit pour les habitations isol\u00e9es, les maisons rurales, les installations agricoles, les syst\u00e8mes de pompage solaire, les syst\u00e8mes d'appoint ou les projets d'\u00e9lectrification dans les zones recul\u00e9es, avec une consommation mod\u00e9r\u00e9e.<\/p>\n<p data-start=\"5514\" data-end=\"5835\">Le kit est une solution compacte et parfaitement dimensionn\u00e9e, enti\u00e8rement compatible avec l'\u00e9cosyst\u00e8me Victron, con\u00e7ue \u00e0 la fois pour les installateurs et les bricoleurs qui souhaitent construire leur propre syst\u00e8me.<\/p>\n<\/div>\n<\/div>","protected":false},"excerpt":{"rendered":"<p>Kit isol\u00e9 avec onduleur Victron Multiplus II 5000VA comprenant les \u00e9l\u00e9ments suivants :<\/p>","protected":false},"featured_media":36984,"comment_status":"closed","ping_status":"closed","template":"","meta":{"site-sidebar-layout":"default","site-content-layout":"","ast-site-content-layout":"default","site-content-style":"default","site-sidebar-style":"default","ast-global-header-display":"","ast-banner-title-visibility":"","ast-main-header-display":"","ast-hfb-above-header-display":"","ast-hfb-below-header-display":"","ast-hfb-mobile-header-display":"","site-post-title":"","ast-breadcrumbs-content":"","ast-featured-img":"","footer-sml-layout":"","ast-disable-related-posts":"","theme-transparent-header-meta":"default","adv-header-id-meta":"","stick-header-meta":"","header-above-stick-meta":"","header-main-stick-meta":"","header-below-stick-meta":"","astra-migrate-meta-layouts":"set","ast-page-background-enabled":"default","ast-page-background-meta":{"desktop":{"background-color":"var(--ast-global-color-4)","background-image":"","background-repeat":"repeat","background-position":"center center","background-size":"auto","background-attachment":"scroll","background-type":"","background-media":"","overlay-type":"","overlay-color":"","overlay-opacity":"","overlay-gradient":""},"tablet":{"background-color":"","background-image":"","background-repeat":"repeat","background-position":"center center","background-size":"auto","background-attachment":"scroll","background-type":"","background-media":"","overlay-type":"","overlay-color":"","overlay-opacity":"","overlay-gradient":""},"mobile":{"background-color":"","background-image":"","background-repeat":"repeat","background-position":"center center","background-size":"auto","background-attachment":"scroll","background-type":"","background-media":"","overlay-type":"","overlay-color":"","overlay-opacity":"","overlay-gradient":""}},"ast-content-background-meta":{"desktop":{"background-color":"var(--ast-global-color-5)","background-image":"","background-repeat":"repeat","background-position":"center center","background-size":"auto","background-attachment":"scroll","background-type":"","background-media":"","overlay-type":"","overlay-color":"","overlay-opacity":"","overlay-gradient":""},"tablet":{"background-color":"var(--ast-global-color-5)","background-image":"","background-repeat":"repeat","background-position":"center center","background-size":"auto","background-attachment":"scroll","background-type":"","background-media":"","overlay-type":"","overlay-color":"","overlay-opacity":"","overlay-gradient":""},"mobile":{"background-color":"var(--ast-global-color-5)","background-image":"","background-repeat":"repeat","background-position":"center center","background-size":"auto","background-attachment":"scroll","background-type":"","background-media":"","overlay-type":"","overlay-color":"","overlay-opacity":"","overlay-gradient":""}}},"pwb-brand":[1007],"product_brand":[],"product_cat":[464,465],"product_tag":[],"class_list":{"0":"post-36938","1":"product","2":"type-product","3":"status-publish","4":"has-post-thumbnail","6":"pwb-brand-baterias-pytes","7":"product_cat-kits-solares","8":"product_cat-kit-solar-aislada","9":"product_shipping_class-baterias","10":"desktop-align-left","11":"tablet-align-left","12":"mobile-align-left","13":"ast-product-gallery-layout-horizontal-slider","14":"ast-product-gallery-with-no-image","15":"ast-product-tabs-layout-horizontal","17":"first","18":"instock","19":"taxable","20":"shipping-taxable","21":"purchasable","22":"product-type-yith_bundle"},"wcpa_form_fields":null,"brands":[{"id":1007,"name":"Piles Pytes","slug":"piles-a-pytes"}],"_links":{"self":[{"href":"https:\/\/fvcomponentes.com\/fr\/wp-json\/wp\/v2\/product\/36938","targetHints":{"allow":["GET"]}}],"collection":[{"href":"https:\/\/fvcomponentes.com\/fr\/wp-json\/wp\/v2\/product"}],"about":[{"href":"https:\/\/fvcomponentes.com\/fr\/wp-json\/wp\/v2\/types\/product"}],"replies":[{"embeddable":true,"href":"https:\/\/fvcomponentes.com\/fr\/wp-json\/wp\/v2\/comments?post=36938"}],"wp:featuredmedia":[{"embeddable":true,"href":"https:\/\/fvcomponentes.com\/fr\/wp-json\/wp\/v2\/media\/36984"}],"wp:attachment":[{"href":"https:\/\/fvcomponentes.com\/fr\/wp-json\/wp\/v2\/media?parent=36938"}],"wp:term":[{"taxonomy":"pwb-brand","embeddable":true,"href":"https:\/\/fvcomponentes.com\/fr\/wp-json\/wp\/v2\/pwb-brand?post=36938"},{"taxonomy":"product_brand","embeddable":true,"href":"https:\/\/fvcomponentes.com\/fr\/wp-json\/wp\/v2\/product_brand?post=36938"},{"taxonomy":"product_cat","embeddable":true,"href":"https:\/\/fvcomponentes.com\/fr\/wp-json\/wp\/v2\/product_cat?post=36938"},{"taxonomy":"product_tag","embeddable":true,"href":"https:\/\/fvcomponentes.com\/fr\/wp-json\/wp\/v2\/product_tag?post=36938"}],"curies":[{"name":"wp","href":"https:\/\/api.w.org\/{rel}","templated":true}]}}