{"id":36703,"date":"2026-02-11T12:09:10","date_gmt":"2026-02-11T11:09:10","guid":{"rendered":"https:\/\/fvcomponentes.com\/?post_type=product&#038;p=36703"},"modified":"2026-02-18T12:31:34","modified_gmt":"2026-02-18T11:31:34","slug":"module-bmu-512kw-pytes-hv48100-high-voltage-battery-pack-pytes-hv48100-battery-pack","status":"publish","type":"product","link":"https:\/\/fvcomponentes.com\/fr\/producto\/modulo-bmu-512kw-bateria-pytes-hv48100-high-voltage-battery-pack\/","title":{"rendered":"Pytes Battery BMU Module (Battery) 5,12kW HV48100 High Voltage Battery pack"},"content":{"rendered":"<h2>Pytes Battery BMU Module (Battery) 5,12kW HV48100 High Voltage Battery pack<\/h2>\n<p>Le Pytes HV48100 BMU (Battery) est un module de stockage d'\u00e9nergie haute tension con\u00e7u pour r\u00e9pondre aux besoins \u00e9nerg\u00e9tiques les plus exigeants des syst\u00e8mes photovolta\u00efques et des syst\u00e8mes d'alimentation de secours. Il est \u00e9galement id\u00e9al pour les installations hybrides, les applications commerciales et industrielles et les syst\u00e8mes d'autoconsommation.<\/p>\n<p>Avec une capacit\u00e9 de 5,12 kWh par module de batterie et une tension de 51,2 V, cette BMU allie haute s\u00e9curit\u00e9, longue dur\u00e9e de vie, efficacit\u00e9 \u00e9nerg\u00e9tique, modularit\u00e9 et \u00e9volutivit\u00e9. Elle offre \u00e9galement des performances \u00e9lev\u00e9es \u00e0 chaque cycle de charge et de d\u00e9charge.<\/p>\n<p>Il se positionne donc comme un module de batterie polyvalent, robuste et professionnel, capable de s'int\u00e9grer dans de multiples configurations et de r\u00e9pondre \u00e0 des besoins \u00e9nerg\u00e9tiques exigeants dans des syst\u00e8mes intelligemment contr\u00f4l\u00e9s.<\/p>\n<h2>Caract\u00e9ristiques principales du module BMU (batterie) HV48100<\/h2>\n<h3>Technologie avanc\u00e9e de haute tension<\/h3>\n<p>Le BMU HV48100 utilise des cellules au phosphate de fer lithi\u00e9 (LiFePO\u2084) de classe A, connues pour leur grande stabilit\u00e9 thermique, leur faible risque d'inflammation et leur grande r\u00e9sistance aux charges continues.<\/p>\n<p>Ce module de batterie est con\u00e7u pour fonctionner dans des syst\u00e8mes \u00e0 haute tension. Cela permet d'obtenir un meilleur rendement de conversion de l'\u00e9nergie et une r\u00e9duction significative des pertes d'\u00e9nergie. Il permet \u00e9galement d'obtenir une intensit\u00e9 de courant plus faible pour la m\u00eame puissance et une meilleure compatibilit\u00e9 avec les onduleurs hybrides \u00e0 haute tension.<\/p>\n<p>Gr\u00e2ce \u00e0 cette configuration, le BMU HV48100 peut atteindre une performance plus stable et plus efficace par rapport aux solutions basse tension.<\/p>\n<h3>BMS int\u00e9gr\u00e9<\/h3>\n<p>Le BMU int\u00e8gre un syst\u00e8me intelligent de gestion de la batterie (BMS), qui surveille et contr\u00f4le en temps r\u00e9el des param\u00e8tres tels que la tension, le courant, la temp\u00e9rature et l'\u00e9tat des cellules.<br \/>\nLe BMS prot\u00e8ge \u00e9galement contre les surcharges, les d\u00e9charges excessives, les courts-circuits et les conditions thermiques d\u00e9favorables.<br \/>\nIl \u00e9quilibre \u00e9galement automatiquement les cellules de la batterie et optimise la dur\u00e9e de vie de la batterie.<\/p>\n<p>Il dispose \u00e9galement des protocoles de communication CAN et RS485, compatibles avec la plupart des onduleurs et des contr\u00f4leurs du march\u00e9.<\/p>\n<p>Par cons\u00e9quent, ce BMS int\u00e9gr\u00e9 am\u00e9liore la s\u00e9curit\u00e9 op\u00e9rationnelle du module de batterie et l'efficacit\u00e9 globale du syst\u00e8me. En outre, il garantit un fonctionnement s\u00fbr, m\u00eame dans des conditions difficiles.<\/p>\n<h3>Dur\u00e9e de vie exceptionnelle<\/h3>\n<p>Le HV48100 BMU est un module de batterie con\u00e7u pour r\u00e9sister \u00e0 plus de 6 000 cycles de charge\/d\u00e9charge (dans des conditions normales d'utilisation) et a un rendement de 95%.<br \/>\nEn outre, il conserve une capacit\u00e9 utile \u00e9lev\u00e9e m\u00eame apr\u00e8s de longues p\u00e9riodes de fonctionnement constant.<\/p>\n<p>Cette caract\u00e9ristique la rend parfaite pour les installations dans les maisons \u00e0 usage quotidien. Elle est \u00e9galement id\u00e9ale pour les installations commerciales ou industrielles o\u00f9 la batterie fonctionne avec des charges constantes et des demandes variables.<\/p>\n<h3>\u00c9volutivit\u00e9<\/h3>\n<p>La conception du BMU permet de configurer des syst\u00e8mes modulaires et de connecter plusieurs modules en s\u00e9rie pour augmenter la capacit\u00e9 totale du syst\u00e8me.<\/p>\n<p>Chaque module de batterie a une capacit\u00e9 de 5,12 kWh. Vous pouvez donc commencer par installer un seul module de batterie. Il est ensuite possible d'\u00e9tendre le syst\u00e8me jusqu'\u00e0 un maximum de 8 modules en s\u00e9rie. Il est ainsi possible de configurer des syst\u00e8mes allant jusqu'\u00e0 40,96 kWh.<\/p>\n<p>Cette caract\u00e9ristique fait de la batterie Pytes HV48100 la solution id\u00e9ale pour les petites installations r\u00e9sidentielles et les projets commerciaux de grande envergure.<\/p>\n<h3>Conception compacte<\/h3>\n<p>Ce BMU est con\u00e7u pour \u00eatre install\u00e9 dans son propre bo\u00eetier, le <a href=\"https:\/\/fvcomponentes.com\/fr\/produit\/pytes-19-rack-cabinet-for-hv48100-battery-pack-battery-pack-bmu\/\" target=\"_blank\" rel=\"noopener\">Pytes 19\u2033 Rack Cabinet<\/a>. Ce bo\u00eetier a un format de rack de 19 pouces, ce qui permet de l'int\u00e9grer facilement.<\/p>\n<p>De plus, sa conception compacte optimise l'espace disponible et simplifie la maintenance.<\/p>\n<h2>Principaux avantages du module de batterie Pytes BMU (Battery) 5,12kW HV48100 High Voltage Battery pack<\/h2>\n<p>Les principaux avantages de cette BMU sont les suivants :<\/p>\n<ul>\n<li>Capacit\u00e9 nominale par module de batterie de 5,12 kWh.<\/li>\n<li>\u00c9volutivit\u00e9 jusqu'\u00e0 8 modules connect\u00e9s en s\u00e9rie, ce qui porte la capacit\u00e9 \u00e0 40,96 kWh.<\/li>\n<li>Technologie haute tension.<\/li>\n<li>Syst\u00e8me BMS int\u00e9gr\u00e9.<\/li>\n<li>S\u00e9curit\u00e9 maximale.<\/li>\n<li>Conception modulaire.<\/li>\n<li>Efficacit\u00e9 \u00e9lev\u00e9e et stabilit\u00e9 op\u00e9rationnelle.<\/li>\n<li>La protection progresse \u00e0 partir des cellules.<\/li>\n<li>Longue dur\u00e9e de vie.<\/li>\n<\/ul>\n<h2>Compatibilit\u00e9 du module BMU (batterie) HV48100<\/h2>\n<p>La batterie HV48100 est con\u00e7ue pour communiquer avec les onduleurs via les protocoles CAN et RS485 et est compatible avec une large gamme d'onduleurs hybrides et haute tension lorsqu'elle est correctement configur\u00e9e.<\/p>\n<p>Ce BMU est compatible avec des marques telles que Victron, Sol-Ark, Solis, Sinexcel, Deye, Megarevo, Ingteam et Afore.<\/p>\n<h2>Informations techniques sur le module de batterie Pytes BMU (Battery) 5,12kW HV48100 High Voltage Battery pack<\/h2>\n<p><a href=\"https:\/\/fvcomponentes.com\/wp-content\/uploads\/2026\/02\/Ficha-tecnica-de-la-HV48100.pdf\" target=\"_blank\" rel=\"noopener\">Fiche technique du module BMU (batterie) HV48100<\/a><\/p>\n<p><a href=\"https:\/\/fvcomponentes.com\/wp-content\/uploads\/2026\/02\/Manual-de-la-HV48100.pdf\" target=\"_blank\" rel=\"noopener\">Manuel du module BMU (batterie) HV48100<\/a><\/p>","protected":false},"excerpt":{"rendered":"<p><strong><span style=\"color: #ff0000\">Il est essentiel d'utiliser le <a href=\"https:\/\/fvcomponentes.com\/fr\/produit\/bcu-battery-module-pytes-hv-48100-bcu-battery-control-unit\/\" target=\"_blank\" rel=\"noopener\">BCU Pytes HV48100<\/a> pour son fonctionnement.<\/span><\/strong><\/p>\n<ul>\n<li>Type de cellule : cellule LiFePO\u2084.<\/li>\n<li>\u00c9nergie nominale : 5,12 kWh<\/li>\n<li>Tension nominale : 51,2 V<\/li>\n<li>Capacit\u00e9 nominale : 100 Ah<\/li>\n<li>Courant de charge\/d\u00e9charge continu : 50 Adc<\/li>\n<li>Plage de tension : 45,5 - 58 V<\/li>\n<li>Profondeur de d\u00e9versement : 80%<\/li>\n<li>Efficacit\u00e9 : 95%<\/li>\n<li>Communication : CAN, RS485<\/li>\n<li>Dur\u00e9e de vie : \u22656000 cycles<\/li>\n<li>Temp\u00e9rature de fonctionnement -20 \u00b0C ~ +60 \u00b0C<\/li>\n<li>Temp\u00e9rature de stockage -30 \u00b0C ~ +60 \u00b0C<\/li>\n<\/ul>","protected":false},"featured_media":36895,"comment_status":"closed","ping_status":"closed","template":"","meta":{"site-sidebar-layout":"default","site-content-layout":"","ast-site-content-layout":"default","site-content-style":"default","site-sidebar-style":"default","ast-global-header-display":"","ast-banner-title-visibility":"","ast-main-header-display":"","ast-hfb-above-header-display":"","ast-hfb-below-header-display":"","ast-hfb-mobile-header-display":"","site-post-title":"","ast-breadcrumbs-content":"","ast-featured-img":"","footer-sml-layout":"","ast-disable-related-posts":"","theme-transparent-header-meta":"default","adv-header-id-meta":"","stick-header-meta":"","header-above-stick-meta":"","header-main-stick-meta":"","header-below-stick-meta":"","astra-migrate-meta-layouts":"set","ast-page-background-enabled":"default","ast-page-background-meta":{"desktop":{"background-color":"var(--ast-global-color-4)","background-image":"","background-repeat":"repeat","background-position":"center center","background-size":"auto","background-attachment":"scroll","background-type":"","background-media":"","overlay-type":"","overlay-color":"","overlay-opacity":"","overlay-gradient":""},"tablet":{"background-color":"","background-image":"","background-repeat":"repeat","background-position":"center center","background-size":"auto","background-attachment":"scroll","background-type":"","background-media":"","overlay-type":"","overlay-color":"","overlay-opacity":"","overlay-gradient":""},"mobile":{"background-color":"","background-image":"","background-repeat":"repeat","background-position":"center center","background-size":"auto","background-attachment":"scroll","background-type":"","background-media":"","overlay-type":"","overlay-color":"","overlay-opacity":"","overlay-gradient":""}},"ast-content-background-meta":{"desktop":{"background-color":"var(--ast-global-color-5)","background-image":"","background-repeat":"repeat","background-position":"center center","background-size":"auto","background-attachment":"scroll","background-type":"","background-media":"","overlay-type":"","overlay-color":"","overlay-opacity":"","overlay-gradient":""},"tablet":{"background-color":"var(--ast-global-color-5)","background-image":"","background-repeat":"repeat","background-position":"center center","background-size":"auto","background-attachment":"scroll","background-type":"","background-media":"","overlay-type":"","overlay-color":"","overlay-opacity":"","overlay-gradient":""},"mobile":{"background-color":"var(--ast-global-color-5)","background-image":"","background-repeat":"repeat","background-position":"center center","background-size":"auto","background-attachment":"scroll","background-type":"","background-media":"","overlay-type":"","overlay-color":"","overlay-opacity":"","overlay-gradient":""}}},"pwb-brand":[1007],"product_brand":[],"product_cat":[340,379],"product_tag":[],"class_list":{"0":"post-36703","1":"product","2":"type-product","3":"status-publish","4":"has-post-thumbnail","6":"pwb-brand-baterias-pytes","7":"product_cat-baterias","8":"product_cat-baterias-de-litio-de-alto-voltaje","9":"product_shipping_class-baterias","10":"desktop-align-left","11":"tablet-align-left","12":"mobile-align-left","13":"ast-product-gallery-layout-horizontal-slider","14":"ast-product-tabs-layout-horizontal","16":"first","17":"instock","18":"taxable","19":"shipping-taxable","20":"purchasable","21":"product-type-simple"},"wcpa_form_fields":null,"brands":[{"id":1007,"name":"Piles Pytes","slug":"piles-a-pytes"}],"_links":{"self":[{"href":"https:\/\/fvcomponentes.com\/fr\/wp-json\/wp\/v2\/product\/36703","targetHints":{"allow":["GET"]}}],"collection":[{"href":"https:\/\/fvcomponentes.com\/fr\/wp-json\/wp\/v2\/product"}],"about":[{"href":"https:\/\/fvcomponentes.com\/fr\/wp-json\/wp\/v2\/types\/product"}],"replies":[{"embeddable":true,"href":"https:\/\/fvcomponentes.com\/fr\/wp-json\/wp\/v2\/comments?post=36703"}],"wp:featuredmedia":[{"embeddable":true,"href":"https:\/\/fvcomponentes.com\/fr\/wp-json\/wp\/v2\/media\/36895"}],"wp:attachment":[{"href":"https:\/\/fvcomponentes.com\/fr\/wp-json\/wp\/v2\/media?parent=36703"}],"wp:term":[{"taxonomy":"pwb-brand","embeddable":true,"href":"https:\/\/fvcomponentes.com\/fr\/wp-json\/wp\/v2\/pwb-brand?post=36703"},{"taxonomy":"product_brand","embeddable":true,"href":"https:\/\/fvcomponentes.com\/fr\/wp-json\/wp\/v2\/product_brand?post=36703"},{"taxonomy":"product_cat","embeddable":true,"href":"https:\/\/fvcomponentes.com\/fr\/wp-json\/wp\/v2\/product_cat?post=36703"},{"taxonomy":"product_tag","embeddable":true,"href":"https:\/\/fvcomponentes.com\/fr\/wp-json\/wp\/v2\/product_tag?post=36703"}],"curies":[{"name":"wp","href":"https:\/\/api.w.org\/{rel}","templated":true}]}}