{"id":36702,"date":"2026-02-11T12:07:43","date_gmt":"2026-02-11T11:07:43","guid":{"rendered":"https:\/\/fvcomponentes.com\/?post_type=product&#038;p=36702"},"modified":"2026-02-18T12:40:42","modified_gmt":"2026-02-18T11:40:42","slug":"bcu-battery-module-pytes-hv-48100-bcu-battery-control-unit","status":"publish","type":"product","link":"https:\/\/fvcomponentes.com\/fr\/producto\/modulo-bcu-bateria-pytes-hv-48100-bcu-battery-control-unit\/","title":{"rendered":"Pytes Battery BCU Module HV48100 BCU (Battery Control Unit)"},"content":{"rendered":"<h2>Pytes Battery BCU Module HV48100 BCU (Battery Control Unit)<\/h2>\n<p>Le module BCU HV48100 est l'unit\u00e9 de contr\u00f4le centrale du syst\u00e8me de stockage haute tension HV48100. Il est con\u00e7u pour g\u00e9rer, coordonner et surveiller le fonctionnement du syst\u00e8me de stockage haute tension HV48100. <a href=\"https:\/\/fvcomponentes.com\/fr\/produit\/module-bmu-512kw-pytes-hv48100-high-voltage-battery-pack-pytes-hv48100-battery-pack\/\" target=\"_blank\" rel=\"noopener\">modules de batterie (BMU)<\/a> dans les installations photovolta\u00efques, les syst\u00e8mes hybrides et les applications d'alimentation de secours, \u00e0 la fois r\u00e9sidentielles, commerciales et industrielles.<\/p>\n<p>Ce composant est essentiel au bon fonctionnement du syst\u00e8me de batterie, car il coordonne la communication, la s\u00e9curit\u00e9 et les performances de tous les modules de batterie connect\u00e9s.<\/p>\n<p>La BCU agit comme le cerveau du syst\u00e8me, assurant un fonctionnement stable, s\u00fbr et efficace en collectant des informations, en mettant en \u0153uvre la logique de s\u00e9curit\u00e9 du syst\u00e8me, en organisant le fonctionnement des modules BMU et en communiquant avec l'onduleur pour une charge\/d\u00e9charge stable, efficace et s\u00fbre.<\/p>\n<h2>Principales caract\u00e9ristiques du module BCU HV48100<\/h2>\n<h3>Contr\u00f4le, coordination et s\u00e9curit\u00e9<\/h3>\n<p>Dans un syst\u00e8me modulaire haute tension, tel que le HV48100, il est essentiel de disposer d'une unit\u00e9 de contr\u00f4le qui synchronise le comportement de tous les modules de batterie et garantit que le syst\u00e8me fonctionne selon des param\u00e8tres s\u00fbrs.<\/p>\n<p>Le BCU HV48100 prend en charge des fonctions tr\u00e8s importantes telles que :<\/p>\n<ul>\n<li>Superviser et contr\u00f4ler l'\u00e9tat g\u00e9n\u00e9ral du syst\u00e8me afin qu'il fonctionne efficacement et correctement.<\/li>\n<li><span style=\"font-size: 16px\">G\u00e9rer le fonctionnement de la charge et de la d\u00e9charge des batteries, en coordonnant la communication de toutes les BMU afin que l'\u00e9nergie soit fournie de mani\u00e8re stable et prot\u00e9g\u00e9e.<\/span><\/li>\n<li>Activer les protections du syst\u00e8me<\/li>\n<li>Transmission d'informations \u00e0 l'onduleur ou au syst\u00e8me de surveillance<\/li>\n<\/ul>\n<p>Gr\u00e2ce \u00e0 cette gestion centralis\u00e9e, le syst\u00e8me fonctionne de mani\u00e8re synchronis\u00e9e et \u00e9quilibr\u00e9e, optimisant ainsi la performance globale du stockage d'\u00e9nergie.<\/p>\n<h3>Surveillance et s\u00e9curit\u00e9 avanc\u00e9e<\/h3>\n<p>Cette BCU surveille en permanence la tension totale, le courant de charge et de d\u00e9charge, la temp\u00e9rature, l'\u00e9tat de fonctionnement, ainsi que les alarmes et les \u00e9v\u00e9nements, \u00e0 la fois pour le syst\u00e8me et pour chaque module de batterie.<\/p>\n<p>Si des conditions ind\u00e9sirables telles qu'une surcharge\/d\u00e9charge excessive ou des situations de fonctionnement anormales sont d\u00e9tect\u00e9es, la BCU active des m\u00e9canismes de protection pour \u00e9viter d'endommager les batteries ou l'installation. Cela garantit la s\u00e9curit\u00e9 du syst\u00e8me et de l'\u00e9quipement connect\u00e9.<\/p>\n<h3>Fonctionnement efficace<\/h3>\n<p>La BCU a une plage de tension de commande de 200 V \u00e0 870 V et une autoconsommation contenue (autoconsommation) de 7,56 W, ce qui contribue \u00e0 l'efficacit\u00e9 globale du stockage d'\u00e9nergie. Ceci est particuli\u00e8rement important dans les installations o\u00f9 le syst\u00e8me est actif pendant de nombreuses heures.<\/p>\n<h3>Une gestion efficace et fiable<\/h3>\n<p>Dans les syst\u00e8mes de stockage \u00e0 haute tension, tels que le HV48100, la coordination entre les modules de batterie est essentielle.<\/p>\n<p>Le Pytes HV48100 BCU assure une gestion pr\u00e9cise, s\u00fbre et optimis\u00e9e du syst\u00e8me et contribue \u00e0 prolonger la dur\u00e9e de vie des modules HV48100 BMU (batterie). Il am\u00e9liore \u00e9galement la stabilit\u00e9 \u00e9nerg\u00e9tique.<\/p>\n<p>Par cons\u00e9quent, cette unit\u00e9 devient un composant indispensable dans toute installation \u00e0 base de batterie Pytes HV48100.<\/p>\n<h3>Conception modulaire et int\u00e9gration des armoires<\/h3>\n<p>La BCU HV48100 est pr\u00e9par\u00e9e pour \u00eatre install\u00e9e dans l'armoire de commande. <a href=\"https:\/\/fvcomponentes.com\/fr\/produit\/pytes-19-rack-cabinet-for-hv48100-battery-pack-battery-pack-bmu\/\" target=\"_blank\" rel=\"noopener\">Pytes 19\u2033 Rack Cabinet<\/a>, Cela facilite l'int\u00e9gration des modules BMU (batteries) HV48100.<br \/>\nSa conception compacte et professionnelle permet une installation ordonn\u00e9e, s\u00fbre et facile \u00e0 entretenir.<\/p>\n<p>En outre, la disposition de la face avant permet d'acc\u00e9der facilement aux indicateurs et aux connexions de communication.<\/p>\n<p>Avec des dimensions de 484 \u00d7 510 \u00d7 140 mm et un poids de 13,3 kg, il s'agit d'une unit\u00e9 solide pr\u00eate pour un montage structur\u00e9.<\/p>\n<h2>Principaux avantages du module BCU de Pytes Battery HV48100 BCU (Battery Control Unit)<\/h2>\n<p>Les principaux avantages de cette BCU sont les suivants :<\/p>\n<ul>\n<li>Unit\u00e9 de commande centrale pour les syst\u00e8mes HV48100<\/li>\n<li>Gestion intelligente et synchronis\u00e9e des modules BMU (batteries) HV48100<\/li>\n<li>Protection avanc\u00e9e du syst\u00e8me<\/li>\n<li>Surveillance continue des param\u00e8tres \u00e9lectriques<\/li>\n<li>Installation dans sa propre armoire, l'armoire Pytes 19\u2033 pour HV48100<\/li>\n<\/ul>\n<h2>Informations techniques sur le module BCU de Pytes Battery HV48100 BCU (Battery Control Unit)<\/h2>\n<p><a href=\"https:\/\/fvcomponentes.com\/wp-content\/uploads\/2026\/02\/Ficha-tecnica-de-la-HV48100.pdf\" target=\"_blank\" rel=\"noopener\">Fiche technique du module BCU HV48100<\/a><\/p>\n<p><a href=\"https:\/\/fvcomponentes.com\/wp-content\/uploads\/2026\/02\/Manual-de-la-HV48100.pdf\" target=\"_blank\" rel=\"noopener\">Manuel du module BCU HV48100<\/a><\/p>","protected":false},"excerpt":{"rendered":"<p><span style=\"color: #ff0000\"><strong>Essentiel pour le fonctionnement de la <a href=\"https:\/\/fvcomponentes.com\/fr\/produit\/module-bmu-512kw-pytes-hv48100-high-voltage-battery-pack-pytes-hv48100-battery-pack\/\" target=\"_blank\" rel=\"noopener\">Modules BMU (batterie) HV48100<\/a><\/strong><\/span><\/p>\n<ul>\n<li>Tension de fonctionnement du contr\u00f4leur : 200 V ~ 870 V<\/li>\n<li>Autoconsommation d'\u00e9nergie : 7,56 W<\/li>\n<li>Communication : CAN, RS485, contact sec, WiFi<\/li>\n<\/ul>","protected":false},"featured_media":36918,"comment_status":"closed","ping_status":"closed","template":"","meta":{"site-sidebar-layout":"default","site-content-layout":"","ast-site-content-layout":"default","site-content-style":"default","site-sidebar-style":"default","ast-global-header-display":"","ast-banner-title-visibility":"","ast-main-header-display":"","ast-hfb-above-header-display":"","ast-hfb-below-header-display":"","ast-hfb-mobile-header-display":"","site-post-title":"","ast-breadcrumbs-content":"","ast-featured-img":"","footer-sml-layout":"","ast-disable-related-posts":"","theme-transparent-header-meta":"default","adv-header-id-meta":"","stick-header-meta":"","header-above-stick-meta":"","header-main-stick-meta":"","header-below-stick-meta":"","astra-migrate-meta-layouts":"set","ast-page-background-enabled":"default","ast-page-background-meta":{"desktop":{"background-color":"var(--ast-global-color-4)","background-image":"","background-repeat":"repeat","background-position":"center center","background-size":"auto","background-attachment":"scroll","background-type":"","background-media":"","overlay-type":"","overlay-color":"","overlay-opacity":"","overlay-gradient":""},"tablet":{"background-color":"","background-image":"","background-repeat":"repeat","background-position":"center center","background-size":"auto","background-attachment":"scroll","background-type":"","background-media":"","overlay-type":"","overlay-color":"","overlay-opacity":"","overlay-gradient":""},"mobile":{"background-color":"","background-image":"","background-repeat":"repeat","background-position":"center center","background-size":"auto","background-attachment":"scroll","background-type":"","background-media":"","overlay-type":"","overlay-color":"","overlay-opacity":"","overlay-gradient":""}},"ast-content-background-meta":{"desktop":{"background-color":"var(--ast-global-color-5)","background-image":"","background-repeat":"repeat","background-position":"center center","background-size":"auto","background-attachment":"scroll","background-type":"","background-media":"","overlay-type":"","overlay-color":"","overlay-opacity":"","overlay-gradient":""},"tablet":{"background-color":"var(--ast-global-color-5)","background-image":"","background-repeat":"repeat","background-position":"center center","background-size":"auto","background-attachment":"scroll","background-type":"","background-media":"","overlay-type":"","overlay-color":"","overlay-opacity":"","overlay-gradient":""},"mobile":{"background-color":"var(--ast-global-color-5)","background-image":"","background-repeat":"repeat","background-position":"center center","background-size":"auto","background-attachment":"scroll","background-type":"","background-media":"","overlay-type":"","overlay-color":"","overlay-opacity":"","overlay-gradient":""}}},"pwb-brand":[1007],"product_brand":[],"product_cat":[340,379],"product_tag":[],"class_list":{"0":"post-36702","1":"product","2":"type-product","3":"status-publish","4":"has-post-thumbnail","6":"pwb-brand-baterias-pytes","7":"product_cat-baterias","8":"product_cat-baterias-de-litio-de-alto-voltaje","9":"desktop-align-left","10":"tablet-align-left","11":"mobile-align-left","12":"ast-product-gallery-layout-horizontal-slider","13":"ast-product-tabs-layout-horizontal","15":"first","16":"instock","17":"taxable","18":"shipping-taxable","19":"purchasable","20":"product-type-simple"},"wcpa_form_fields":null,"brands":[{"id":1007,"name":"Piles Pytes","slug":"piles-a-pytes"}],"_links":{"self":[{"href":"https:\/\/fvcomponentes.com\/fr\/wp-json\/wp\/v2\/product\/36702","targetHints":{"allow":["GET"]}}],"collection":[{"href":"https:\/\/fvcomponentes.com\/fr\/wp-json\/wp\/v2\/product"}],"about":[{"href":"https:\/\/fvcomponentes.com\/fr\/wp-json\/wp\/v2\/types\/product"}],"replies":[{"embeddable":true,"href":"https:\/\/fvcomponentes.com\/fr\/wp-json\/wp\/v2\/comments?post=36702"}],"wp:featuredmedia":[{"embeddable":true,"href":"https:\/\/fvcomponentes.com\/fr\/wp-json\/wp\/v2\/media\/36918"}],"wp:attachment":[{"href":"https:\/\/fvcomponentes.com\/fr\/wp-json\/wp\/v2\/media?parent=36702"}],"wp:term":[{"taxonomy":"pwb-brand","embeddable":true,"href":"https:\/\/fvcomponentes.com\/fr\/wp-json\/wp\/v2\/pwb-brand?post=36702"},{"taxonomy":"product_brand","embeddable":true,"href":"https:\/\/fvcomponentes.com\/fr\/wp-json\/wp\/v2\/product_brand?post=36702"},{"taxonomy":"product_cat","embeddable":true,"href":"https:\/\/fvcomponentes.com\/fr\/wp-json\/wp\/v2\/product_cat?post=36702"},{"taxonomy":"product_tag","embeddable":true,"href":"https:\/\/fvcomponentes.com\/fr\/wp-json\/wp\/v2\/product_tag?post=36702"}],"curies":[{"name":"wp","href":"https:\/\/api.w.org\/{rel}","templated":true}]}}