{"id":36699,"date":"2026-02-11T12:05:20","date_gmt":"2026-02-11T11:05:20","guid":{"rendered":"https:\/\/fvcomponentes.com\/?post_type=product&#038;p=36699"},"modified":"2026-02-18T12:28:52","modified_gmt":"2026-02-18T11:28:52","slug":"pytes-19-rack-cabinet-for-hv48100-battery-pack-battery-pack-bmu","status":"publish","type":"product","link":"https:\/\/fvcomponentes.com\/fr\/producto\/armario-pytes-19-rack-cabinet-for-hv48100-battery-pack-battery-bmu\/","title":{"rendered":"Pytes 19\u2033 Rack Cabinet pour HV48100 battery pack\/ battery BMU"},"content":{"rendered":"<h2>Pytes 19\u2033 Rack Cabinet pour HV48100 battery pack\/ battery BMU<\/h2>\n<p>L'armoire Pytes 19\u2033 est con\u00e7ue pour abriter, organiser et prot\u00e9ger en toute s\u00e9curit\u00e9 votre syst\u00e8me d'information. <a href=\"https:\/\/fvcomponentes.com\/fr\/produit\/module-bmu-512kw-pytes-hv48100-high-voltage-battery-pack-pytes-hv48100-battery-pack\/\" target=\"_blank\" rel=\"noopener\">Modules de batterie HV48100<\/a> de Pytes et son <a href=\"https:\/\/fvcomponentes.com\/fr\/produit\/bcu-battery-module-pytes-hv-48100-bcu-battery-control-unit\/\" target=\"_blank\" rel=\"noopener\">Unit\u00e9 de contr\u00f4le (BCU)<\/a>.<br \/>\nEn outre, il est de construction robuste et b\u00e9n\u00e9ficie d'un indice de protection IP20.<\/p>\n<p>Gr\u00e2ce \u00e0 son format standard de 19 pouces, il permet d'int\u00e9grer les batteries dans un rack professionnel.<br \/>\nIl facilite donc l'installation, la maintenance et l'extension du syst\u00e8me lorsque la capacit\u00e9 doit \u00eatre augment\u00e9e.<\/p>\n<p>Ce rack offre une protection de s\u00e9curit\u00e9 \u00e0 plusieurs niveaux, des performances fiables et une configuration flexible.<br \/>\nIl offre \u00e9galement des performances stables sur une large plage de temp\u00e9ratures allant de -20 \u00b0C \u00e0 60 \u00b0C.<\/p>\n<h2>Principales caract\u00e9ristiques de l'armoire Pytes 19\u2033 Rack Cabinet<\/h2>\n<h3>Conception et construction robustes<\/h3>\n<p>Le bo\u00eetier Pytes 19\u2033 est fabriqu\u00e9 \u00e0 partir d'acier \u00e0 haute r\u00e9sistance et d'une structure renforc\u00e9e, assurant la solidit\u00e9 et la stabilit\u00e9 pour prot\u00e9ger le syst\u00e8me HV48100 contre les chocs accidentels, les vibrations et les conditions environnementales mod\u00e9r\u00e9es.<\/p>\n<p>Sa finition standard de 19 pouces (482,6 mm) permet d'empiler verticalement jusqu'\u00e0 8 modules de batterie HV48100.<\/p>\n<p>La conception comprend des panneaux lat\u00e9raux et frontaux amovibles, ce qui simplifie l'installation et la maintenance des modules de batterie.<br \/>\nIl dispose \u00e9galement d'un acc\u00e8s organis\u00e9 aux c\u00e2bles et aux connexions.<\/p>\n<p>Ce type de structure \u00e9vite l'improvisation lors de l'assemblage et garantit un environnement plus s\u00fbr et plus esth\u00e9tique pour les syst\u00e8mes de batteries.<\/p>\n<h3>S\u00e9curit\u00e9<\/h3>\n<p>La s\u00e9curit\u00e9 est un aspect fondamental d'une armoire \u00e0 batteries haute tension. La conception de l'armoire \u00e0 batteries HV48100 permet de prot\u00e9ger les modules de batteries HV48100 :<\/p>\n<ul>\n<li>A <strong>panneau frontal avec fermeture \u00e9clair<\/strong> (en option avec la cl\u00e9) pour emp\u00eacher tout acc\u00e8s non autoris\u00e9.<\/li>\n<li><strong>Un acc\u00e8s contr\u00f4l\u00e9 et organis\u00e9<\/strong>, qui r\u00e9duit le risque de contact accidentel ou d'interf\u00e9rence entre les c\u00e2bles et les \u00e9quipements.<\/li>\n<li><strong>Trous et \u0153illets isol\u00e9s<\/strong>, L'isolation des conducteurs est prot\u00e9g\u00e9e et le risque de dommages m\u00e9caniques est r\u00e9duit.<\/li>\n<li><strong>Fixations s\u00fbres pour chaque module<\/strong>, L'assemblage des raccords doit \u00eatre r\u00e9alis\u00e9 de mani\u00e8re \u00e0 \u00e9viter les d\u00e9placements ou les contraintes.<\/li>\n<\/ul>\n<p>Ces caract\u00e9ristiques contribuent \u00e0 maintenir des conditions de s\u00e9curit\u00e9 ad\u00e9quates pour prolonger la dur\u00e9e de vie des composants internes.<\/p>\n<h3>Ventilation<\/h3>\n<p>L'armoire Pytes 19\u2033 est dot\u00e9e d'une ventilation passive lat\u00e9rale et sup\u00e9rieure, qui permet la dissipation naturelle de la chaleur g\u00e9n\u00e9r\u00e9e par l'\u00e9quipement.<\/p>\n<p>En outre, il a la possibilit\u00e9 d'int\u00e9grer une ventilation active (comme des ventilateurs ou des syst\u00e8mes de gestion thermique), si l'installation le n\u00e9cessite.<\/p>\n<h3>Organisation interne<\/h3>\n<p>Cette armoire Pytes a une organisation interne con\u00e7ue pour maintenir une disposition ordonn\u00e9e et professionnelle des modules de batterie HV48100. L'int\u00e9rieur de l'armoire comprend<\/p>\n<ul>\n<li><strong>Rails de montage EIA standard<\/strong>, pour un positionnement pr\u00e9cis des modules de batterie.<\/li>\n<li><strong>Espace r\u00e9serv\u00e9 \u00e0 un c\u00e2blage ordonn\u00e9<\/strong>, avec des points d'ancrage pour les colliers de c\u00e2blage et la gestion des c\u00e2bles.<\/li>\n<li><strong>Plateaux r\u00e9glables<\/strong> qui permettent d'adapter l'organisation interne de l'armoire en fonction du nombre de modules ou d'accessoires \u00e0 installer.<\/li>\n<li><strong>Acc\u00e8s \u00e0 l'avant et \u00e0 l'arri\u00e8re<\/strong>, Cela facilite les connexions et l'entretien sans qu'il soit n\u00e9cessaire de d\u00e9monter l'ensemble.<\/li>\n<\/ul>\n<p>Cette organisation interne rend l'armoire polyvalente et adapt\u00e9e \u00e0 la fois aux nouvelles installations et aux extensions de syst\u00e8mes existants.<\/p>\n<h3>Configuration modulaire<\/h3>\n<p>L'armoire Pytes 19\u2033 Rack permet une configuration modulaire, de sorte que le syst\u00e8me peut \u00eatre \u00e9tendu \u00e0 tout moment.<\/p>\n<h2>Avantages de l'armoire rack 19\u2033 Pytes pour le pack batterie HV48100 \/ batterie BMU<\/h2>\n<p>Les avantages de cette armoire sont les suivants :<\/p>\n<ul>\n<li>Conception standard de 19 pouces.<\/li>\n<li><span style=\"font-size: 16px\">Installation soign\u00e9e et professionnelle.<\/span><\/li>\n<li>Structure robuste et s\u00fbre.<\/li>\n<li>Pr\u00e9par\u00e9 pour les modules de batterie HV48100.<\/li>\n<li>Facilite les extensions futures.<\/li>\n<li>Il am\u00e9liore la s\u00e9curit\u00e9 et l'accessibilit\u00e9 du syst\u00e8me.<\/li>\n<li>Gestion interne des c\u00e2bles et chemins de c\u00e2bles r\u00e9glables.<\/li>\n<li>Accessibilit\u00e9 \u00e0 l'avant et \u00e0 l'arri\u00e8re pour l'entretien.<\/li>\n<li>Options de ventilation passive et active.<\/li>\n<\/ul>\n<h2>Applications et utilisations de l'armoire Pytes 19\u2033 Rack Cabinet<\/h2>\n<p>Cette armoire est id\u00e9ale pour une utilisation dans :<\/p>\n<ul>\n<li>Installations d'autoconsommation r\u00e9sidentielle avec stockage \u00e0 haute tension.<\/li>\n<li>Installations avec sauvegarde d'\u00e9nergie.<\/li>\n<li>Syst\u00e8mes hybrides connect\u00e9s au r\u00e9seau.<\/li>\n<li>Syst\u00e8mes commerciaux ou industriels n\u00e9cessitant un stockage fiable et ordonn\u00e9.<\/li>\n<\/ul>\n<h2>Informations techniques pour Pytes 19\u2033 Rack Cabinet pour HV48100 battery pack\/ battery BMU<\/h2>\n<p><a href=\"https:\/\/fvcomponentes.com\/wp-content\/uploads\/2026\/02\/Armario-Pytes-19-Rack-Cabinet-for-HV48100-battery-pack-battery-BMU.pdf\" target=\"_blank\" rel=\"noopener\">Pytes 19\u2033 Rack Cabinet Technical Datasheet<\/a><\/p>\n<p><a href=\"https:\/\/fvcomponentes.com\/wp-content\/uploads\/2026\/02\/Manual-Armario-Pytes-19-Rack-Cabinet-for-HV48100-battery-pack-battery-BMU.pdf\" target=\"_blank\" rel=\"noopener\">Pytes 19\u2033 Rack Cabinet Manual<\/a><\/p>","protected":false},"excerpt":{"rendered":"<ul>\n<li>Compatibilit\u00e9 : Modules <a href=\"https:\/\/fvcomponentes.com\/fr\/produit\/module-bmu-512kw-pytes-hv48100-high-voltage-battery-pack-pytes-hv48100-battery-pack\/\" target=\"_blank\" rel=\"noopener\">BMU (piles)<\/a> y <a href=\"https:\/\/fvcomponentes.com\/fr\/produit\/bcu-battery-module-pytes-hv-48100-bcu-battery-control-unit\/\" target=\"_blank\" rel=\"noopener\">BCU<\/a> Pytes HV48100<\/li>\n<li>\u00c9volutivit\u00e9 : jusqu'\u00e0 8 modules de batterie par bo\u00eetier<\/li>\n<li>Temp\u00e9rature de fonctionnement : -20 \u00b0C - +60 \u00b0C<\/li>\n<li>Protection : IP20<\/li>\n<li>Communication : CAN, RS485, contact sec, WiFi<\/li>\n<\/ul>","protected":false},"featured_media":36860,"comment_status":"closed","ping_status":"closed","template":"","meta":{"site-sidebar-layout":"default","site-content-layout":"","ast-site-content-layout":"default","site-content-style":"default","site-sidebar-style":"default","ast-global-header-display":"","ast-banner-title-visibility":"","ast-main-header-display":"","ast-hfb-above-header-display":"","ast-hfb-below-header-display":"","ast-hfb-mobile-header-display":"","site-post-title":"","ast-breadcrumbs-content":"","ast-featured-img":"","footer-sml-layout":"","ast-disable-related-posts":"","theme-transparent-header-meta":"default","adv-header-id-meta":"","stick-header-meta":"","header-above-stick-meta":"","header-main-stick-meta":"","header-below-stick-meta":"","astra-migrate-meta-layouts":"set","ast-page-background-enabled":"default","ast-page-background-meta":{"desktop":{"background-color":"var(--ast-global-color-4)","background-image":"","background-repeat":"repeat","background-position":"center center","background-size":"auto","background-attachment":"scroll","background-type":"","background-media":"","overlay-type":"","overlay-color":"","overlay-opacity":"","overlay-gradient":""},"tablet":{"background-color":"","background-image":"","background-repeat":"repeat","background-position":"center center","background-size":"auto","background-attachment":"scroll","background-type":"","background-media":"","overlay-type":"","overlay-color":"","overlay-opacity":"","overlay-gradient":""},"mobile":{"background-color":"","background-image":"","background-repeat":"repeat","background-position":"center center","background-size":"auto","background-attachment":"scroll","background-type":"","background-media":"","overlay-type":"","overlay-color":"","overlay-opacity":"","overlay-gradient":""}},"ast-content-background-meta":{"desktop":{"background-color":"var(--ast-global-color-5)","background-image":"","background-repeat":"repeat","background-position":"center center","background-size":"auto","background-attachment":"scroll","background-type":"","background-media":"","overlay-type":"","overlay-color":"","overlay-opacity":"","overlay-gradient":""},"tablet":{"background-color":"var(--ast-global-color-5)","background-image":"","background-repeat":"repeat","background-position":"center center","background-size":"auto","background-attachment":"scroll","background-type":"","background-media":"","overlay-type":"","overlay-color":"","overlay-opacity":"","overlay-gradient":""},"mobile":{"background-color":"var(--ast-global-color-5)","background-image":"","background-repeat":"repeat","background-position":"center center","background-size":"auto","background-attachment":"scroll","background-type":"","background-media":"","overlay-type":"","overlay-color":"","overlay-opacity":"","overlay-gradient":""}}},"pwb-brand":[1007],"product_brand":[],"product_cat":[414,340],"product_tag":[],"class_list":{"0":"post-36699","1":"product","2":"type-product","3":"status-publish","4":"has-post-thumbnail","6":"pwb-brand-baterias-pytes","7":"product_cat-armarios-rack-para-baterias","8":"product_cat-baterias","9":"product_shipping_class-paquetes-voluminosos","10":"desktop-align-left","11":"tablet-align-left","12":"mobile-align-left","13":"ast-product-gallery-layout-horizontal-slider","14":"ast-product-tabs-layout-horizontal","16":"first","17":"instock","18":"taxable","19":"shipping-taxable","20":"purchasable","21":"product-type-simple"},"wcpa_form_fields":null,"brands":[{"id":1007,"name":"Piles Pytes","slug":"piles-a-pytes"}],"_links":{"self":[{"href":"https:\/\/fvcomponentes.com\/fr\/wp-json\/wp\/v2\/product\/36699","targetHints":{"allow":["GET"]}}],"collection":[{"href":"https:\/\/fvcomponentes.com\/fr\/wp-json\/wp\/v2\/product"}],"about":[{"href":"https:\/\/fvcomponentes.com\/fr\/wp-json\/wp\/v2\/types\/product"}],"replies":[{"embeddable":true,"href":"https:\/\/fvcomponentes.com\/fr\/wp-json\/wp\/v2\/comments?post=36699"}],"wp:featuredmedia":[{"embeddable":true,"href":"https:\/\/fvcomponentes.com\/fr\/wp-json\/wp\/v2\/media\/36860"}],"wp:attachment":[{"href":"https:\/\/fvcomponentes.com\/fr\/wp-json\/wp\/v2\/media?parent=36699"}],"wp:term":[{"taxonomy":"pwb-brand","embeddable":true,"href":"https:\/\/fvcomponentes.com\/fr\/wp-json\/wp\/v2\/pwb-brand?post=36699"},{"taxonomy":"product_brand","embeddable":true,"href":"https:\/\/fvcomponentes.com\/fr\/wp-json\/wp\/v2\/product_brand?post=36699"},{"taxonomy":"product_cat","embeddable":true,"href":"https:\/\/fvcomponentes.com\/fr\/wp-json\/wp\/v2\/product_cat?post=36699"},{"taxonomy":"product_tag","embeddable":true,"href":"https:\/\/fvcomponentes.com\/fr\/wp-json\/wp\/v2\/product_tag?post=36699"}],"curies":[{"name":"wp","href":"https:\/\/api.w.org\/{rel}","templated":true}]}}