{"id":36561,"date":"2026-02-05T15:11:58","date_gmt":"2026-02-05T14:11:58","guid":{"rendered":"https:\/\/fvcomponentes.com\/?post_type=product&#038;p=36561"},"modified":"2026-02-13T15:02:30","modified_gmt":"2026-02-13T14:02:30","slug":"magnetotermico-cc-alpha-500vdc-2p-40a-curva-c-6ka-epb63mdc2c40","status":"publish","type":"product","link":"https:\/\/fvcomponentes.com\/fr\/producto\/magnetotermico-cc-alpha-500vdc-2p-40a-curva-c-6ka-epb63mdc2c40\/","title":{"rendered":"Disjoncteur DC Alpha+ 500VDC 2P, 40A, courbe C 6kA - EPB63MDC2C40"},"content":{"rendered":"<h2>Disjoncteur DC Alpha+ 500VDC 2P, 40A, courbe C 6kA - EPB63MDC2C40<\/h2>\n<p>Le disjoncteur Maxge Alpha+ 500VDC 2P, 40A DC est un disjoncteur de protection sp\u00e9cialement con\u00e7u pour les installations \u00e0 courant continu (DC).<\/p>\n<p>Avec une tension nominale de 500VDC, un courant nominal de 40A et une configuration bipolaire (2P), ce dispositif assure une protection efficace contre les surcharges et les courts-circuits, offrant fiabilit\u00e9, s\u00e9curit\u00e9 et performance dans les applications modernes, en particulier dans les installations photovolta\u00efques, le stockage de batteries et les r\u00e9seaux \u00e9lectriques industriels \u00e0 courant continu.<\/p>\n<p>Gr\u00e2ce \u00e0 son pouvoir de coupure de 6kA, l'appareil peut interrompre en toute s\u00e9curit\u00e9 des courants de court-circuit allant jusqu'\u00e0 6 000 amp\u00e8res, \u00e9vitant ainsi d'endommager l'installation et prot\u00e9geant les \u00e9quipements connect\u00e9s.<br \/>\nIl s'agit donc d'une solution robuste et fiable pour les applications \u00e0 courant continu n\u00e9cessitant une capacit\u00e9 de protection \u00e9lev\u00e9e.<\/p>\n<p>Ce disjoncteur fait partie de la s\u00e9rie Alpha+ DC de Maxge, une gamme technique qui int\u00e8gre des avanc\u00e9es con\u00e7ues pour les besoins sp\u00e9cifiques du courant continu, o\u00f9 les conditions de commutation et le comportement de l'arc \u00e9lectrique sont diff\u00e9rents de ceux du courant alternatif.<\/p>\n<h2>Principales caract\u00e9ristiques du disjoncteur DC Alpha+ 500VDC 2P, 40A DC Alpha+ 500VDC 2P, 40A<\/h2>\n<h3>Protection compl\u00e8te des phases et du neutre<\/h3>\n<p>\u00catre originaire de<strong> 2 p\u00f4les (2P)<\/strong>, Ce disjoncteur prot\u00e8ge et d\u00e9connecte la phase et le neutre en m\u00eame temps. Le circuit est ainsi compl\u00e8tement isol\u00e9 lorsque le disjoncteur est d\u00e9clench\u00e9 manuellement ou mis hors tension, ce qui accro\u00eet la s\u00e9curit\u00e9 lors des travaux de maintenance ou d'entretien sur le tableau \u00e9lectrique.<\/p>\n<p>Ce type de protection est particuli\u00e8rement recommand\u00e9 dans les installations \u00e0 courant continu o\u00f9 il est n\u00e9cessaire de couper les deux p\u00f4les pour assurer une isolation compl\u00e8te du circuit.<\/p>\n<p>Ce mod\u00e8le est donc id\u00e9al pour les applications n\u00e9cessitant un niveau de s\u00e9curit\u00e9 plus \u00e9lev\u00e9 en mati\u00e8re de commutation de circuits.<\/p>\n<h3>Charges mod\u00e9r\u00e9es et \u00e9lev\u00e9es<\/h3>\n<p>Avec un <strong>Courant nominal de 40 amp\u00e8res<\/strong>, Ce disjoncteur est parfait pour prot\u00e9ger les circuits avec des charges de puissance moyenne et \u00e9lev\u00e9e, tels que les alimentations auxiliaires des onduleurs, les cha\u00eenes de panneaux solaires \u00e0 courant \u00e9lev\u00e9 et les installations \u00e0 courant continu avec une consommation \u00e9lev\u00e9e.<\/p>\n<p>Si l'installation est correctement r\u00e9alis\u00e9e, le disjoncteur garantit un fonctionnement stable et s\u00fbr, sans coupures inutiles.<\/p>\n<h3>Stabilit\u00e9 sans d\u00e9clenchement intempestif<\/h3>\n<p>Les <strong>courbe de cuisson C<\/strong> permet au disjoncteur de supporter des pointes de courant mod\u00e9r\u00e9es, telles que celles qui se produisent lors de la mise en marche de certains appareils \u00e9lectriques, sans provoquer de d\u00e9clenchement inutile.<\/p>\n<p>Cette caract\u00e9ristique le rend particuli\u00e8rement adapt\u00e9 aux syst\u00e8mes photovolta\u00efques de moyenne et grande puissance, aux batteries, aux onduleurs CC, aux \u00e9quipements \u00e9lectroniques industriels et aux syst\u00e8mes de stockage d'\u00e9nergie.<\/p>\n<p>Cela signifie moins de pannes impr\u00e9vues, une plus grande facilit\u00e9 d'utilisation et une bonne protection contre les surcharges r\u00e9elles et les courts-circuits.<\/p>\n<p>C'est pourquoi la courbe en C est l'une des courbes les plus couramment utilis\u00e9es dans les installations g\u00e9n\u00e9rales.<\/p>\n<h3>Haute r\u00e9sistance<\/h3>\n<p>Votre <strong>Pouvoir de coupure de 6 kA<\/strong> signifie que ce disjoncteur est capable d'interrompre en toute s\u00e9curit\u00e9 des courants de court-circuit allant jusqu'\u00e0 6 000 amp\u00e8res sans dommage ni perte des propri\u00e9t\u00e9s de protection.<\/p>\n<p>Ce pouvoir de coupure r\u00e9duit le risque de dommages \u00e9lectriques graves et favorise une protection robuste du syst\u00e8me.<\/p>\n<p>En d'autres termes, ce disjoncteur offre un niveau de protection fiable pour une utilisation quotidienne.<\/p>\n<h3>S\u00e9curit\u00e9 dans les installations \u00e0 courant continu (CC)<\/h3>\n<p>En courant continu, l'interruption du circuit est plus exigeante qu'en courant alternatif en raison de l'absence de passage naturel par z\u00e9ro.<\/p>\n<p>C'est la raison pour laquelle ce disjoncteur est con\u00e7u avec <strong>syst\u00e8mes d'extinction d'arcs internes<\/strong> adapt\u00e9 au courant continu, garantissant une coupe s\u00fbre et durable.<\/p>\n<p>Par cons\u00e9quent, ce disjoncteur offre une solution robuste et fiable pour la protection des installations \u00e9lectriques \u00e0 courant continu avec des courants jusqu'\u00e0 40A.<\/p>\n<h3>Installation rapide et conception pratique<\/h3>\n<p>Le disjoncteur DC Alpha+ 500VDC 2P, 40A DC est con\u00e7u pour <strong>Montage sur rail DIN<\/strong>, Il est facile et rapide \u00e0 installer dans n'importe quel panneau \u00e9lectrique standard.<\/p>\n<p>Votre <strong>conception compacte de 36 mm de large<\/strong> (18 mm par poteau), permet d'optimiser l'espace disponible dans le cadre et pr\u00e9sente les caract\u00e9ristiques suivantes <strong>fen\u00eatre pour marqueur de circuit<\/strong> y <strong>une signalisation visuelle de l'\u00e9tat (marche\/arr\u00eat)<\/strong>, Le circuit qu'il prot\u00e8ge peut \u00eatre facilement identifi\u00e9.<\/p>\n<p>En outre, il dispose d'une <strong>terminaux<\/strong> qui sont pr\u00e9par\u00e9s pour les c\u00e2bles adapt\u00e9s \u00e0 ce courant (<strong>25<\/strong> <strong>mm\u00b2 pour les c\u00e2bles flexibles et 35mm\u00b2 pour les c\u00e2bles rigides<\/strong>).<br \/>\nCela garantit des connexions solides, s\u00fbres et durables.<\/p>\n<h2>Alpha+ 500VDC 2P, 40A, courbe en C, 6kA DC Circuit Breaker - EPB63MDC2C40<\/h2>\n<p>Ce disjoncteur prot\u00e8ge le circuit de deux mani\u00e8res :<\/p>\n<ul>\n<li><strong>Protection thermique (surcharge) :<\/strong> coupe le courant en cas de surcharge prolong\u00e9e, \u00e9vitant ainsi la surchauffe des c\u00e2bles et l'endommagement \u00e9ventuel de l'installation.<\/li>\n<li><strong>Protection magn\u00e9tique (court-circuit) :<\/strong> agit presque instantan\u00e9ment en cas de court-circuit important. Dans ce cas, le disjoncteur coupe l'alimentation \u00e9lectrique et prot\u00e8ge \u00e0 la fois l'installation et l'\u00e9quipement connect\u00e9.<\/li>\n<\/ul>\n<p>De cette mani\u00e8re, le disjoncteur prot\u00e8ge \u00e0 la fois contre les augmentations progressives du courant et les d\u00e9fauts soudains, assurant une r\u00e9ponse rapide et efficace.<\/p>\n<h2>Principaux avantages du disjoncteur DC Alpha+ 500VDC 2P, 40A<\/h2>\n<p>Ce disjoncteur pr\u00e9sente les avantages suivants :<\/p>\n<ul>\n<li><strong>Fonctionnement s\u00fbr en courant continu :<\/strong><span style=\"font-size: 16px\"> garantit une extinction correcte des arcs \u00e9lectriques persistants en courant continu.<\/span><\/li>\n<li><strong>Optimis\u00e9 pour le courant continu jusqu'\u00e0 500 V : <\/strong>assure la s\u00e9curit\u00e9 dans les installations \u00e0 haute tension.<\/li>\n<li><strong>2 p\u00f4les pour une d\u00e9connexion compl\u00e8te du circuit DC : <\/strong>am\u00e9liore la s\u00e9curit\u00e9 lors de l'entretien et de l'exploitation.<\/li>\n<li><strong>Courbe en C \u00e9quilibr\u00e9e :<\/strong> r\u00e9siste aux pics de d\u00e9marrage courants, sans d\u00e9clenchement intempestif.<\/li>\n<li><strong>Capacit\u00e9 de coupe \u00e9lev\u00e9e :<\/strong> sa valeur de 6 kA permet de prot\u00e9ger des circuits ayant des exigences de s\u00e9curit\u00e9 \u00e9lev\u00e9es.<\/li>\n<li><strong>Installation rapide et modulaire :<\/strong> se monte facilement sur un rail DIN, ce qui permet des extensions ordonn\u00e9es.<\/li>\n<li><strong>Protection int\u00e9gr\u00e9e contre les surcharges et les courts-circuits<\/strong>Combinaison de protection thermique et magn\u00e9tique.<\/li>\n<li><strong>R\u00e9duit l'usure des contacts et prolonge la dur\u00e9e de vie :<\/strong> gr\u00e2ce \u00e0 des solutions techniques de contr\u00f4le de l'arc et \u00e0 des g\u00e9om\u00e9tries adapt\u00e9es.<\/li>\n<\/ul>\n<h2>Informations techniques pour Alpha+ 500VDC 2P, 40A, courbe en C, 6kA DC Circuit Breaker - EPB63MDC2C40<\/h2>\n<p><a href=\"https:\/\/fvcomponentes.com\/wp-content\/uploads\/2026\/02\/es_fichas-tecnicas_ficha_tecnica_epb63mdc-1.pdf\" target=\"_blank\" rel=\"noopener\">Fiche technique Disjoncteur DC Alpha+ 500VDC 2P, 40A DC<\/a><\/p>","protected":false},"excerpt":{"rendered":"<ul>\n<li>Tension nominale : 500VDC<\/li>\n<li>Courant nominal : 40A<\/li>\n<li>Nombre de p\u00f4les : 2P<\/li>\n<li>Courbe de d\u00e9clenchement C<\/li>\n<li>Pouvoir de coupure : 6kA<\/li>\n<li>Montage : rail DIN<\/li>\n<li>Application : Protection des circuits DC<\/li>\n<li>Tension minimale de fonctionnement : 12VDC<\/li>\n<li>Norme internationale EN\/IEC60947-2<\/li>\n<li>Signalisation de l'\u00e9tat local<\/li>\n<li>Fen\u00eatre pour marqueur de circuit<\/li>\n<li>Connexion terminale pour les c\u00e2bles en cuivre : 25mm\u00b2 pour les c\u00e2bles flexibles et 35mm\u00b2 pour les c\u00e2bles rigides<\/li>\n<li>Dimensions : 36 mm (18 mm par p\u00f4le)<\/li>\n<li>Permet la fixation d'accessoires et d'appareils de contr\u00f4le<\/li>\n<li>Convient pour le sectionnement<\/li>\n<li>Temp\u00e9rature de travail : de -5\u00baC \u00e0 + 40\u00baC.<\/li>\n<\/ul>","protected":false},"featured_media":36797,"comment_status":"closed","ping_status":"closed","template":"","meta":{"site-sidebar-layout":"default","site-content-layout":"","ast-site-content-layout":"default","site-content-style":"default","site-sidebar-style":"default","ast-global-header-display":"","ast-banner-title-visibility":"","ast-main-header-display":"","ast-hfb-above-header-display":"","ast-hfb-below-header-display":"","ast-hfb-mobile-header-display":"","site-post-title":"","ast-breadcrumbs-content":"","ast-featured-img":"","footer-sml-layout":"","ast-disable-related-posts":"","theme-transparent-header-meta":"default","adv-header-id-meta":"","stick-header-meta":"","header-above-stick-meta":"","header-main-stick-meta":"","header-below-stick-meta":"","astra-migrate-meta-layouts":"set","ast-page-background-enabled":"default","ast-page-background-meta":{"desktop":{"background-color":"var(--ast-global-color-4)","background-image":"","background-repeat":"repeat","background-position":"center center","background-size":"auto","background-attachment":"scroll","background-type":"","background-media":"","overlay-type":"","overlay-color":"","overlay-opacity":"","overlay-gradient":""},"tablet":{"background-color":"","background-image":"","background-repeat":"repeat","background-position":"center center","background-size":"auto","background-attachment":"scroll","background-type":"","background-media":"","overlay-type":"","overlay-color":"","overlay-opacity":"","overlay-gradient":""},"mobile":{"background-color":"","background-image":"","background-repeat":"repeat","background-position":"center center","background-size":"auto","background-attachment":"scroll","background-type":"","background-media":"","overlay-type":"","overlay-color":"","overlay-opacity":"","overlay-gradient":""}},"ast-content-background-meta":{"desktop":{"background-color":"var(--ast-global-color-5)","background-image":"","background-repeat":"repeat","background-position":"center center","background-size":"auto","background-attachment":"scroll","background-type":"","background-media":"","overlay-type":"","overlay-color":"","overlay-opacity":"","overlay-gradient":""},"tablet":{"background-color":"var(--ast-global-color-5)","background-image":"","background-repeat":"repeat","background-position":"center center","background-size":"auto","background-attachment":"scroll","background-type":"","background-media":"","overlay-type":"","overlay-color":"","overlay-opacity":"","overlay-gradient":""},"mobile":{"background-color":"var(--ast-global-color-5)","background-image":"","background-repeat":"repeat","background-position":"center center","background-size":"auto","background-attachment":"scroll","background-type":"","background-media":"","overlay-type":"","overlay-color":"","overlay-opacity":"","overlay-gradient":""}}},"pwb-brand":[1018],"product_brand":[],"product_cat":[990,410],"product_tag":[],"class_list":{"0":"post-36561","1":"product","2":"type-product","3":"status-publish","4":"has-post-thumbnail","6":"pwb-brand-maxge","7":"product_cat-magnetotermicos","8":"product_cat-material-electrico","9":"desktop-align-left","10":"tablet-align-left","11":"mobile-align-left","12":"ast-product-gallery-layout-horizontal-slider","13":"ast-product-gallery-with-no-image","14":"ast-product-tabs-layout-horizontal","16":"first","17":"instock","18":"taxable","19":"shipping-taxable","20":"purchasable","21":"product-type-simple"},"wcpa_form_fields":null,"brands":[{"id":1018,"name":"Protections \u00e9lectriques Maxge","slug":"maxge"}],"_links":{"self":[{"href":"https:\/\/fvcomponentes.com\/fr\/wp-json\/wp\/v2\/product\/36561","targetHints":{"allow":["GET"]}}],"collection":[{"href":"https:\/\/fvcomponentes.com\/fr\/wp-json\/wp\/v2\/product"}],"about":[{"href":"https:\/\/fvcomponentes.com\/fr\/wp-json\/wp\/v2\/types\/product"}],"replies":[{"embeddable":true,"href":"https:\/\/fvcomponentes.com\/fr\/wp-json\/wp\/v2\/comments?post=36561"}],"wp:featuredmedia":[{"embeddable":true,"href":"https:\/\/fvcomponentes.com\/fr\/wp-json\/wp\/v2\/media\/36797"}],"wp:attachment":[{"href":"https:\/\/fvcomponentes.com\/fr\/wp-json\/wp\/v2\/media?parent=36561"}],"wp:term":[{"taxonomy":"pwb-brand","embeddable":true,"href":"https:\/\/fvcomponentes.com\/fr\/wp-json\/wp\/v2\/pwb-brand?post=36561"},{"taxonomy":"product_brand","embeddable":true,"href":"https:\/\/fvcomponentes.com\/fr\/wp-json\/wp\/v2\/product_brand?post=36561"},{"taxonomy":"product_cat","embeddable":true,"href":"https:\/\/fvcomponentes.com\/fr\/wp-json\/wp\/v2\/product_cat?post=36561"},{"taxonomy":"product_tag","embeddable":true,"href":"https:\/\/fvcomponentes.com\/fr\/wp-json\/wp\/v2\/product_tag?post=36561"}],"curies":[{"name":"wp","href":"https:\/\/api.w.org\/{rel}","templated":true}]}}