{"id":36560,"date":"2026-02-05T15:10:54","date_gmt":"2026-02-05T14:10:54","guid":{"rendered":"https:\/\/fvcomponentes.com\/?post_type=product&#038;p=36560"},"modified":"2026-02-13T13:55:29","modified_gmt":"2026-02-13T12:55:29","slug":"magnetotermico-cc-alpha-500vdc-2p-25a-curved-c-6ka-epb63mdc2c25","status":"publish","type":"product","link":"https:\/\/fvcomponentes.com\/fr\/producto\/magnetotermico-cc-alpha-500vdc-2p-25a-curva-c-6ka-epb63mdc2c25\/","title":{"rendered":"Disjoncteur DC Alpha+ 500VDC 2P, 25A, courbe C 6kA - EPB63MDC2C25"},"content":{"rendered":"<h2>Disjoncteur DC Alpha+ 500VDC 2P, 25A, courbe C 6kA - EPB63MDC2C25<\/h2>\n<p>Le disjoncteur Maxge Alpha+ 500 VDC 2P, 25 A DC est un disjoncteur sp\u00e9cialement con\u00e7u pour la protection des circuits \u00e0 courant continu (DC) dans les installations DC \u00e0 haute tension.<\/p>\n<p>Avec une tension nominale de 500VDC, un courant nominal de 25A et une configuration bipolaire (2P), ce disjoncteur assure une protection efficace contre les surcharges et les courts-circuits, en \u00e9quilibrant sensibilit\u00e9 et robustesse pour offrir une protection fiable et s\u00fbre, adapt\u00e9e aux exigences des installations \u00e9lectriques moyennes et \u00e9lev\u00e9es.<\/p>\n<p>En outre, il a un pouvoir de coupure de 6 kA, ce qui lui permet d'interrompre en toute s\u00e9curit\u00e9 des courants de d\u00e9faut allant jusqu'\u00e0 6 000 amp\u00e8res.<br \/>\nIl garantit donc l'int\u00e9grit\u00e9 du tableau \u00e9lectrique et la protection de l'\u00e9quipement connect\u00e9, m\u00eame dans des conditions de court-circuit s\u00e9v\u00e8res.<\/p>\n<p>Ce disjoncteur appartient \u00e0 la famille Alpha+ DC, une gamme d\u00e9velopp\u00e9e avec des crit\u00e8res techniques orient\u00e9s vers les caract\u00e9ristiques particuli\u00e8res du courant continu, o\u00f9 l'absence de passages \u00e0 z\u00e9ro du signal et la persistance d'arcs \u00e9lectriques exigent une conception sp\u00e9cifique pour garantir une interruption efficace du d\u00e9faut.<\/p>\n<h2>Principales caract\u00e9ristiques du disjoncteur DC Alpha+ 500VDC 2P, 25A<\/h2>\n<h3>Protection totale contre les effets de la bipolarit\u00e9<\/h3>\n<p>\u00catre un <strong>MCB \u00e0 2 p\u00f4les (2P)<\/strong>, Le circuit CC peut \u00eatre d\u00e9connect\u00e9 en m\u00eame temps des deux conducteurs principaux (positif et n\u00e9gatif), ce qui augmente la s\u00e9curit\u00e9 op\u00e9rationnelle et facilite la maintenance.<\/p>\n<p>Ceci est particuli\u00e8rement important dans les installations \u00e0 courant continu, car cela permet d'isoler compl\u00e8tement le syst\u00e8me en cas de d\u00e9faillance et de r\u00e9duire les risques \u00e9lectriques.<\/p>\n<h3>Charges plus exigeantes<\/h3>\n<p>Avec un <strong>Courant nominal de 25 amp\u00e8res<\/strong>, Ce disjoncteur est con\u00e7u pour les lignes ayant une consommation plus \u00e9lev\u00e9e que les circuits standard de 16 A ou 20 A.<\/p>\n<p>Il est g\u00e9n\u00e9ralement utilis\u00e9 pour prot\u00e9ger les circuits ayant une consommation d'\u00e9nergie mod\u00e9r\u00e9e \u00e0 \u00e9lev\u00e9e, les alimentations auxiliaires ou des charges sp\u00e9cifiques dans des syst\u00e8mes plus complexes.<\/p>\n<p>A condition que l'installation soit correctement dimensionn\u00e9e (section de c\u00e2ble ad\u00e9quate et protections suppl\u00e9mentaires).<span style=\"font-size: 16px\">, Le disjoncteur assure un fonctionnement stable et s\u00fbr, sans coupures inutiles.<\/span><\/p>\n<h3>\u00c9quilibre entre protection et stabilit\u00e9<\/h3>\n<p>Le disjoncteur DC Alpha+ 500VDC 2P, 25A DC incorpore un dispositif de protection contre les surtensions. <strong>courbe d'allumage C, <\/strong>qui est con\u00e7u pour tol\u00e9rer des pointes de courant mod\u00e9r\u00e9es sans provoquer de d\u00e9clenchement intempestif.<\/p>\n<p>La courbe C offre un \u00e9quilibre optimal entre sensibilit\u00e9 et tol\u00e9rance, maintenant une protection efficace contre les surintensit\u00e9s et les surcharges dangereuses sans affecter le fonctionnement normal de l'installation.<\/p>\n<p>Cela permet d'\u00e9viter les d\u00e9clenchements intempestifs, mais ne r\u00e9duit pas la protection contre les courts-circuits r\u00e9els.<br \/>\nEn outre, l'installation est plus stable<\/p>\n<p>Il convient donc aux circuits pr\u00e9sentant des pics de d\u00e9marrage mod\u00e9r\u00e9s, tels que les syst\u00e8mes photovolta\u00efques, les batteries, les onduleurs, les \u00e9quipements \u00e9lectroniques et les syst\u00e8mes de stockage d'\u00e9nergie \u00e0 courant continu.<\/p>\n<h3>R\u00e9sistance \u00e9lev\u00e9e aux courts-circuits<\/h3>\n<p>Votre <strong>Pouvoir de coupure de 6 kA<\/strong> signifie qu'il peut interrompre en toute s\u00e9curit\u00e9 des courts-circuits importants allant jusqu'\u00e0 6 000 amp\u00e8res sans dommage ni perte de propri\u00e9t\u00e9s.<\/p>\n<p>C'est une valeur qui garantit un niveau de protection ad\u00e9quat et s\u00fbr dans la plupart des applications industrielles ou commerciales \u00e0 courant continu.<\/p>\n<p>Il offre un bon niveau de s\u00e9curit\u00e9 et de protection pour la plupart des installations basse tension en courant continu.<\/p>\n<h3>S\u00e9curit\u00e9 dans les installations \u00e0 courant continu (CC)<\/h3>\n<p>L'interruption du courant continu est plus exigeante que celle du courant alternatif en raison de l'absence de passage \u00e0 z\u00e9ro.<\/p>\n<p>C'est la raison pour laquelle ce disjoncteur est con\u00e7u avec<strong> syst\u00e8mes d'extinction d'arc<\/strong> adapt\u00e9 au courant continu, garantissant une coupe s\u00fbre et durable.<\/p>\n<p>Par cons\u00e9quent, le MCB DC Alpha+ offre une solution robuste, fiable et pr\u00eate \u00e0 l'emploi pour une protection efficace des syst\u00e8mes \u00e9lectriques DC.<\/p>\n<h3>Installation facile et conception compacte<\/h3>\n<p>Le DC Alpha+ 2P, 25A est con\u00e7u pour <strong>Montage sur rail DIN<\/strong>, Cela permet une installation rapide et ordonn\u00e9e dans n'importe quel tableau \u00e9lectrique, et favorise l'expansion et l'organisation de la distribution.<\/p>\n<p>Votre <strong>terminaux<\/strong> sont pr\u00eats \u00e0 accepter des c\u00e2bles dont la section est adapt\u00e9e \u00e0 ce courant nominal (<strong>16mm\u00b2 en c\u00e2ble flexible et 25mm\u00b2 en c\u00e2ble rigide<\/strong>). Cela garantit des connexions solides et s\u00fbres, sans surchauffe ni faux contacts.<\/p>\n<p>En outre, il dispose d'une <strong>conception compacte de 36 mm de large<\/strong> (18 mm par poteau), et il pr\u00e9sente les caract\u00e9ristiques suivantes <strong>fen\u00eatre pour marqueur de circuit<\/strong> y <strong>une signalisation visuelle de l'\u00e9tat (marche\/arr\u00eat)<\/strong>, Le circuit qu'il prot\u00e8ge peut \u00eatre facilement identifi\u00e9.<br \/>\nIl permet donc un diagnostic rapide et est tr\u00e8s facile \u00e0 entretenir.<\/p>\n<h2>Alpha+ 500VDC 2P, 25A, courbe en C, 6kA - EPB63MDC2C25 Disjoncteur DC - Fonctionnement et applications<\/h2>\n<p>Ce disjoncteur prot\u00e8ge le circuit au moyen de deux syst\u00e8mes compl\u00e9mentaires :<\/p>\n<ul>\n<li><strong>Protection thermique (surcharge) :<\/strong> agit lorsque le courant d\u00e9passe les valeurs de s\u00e9curit\u00e9 pendant une p\u00e9riode prolong\u00e9e, \u00e9vitant ainsi un \u00e9chauffement excessif des conducteurs et d'\u00e9ventuels dommages \u00e0 l'\u00e9quipement ou un risque d'incendie.<\/li>\n<li><strong>Protection magn\u00e9tique (court-circuit) :<\/strong> r\u00e9pond presque instantan\u00e9ment \u00e0 des courants tr\u00e8s \u00e9lev\u00e9s, coupant l'alimentation et prot\u00e9geant l'installation contre des d\u00e9fauts graves.<\/li>\n<\/ul>\n<p>De cette mani\u00e8re, le disjoncteur prot\u00e8ge \u00e0 la fois contre les augmentations progressives du courant et les d\u00e9fauts soudains, assurant une r\u00e9ponse rapide et efficace.<\/p>\n<h2>Principaux avantages du disjoncteur DC Alpha+ 500VDC 2P, 25A DC<\/h2>\n<p>Ce disjoncteur pr\u00e9sente les avantages suivants :<\/p>\n<ul>\n<li><strong>Fonctionnement s\u00fbr en courant continu :<\/strong><span style=\"font-size: 16px\"> garantit une extinction correcte des arcs \u00e9lectriques persistants en courant continu.<\/span><\/li>\n<li><strong>Optimis\u00e9 pour le courant continu jusqu'\u00e0 500 V : <\/strong>offre une plus grande s\u00e9curit\u00e9 et un meilleur contr\u00f4le dans les installations fonctionnant \u00e0 des tensions continues \u00e9lev\u00e9es.<\/li>\n<li><strong>2 p\u00f4les pour une d\u00e9connexion compl\u00e8te du circuit DC : <\/strong>am\u00e9liore la s\u00e9curit\u00e9 lors de l'entretien et de l'exploitation.<\/li>\n<li><strong>Courbe en C \u00e9quilibr\u00e9e :<\/strong> tol\u00e8re les surtensions temporaires, sans d\u00e9clenchement inutile.<\/li>\n<li><strong>Pouvoir de coupure \u00e9lev\u00e9 de 6 kA :<\/strong> permet de prot\u00e9ger efficacement les circuits contre les pannes de courant importantes.<\/li>\n<li><strong>Installation polyvalente :<\/strong> est facile \u00e0 monter sur rail DIN, ce qui permet la modularit\u00e9 et l'ordonnancement du tableau \u00e9lectrique.<\/li>\n<li><strong>Double protection thermique et magn\u00e9tique :<\/strong> int\u00e8gre une protection s\u00fbre contre les surcharges et les courts-circuits.<\/li>\n<li><strong>R\u00e9duit l'usure des contacts et prolonge la dur\u00e9e de vie :<\/strong> gr\u00e2ce \u00e0 des solutions techniques de contr\u00f4le de l'arc et \u00e0 des g\u00e9om\u00e9tries adapt\u00e9es.<\/li>\n<\/ul>\n<h2>Informations techniques pour Alpha+ 500VDC 2P, 25A, courbe en C, 6kA DC Circuit Breaker - EPB63MDC2C25<\/h2>\n<p><a href=\"https:\/\/fvcomponentes.com\/wp-content\/uploads\/2026\/02\/es_fichas-tecnicas_ficha_tecnica_epb63mdc-1.pdf\" target=\"_blank\" rel=\"noopener\">Fiche technique Magnetotermico DC Alpha+ 500VDC 2P, 25A<\/a><\/p>","protected":false},"excerpt":{"rendered":"<ul>\n<li>Tension nominale : 500VDC<\/li>\n<li>Courant nominal : 25A<\/li>\n<li>Nombre de p\u00f4les : 2P<\/li>\n<li>Courbe de d\u00e9clenchement C<\/li>\n<li>Pouvoir de coupure : 6kA<\/li>\n<li>Montage : rail DIN<\/li>\n<li>Application : Protection des circuits DC<\/li>\n<li>Tension minimale de fonctionnement : 12VDC<\/li>\n<li>Norme internationale EN\/IEC60947-2<\/li>\n<li>Signalisation de l'\u00e9tat local<\/li>\n<li>Fen\u00eatre pour marqueur de circuit<\/li>\n<li>Connexion terminale pour les c\u00e2bles en cuivre : 16mm\u00b2 pour les c\u00e2bles flexibles et 25mm\u00b2 pour les c\u00e2bles rigides<\/li>\n<li>Dimensions : 36 mm (18 mm par p\u00f4le)<\/li>\n<li>Permet la fixation d'accessoires et d'appareils de contr\u00f4le<\/li>\n<li>Convient pour le sectionnement<\/li>\n<li>Temp\u00e9rature de travail : de -5\u00baC \u00e0 + 40\u00baC.<\/li>\n<\/ul>","protected":false},"featured_media":36794,"comment_status":"closed","ping_status":"closed","template":"","meta":{"site-sidebar-layout":"default","site-content-layout":"","ast-site-content-layout":"default","site-content-style":"default","site-sidebar-style":"default","ast-global-header-display":"","ast-banner-title-visibility":"","ast-main-header-display":"","ast-hfb-above-header-display":"","ast-hfb-below-header-display":"","ast-hfb-mobile-header-display":"","site-post-title":"","ast-breadcrumbs-content":"","ast-featured-img":"","footer-sml-layout":"","ast-disable-related-posts":"","theme-transparent-header-meta":"default","adv-header-id-meta":"","stick-header-meta":"","header-above-stick-meta":"","header-main-stick-meta":"","header-below-stick-meta":"","astra-migrate-meta-layouts":"set","ast-page-background-enabled":"default","ast-page-background-meta":{"desktop":{"background-color":"var(--ast-global-color-4)","background-image":"","background-repeat":"repeat","background-position":"center center","background-size":"auto","background-attachment":"scroll","background-type":"","background-media":"","overlay-type":"","overlay-color":"","overlay-opacity":"","overlay-gradient":""},"tablet":{"background-color":"","background-image":"","background-repeat":"repeat","background-position":"center center","background-size":"auto","background-attachment":"scroll","background-type":"","background-media":"","overlay-type":"","overlay-color":"","overlay-opacity":"","overlay-gradient":""},"mobile":{"background-color":"","background-image":"","background-repeat":"repeat","background-position":"center center","background-size":"auto","background-attachment":"scroll","background-type":"","background-media":"","overlay-type":"","overlay-color":"","overlay-opacity":"","overlay-gradient":""}},"ast-content-background-meta":{"desktop":{"background-color":"var(--ast-global-color-5)","background-image":"","background-repeat":"repeat","background-position":"center center","background-size":"auto","background-attachment":"scroll","background-type":"","background-media":"","overlay-type":"","overlay-color":"","overlay-opacity":"","overlay-gradient":""},"tablet":{"background-color":"var(--ast-global-color-5)","background-image":"","background-repeat":"repeat","background-position":"center center","background-size":"auto","background-attachment":"scroll","background-type":"","background-media":"","overlay-type":"","overlay-color":"","overlay-opacity":"","overlay-gradient":""},"mobile":{"background-color":"var(--ast-global-color-5)","background-image":"","background-repeat":"repeat","background-position":"center center","background-size":"auto","background-attachment":"scroll","background-type":"","background-media":"","overlay-type":"","overlay-color":"","overlay-opacity":"","overlay-gradient":""}}},"pwb-brand":[1018],"product_brand":[],"product_cat":[990,410],"product_tag":[],"class_list":{"0":"post-36560","1":"product","2":"type-product","3":"status-publish","4":"has-post-thumbnail","6":"pwb-brand-maxge","7":"product_cat-magnetotermicos","8":"product_cat-material-electrico","9":"desktop-align-left","10":"tablet-align-left","11":"mobile-align-left","12":"ast-product-gallery-layout-horizontal-slider","13":"ast-product-gallery-with-no-image","14":"ast-product-tabs-layout-horizontal","16":"first","17":"instock","18":"taxable","19":"shipping-taxable","20":"purchasable","21":"product-type-simple"},"wcpa_form_fields":null,"brands":[{"id":1018,"name":"Protections \u00e9lectriques Maxge","slug":"maxge"}],"_links":{"self":[{"href":"https:\/\/fvcomponentes.com\/fr\/wp-json\/wp\/v2\/product\/36560","targetHints":{"allow":["GET"]}}],"collection":[{"href":"https:\/\/fvcomponentes.com\/fr\/wp-json\/wp\/v2\/product"}],"about":[{"href":"https:\/\/fvcomponentes.com\/fr\/wp-json\/wp\/v2\/types\/product"}],"replies":[{"embeddable":true,"href":"https:\/\/fvcomponentes.com\/fr\/wp-json\/wp\/v2\/comments?post=36560"}],"wp:featuredmedia":[{"embeddable":true,"href":"https:\/\/fvcomponentes.com\/fr\/wp-json\/wp\/v2\/media\/36794"}],"wp:attachment":[{"href":"https:\/\/fvcomponentes.com\/fr\/wp-json\/wp\/v2\/media?parent=36560"}],"wp:term":[{"taxonomy":"pwb-brand","embeddable":true,"href":"https:\/\/fvcomponentes.com\/fr\/wp-json\/wp\/v2\/pwb-brand?post=36560"},{"taxonomy":"product_brand","embeddable":true,"href":"https:\/\/fvcomponentes.com\/fr\/wp-json\/wp\/v2\/product_brand?post=36560"},{"taxonomy":"product_cat","embeddable":true,"href":"https:\/\/fvcomponentes.com\/fr\/wp-json\/wp\/v2\/product_cat?post=36560"},{"taxonomy":"product_tag","embeddable":true,"href":"https:\/\/fvcomponentes.com\/fr\/wp-json\/wp\/v2\/product_tag?post=36560"}],"curies":[{"name":"wp","href":"https:\/\/api.w.org\/{rel}","templated":true}]}}