{"id":36556,"date":"2026-02-05T15:05:10","date_gmt":"2026-02-05T14:05:10","guid":{"rendered":"https:\/\/fvcomponentes.com\/?post_type=product&#038;p=36556"},"modified":"2026-02-13T11:39:25","modified_gmt":"2026-02-13T10:39:25","slug":"magnetotermico-cc-alpha-250vdc-1p-10a-curva-c-6ka-epb63mdc1c10","status":"publish","type":"product","link":"https:\/\/fvcomponentes.com\/fr\/producto\/magnetotermico-cc-alpha-250vdc-1p-10a-curva-c-6ka-epb63mdc1c10\/","title":{"rendered":"Disjoncteur DC Alpha+ 250VDC 1P, 10A, courbe C 6kA - EPB63MDC1C10"},"content":{"rendered":"<h2>Disjoncteur DC Alpha+ 250VDC 1P, 10A, courbe C 6kA - EPB63MDC1C10<\/h2>\n<p>Le disjoncteur Maxge Alpha+ 250VDC 1P, 10A DC est un disjoncteur con\u00e7u pour la protection des circuits \u00e0 courant continu (DC).<\/p>\n<p>Avec une tension nominale de 250VDC, un courant de 10 amp\u00e8res et une courbe en C, il offre une protection fiable et efficace contre les surcharges et les courts-circuits, alliant sensibilit\u00e9, robustesse et compatibilit\u00e9 dans les installations \u00e9lectriques basse tension.<\/p>\n<p>Ce disjoncteur fait partie de la famille Alpha+ DC, caract\u00e9ris\u00e9e par des composants adapt\u00e9s aux exigences particuli\u00e8res du courant continu.<br \/>\nIl combine \u00e9galement la protection thermique et magn\u00e9tique en un seul dispositif.<\/p>\n<p>Gr\u00e2ce \u00e0 son pouvoir de coupure de 6kA, le disjoncteur peut interrompre des courants de d\u00e9faut \u00e9lev\u00e9s sans compromettre la s\u00e9curit\u00e9 de l'installation.<br \/>\nIl s'agit donc d'une solution fiable pour les nouvelles installations ainsi que pour les extensions ou la maintenance.<\/p>\n<h2>Principales caract\u00e9ristiques du disjoncteur DC Alpha+ 250VDC 1P, 10A<\/h2>\n<h3>Protection individuelle<\/h3>\n<p>Ce disjoncteur est fabriqu\u00e9 en <strong>1 p\u00f4le (1P)<\/strong>, Cela permet la protection individuelle d'une seule ligne active dans les circuits de courant continu, ce qui facilite son int\u00e9gration dans des syst\u00e8mes modulaires et \u00e9volutifs.<\/p>\n<p>Cette configuration est id\u00e9ale pour les lignes simples dans les syst\u00e8mes \u00e0 courant continu, offrant une solution compacte et efficace.<\/p>\n<h3>Utilisation typique dans les installations domestiques<\/h3>\n<p>Avec un <strong>Courant nominal de 10 amp\u00e8res<\/strong>, Ce disjoncteur est parfait pour les circuits \u00e0 consommation mod\u00e9r\u00e9e, les \u00e9quipements auxiliaires, les charges sp\u00e9cifiques ou les branches individuelles au sein de syst\u00e8mes plus importants.<\/p>\n<p>Si l'installation est correctement r\u00e9alis\u00e9e, le disjoncteur garantit un fonctionnement stable et s\u00fbr, sans coupures inutiles.<\/p>\n<h3>Stabilit\u00e9 sans d\u00e9clenchement intempestif<\/h3>\n<p>Les <strong>courbe de cuisson C<\/strong> permet au disjoncteur de supporter des pointes de courant mod\u00e9r\u00e9es, telles que celles qui se produisent lors de la mise en marche de certains appareils \u00e9lectriques, sans provoquer de d\u00e9clenchement inutile.<\/p>\n<p>Cela signifie moins de pannes impr\u00e9vues, une plus grande facilit\u00e9 d'utilisation et une bonne protection contre les surcharges r\u00e9elles et les courts-circuits.<\/p>\n<p>C'est pourquoi la courbe en C est l'une des courbes les plus couramment utilis\u00e9es dans les installations g\u00e9n\u00e9rales.<\/p>\n<h3>Haute r\u00e9sistance<\/h3>\n<p>Votre <strong>Pouvoir de coupure de 6 kA<\/strong> signifie que ce disjoncteur est capable d'interrompre en toute s\u00e9curit\u00e9 des courants de court-circuit allant jusqu'\u00e0 6 000 amp\u00e8res sans dommage ni perte des propri\u00e9t\u00e9s de protection.<\/p>\n<p>Ce pouvoir de coupure offre un niveau ad\u00e9quat de s\u00e9curit\u00e9 et de fiabilit\u00e9 dans la plupart des applications CC de faible\/moyenne puissance.<\/p>\n<p>En d'autres termes, ce disjoncteur offre un niveau de protection fiable pour une utilisation quotidienne.<\/p>\n<h3>S\u00e9curit\u00e9 dans les installations \u00e0 courant continu (CC)<\/h3>\n<p>L'interruption du courant continu est plus exigeante que celle du courant alternatif en raison de l'absence de passage \u00e0 z\u00e9ro.<\/p>\n<p>C'est la raison pour laquelle ce disjoncteur est con\u00e7u avec <strong>syst\u00e8mes d'extinction d'arc<\/strong> adapt\u00e9 au courant continu, garantissant une coupe s\u00fbre et durable.<\/p>\n<p>Par cons\u00e9quent, le MCB DC Alpha+ offre une solution robuste, fiable et pr\u00eate \u00e0 l'emploi pour une protection efficace des syst\u00e8mes \u00e9lectriques DC.<\/p>\n<h3>Installation rapide et conception pratique<\/h3>\n<p>Le disjoncteur DC Alpha+ 250VDC 1P, 10A est con\u00e7u pour <strong>Montage sur rail DIN<\/strong>, Il est facile et rapide \u00e0 installer dans n'importe quel panneau \u00e9lectrique standard.<\/p>\n<p>Votre <strong>conception compacte de 18 mm de large<\/strong>, Le nouveau syst\u00e8me, facile \u00e0 utiliser, permet d'optimiser l'espace disponible sur le cadre et pr\u00e9sente les caract\u00e9ristiques suivantes <strong>fen\u00eatre pour marqueur de circuit<\/strong> y <strong>une signalisation visuelle de l'\u00e9tat (marche\/arr\u00eat)<\/strong>, Le circuit qu'il prot\u00e8ge peut \u00eatre facilement identifi\u00e9.<\/p>\n<p>En outre, il dispose d'une <strong>terminaux<\/strong> qui sont pr\u00e9par\u00e9s pour les c\u00e2bles adapt\u00e9s \u00e0 ce courant (<strong>16mm\u00b2 en c\u00e2ble flexible et 25mm\u00b2 en c\u00e2ble rigide<\/strong>).<br \/>\nCela garantit des connexions solides et s\u00fbres.<\/p>\n<h2>Alpha+ 250VDC 1P, 10A, courbe en C, 6kA DC Circuit Breaker - EPB63MDC1C10<\/h2>\n<p>Ce disjoncteur prot\u00e8ge le circuit de deux mani\u00e8res :<\/p>\n<ul>\n<li><strong>Protection thermique (surcharge) :<\/strong> coupe le courant en cas de surcharge prolong\u00e9e, \u00e9vitant ainsi la surchauffe des c\u00e2bles et l'endommagement \u00e9ventuel de l'installation.<\/li>\n<li><strong>Protection magn\u00e9tique (court-circuit) :<\/strong> agit presque instantan\u00e9ment en cas de court-circuit important. Dans ce cas, le disjoncteur coupe l'alimentation \u00e9lectrique et prot\u00e8ge \u00e0 la fois l'installation et l'\u00e9quipement connect\u00e9.<\/li>\n<\/ul>\n<p>C'est une solution id\u00e9ale pour les tableaux de distribution dans les maisons, les petits magasins et les bureaux, les circuits d'\u00e9clairage et les prises de courant, ainsi que les protections auxiliaires.<\/p>\n<h2>Principaux avantages du disjoncteur DC Alpha+ 250VDC 1P, 10A<\/h2>\n<p>Ce disjoncteur pr\u00e9sente les avantages suivants :<\/p>\n<ul>\n<li><strong>Protection int\u00e9gr\u00e9e contre les surcharges et les courts-circuits<\/strong>Combinaison de protection thermique et magn\u00e9tique<\/li>\n<li><strong>Fonctionnement s\u00fbr en courant continu :<\/strong><span style=\"font-size: 16px\"> garantit une extinction correcte des arcs \u00e9lectriques persistants en courant continu.<\/span><\/li>\n<li><strong>Courbe en C \u00e9quilibr\u00e9e :<\/strong> convient aux charges mixtes avec des pics de d\u00e9marrage r\u00e9guliers.<\/li>\n<li><strong>Capacit\u00e9 de coupe \u00e9lev\u00e9e :<\/strong> sa valeur de 6 kA permet de prot\u00e9ger des circuits ayant des exigences de s\u00e9curit\u00e9 \u00e9lev\u00e9es.<\/li>\n<li><strong>Installation rapide et modulaire :<\/strong> se monte facilement sur un rail DIN, ce qui permet des extensions ordonn\u00e9es.<\/li>\n<li><strong>R\u00e9duit l'usure des contacts et prolonge la dur\u00e9e de vie :<\/strong> gr\u00e2ce \u00e0 des solutions techniques de contr\u00f4le de l'arc et \u00e0 des g\u00e9om\u00e9tries adapt\u00e9es.<\/li>\n<\/ul>\n<h2>Informations techniques pour Alpha+ DC Circuit Breaker 250VDC 1P, 10A, C-curve 6kA - EPB63MDC1C10<\/h2>\n<p><a href=\"https:\/\/fvcomponentes.com\/wp-content\/uploads\/2026\/02\/es_fichas-tecnicas_ficha_tecnica_epb63mdc-1.pdf\" target=\"_blank\" rel=\"noopener\">Fiche technique Disjoncteur DC Alpha+ 250VDC 1P, 10A DC<\/a><\/p>","protected":false},"excerpt":{"rendered":"<ul>\n<li>P\u00f4les : 1<\/li>\n<li>Tension de fonctionnement : 250 VDC<\/li>\n<li>Courant nominal : 10 amp\u00e8res<\/li>\n<li>Pouvoir de coupure : 6kA<\/li>\n<li>Tension minimale de fonctionnement : 12V DC<\/li>\n<li>Norme internationale EN\/IEC60947-2<\/li>\n<li>Signalisation de l'\u00e9tat local<\/li>\n<li>Fen\u00eatre pour marqueur de circuit<\/li>\n<li>Dimensions : 1 module par poteau (18mm)<\/li>\n<li>Connexion terminale pour les c\u00e2bles en cuivre : 16mm\u00b2 pour les c\u00e2bles flexibles et 25mm\u00b2 pour les c\u00e2bles rigides<\/li>\n<li>Permet la fixation d'accessoires et d'appareils de contr\u00f4le<\/li>\n<li>Convient pour le sectionnement<\/li>\n<li>Temp\u00e9rature de travail : de -5\u00baC \u00e0 + 40\u00baC.<\/li>\n<\/ul>","protected":false},"featured_media":36777,"comment_status":"closed","ping_status":"closed","template":"","meta":{"site-sidebar-layout":"default","site-content-layout":"","ast-site-content-layout":"default","site-content-style":"default","site-sidebar-style":"default","ast-global-header-display":"","ast-banner-title-visibility":"","ast-main-header-display":"","ast-hfb-above-header-display":"","ast-hfb-below-header-display":"","ast-hfb-mobile-header-display":"","site-post-title":"","ast-breadcrumbs-content":"","ast-featured-img":"","footer-sml-layout":"","ast-disable-related-posts":"","theme-transparent-header-meta":"default","adv-header-id-meta":"","stick-header-meta":"","header-above-stick-meta":"","header-main-stick-meta":"","header-below-stick-meta":"","astra-migrate-meta-layouts":"set","ast-page-background-enabled":"default","ast-page-background-meta":{"desktop":{"background-color":"var(--ast-global-color-4)","background-image":"","background-repeat":"repeat","background-position":"center center","background-size":"auto","background-attachment":"scroll","background-type":"","background-media":"","overlay-type":"","overlay-color":"","overlay-opacity":"","overlay-gradient":""},"tablet":{"background-color":"","background-image":"","background-repeat":"repeat","background-position":"center center","background-size":"auto","background-attachment":"scroll","background-type":"","background-media":"","overlay-type":"","overlay-color":"","overlay-opacity":"","overlay-gradient":""},"mobile":{"background-color":"","background-image":"","background-repeat":"repeat","background-position":"center center","background-size":"auto","background-attachment":"scroll","background-type":"","background-media":"","overlay-type":"","overlay-color":"","overlay-opacity":"","overlay-gradient":""}},"ast-content-background-meta":{"desktop":{"background-color":"var(--ast-global-color-5)","background-image":"","background-repeat":"repeat","background-position":"center center","background-size":"auto","background-attachment":"scroll","background-type":"","background-media":"","overlay-type":"","overlay-color":"","overlay-opacity":"","overlay-gradient":""},"tablet":{"background-color":"var(--ast-global-color-5)","background-image":"","background-repeat":"repeat","background-position":"center center","background-size":"auto","background-attachment":"scroll","background-type":"","background-media":"","overlay-type":"","overlay-color":"","overlay-opacity":"","overlay-gradient":""},"mobile":{"background-color":"var(--ast-global-color-5)","background-image":"","background-repeat":"repeat","background-position":"center center","background-size":"auto","background-attachment":"scroll","background-type":"","background-media":"","overlay-type":"","overlay-color":"","overlay-opacity":"","overlay-gradient":""}}},"pwb-brand":[1018],"product_brand":[],"product_cat":[990,410],"product_tag":[],"class_list":{"0":"post-36556","1":"product","2":"type-product","3":"status-publish","4":"has-post-thumbnail","6":"pwb-brand-maxge","7":"product_cat-magnetotermicos","8":"product_cat-material-electrico","9":"desktop-align-left","10":"tablet-align-left","11":"mobile-align-left","12":"ast-product-gallery-layout-horizontal-slider","13":"ast-product-gallery-with-no-image","14":"ast-product-tabs-layout-horizontal","16":"first","17":"instock","18":"taxable","19":"shipping-taxable","20":"purchasable","21":"product-type-simple"},"wcpa_form_fields":null,"brands":[{"id":1018,"name":"Protections \u00e9lectriques Maxge","slug":"maxge"}],"_links":{"self":[{"href":"https:\/\/fvcomponentes.com\/fr\/wp-json\/wp\/v2\/product\/36556","targetHints":{"allow":["GET"]}}],"collection":[{"href":"https:\/\/fvcomponentes.com\/fr\/wp-json\/wp\/v2\/product"}],"about":[{"href":"https:\/\/fvcomponentes.com\/fr\/wp-json\/wp\/v2\/types\/product"}],"replies":[{"embeddable":true,"href":"https:\/\/fvcomponentes.com\/fr\/wp-json\/wp\/v2\/comments?post=36556"}],"wp:featuredmedia":[{"embeddable":true,"href":"https:\/\/fvcomponentes.com\/fr\/wp-json\/wp\/v2\/media\/36777"}],"wp:attachment":[{"href":"https:\/\/fvcomponentes.com\/fr\/wp-json\/wp\/v2\/media?parent=36556"}],"wp:term":[{"taxonomy":"pwb-brand","embeddable":true,"href":"https:\/\/fvcomponentes.com\/fr\/wp-json\/wp\/v2\/pwb-brand?post=36556"},{"taxonomy":"product_brand","embeddable":true,"href":"https:\/\/fvcomponentes.com\/fr\/wp-json\/wp\/v2\/product_brand?post=36556"},{"taxonomy":"product_cat","embeddable":true,"href":"https:\/\/fvcomponentes.com\/fr\/wp-json\/wp\/v2\/product_cat?post=36556"},{"taxonomy":"product_tag","embeddable":true,"href":"https:\/\/fvcomponentes.com\/fr\/wp-json\/wp\/v2\/product_tag?post=36556"}],"curies":[{"name":"wp","href":"https:\/\/api.w.org\/{rel}","templated":true}]}}