{"id":36440,"date":"2026-02-02T10:30:41","date_gmt":"2026-02-02T09:30:41","guid":{"rendered":"https:\/\/fvcomponentes.com\/?post_type=product&#038;p=36440"},"modified":"2026-02-12T14:12:32","modified_gmt":"2026-02-12T13:12:32","slug":"socle-cylindrique-10x38mm-1000vdc-1p-32a-avec-indicateur-maxge-sgf32xdc","status":"publish","type":"product","link":"https:\/\/fvcomponentes.com\/fr\/producto\/base-portafusibles-cilindricos-10x38mm-1000vdc-1p-32a-con-indicador-maxge-sgf32xdc\/","title":{"rendered":"Socle fusible cylindrique 10x38mm 1000VDC 1P 32A. Avec indicateur Maxge - SGF32XDC"},"content":{"rendered":"<h2>Socle fusible cylindrique 10x38mm 1000VDC 1P 32A. Avec indicateur Maxge - SGF32XDC<\/h2>\n<p>Le porte-fusible Maxge SGF32XDC est un composant de protection \u00e9lectrique sp\u00e9cialement con\u00e7u pour les syst\u00e8mes \u00e0 courant continu (CC) dans les installations solaires et autres applications \u00e0 haute tension.<\/p>\n<p>Cette prise est con\u00e7ue pour des fusibles cylindriques standard de 10\u00d738 mm et supporte jusqu'\u00e0 1000 VDC avec un courant nominal de 32 amp\u00e8res, offrant ainsi une solution s\u00fbre et fiable pour la protection des syst\u00e8mes photovolta\u00efques.<\/p>\n<p>En outre, il est dot\u00e9 d'un indicateur visuel int\u00e9gr\u00e9 qui vous permet de voir si le fusible est grill\u00e9 ou en bon \u00e9tat sans avoir \u00e0 retirer la base.<br \/>\nCela facilite l'entretien et r\u00e9duit le temps de r\u00e9vision.<\/p>\n<p>Gr\u00e2ce \u00e0 sa construction s\u00fbre, fiable et robuste, il garantit une durabilit\u00e9 et une protection \u00e9lev\u00e9es.<br \/>\nIl convient donc aux syst\u00e8mes photovolta\u00efques, aux batteries haute tension, aux onduleurs, aux r\u00e9gulateurs de charge, aux postes de transformation et aux \u00e9quipements industriels \u00e0 courant continu, aux v\u00e9hicules \u00e9lectriques et aux syst\u00e8mes de traction, ainsi qu'aux tableaux de distribution et aux panneaux charg\u00e9s en courant continu.<\/p>\n<h2>Caract\u00e9ristiques et avantages du socle de fusibles Maxge SGF32XDC<\/h2>\n<p>Ce porte-fusible pr\u00e9sente les caract\u00e9ristiques et avantages suivants :<\/p>\n<ul>\n<li><strong>Socle de fusibles monophas\u00e9s (1 p\u00f4le) :<\/strong> prot\u00e8ge une seule ligne dans les circuits \u00e0 courant continu.<\/li>\n<li><strong>S\u00e9curit\u00e9 accrue :<\/strong> prot\u00e8ge le circuit contre les surintensit\u00e9s localis\u00e9es, \u00e9vitant ainsi d'endommager les \u00e9quipements sensibles.<\/li>\n<li><strong>Tension continue \u00e9lev\u00e9e (1000 V) :<\/strong> un fonctionnement fiable et s\u00fbr dans des installations jusqu'\u00e0 1 000 V DC.<\/li>\n<li><strong>Capacit\u00e9 nominale moyenne-\u00e9lev\u00e9e (32 A) :<\/strong> convient pour une consommation moyenne\/\u00e9lev\u00e9e.<\/li>\n<li><strong>Con\u00e7u pour des fusibles standard de 10\u00d738 mm :<\/strong> format standard facile \u00e0 trouver et \u00e0 remplacer.<\/li>\n<li><strong>Indicateur visuel int\u00e9gr\u00e9 :<\/strong> permet de v\u00e9rifier rapidement l'\u00e9tat du fusible.<\/li>\n<li><strong>Assemblage simple :<\/strong> pr\u00e9par\u00e9s pour un montage sur rail DIN ou sur panneau.<\/li>\n<li><strong>Conception s\u00fbre et fiable :<\/strong> con\u00e7u pour fonctionner en toute s\u00e9curit\u00e9 en courant continu.<\/li>\n<\/ul>","protected":false},"excerpt":{"rendered":"<ul>\n<li>Pour fusibles 10x38mm<\/li>\n<li>Type : socle de fusible 1P<\/li>\n<li>Tension d'isolation Ui : 1000V<\/li>\n<li>Courant nominal : 32 A<\/li>\n<li>Connexion dans les bornes de la bo\u00eete pour les c\u00e2bles en cuivre : 25mm2<\/li>\n<li>La r\u00e9silience :<br \/>\n- \u00c9lectricit\u00e9 : 1500 man\u0153uvres<br \/>\n- M\u00e9canique : 8500 man\u0153uvres<\/li>\n<li>Degr\u00e9 de protection : IP20<\/li>\n<li>Norme : IEC 60269-6<\/li>\n<\/ul>","protected":false},"featured_media":36768,"comment_status":"closed","ping_status":"closed","template":"","meta":{"site-sidebar-layout":"default","site-content-layout":"","ast-site-content-layout":"default","site-content-style":"default","site-sidebar-style":"default","ast-global-header-display":"","ast-banner-title-visibility":"","ast-main-header-display":"","ast-hfb-above-header-display":"","ast-hfb-below-header-display":"","ast-hfb-mobile-header-display":"","site-post-title":"","ast-breadcrumbs-content":"","ast-featured-img":"","footer-sml-layout":"","ast-disable-related-posts":"","theme-transparent-header-meta":"default","adv-header-id-meta":"","stick-header-meta":"","header-above-stick-meta":"","header-main-stick-meta":"","header-below-stick-meta":"","astra-migrate-meta-layouts":"set","ast-page-background-enabled":"default","ast-page-background-meta":{"desktop":{"background-color":"var(--ast-global-color-4)","background-image":"","background-repeat":"repeat","background-position":"center center","background-size":"auto","background-attachment":"scroll","background-type":"","background-media":"","overlay-type":"","overlay-color":"","overlay-opacity":"","overlay-gradient":""},"tablet":{"background-color":"","background-image":"","background-repeat":"repeat","background-position":"center center","background-size":"auto","background-attachment":"scroll","background-type":"","background-media":"","overlay-type":"","overlay-color":"","overlay-opacity":"","overlay-gradient":""},"mobile":{"background-color":"","background-image":"","background-repeat":"repeat","background-position":"center center","background-size":"auto","background-attachment":"scroll","background-type":"","background-media":"","overlay-type":"","overlay-color":"","overlay-opacity":"","overlay-gradient":""}},"ast-content-background-meta":{"desktop":{"background-color":"var(--ast-global-color-5)","background-image":"","background-repeat":"repeat","background-position":"center center","background-size":"auto","background-attachment":"scroll","background-type":"","background-media":"","overlay-type":"","overlay-color":"","overlay-opacity":"","overlay-gradient":""},"tablet":{"background-color":"var(--ast-global-color-5)","background-image":"","background-repeat":"repeat","background-position":"center center","background-size":"auto","background-attachment":"scroll","background-type":"","background-media":"","overlay-type":"","overlay-color":"","overlay-opacity":"","overlay-gradient":""},"mobile":{"background-color":"var(--ast-global-color-5)","background-image":"","background-repeat":"repeat","background-position":"center center","background-size":"auto","background-attachment":"scroll","background-type":"","background-media":"","overlay-type":"","overlay-color":"","overlay-opacity":"","overlay-gradient":""}}},"pwb-brand":[1018],"product_brand":[],"product_cat":[988,410],"product_tag":[],"class_list":{"0":"post-36440","1":"product","2":"type-product","3":"status-publish","4":"has-post-thumbnail","6":"pwb-brand-maxge","7":"product_cat-portafusibles","8":"product_cat-material-electrico","9":"desktop-align-left","10":"tablet-align-left","11":"mobile-align-left","12":"ast-product-gallery-layout-horizontal-slider","13":"ast-product-tabs-layout-horizontal","15":"first","16":"instock","17":"taxable","18":"shipping-taxable","19":"purchasable","20":"product-type-simple"},"wcpa_form_fields":null,"brands":[{"id":1018,"name":"Protections \u00e9lectriques Maxge","slug":"maxge"}],"_links":{"self":[{"href":"https:\/\/fvcomponentes.com\/fr\/wp-json\/wp\/v2\/product\/36440","targetHints":{"allow":["GET"]}}],"collection":[{"href":"https:\/\/fvcomponentes.com\/fr\/wp-json\/wp\/v2\/product"}],"about":[{"href":"https:\/\/fvcomponentes.com\/fr\/wp-json\/wp\/v2\/types\/product"}],"replies":[{"embeddable":true,"href":"https:\/\/fvcomponentes.com\/fr\/wp-json\/wp\/v2\/comments?post=36440"}],"wp:featuredmedia":[{"embeddable":true,"href":"https:\/\/fvcomponentes.com\/fr\/wp-json\/wp\/v2\/media\/36768"}],"wp:attachment":[{"href":"https:\/\/fvcomponentes.com\/fr\/wp-json\/wp\/v2\/media?parent=36440"}],"wp:term":[{"taxonomy":"pwb-brand","embeddable":true,"href":"https:\/\/fvcomponentes.com\/fr\/wp-json\/wp\/v2\/pwb-brand?post=36440"},{"taxonomy":"product_brand","embeddable":true,"href":"https:\/\/fvcomponentes.com\/fr\/wp-json\/wp\/v2\/product_brand?post=36440"},{"taxonomy":"product_cat","embeddable":true,"href":"https:\/\/fvcomponentes.com\/fr\/wp-json\/wp\/v2\/product_cat?post=36440"},{"taxonomy":"product_tag","embeddable":true,"href":"https:\/\/fvcomponentes.com\/fr\/wp-json\/wp\/v2\/product_tag?post=36440"}],"curies":[{"name":"wp","href":"https:\/\/api.w.org\/{rel}","templated":true}]}}