{"id":36437,"date":"2026-02-02T10:25:13","date_gmt":"2026-02-02T09:25:13","guid":{"rendered":"https:\/\/fvcomponentes.com\/?post_type=product&#038;p=36437"},"modified":"2026-02-11T15:29:02","modified_gmt":"2026-02-11T14:29:02","slug":"fusible-cylindrique-10x38mm-20a-1000vdc-special-photovoltaique-maxge-mg10pv20","status":"publish","type":"product","link":"https:\/\/fvcomponentes.com\/fr\/producto\/fusible-cilindrico-10x38mm-20a-1000vdc-especial-fotovoltaica-maxge-mg10pv20\/","title":{"rendered":"Fusible cylindrique 10x38mm 20A 1000VDC - Sp\u00e9cial photovolta\u00efque - Maxge MG10PV20"},"content":{"rendered":"<h2>Fusible cylindrique 10x38mm 20A 1000VDC - Sp\u00e9cial photovolta\u00efque - Maxge MG10PV20<\/h2>\n<p>Le fusible cylindrique 10x38mm 20A 1000VDC est un fusible de protection \u00e9lectrique sp\u00e9cialement con\u00e7u pour les syst\u00e8mes photovolta\u00efques, offrant une protection s\u00fbre et efficace.<\/p>\n<p>Sa fonction principale est de prot\u00e9ger les circuits de courant continu (CC) contre les surintensit\u00e9s et les courts-circuits dans les grandes installations solaires.<\/p>\n<p>Ce fusible est con\u00e7u pour d\u00e9connecter le circuit lorsque la limite de courant est d\u00e9pass\u00e9e, \u00e9vitant ainsi d'endommager les c\u00e2bles, les onduleurs ou l'\u00e9quipement solaire et prot\u00e9geant les panneaux solaires et les cha\u00eenes photovolta\u00efques.<\/p>\n<p>Il est \u00e9galement con\u00e7u pour isoler une cha\u00eene d\u00e9fectueuse au sein d'une installation et pour r\u00e9duire le risque d'incendie en cas de d\u00e9faillance.<\/p>\n<p>Avec un <strong>tension maximale jusqu'\u00e0 1000V<\/strong> en courant continu, a <strong>Courant nominal de 20 amp\u00e8res<\/strong>et ses <strong>format standard 10\u00d738 mm<\/strong>, est une solution id\u00e9ale pour prot\u00e9ger les cha\u00eenes de panneaux solaires \u00e0 haute intensit\u00e9 et d'autres composants d'installation dans les syst\u00e8mes solaires r\u00e9sidentiels, commerciaux et industriels. Il garantit la s\u00e9curit\u00e9 du c\u00f4t\u00e9 CC du syst\u00e8me.<\/p>\n<p>Ce type de fusible est sp\u00e9cialement con\u00e7u pour fonctionner dans les environnements d'\u00e9nergie solaire, o\u00f9 les conditions \u00e9lectriques sont plus exigeantes que dans les installations conventionnelles de courant alternatif.<\/p>\n<p>Normalement install\u00e9s du c\u00f4t\u00e9 CC, en amont de l'onduleur, \u00e0 l'int\u00e9rieur de bo\u00eetes de raccordement ou de panneaux de protection.<\/p>\n<p>En r\u00e9sum\u00e9, le fusible cylindrique Maxge 10\u00d738 mm 20A 1000VDC est une solution s\u00fbre et sp\u00e9cifique pour la protection des installations photovolta\u00efques, garantissant le bon fonctionnement des cha\u00eenes solaires et apportant la tranquillit\u00e9 d'esprit contre d'\u00e9ventuels d\u00e9fauts \u00e9lectriques du c\u00f4t\u00e9 courant continu du syst\u00e8me.<\/p>","protected":false},"excerpt":{"rendered":"<ul>\n<li><strong>Intensit\u00e9 maximale :<\/strong> 20A<\/li>\n<li><strong>Tension maximale :<\/strong> 1000V<\/li>\n<li><strong>Puissance de cisaillement :<\/strong> 20kA<\/li>\n<li><strong>Mesures :<\/strong> 10 mm de diam\u00e8tre \u00d7 38 mm de longueur<\/li>\n<li><strong>Standard :<\/strong> IEC60269-6<\/li>\n<li><strong>Particuli\u00e8rement pour le courant continu et la photovolta\u00efque<\/strong><\/li>\n<\/ul>","protected":false},"featured_media":36717,"comment_status":"closed","ping_status":"closed","template":"","meta":{"site-sidebar-layout":"default","site-content-layout":"","ast-site-content-layout":"default","site-content-style":"default","site-sidebar-style":"default","ast-global-header-display":"","ast-banner-title-visibility":"","ast-main-header-display":"","ast-hfb-above-header-display":"","ast-hfb-below-header-display":"","ast-hfb-mobile-header-display":"","site-post-title":"","ast-breadcrumbs-content":"","ast-featured-img":"","footer-sml-layout":"","ast-disable-related-posts":"","theme-transparent-header-meta":"default","adv-header-id-meta":"","stick-header-meta":"","header-above-stick-meta":"","header-main-stick-meta":"","header-below-stick-meta":"","astra-migrate-meta-layouts":"set","ast-page-background-enabled":"default","ast-page-background-meta":{"desktop":{"background-color":"var(--ast-global-color-4)","background-image":"","background-repeat":"repeat","background-position":"center center","background-size":"auto","background-attachment":"scroll","background-type":"","background-media":"","overlay-type":"","overlay-color":"","overlay-opacity":"","overlay-gradient":""},"tablet":{"background-color":"","background-image":"","background-repeat":"repeat","background-position":"center center","background-size":"auto","background-attachment":"scroll","background-type":"","background-media":"","overlay-type":"","overlay-color":"","overlay-opacity":"","overlay-gradient":""},"mobile":{"background-color":"","background-image":"","background-repeat":"repeat","background-position":"center center","background-size":"auto","background-attachment":"scroll","background-type":"","background-media":"","overlay-type":"","overlay-color":"","overlay-opacity":"","overlay-gradient":""}},"ast-content-background-meta":{"desktop":{"background-color":"var(--ast-global-color-5)","background-image":"","background-repeat":"repeat","background-position":"center center","background-size":"auto","background-attachment":"scroll","background-type":"","background-media":"","overlay-type":"","overlay-color":"","overlay-opacity":"","overlay-gradient":""},"tablet":{"background-color":"var(--ast-global-color-5)","background-image":"","background-repeat":"repeat","background-position":"center center","background-size":"auto","background-attachment":"scroll","background-type":"","background-media":"","overlay-type":"","overlay-color":"","overlay-opacity":"","overlay-gradient":""},"mobile":{"background-color":"var(--ast-global-color-5)","background-image":"","background-repeat":"repeat","background-position":"center center","background-size":"auto","background-attachment":"scroll","background-type":"","background-media":"","overlay-type":"","overlay-color":"","overlay-opacity":"","overlay-gradient":""}}},"pwb-brand":[1018],"product_brand":[],"product_cat":[987,862,410],"product_tag":[],"class_list":{"0":"post-36437","1":"product","2":"type-product","3":"status-publish","4":"has-post-thumbnail","6":"pwb-brand-maxge","7":"product_cat-fusibles-cilindricos","8":"product_cat-fusibles","9":"product_cat-material-electrico","10":"desktop-align-left","11":"tablet-align-left","12":"mobile-align-left","13":"ast-product-gallery-layout-horizontal-slider","14":"ast-product-gallery-with-no-image","15":"ast-product-tabs-layout-horizontal","17":"first","18":"instock","19":"taxable","20":"shipping-taxable","21":"purchasable","22":"product-type-simple"},"wcpa_form_fields":null,"brands":[{"id":1018,"name":"Protections \u00e9lectriques Maxge","slug":"maxge"}],"_links":{"self":[{"href":"https:\/\/fvcomponentes.com\/fr\/wp-json\/wp\/v2\/product\/36437","targetHints":{"allow":["GET"]}}],"collection":[{"href":"https:\/\/fvcomponentes.com\/fr\/wp-json\/wp\/v2\/product"}],"about":[{"href":"https:\/\/fvcomponentes.com\/fr\/wp-json\/wp\/v2\/types\/product"}],"replies":[{"embeddable":true,"href":"https:\/\/fvcomponentes.com\/fr\/wp-json\/wp\/v2\/comments?post=36437"}],"wp:featuredmedia":[{"embeddable":true,"href":"https:\/\/fvcomponentes.com\/fr\/wp-json\/wp\/v2\/media\/36717"}],"wp:attachment":[{"href":"https:\/\/fvcomponentes.com\/fr\/wp-json\/wp\/v2\/media?parent=36437"}],"wp:term":[{"taxonomy":"pwb-brand","embeddable":true,"href":"https:\/\/fvcomponentes.com\/fr\/wp-json\/wp\/v2\/pwb-brand?post=36437"},{"taxonomy":"product_brand","embeddable":true,"href":"https:\/\/fvcomponentes.com\/fr\/wp-json\/wp\/v2\/product_brand?post=36437"},{"taxonomy":"product_cat","embeddable":true,"href":"https:\/\/fvcomponentes.com\/fr\/wp-json\/wp\/v2\/product_cat?post=36437"},{"taxonomy":"product_tag","embeddable":true,"href":"https:\/\/fvcomponentes.com\/fr\/wp-json\/wp\/v2\/product_tag?post=36437"}],"curies":[{"name":"wp","href":"https:\/\/api.w.org\/{rel}","templated":true}]}}